{"id":7862,"date":"2023-10-30T19:59:45","date_gmt":"2023-10-30T18:59:45","guid":{"rendered":"https:\/\/ahoi-kultur.de\/?page_id=7862"},"modified":"2024-01-23T16:26:18","modified_gmt":"2024-01-23T15:26:18","slug":"2023-2","status":"publish","type":"page","link":"https:\/\/ahoi-kultur.de\/en\/the-festival-for-international-womens-fight-day\/2023-2\/","title":{"rendered":"2023"},"content":{"rendered":"<p><img decoding=\"async\" class=\"size-medium wp-image-7824 alignleft\" src=\"https:\/\/ahoi-kultur.de\/wp-content\/uploads\/2023\/10\/8-Maerz-Festliche-Frauenversammlung-mit-Fete-im-Forum-Factory-213x300.jpg\" alt=\"8-M\u00e4rz Festliche Frauenversammlung mit Fete im Forum Factory\" width=\"213\" height=\"300\" srcset=\"https:\/\/ahoi-kultur.de\/wp-content\/uploads\/2023\/10\/8-Maerz-Festliche-Frauenversammlung-mit-Fete-im-Forum-Factory-213x300.jpg 213w, https:\/\/ahoi-kultur.de\/wp-content\/uploads\/2023\/10\/8-Maerz-Festliche-Frauenversammlung-mit-Fete-im-Forum-Factory-728x1024.jpg 728w, https:\/\/ahoi-kultur.de\/wp-content\/uploads\/2023\/10\/8-Maerz-Festliche-Frauenversammlung-mit-Fete-im-Forum-Factory-1092x1536.jpg 1092w, https:\/\/ahoi-kultur.de\/wp-content\/uploads\/2023\/10\/8-Maerz-Festliche-Frauenversammlung-mit-Fete-im-Forum-Factory-624x878.jpg 624w, https:\/\/ahoi-kultur.de\/wp-content\/uploads\/2023\/10\/8-Maerz-Festliche-Frauenversammlung-mit-Fete-im-Forum-Factory.jpg 1120w\" sizes=\"(max-width: 213px) 100vw, 213px\" \/>Di. 8. M\u00e4rz 2023, ab 18:00h<br \/>\nFESTLICHE FRAUENVERSAMMLUNG MIT FETE<br \/>\nDas Festival zum Internationalen FrauenKampfTag<br \/>\nmit<br \/>\nMitsune \u2013 Shamisen-Fusion aus Japan<br \/>\nSol Okarina \u2013 Calypso, Soca, Cumbia aus Kolumbien<br \/>\nDemet \u00c7izenel &#8211; Blues Kokett aus der T\u00fcrkei<br \/>\nLottie Marsau &amp; Eva Zulauf &#8211; Punch Symphonix, Punch und Judy Show?<br \/>\nNaomi Beukes aus Namibia &#8211; Film: The Centre &#8211; I\u2019m still down here<br \/>\nJack in the Box \u2013 \u00dcberraschung<br \/>\n22:00h Party mit\u00a0 Odel Awaru \u2013\u00a0 Groovy, Deep, Progressive<br \/>\nModeration: Daniela Edle von Raffay<\/p>\n<p>Licht-Installation: Lazy Liu<br \/>\nAusstellung: Zerschredderte Frauenfeindliche Spr\u00fcche Positiv Umwandeln, Aktion 8. M\u00e4rz 2022<br \/>\nDer Magische Wunschbaum<br \/>\nWarmes Essen &amp; Bufett (nicht im Ticket-Preis)<br \/>\nim<br \/>\nFORUM FACTORY<br \/>\nBesselstr. 13-14, 10969 Berlin www.forum-factory.de &#8211; rollstuhlgerecht, U-Kochstr.<\/p>\n<p>Tickets:<br \/>\nAbendkasse: 17,- \u20ac\/erm. 10,- \u20ac\u00a0\u00a0 +\u00a0\u00a0 Vorverkauf Eventbrite: 13,69 \u20ac<\/p>\n<p>Die Acts:<\/p>\n<p>Mitsune \u2013 Shamisen-Fusion<br \/>\nDas weibliche Shamisen-Trio aus Japan, Australien und Deutschland ist spezialisiert auf Tsugaru Shamisen, ein traditionelles 3-saitiges japanisches Volksinstrument, das einst von blinden Volks- und Wandermusiker:innen im alten Japan verwendet wurde. Mitsune spielt eine lebendige Mischung aus traditionellen japanischen Liedern, virtuosem modernem Repertoire und Eigenkompositionen mit Einfl\u00fcssen aus Blues, Rock und globaler Musik. Die Kl\u00e4nge bereichern durch Gesang, Bambusfl\u00f6te und Perkussion. Mitsune japanisch &#8220;s\u00fc\u00dfer Klang&#8221;, ist die Anspielung auf &#8220;mitsu&#8221;, das f\u00fcr &#8220;drei&#8221; steht: Drei Shamisen Saiten, Drei Frauen, Drei Kulturen. www.mitsune.de<\/p>\n<p>Sol Okarina \u2013 Calypso, Soca, Cumbia<br \/>\nDie kolumbianische S\u00e4ngerin nimmt uns mit auf die Reise durch afro-lateinische, karibische &amp; kolumbianische Klanglandschaften, sowie elektronische, zeitgen\u00f6ssische Kl\u00e4nge. Sie ist Gr\u00fcnderin der \u201eWomen in Music Organization &#8211; Colombia\u201c und beim \u201eGlobal Peace Drive Team\u201c startete die Songs4Planet Challenge. 2020 wurde sie von Procolombia und Ministerio de Cultura unter den 21 herausragenden Unternehmer:innen in Kolumbien als Repr\u00e4sentantin der Musikindustrie und Botschafterin der kolumbianischen Musik &amp; Kultur f\u00fcr die WOMEX ausgew\u00e4hlt.<\/p>\n<p>Demet \u00c7izenel &#8211; Blues Kokett<br \/>\nDie in Istanbul geborene K\u00fcnstlerin, begann als MC in der elektronischen Musik und startet jetzt ihrem Singer-Songwriter-Projekt. Sie ist eine talentierte Musikproduzentin mit scharfem Songwriting, die ethnische Vocals verwendet. In ihrem letzten Projekt OmA ver\u00f6ffentlichte sie das mehrsprachige Indie-Album \u201eGib mir M\u00fcll und ich mache Kunst daraus\u201c, was sie buchst\u00e4blich umsetzte. Der unver\u00f6ffentlichte Hit aus Upcycling-Instrumenten wartet noch darauf, entdeckt zu werden.<br \/>\nDieses Mal bringt sie uns zur\u00fcck zu den Wurzeln mit Gitarre und Stimme.<\/p>\n<p>Lottie Marsau &amp; Eva Zulauf &#8211; Punch Symphonix, Punch und Judy?<br \/>\nDie Gitarristin &amp; Schlagzeugerin aus Hamburg war bei fools garden, 1979 Frauenband Bitch Band No. 1., 1980 in Amsterdam Szeneber\u00fchmtheit mit Symphony with Donkey und mit Symphonic-Punk Ensemble Idiotsavant ver\u00f6ffentlichte sie 1984 mit Eksakt Records die LP \u201eFeindsender\u201c &amp; Single \u201eGo Fuck Yrself\u201c, die im Piratenradio zum Hit wurde. Ab 1985 produzierte sie mit \u201eRosa Mars Film\u201c f\u00fcnf Filme, u.a. in Tibet. Sie feiert ihr musikalisches Come-Back mit Eva Zulauf &#8211; ein Intermezzo auf mund-art. https:\/\/de.wikipedia.org\/wiki\/Charlotte_Marsau<\/p>\n<p>Naomi Beukes-Meyer \u2013 Film: The Centre &#8211; I\u2019m still down here<br \/>\nDie Autorin, Schauspielerin, Lehrerin, Filmemacherin studierte an der UNAM (University of Namibia) arbeitete am Nationaltheater der Independence Celebrations in Namibia. Sie zeigt die Pilot-Webisode aus der vielfach preisgekr\u00f6nten Serie: The Centre \u2013 Geschichten \u00fcber das Leben und die Liebe Afrikanischer Frauen, die in Berlin leben. \u201eI\u2019m still down here\u201c wurde ohne jegliches Budget gedreht. Sie war Finalist in the Wildsound Screenwriting Competition in Toronto .<\/p>\n<p>Party: Odel Awaru \u2013\u00a0 Groovy, Deep, Progressive<br \/>\nBunte Mischung aus elektronischen Kl\u00e4ngen von Brasilectro \u00fcber Deep House bis zu Progressive Trance. Mit gut platzierten \u00dcberg\u00e4ngen und \u00e4therisch-elektronischen Sounds &amp; Sets begeistert Odel Awaru seit Jahren viele Zuh\u00f6rer:innen in Berlin, z.B. AHOI-Party 8. M\u00e4rz 2005 Festsaal Kreuzberg und Mystic Rose.<\/p>\n<p>Moderation: Daniela Edle von Raffay<br \/>\nRafaela Rolling Dyke alias Dania Rabugl. Mitgr\u00fcnderin LAZ (Lesbisches Aktions Zentrum) 1976, Gr\u00fcnderin &amp; Leiterin Theatergruppe \u201eFreakshow\u201c Lesben &amp; Schwule mit Behinderung in Freie Akademie Waldschl\u00f6sschen, \u201eAuf dem Weg nach Lourde\u201c SO36. Autorin: \u201eErotische Gedichte\u201c Hrsg. Gudula Lorez, \u201eOlfen &#8211; Reise ins internationale Freundschaftslager\u201c Hrsg. Margott &amp; Marjott, \u201eBehinderte Sexualit\u00e4t \u2013 verhinderte Lust? Zum Grundrecht auf Sexualit\u00e4t f\u00fcr Menschen mit Behinderung\u201c Hrsg. Manuela Bannasch u.v.m. Protoganistin im Film \u201eKein Tag Ohne Liebe\u201c von Ines De Nil. Sexualberatung f\u00fcr behinderte Frauen \u201eQueere Inklusion\u00e4re &#8211; Lesbisch, schwul, transidentisch und dann noch im Rollstuhl!\u201c. Gr\u00fcnderin Fossiljen-Stammtisch 2006 und Produktion div. Fossiljen-Frauenfeste in Berlin. 10 Jahre Jodeln uvm.<\/p>\n<p>Lichtinstallationen: Lazy Liu<br \/>\nAls Konzeptk\u00fcnstlerin gestaltet Lazy Liu R\u00e4ume mit Videolicht. Im anti-mapping gleiten ihre Projektionen \u00fcber Raumkannten hinweg, \u00fcberlagern sich mit diversen Untergr\u00fcnden und erzeugen weitere R\u00e4ume. Die rhythmischen Videoarbeiten entstehen alle in Handarbeit ohne VJ-Software, im Cross-over digitaler und analoger Medien. Lazy Liu&#8217;s themenbezogene Lichtkunst setzt bunte Akzente jenseits stereotyper Beliebigkeit. www.instagram.com\/lazyliu.berlin<\/p>\n","protected":false},"excerpt":{"rendered":"<p>Di. 8. M\u00e4rz 2023, ab 18:00h FESTLICHE FRAUENVERSAMMLUNG MIT FETE Das Festival zum Internationalen FrauenKampfTag mit Mitsune \u2013 Shamisen-Fusion aus Japan Sol Okarina \u2013 Calypso, Soca, Cumbia aus Kolumbien Demet \u00c7izenel &#8211; Blues Kokett aus der T\u00fcrkei Lottie Marsau &amp; Eva Zulauf &#8211; Punch Symphonix, Punch und Judy Show? Naomi Beukes aus Namibia &#8211; Film: [&hellip;]<\/p>\n","protected":false},"author":8,"featured_media":0,"parent":7858,"menu_order":0,"comment_status":"closed","ping_status":"closed","template":"","meta":{"footnotes":""},"class_list":["post-7862","page","type-page","status-publish","hentry"],"yoast_head":"<!-- This site is optimized with the Yoast SEO plugin v27.3 - https:\/\/yoast.com\/product\/yoast-seo-wordpress\/ -->\n<title>2023 - Ahoi Kultur<\/title>\n<meta name=\"robots\" content=\"index, follow, max-snippet:-1, max-image-preview:large, max-video-preview:-1\" \/>\n<link rel=\"canonical\" href=\"https:\/\/ahoi-kultur.de\/en\/the-festival-for-international-womens-fight-day\/2023-2\/\" \/>\n<meta property=\"og:locale\" content=\"en_US\" \/>\n<meta property=\"og:type\" content=\"article\" \/>\n<meta property=\"og:title\" content=\"2023 - Ahoi Kultur\" \/>\n<meta property=\"og:description\" content=\"Di. 8. M\u00e4rz 2023, ab 18:00h FESTLICHE FRAUENVERSAMMLUNG MIT FETE Das Festival zum Internationalen FrauenKampfTag mit Mitsune \u2013 Shamisen-Fusion aus Japan Sol Okarina \u2013 Calypso, Soca, Cumbia aus Kolumbien Demet \u00c7izenel &#8211; Blues Kokett aus der T\u00fcrkei Lottie Marsau &amp; Eva Zulauf &#8211; Punch Symphonix, Punch und Judy Show? Naomi Beukes aus Namibia &#8211; Film: [&hellip;]\" \/>\n<meta property=\"og:url\" content=\"https:\/\/ahoi-kultur.de\/en\/the-festival-for-international-womens-fight-day\/2023-2\/\" \/>\n<meta property=\"og:site_name\" content=\"Ahoi Kultur\" \/>\n<meta property=\"article:modified_time\" content=\"2024-01-23T15:26:18+00:00\" \/>\n<meta property=\"og:image\" content=\"https:\/\/ahoi-kultur.de\/wp-content\/uploads\/2023\/10\/8-Maerz-Festliche-Frauenversammlung-mit-Fete-im-Forum-Factory-213x300.jpg\" \/>\n<meta name=\"twitter:label1\" content=\"Est. reading time\" \/>\n\t<meta name=\"twitter:data1\" content=\"5 minutes\" \/>\n<script type=\"application\/ld+json\" class=\"yoast-schema-graph\">{\"@context\":\"https:\\\/\\\/schema.org\",\"@graph\":[{\"@type\":\"WebPage\",\"@id\":\"https:\\\/\\\/ahoi-kultur.de\\\/en\\\/the-festival-for-international-womens-fight-day\\\/2023-2\\\/\",\"url\":\"https:\\\/\\\/ahoi-kultur.de\\\/en\\\/the-festival-for-international-womens-fight-day\\\/2023-2\\\/\",\"name\":\"2023 - Ahoi Kultur\",\"isPartOf\":{\"@id\":\"https:\\\/\\\/ahoi-kultur.de\\\/en\\\/#website\"},\"primaryImageOfPage\":{\"@id\":\"https:\\\/\\\/ahoi-kultur.de\\\/en\\\/the-festival-for-international-womens-fight-day\\\/2023-2\\\/#primaryimage\"},\"image\":{\"@id\":\"https:\\\/\\\/ahoi-kultur.de\\\/en\\\/the-festival-for-international-womens-fight-day\\\/2023-2\\\/#primaryimage\"},\"thumbnailUrl\":\"https:\\\/\\\/ahoi-kultur.de\\\/wp-content\\\/uploads\\\/2023\\\/10\\\/8-Maerz-Festliche-Frauenversammlung-mit-Fete-im-Forum-Factory-213x300.jpg\",\"datePublished\":\"2023-10-30T18:59:45+00:00\",\"dateModified\":\"2024-01-23T15:26:18+00:00\",\"breadcrumb\":{\"@id\":\"https:\\\/\\\/ahoi-kultur.de\\\/en\\\/the-festival-for-international-womens-fight-day\\\/2023-2\\\/#breadcrumb\"},\"inLanguage\":\"en-US\",\"potentialAction\":[{\"@type\":\"ReadAction\",\"target\":[\"https:\\\/\\\/ahoi-kultur.de\\\/en\\\/the-festival-for-international-womens-fight-day\\\/2023-2\\\/\"]}]},{\"@type\":\"ImageObject\",\"inLanguage\":\"en-US\",\"@id\":\"https:\\\/\\\/ahoi-kultur.de\\\/en\\\/the-festival-for-international-womens-fight-day\\\/2023-2\\\/#primaryimage\",\"url\":\"https:\\\/\\\/ahoi-kultur.de\\\/wp-content\\\/uploads\\\/2023\\\/10\\\/8-Maerz-Festliche-Frauenversammlung-mit-Fete-im-Forum-Factory-213x300.jpg\",\"contentUrl\":\"https:\\\/\\\/ahoi-kultur.de\\\/wp-content\\\/uploads\\\/2023\\\/10\\\/8-Maerz-Festliche-Frauenversammlung-mit-Fete-im-Forum-Factory-213x300.jpg\"},{\"@type\":\"BreadcrumbList\",\"@id\":\"https:\\\/\\\/ahoi-kultur.de\\\/en\\\/the-festival-for-international-womens-fight-day\\\/2023-2\\\/#breadcrumb\",\"itemListElement\":[{\"@type\":\"ListItem\",\"position\":1,\"name\":\"Home\",\"item\":\"https:\\\/\\\/ahoi-kultur.de\\\/en\\\/\"},{\"@type\":\"ListItem\",\"position\":2,\"name\":\"The Festival for International Women&#8217;s\u00a0Fight\u00a0Day\",\"item\":\"https:\\\/\\\/ahoi-kultur.de\\\/en\\\/the-festival-for-international-womens-fight-day\\\/\"},{\"@type\":\"ListItem\",\"position\":3,\"name\":\"2023\"}]},{\"@type\":\"WebSite\",\"@id\":\"https:\\\/\\\/ahoi-kultur.de\\\/en\\\/#website\",\"url\":\"https:\\\/\\\/ahoi-kultur.de\\\/en\\\/\",\"name\":\"Ahoi Kultur\",\"description\":\"Artist and Events\",\"publisher\":{\"@id\":\"https:\\\/\\\/ahoi-kultur.de\\\/en\\\/#organization\"},\"potentialAction\":[{\"@type\":\"SearchAction\",\"target\":{\"@type\":\"EntryPoint\",\"urlTemplate\":\"https:\\\/\\\/ahoi-kultur.de\\\/en\\\/?s={search_term_string}\"},\"query-input\":{\"@type\":\"PropertyValueSpecification\",\"valueRequired\":true,\"valueName\":\"search_term_string\"}}],\"inLanguage\":\"en-US\"},{\"@type\":\"Organization\",\"@id\":\"https:\\\/\\\/ahoi-kultur.de\\\/en\\\/#organization\",\"name\":\"Ahoi Kultur\",\"url\":\"https:\\\/\\\/ahoi-kultur.de\\\/en\\\/\",\"logo\":{\"@type\":\"ImageObject\",\"inLanguage\":\"en-US\",\"@id\":\"https:\\\/\\\/ahoi-kultur.de\\\/en\\\/#\\\/schema\\\/logo\\\/image\\\/\",\"url\":\"https:\\\/\\\/ahoi-kultur.de\\\/wp-content\\\/uploads\\\/2013\\\/10\\\/ahoi-kultur-logo.gif\",\"contentUrl\":\"https:\\\/\\\/ahoi-kultur.de\\\/wp-content\\\/uploads\\\/2013\\\/10\\\/ahoi-kultur-logo.gif\",\"width\":454,\"height\":388,\"caption\":\"Ahoi Kultur\"},\"image\":{\"@id\":\"https:\\\/\\\/ahoi-kultur.de\\\/en\\\/#\\\/schema\\\/logo\\\/image\\\/\"}}]}<\/script>\n<!-- \/ Yoast SEO plugin. -->","yoast_head_json":{"title":"2023 - Ahoi Kultur","robots":{"index":"index","follow":"follow","max-snippet":"max-snippet:-1","max-image-preview":"max-image-preview:large","max-video-preview":"max-video-preview:-1"},"canonical":"https:\/\/ahoi-kultur.de\/en\/the-festival-for-international-womens-fight-day\/2023-2\/","og_locale":"en_US","og_type":"article","og_title":"2023 - Ahoi Kultur","og_description":"Di. 8. M\u00e4rz 2023, ab 18:00h FESTLICHE FRAUENVERSAMMLUNG MIT FETE Das Festival zum Internationalen FrauenKampfTag mit Mitsune \u2013 Shamisen-Fusion aus Japan Sol Okarina \u2013 Calypso, Soca, Cumbia aus Kolumbien Demet \u00c7izenel &#8211; Blues Kokett aus der T\u00fcrkei Lottie Marsau &amp; Eva Zulauf &#8211; Punch Symphonix, Punch und Judy Show? Naomi Beukes aus Namibia &#8211; Film: [&hellip;]","og_url":"https:\/\/ahoi-kultur.de\/en\/the-festival-for-international-womens-fight-day\/2023-2\/","og_site_name":"Ahoi Kultur","article_modified_time":"2024-01-23T15:26:18+00:00","og_image":[{"url":"https:\/\/ahoi-kultur.de\/wp-content\/uploads\/2023\/10\/8-Maerz-Festliche-Frauenversammlung-mit-Fete-im-Forum-Factory-213x300.jpg","type":"","width":"","height":""}],"twitter_misc":{"Est. reading time":"5 minutes"},"schema":{"@context":"https:\/\/schema.org","@graph":[{"@type":"WebPage","@id":"https:\/\/ahoi-kultur.de\/en\/the-festival-for-international-womens-fight-day\/2023-2\/","url":"https:\/\/ahoi-kultur.de\/en\/the-festival-for-international-womens-fight-day\/2023-2\/","name":"2023 - Ahoi Kultur","isPartOf":{"@id":"https:\/\/ahoi-kultur.de\/en\/#website"},"primaryImageOfPage":{"@id":"https:\/\/ahoi-kultur.de\/en\/the-festival-for-international-womens-fight-day\/2023-2\/#primaryimage"},"image":{"@id":"https:\/\/ahoi-kultur.de\/en\/the-festival-for-international-womens-fight-day\/2023-2\/#primaryimage"},"thumbnailUrl":"https:\/\/ahoi-kultur.de\/wp-content\/uploads\/2023\/10\/8-Maerz-Festliche-Frauenversammlung-mit-Fete-im-Forum-Factory-213x300.jpg","datePublished":"2023-10-30T18:59:45+00:00","dateModified":"2024-01-23T15:26:18+00:00","breadcrumb":{"@id":"https:\/\/ahoi-kultur.de\/en\/the-festival-for-international-womens-fight-day\/2023-2\/#breadcrumb"},"inLanguage":"en-US","potentialAction":[{"@type":"ReadAction","target":["https:\/\/ahoi-kultur.de\/en\/the-festival-for-international-womens-fight-day\/2023-2\/"]}]},{"@type":"ImageObject","inLanguage":"en-US","@id":"https:\/\/ahoi-kultur.de\/en\/the-festival-for-international-womens-fight-day\/2023-2\/#primaryimage","url":"https:\/\/ahoi-kultur.de\/wp-content\/uploads\/2023\/10\/8-Maerz-Festliche-Frauenversammlung-mit-Fete-im-Forum-Factory-213x300.jpg","contentUrl":"https:\/\/ahoi-kultur.de\/wp-content\/uploads\/2023\/10\/8-Maerz-Festliche-Frauenversammlung-mit-Fete-im-Forum-Factory-213x300.jpg"},{"@type":"BreadcrumbList","@id":"https:\/\/ahoi-kultur.de\/en\/the-festival-for-international-womens-fight-day\/2023-2\/#breadcrumb","itemListElement":[{"@type":"ListItem","position":1,"name":"Home","item":"https:\/\/ahoi-kultur.de\/en\/"},{"@type":"ListItem","position":2,"name":"The Festival for International Women&#8217;s\u00a0Fight\u00a0Day","item":"https:\/\/ahoi-kultur.de\/en\/the-festival-for-international-womens-fight-day\/"},{"@type":"ListItem","position":3,"name":"2023"}]},{"@type":"WebSite","@id":"https:\/\/ahoi-kultur.de\/en\/#website","url":"https:\/\/ahoi-kultur.de\/en\/","name":"Ahoi Kultur","description":"Artist and Events","publisher":{"@id":"https:\/\/ahoi-kultur.de\/en\/#organization"},"potentialAction":[{"@type":"SearchAction","target":{"@type":"EntryPoint","urlTemplate":"https:\/\/ahoi-kultur.de\/en\/?s={search_term_string}"},"query-input":{"@type":"PropertyValueSpecification","valueRequired":true,"valueName":"search_term_string"}}],"inLanguage":"en-US"},{"@type":"Organization","@id":"https:\/\/ahoi-kultur.de\/en\/#organization","name":"Ahoi Kultur","url":"https:\/\/ahoi-kultur.de\/en\/","logo":{"@type":"ImageObject","inLanguage":"en-US","@id":"https:\/\/ahoi-kultur.de\/en\/#\/schema\/logo\/image\/","url":"https:\/\/ahoi-kultur.de\/wp-content\/uploads\/2013\/10\/ahoi-kultur-logo.gif","contentUrl":"https:\/\/ahoi-kultur.de\/wp-content\/uploads\/2013\/10\/ahoi-kultur-logo.gif","width":454,"height":388,"caption":"Ahoi Kultur"},"image":{"@id":"https:\/\/ahoi-kultur.de\/en\/#\/schema\/logo\/image\/"}}]}},"_links":{"self":[{"href":"https:\/\/ahoi-kultur.de\/en\/wp-json\/wp\/v2\/pages\/7862","targetHints":{"allow":["GET"]}}],"collection":[{"href":"https:\/\/ahoi-kultur.de\/en\/wp-json\/wp\/v2\/pages"}],"about":[{"href":"https:\/\/ahoi-kultur.de\/en\/wp-json\/wp\/v2\/types\/page"}],"author":[{"embeddable":true,"href":"https:\/\/ahoi-kultur.de\/en\/wp-json\/wp\/v2\/users\/8"}],"replies":[{"embeddable":true,"href":"https:\/\/ahoi-kultur.de\/en\/wp-json\/wp\/v2\/comments?post=7862"}],"version-history":[{"count":2,"href":"https:\/\/ahoi-kultur.de\/en\/wp-json\/wp\/v2\/pages\/7862\/revisions"}],"predecessor-version":[{"id":8350,"href":"https:\/\/ahoi-kultur.de\/en\/wp-json\/wp\/v2\/pages\/7862\/revisions\/8350"}],"up":[{"embeddable":true,"href":"https:\/\/ahoi-kultur.de\/en\/wp-json\/wp\/v2\/pages\/7858"}],"wp:attachment":[{"href":"https:\/\/ahoi-kultur.de\/en\/wp-json\/wp\/v2\/media?parent=7862"}],"curies":[{"name":"wp","href":"https:\/\/api.w.org\/{rel}","templated":true}]}}