{"id":10278,"date":"2025-10-03T09:39:36","date_gmt":"2025-10-03T07:39:36","guid":{"rendered":"https:\/\/ahoi-kultur.de\/?page_id=10278"},"modified":"2025-10-09T17:21:15","modified_gmt":"2025-10-09T15:21:15","slug":"ruffin-nkoy-loola","status":"publish","type":"page","link":"https:\/\/ahoi-kultur.de\/fr\/artistes-a-z\/ruffin-nkoy-loola\/","title":{"rendered":"Ruffin Nkoy Loola"},"content":{"rendered":"<div id=\"metaslider-id-10282\" style=\"max-width: 300px;\" class=\"ml-slider-3-107-0 metaslider metaslider-flex metaslider-10282 ml-slider has-onhover-arrows has-dots-nav ms-theme-default\" role=\"region\" aria-label=\"Ruffin Nkoy Loola\" data-height=\"300\" data-width=\"300\">\n    <div id=\"metaslider_container_10282\">\n        <div id=\"metaslider_10282\">\n            <ul aria-live='off' class='slides'>\n                <li style=\"display: block; width: 100%;\" class=\"slide-10286 ms-image \" aria-roledescription=\"slide\" data-date=\"2025-10-03 09:28:36\" data-filename=\"Ruffin-Nkoy-kl-300x300.jpg\" data-slide-type=\"image\"><img decoding=\"async\" src=\"https:\/\/ahoi-kultur.de\/wp-content\/uploads\/2025\/10\/Ruffin-Nkoy-kl-300x300.jpg\" height=\"300\" width=\"300\" alt=\"\" class=\"slider-10282 slide-10286 msDefaultImage\" title=\"Ruffin-Nkoy-kl\" \/><\/li>\n            <\/ul>\n        <\/div>\n        \n    <\/div>\n<\/div>\n<p><strong>Singer, composer, cultural m\u00e9diator from Congo<\/strong><\/p>\n<p><strong>High-Life, Soukouss, Rumba, Reggae, <\/strong><br \/>\n<strong>Salsa, Zonk, N-dombolo<br \/>\n<a href=\"https:\/\/open.spotify.com\/intl-de\/artist\/1dLn9k8yvGUKYVaQ5wxKkH?_reload_cause=banner-auto-reload&amp;flow_ctx=97a9eeb8-a1df-4ee3-99f0-139d0dcc8421%3A1759791939\" target=\"_blank\" rel=\"noopener\"><img decoding=\"async\" class=\"alignnone wp-image-10361\" src=\"https:\/\/ahoi-kultur.de\/wp-content\/uploads\/2025\/10\/spotify-logo-small-spotify-logo-transparent-hd-png-300x247.png\" alt=\"\" width=\"61\" height=\"50\" srcset=\"https:\/\/ahoi-kultur.de\/wp-content\/uploads\/2025\/10\/spotify-logo-small-spotify-logo-transparent-hd-png-300x247.png 300w, https:\/\/ahoi-kultur.de\/wp-content\/uploads\/2025\/10\/spotify-logo-small-spotify-logo-transparent-hd-png-624x513.png 624w, https:\/\/ahoi-kultur.de\/wp-content\/uploads\/2025\/10\/spotify-logo-small-spotify-logo-transparent-hd-png.png 860w\" sizes=\"(max-width: 61px) 100vw, 61px\" \/><\/a>\u00a0 \u00a0 <a href=\"https:\/\/www.youtube.com\/playlist?list=PLRat0CuzgpAD0z5TP7hyPpFh1KFP-UJOT\" target=\"_blank\" rel=\"noopener\"><img decoding=\"async\" class=\"wp-image-10370 alignnone\" src=\"https:\/\/ahoi-kultur.de\/wp-content\/uploads\/2025\/10\/youtube-logo-300x100.jpg\" alt=\"\" width=\"84\" height=\"28\" srcset=\"https:\/\/ahoi-kultur.de\/wp-content\/uploads\/2025\/10\/youtube-logo-300x100.jpg 300w, https:\/\/ahoi-kultur.de\/wp-content\/uploads\/2025\/10\/youtube-logo-624x208.jpg 624w, https:\/\/ahoi-kultur.de\/wp-content\/uploads\/2025\/10\/youtube-logo.jpg 675w\" sizes=\"(max-width: 84px) 100vw, 84px\" \/><\/a><\/strong><\/p>\n<p><em>Line-up:<\/em> <strong>\u00ab L&rsquo;Universal Grand-Lokito \u00bb<br \/>\nRuffin Nkoy Loola <\/strong>&#8211; Chant<strong><br \/>\nDino Kolombo <\/strong>&#8211; Chant<strong><br \/>\nAmuri Ntambwe &#8211;<\/strong> Guitare<strong><br \/>\nIsrael Dude <\/strong>&#8211; Guitare<strong><br \/>\nKakol Manzaka <\/strong>&#8211; Batterie<strong><br \/>\nDV Kazai <\/strong>&#8211; Congas<strong><br \/>\nJose Ngoma <\/strong>&#8211; Bass<strong>e<\/strong><\/p>\n<p>La ville de Motang\u00e9, quartier de Kinshasa (R\u00e9publique d\u00e9mocratique du Congo), est le berceau du Ruffin Nkoy Loola.<br \/>\nKinshasa est r\u00e9put\u00e9e depuis des d\u00e9cennies pour la diversit\u00e9 de ses styles musicaux et de ses artistes, et attire de nombreux musiciens africains de diff\u00e9rents pays du continent. Fela Kuti et Manu Dibango, par exemple, se sont inspir\u00e9s de la sc\u00e8ne musicale kinoise. Le quartier de Matong\u00e9, en particulier, est consid\u00e9r\u00e9 comme un p\u00f4le d&rsquo;inspiration musical et un espace de r\u00e9seautage entre artistes. De grands bars bond\u00e9s caract\u00e9risent le quartier, et pas seulement le soir. Le soukous, musique de divertissement et de danse typiquement congolaise, au rythme doux, est n\u00e9 dans ce milieu et a depuis connu une grande popularit\u00e9 dans toute l&rsquo;Afrique, notamment dans ses variantes plus rapides, particuli\u00e8rement populaires en Afrique de l&rsquo;Ouest, et sous une forme modifi\u00e9e, le highlife, au Ghana. La rumba, autre symbole musical du Congo, est \u00e9galement n\u00e9e \u00e0 Kinshasa et, avec son rythme sensuel, lent et entra\u00eenant, s&rsquo;est int\u00e9gr\u00e9e aux divers univers musicaux d&rsquo;Afrique, d&rsquo;Am\u00e9rique du Sud et d&rsquo;Am\u00e9rique latine.<\/p>\n<p>Ruffin Nkoy Loola s&rsquo;inscrit dans cette tradition musicale kinoise, mais s&rsquo;inspire \u00e9galement d&rsquo;autres musiciens africains tels que Kalle Jeff, Franco, Tabu Ley, Miriam Makeba et Manu Dibango. Imiter son <strong>idole Papa Wemba<\/strong> et faire conna\u00eetre la musique congolaise authentique au-del\u00e0 des fronti\u00e8res du Congo est devenu le moteur de son travail artistique.<\/p>\n<p>\u00c0 seulement dix ans, berc\u00e9s par les berceuses de sa m\u00e8re et entour\u00e9s de stars de la musique congolaise locale, Loola a form\u00e9 son premier groupe. Avec le soutien de son premier fid\u00e8le fan, son propre p\u00e8re. Hormis les batteurs et le tambour, que les enfants construisaient \u00e0 partir d&rsquo;une grande bo\u00eete de conserve recouverte de caoutchouc de pneu de voiture, les instruments qu&rsquo;ils utilisaient n&rsquo;\u00e9taient pas du tout fonctionnels, mais de simples maquettes. Les gar\u00e7ons cr\u00e9aient les sonorit\u00e9s sp\u00e9cifiques des instruments avec leurs voix, plut\u00f4t qu&rsquo;avec des cordes de guitare et des parties de piano \u2013 \u00ab comme du gospel \u00bb, explique le musicien. Au sein du groupe d&rsquo;enfants, Ruffin Nkoy Loola se distingua particuli\u00e8rement comme chanteur et compositeur, et les musiciens du quartier le remarqu\u00e8rent.<br \/>\n<strong>En 1983<\/strong>, Loola fonda son premier groupe, \u00ab <strong>Sophistica de Matong\u00e9<\/strong> \u00bb, avec lequel il effectua \u00e9galement des tourn\u00e9es au Congo. Les premiers enregistrements furent r\u00e9alis\u00e9s \u00e0 Kinshasa entre 1983 et 1985. Il s&rsquo;agissait initialement de vinyles, connus au Congo sous le nom de \u00ab 45 tours \u00bb. \u00c0 21 ans, Loola s&rsquo;installa au Gabon et, un an plus tard, avec le soutien de <strong>Mavuela Somo &amp; de Sec Bidens<\/strong>, produisit son premier LP.<\/p>\n<p>Ruffin Nkoy Loola vit entre Berlin, Paris et Kinshasa depuis 1987.<br \/>\nIl a fond\u00e9 le groupe \u00ab\u00a0<strong>Les Safaris<\/strong>\u00a0\u00bb \u00e0 Berlin \u00e0 cette \u00e9poque et collabore sans interruption depuis 1995 avec son groupe \u00ab\u00a0L&rsquo;Universal Grand-Lokito\u00a0\u00bb, compos\u00e9 de sept musiciens.<br \/>\nEn 2000, il enregistre son premier album solo, \u00ab\u00a0<strong>Ursula<\/strong>\u00a0\u00bb, \u00e0 Paris, r\u00e9alisant ainsi un r\u00eave personnel\u00a0: Ruffin Nkoy collabore avec <strong>Papa Wemba<\/strong> aux c\u00f4t\u00e9s de Kester Emeneya.<\/p>\n<p>DJ et promoteur de la bo\u00eete de nuit berlinoise \u00ab Mandingo \u00bb, il organise \u00e9galement des concerts africains et participe \u00e0 des \u00e9changes culturels. Ruffin Nkoy consid\u00e8re l&rsquo;Europe comme un espace de d\u00e9veloppement artistique, mais le Congo reste la source de son inspiration musicale. Il se consid\u00e8re comme un ambassadeur de la \u00ab vraie musique congolaise \u00bb, et les congas congolaises et le grand tam-tam sont des \u00e9l\u00e9ments essentiels de ses arrangements. L&rsquo;artiste s&rsquo;engage \u00e9galement \u00e0 d\u00e9velopper et \u00e0 enrichir la musique typique du pays par le dialogue avec les Congolais d&rsquo;Europe et du Congo. Le nouveau CD, \u00ab <strong>Mystique<\/strong> \u00bb, pr\u00e9sente ainsi plusieurs innovations. <strong>Souleymane Tour\u00e9<\/strong>, originaire de C\u00f4te d&rsquo;Ivoire, joue du tambour parlant, un petit tambour s\u00e9n\u00e9galais peu courant dans la musique congolaise. Il se tient sous le bras gauche et est frapp\u00e9 avec deux baguettes. On peut \u00e9galement entendre le djemb\u00e9 ouest-africain sur ce nouveau CD, un autre instrument rare au Congo.<br \/>\nRuffin Nkoy Loola collabore sur ce CD avec <strong>Papa Wemba &amp; Koffi Olomide<\/strong>, la superstar congolaise du soukous. Le DVD qui l&rsquo;accompagne pr\u00e9sente une danseuse du ventre arabe aux c\u00f4t\u00e9s de danseurs allemands et congolais.<\/p>\n<p>Ruffin Nkoy Loola chante principalement en lingala, la plus parl\u00e9e des cinq langues du Congo, mais aussi dans la langue de l&rsquo;ancienne puissance coloniale, la France. Il chante l&rsquo;amiti\u00e9, l&rsquo;amour et la beaut\u00e9 de la vie \u2013 des th\u00e8mes typiques du soukous. Cependant, compte tenu du public congolais et de la censure stricte de son pays d&rsquo;origine, la prudence est de mise dans le choix de ses paroles. Les allusions \u00e9rotiques sont taboues. Ruffin parle moins des difficult\u00e9s du quotidien congolais et de la politique r\u00e9pressive de son pays natal. Il se consid\u00e8re \u00e9galement davantage comme un artiste que comme un critique de sa soci\u00e9t\u00e9.<\/p>\n<p>Ruffin Nkoy Loola n&rsquo;a jamais fr\u00e9quent\u00e9 d&rsquo;\u00e9cole de musique. Il compose, \u00e9crit des paroles et arrange ses chansons \u00e0 l&rsquo;oreille, avec un succ\u00e8s consid\u00e9rable.<\/p>\n","protected":false},"excerpt":{"rendered":"<p>Singer, composer, cultural m\u00e9diator from Congo High-Life, Soukouss, Rumba, Reggae, Salsa, Zonk, N-dombolo \u00a0 \u00a0 Line-up: \u00ab L&rsquo;Universal Grand-Lokito \u00bb Ruffin Nkoy Loola &#8211; Chant Dino Kolombo &#8211; Chant Amuri Ntambwe &#8211; Guitare Israel Dude &#8211; Guitare Kakol Manzaka &#8211; Batterie DV Kazai &#8211; Congas Jose Ngoma &#8211; Basse La ville de Motang\u00e9, quartier de [&hellip;]<\/p>\n","protected":false},"author":8,"featured_media":0,"parent":3752,"menu_order":0,"comment_status":"closed","ping_status":"closed","template":"","meta":{"footnotes":""},"class_list":["post-10278","page","type-page","status-publish","hentry"],"yoast_head":"<!-- This site is optimized with the Yoast SEO plugin v27.3 - https:\/\/yoast.com\/product\/yoast-seo-wordpress\/ -->\n<title>Ruffin Nkoy Loola - Ahoi Kultur<\/title>\n<meta name=\"robots\" content=\"index, follow, max-snippet:-1, max-image-preview:large, max-video-preview:-1\" \/>\n<link rel=\"canonical\" href=\"https:\/\/ahoi-kultur.de\/fr\/artistes-a-z\/ruffin-nkoy-loola\/\" \/>\n<meta property=\"og:locale\" content=\"fr_FR\" \/>\n<meta property=\"og:type\" content=\"article\" \/>\n<meta property=\"og:title\" content=\"Ruffin Nkoy Loola - Ahoi Kultur\" \/>\n<meta property=\"og:description\" content=\"Singer, composer, cultural m\u00e9diator from Congo High-Life, Soukouss, Rumba, Reggae, Salsa, Zonk, N-dombolo \u00a0 \u00a0 Line-up: \u00ab L&rsquo;Universal Grand-Lokito \u00bb Ruffin Nkoy Loola &#8211; Chant Dino Kolombo &#8211; Chant Amuri Ntambwe &#8211; Guitare Israel Dude &#8211; Guitare Kakol Manzaka &#8211; Batterie DV Kazai &#8211; Congas Jose Ngoma &#8211; Basse La ville de Motang\u00e9, quartier de [&hellip;]\" \/>\n<meta property=\"og:url\" content=\"https:\/\/ahoi-kultur.de\/fr\/artistes-a-z\/ruffin-nkoy-loola\/\" \/>\n<meta property=\"og:site_name\" content=\"Ahoi Kultur\" \/>\n<meta property=\"article:modified_time\" content=\"2025-10-09T15:21:15+00:00\" \/>\n<meta property=\"og:image\" content=\"https:\/\/ahoi-kultur.de\/wp-content\/uploads\/2025\/10\/spotify-logo-small-spotify-logo-transparent-hd-png-300x247.png\" \/>\n<meta name=\"twitter:label1\" content=\"Dur\u00e9e de lecture estim\u00e9e\" \/>\n\t<meta name=\"twitter:data1\" content=\"6 minutes\" \/>\n<script type=\"application\/ld+json\" class=\"yoast-schema-graph\">{\"@context\":\"https:\\\/\\\/schema.org\",\"@graph\":[{\"@type\":\"WebPage\",\"@id\":\"https:\\\/\\\/ahoi-kultur.de\\\/fr\\\/artistes-a-z\\\/ruffin-nkoy-loola\\\/\",\"url\":\"https:\\\/\\\/ahoi-kultur.de\\\/fr\\\/artistes-a-z\\\/ruffin-nkoy-loola\\\/\",\"name\":\"Ruffin Nkoy Loola - Ahoi Kultur\",\"isPartOf\":{\"@id\":\"https:\\\/\\\/ahoi-kultur.de\\\/fr\\\/#website\"},\"primaryImageOfPage\":{\"@id\":\"https:\\\/\\\/ahoi-kultur.de\\\/fr\\\/artistes-a-z\\\/ruffin-nkoy-loola\\\/#primaryimage\"},\"image\":{\"@id\":\"https:\\\/\\\/ahoi-kultur.de\\\/fr\\\/artistes-a-z\\\/ruffin-nkoy-loola\\\/#primaryimage\"},\"thumbnailUrl\":\"https:\\\/\\\/ahoi-kultur.de\\\/wp-content\\\/uploads\\\/2025\\\/10\\\/spotify-logo-small-spotify-logo-transparent-hd-png-300x247.png\",\"datePublished\":\"2025-10-03T07:39:36+00:00\",\"dateModified\":\"2025-10-09T15:21:15+00:00\",\"breadcrumb\":{\"@id\":\"https:\\\/\\\/ahoi-kultur.de\\\/fr\\\/artistes-a-z\\\/ruffin-nkoy-loola\\\/#breadcrumb\"},\"inLanguage\":\"fr-FR\",\"potentialAction\":[{\"@type\":\"ReadAction\",\"target\":[\"https:\\\/\\\/ahoi-kultur.de\\\/fr\\\/artistes-a-z\\\/ruffin-nkoy-loola\\\/\"]}]},{\"@type\":\"ImageObject\",\"inLanguage\":\"fr-FR\",\"@id\":\"https:\\\/\\\/ahoi-kultur.de\\\/fr\\\/artistes-a-z\\\/ruffin-nkoy-loola\\\/#primaryimage\",\"url\":\"https:\\\/\\\/ahoi-kultur.de\\\/wp-content\\\/uploads\\\/2025\\\/10\\\/spotify-logo-small-spotify-logo-transparent-hd-png-300x247.png\",\"contentUrl\":\"https:\\\/\\\/ahoi-kultur.de\\\/wp-content\\\/uploads\\\/2025\\\/10\\\/spotify-logo-small-spotify-logo-transparent-hd-png-300x247.png\"},{\"@type\":\"BreadcrumbList\",\"@id\":\"https:\\\/\\\/ahoi-kultur.de\\\/fr\\\/artistes-a-z\\\/ruffin-nkoy-loola\\\/#breadcrumb\",\"itemListElement\":[{\"@type\":\"ListItem\",\"position\":1,\"name\":\"Home\",\"item\":\"https:\\\/\\\/ahoi-kultur.de\\\/fr\\\/\"},{\"@type\":\"ListItem\",\"position\":2,\"name\":\"Artistes A \u2013 Z\",\"item\":\"https:\\\/\\\/ahoi-kultur.de\\\/fr\\\/artistes-a-z\\\/\"},{\"@type\":\"ListItem\",\"position\":3,\"name\":\"Ruffin Nkoy Loola\"}]},{\"@type\":\"WebSite\",\"@id\":\"https:\\\/\\\/ahoi-kultur.de\\\/fr\\\/#website\",\"url\":\"https:\\\/\\\/ahoi-kultur.de\\\/fr\\\/\",\"name\":\"Ahoi Kultur\",\"description\":\"Artist and Events\",\"publisher\":{\"@id\":\"https:\\\/\\\/ahoi-kultur.de\\\/fr\\\/#organization\"},\"potentialAction\":[{\"@type\":\"SearchAction\",\"target\":{\"@type\":\"EntryPoint\",\"urlTemplate\":\"https:\\\/\\\/ahoi-kultur.de\\\/fr\\\/?s={search_term_string}\"},\"query-input\":{\"@type\":\"PropertyValueSpecification\",\"valueRequired\":true,\"valueName\":\"search_term_string\"}}],\"inLanguage\":\"fr-FR\"},{\"@type\":\"Organization\",\"@id\":\"https:\\\/\\\/ahoi-kultur.de\\\/fr\\\/#organization\",\"name\":\"Ahoi Kultur\",\"url\":\"https:\\\/\\\/ahoi-kultur.de\\\/fr\\\/\",\"logo\":{\"@type\":\"ImageObject\",\"inLanguage\":\"fr-FR\",\"@id\":\"https:\\\/\\\/ahoi-kultur.de\\\/fr\\\/#\\\/schema\\\/logo\\\/image\\\/\",\"url\":\"https:\\\/\\\/ahoi-kultur.de\\\/wp-content\\\/uploads\\\/2013\\\/10\\\/ahoi-kultur-logo.gif\",\"contentUrl\":\"https:\\\/\\\/ahoi-kultur.de\\\/wp-content\\\/uploads\\\/2013\\\/10\\\/ahoi-kultur-logo.gif\",\"width\":454,\"height\":388,\"caption\":\"Ahoi Kultur\"},\"image\":{\"@id\":\"https:\\\/\\\/ahoi-kultur.de\\\/fr\\\/#\\\/schema\\\/logo\\\/image\\\/\"}}]}<\/script>\n<!-- \/ Yoast SEO plugin. -->","yoast_head_json":{"title":"Ruffin Nkoy Loola - Ahoi Kultur","robots":{"index":"index","follow":"follow","max-snippet":"max-snippet:-1","max-image-preview":"max-image-preview:large","max-video-preview":"max-video-preview:-1"},"canonical":"https:\/\/ahoi-kultur.de\/fr\/artistes-a-z\/ruffin-nkoy-loola\/","og_locale":"fr_FR","og_type":"article","og_title":"Ruffin Nkoy Loola - Ahoi Kultur","og_description":"Singer, composer, cultural m\u00e9diator from Congo High-Life, Soukouss, Rumba, Reggae, Salsa, Zonk, N-dombolo \u00a0 \u00a0 Line-up: \u00ab L&rsquo;Universal Grand-Lokito \u00bb Ruffin Nkoy Loola &#8211; Chant Dino Kolombo &#8211; Chant Amuri Ntambwe &#8211; Guitare Israel Dude &#8211; Guitare Kakol Manzaka &#8211; Batterie DV Kazai &#8211; Congas Jose Ngoma &#8211; Basse La ville de Motang\u00e9, quartier de [&hellip;]","og_url":"https:\/\/ahoi-kultur.de\/fr\/artistes-a-z\/ruffin-nkoy-loola\/","og_site_name":"Ahoi Kultur","article_modified_time":"2025-10-09T15:21:15+00:00","og_image":[{"url":"https:\/\/ahoi-kultur.de\/wp-content\/uploads\/2025\/10\/spotify-logo-small-spotify-logo-transparent-hd-png-300x247.png","type":"","width":"","height":""}],"twitter_misc":{"Dur\u00e9e de lecture estim\u00e9e":"6 minutes"},"schema":{"@context":"https:\/\/schema.org","@graph":[{"@type":"WebPage","@id":"https:\/\/ahoi-kultur.de\/fr\/artistes-a-z\/ruffin-nkoy-loola\/","url":"https:\/\/ahoi-kultur.de\/fr\/artistes-a-z\/ruffin-nkoy-loola\/","name":"Ruffin Nkoy Loola - Ahoi Kultur","isPartOf":{"@id":"https:\/\/ahoi-kultur.de\/fr\/#website"},"primaryImageOfPage":{"@id":"https:\/\/ahoi-kultur.de\/fr\/artistes-a-z\/ruffin-nkoy-loola\/#primaryimage"},"image":{"@id":"https:\/\/ahoi-kultur.de\/fr\/artistes-a-z\/ruffin-nkoy-loola\/#primaryimage"},"thumbnailUrl":"https:\/\/ahoi-kultur.de\/wp-content\/uploads\/2025\/10\/spotify-logo-small-spotify-logo-transparent-hd-png-300x247.png","datePublished":"2025-10-03T07:39:36+00:00","dateModified":"2025-10-09T15:21:15+00:00","breadcrumb":{"@id":"https:\/\/ahoi-kultur.de\/fr\/artistes-a-z\/ruffin-nkoy-loola\/#breadcrumb"},"inLanguage":"fr-FR","potentialAction":[{"@type":"ReadAction","target":["https:\/\/ahoi-kultur.de\/fr\/artistes-a-z\/ruffin-nkoy-loola\/"]}]},{"@type":"ImageObject","inLanguage":"fr-FR","@id":"https:\/\/ahoi-kultur.de\/fr\/artistes-a-z\/ruffin-nkoy-loola\/#primaryimage","url":"https:\/\/ahoi-kultur.de\/wp-content\/uploads\/2025\/10\/spotify-logo-small-spotify-logo-transparent-hd-png-300x247.png","contentUrl":"https:\/\/ahoi-kultur.de\/wp-content\/uploads\/2025\/10\/spotify-logo-small-spotify-logo-transparent-hd-png-300x247.png"},{"@type":"BreadcrumbList","@id":"https:\/\/ahoi-kultur.de\/fr\/artistes-a-z\/ruffin-nkoy-loola\/#breadcrumb","itemListElement":[{"@type":"ListItem","position":1,"name":"Home","item":"https:\/\/ahoi-kultur.de\/fr\/"},{"@type":"ListItem","position":2,"name":"Artistes A \u2013 Z","item":"https:\/\/ahoi-kultur.de\/fr\/artistes-a-z\/"},{"@type":"ListItem","position":3,"name":"Ruffin Nkoy Loola"}]},{"@type":"WebSite","@id":"https:\/\/ahoi-kultur.de\/fr\/#website","url":"https:\/\/ahoi-kultur.de\/fr\/","name":"Ahoi Kultur","description":"Artist and Events","publisher":{"@id":"https:\/\/ahoi-kultur.de\/fr\/#organization"},"potentialAction":[{"@type":"SearchAction","target":{"@type":"EntryPoint","urlTemplate":"https:\/\/ahoi-kultur.de\/fr\/?s={search_term_string}"},"query-input":{"@type":"PropertyValueSpecification","valueRequired":true,"valueName":"search_term_string"}}],"inLanguage":"fr-FR"},{"@type":"Organization","@id":"https:\/\/ahoi-kultur.de\/fr\/#organization","name":"Ahoi Kultur","url":"https:\/\/ahoi-kultur.de\/fr\/","logo":{"@type":"ImageObject","inLanguage":"fr-FR","@id":"https:\/\/ahoi-kultur.de\/fr\/#\/schema\/logo\/image\/","url":"https:\/\/ahoi-kultur.de\/wp-content\/uploads\/2013\/10\/ahoi-kultur-logo.gif","contentUrl":"https:\/\/ahoi-kultur.de\/wp-content\/uploads\/2013\/10\/ahoi-kultur-logo.gif","width":454,"height":388,"caption":"Ahoi Kultur"},"image":{"@id":"https:\/\/ahoi-kultur.de\/fr\/#\/schema\/logo\/image\/"}}]}},"_links":{"self":[{"href":"https:\/\/ahoi-kultur.de\/fr\/wp-json\/wp\/v2\/pages\/10278","targetHints":{"allow":["GET"]}}],"collection":[{"href":"https:\/\/ahoi-kultur.de\/fr\/wp-json\/wp\/v2\/pages"}],"about":[{"href":"https:\/\/ahoi-kultur.de\/fr\/wp-json\/wp\/v2\/types\/page"}],"author":[{"embeddable":true,"href":"https:\/\/ahoi-kultur.de\/fr\/wp-json\/wp\/v2\/users\/8"}],"replies":[{"embeddable":true,"href":"https:\/\/ahoi-kultur.de\/fr\/wp-json\/wp\/v2\/comments?post=10278"}],"version-history":[{"count":12,"href":"https:\/\/ahoi-kultur.de\/fr\/wp-json\/wp\/v2\/pages\/10278\/revisions"}],"predecessor-version":[{"id":10469,"href":"https:\/\/ahoi-kultur.de\/fr\/wp-json\/wp\/v2\/pages\/10278\/revisions\/10469"}],"up":[{"embeddable":true,"href":"https:\/\/ahoi-kultur.de\/fr\/wp-json\/wp\/v2\/pages\/3752"}],"wp:attachment":[{"href":"https:\/\/ahoi-kultur.de\/fr\/wp-json\/wp\/v2\/media?parent=10278"}],"curies":[{"name":"wp","href":"https:\/\/api.w.org\/{rel}","templated":true}]}}