{"id":10915,"date":"2026-05-06T10:03:05","date_gmt":"2026-05-06T08:03:05","guid":{"rendered":"https:\/\/ahoi-kultur.de\/?page_id=10915"},"modified":"2026-05-13T23:31:37","modified_gmt":"2026-05-13T21:31:37","slug":"lotus","status":"publish","type":"page","link":"https:\/\/ahoi-kultur.de\/fr\/artistes-a-z\/lotus\/","title":{"rendered":"LOTUS"},"content":{"rendered":"<p><strong>R&amp;B, Rock, Hip Hop, Reggae &amp; Dancehall<br \/>\n<a href=\"https:\/\/www.youtube.com\/@lotus2713\" target=\"_blank\" rel=\"noopener\"><img decoding=\"async\" class=\"alignnone wp-image-10950\" src=\"https:\/\/ahoi-kultur.de\/wp-content\/uploads\/2026\/05\/youtube-logo-png-46020_proc_proc-removebg-preview.png\" alt=\"\" width=\"48\" height=\"33\" \/><\/a>\u00a0 \u00a0 <a href=\"https:\/\/soundcloud.com\/lotusblue-1\" target=\"_blank\" rel=\"noopener\"><img decoding=\"async\" class=\"alignnone wp-image-10938\" src=\"https:\/\/ahoi-kultur.de\/wp-content\/uploads\/2026\/05\/soundcloud-logo-black-transparent-300x171.png\" alt=\"\" width=\"70\" height=\"40\" srcset=\"https:\/\/ahoi-kultur.de\/wp-content\/uploads\/2026\/05\/soundcloud-logo-black-transparent-300x171.png 300w, https:\/\/ahoi-kultur.de\/wp-content\/uploads\/2026\/05\/soundcloud-logo-black-transparent-1024x583.png 1024w, https:\/\/ahoi-kultur.de\/wp-content\/uploads\/2026\/05\/soundcloud-logo-black-transparent-1536x875.png 1536w, https:\/\/ahoi-kultur.de\/wp-content\/uploads\/2026\/05\/soundcloud-logo-black-transparent-2048x1167.png 2048w, https:\/\/ahoi-kultur.de\/wp-content\/uploads\/2026\/05\/soundcloud-logo-black-transparent-624x355.png 624w\" sizes=\"(max-width: 70px) 100vw, 70px\" \/><\/a>\u00a0 \u00a0 <a href=\"https:\/\/www.instagram.com\/lotusblu\" target=\"_blank\" rel=\"noopener\"><img decoding=\"async\" class=\"alignnone wp-image-10935\" src=\"https:\/\/ahoi-kultur.de\/wp-content\/uploads\/2026\/05\/Insta_Logo-removebg-preview-300x292.png\" alt=\"\" width=\"38\" height=\"37\" srcset=\"https:\/\/ahoi-kultur.de\/wp-content\/uploads\/2026\/05\/Insta_Logo-removebg-preview-300x292.png 300w, https:\/\/ahoi-kultur.de\/wp-content\/uploads\/2026\/05\/Insta_Logo-removebg-preview-150x150.png 150w, https:\/\/ahoi-kultur.de\/wp-content\/uploads\/2026\/05\/Insta_Logo-removebg-preview.png 313w\" sizes=\"(max-width: 38px) 100vw, 38px\" \/><\/a><br \/>\n<\/strong><\/p>\n<p>Cette artiste multidisciplinaire m\u00eale musique, voix et performance.<br \/>\n\u00c9lev\u00e9e en Allemagne et impr\u00e9gn\u00e9e de ses racines carib\u00e9ennes, jama\u00efcaines et italiennes, elle fusionne ces influences culturelles dans son art pour cr\u00e9er un langage sonore puissant, oscillant entre vuln\u00e9rabilit\u00e9, assurance et libert\u00e9 rythmique.<br \/>\nElle a \u00e9tudi\u00e9 \u00e0 <a href=\"https:\/\/hmtm.de\/\" target=\"_blank\" rel=\"noopener\">\u00ab\u00a0Hochschule f\u00fcr Musik und Theater<\/a>\u201c (l&rsquo;Universit\u00e9 de musique des arts du spectacle de Munich) et <a href=\"https:\/\/www.staatsoper.de\/\" target=\"_blank\" rel=\"noopener\">Bayerische Staatsoper<\/a> s&rsquo;est produite \u00e0 l&rsquo;Op\u00e9ra d&rsquo;\u00c9tat de Bavi\u00e8re.<br \/>\nSes inspirations musicales puisent dans les fr\u00e9quences naturelles, le R&amp;B, le rock, le hip-hop, le reggae et le dancehall, mais aussi dans la MPB, la proto-bossa et la samba bahianaise, ainsi que dans la ghetto techno, la house, le bouyon, la drum and bass et des \u00e9l\u00e9ments classiques.<br \/>\nDe cette richesse \u00e9merge un son \u00e0 la fois doux et envo\u00fbtant, vuln\u00e9rable et puissant, port\u00e9 par l&rsquo;espoir, une \u00e9nergie consciente et une profonde pr\u00e9sence \u00e9motionnelle.<\/p>\n<p>LOTUS per\u00e7oit la diversit\u00e9 culturelle comme une source d&rsquo;inspiration musicale, un moyen de connecter les individus, les \u00e9motions et les univers, et de s&rsquo;inspirer mutuellement.<br \/>\nSon art repose sur la conviction que chaque culture poss\u00e8de sa propre histoire, sa propre \u00e9nergie et contribue de mani\u00e8re pr\u00e9cieuse \u00e0 l&rsquo;exp\u00e9rience partag\u00e9e.<br \/>\nLOTUS con\u00e7oit la musique comme l&rsquo;expression d&rsquo;un mouvement int\u00e9rieur, un espace de v\u00e9rit\u00e9, de r\u00e9sistance, de connexion et d&rsquo;\u00e9mancipation.<br \/>\nLOTUS vit \u00e0 Berlin et s&rsquo;est produite \u00e0 <a href=\"http:\/\/streetunivercity.com\/\">StreetUnivercity Berlin<\/a>, <a href=\"https:\/\/www.berlinhiphopakademie.de\/\">Hip Hop Akademie Berlin<\/a>, <a href=\"https:\/\/www.volksbuehne.berlin\/de\/repertoire\/big-wave?id=16581\">Big Wave im Gr\u00fcnen Salon<\/a>, mit Beatswitch im <a href=\"https:\/\/www.instagram.com\/nachtvogel.berlin\/\">Nachtvogel<\/a>, <a href=\"https:\/\/yaam.de\/\">YAAM<\/a>, <a href=\"https:\/\/www.newhopeandlight.com\/\">New Hope &amp; Light<\/a>, <a href=\"https:\/\/www.tempelhoferfeld.de\/entdecken-erleben\/veranstaltungskalender\/\">Tempelhofer Feld<\/a>. <a href=\"https:\/\/www.berlin-global-village.de\/de\/\">Global Village<\/a>, <a href=\"https:\/\/ahoi-kultur.de\/en\/the-festival-for-international-womens-fight-day\/2026-2\/\">Women Festival Berlin<\/a>, et lors de nombreuses jam sessions.<\/p>\n<p>Avec son label <a href=\"https:\/\/www.instagram.com\/blu_records\/\">BLU Records<\/a>,<br \/>\nelle r\u00e9alise des interviews pour ses \u00e9missions t\u00e9l\u00e9vis\u00e9es\u00a0: Nyanya-TV et hateitorloveit-TV.<\/p>\n","protected":false},"excerpt":{"rendered":"<p>R&amp;B, Rock, Hip Hop, Reggae &amp; Dancehall \u00a0 \u00a0 \u00a0 \u00a0 Cette artiste multidisciplinaire m\u00eale musique, voix et performance. \u00c9lev\u00e9e en Allemagne et impr\u00e9gn\u00e9e de ses racines carib\u00e9ennes, jama\u00efcaines et italiennes, elle fusionne ces influences culturelles dans son art pour cr\u00e9er un langage sonore puissant, oscillant entre vuln\u00e9rabilit\u00e9, assurance et libert\u00e9 rythmique. Elle a \u00e9tudi\u00e9 [&hellip;]<\/p>\n","protected":false},"author":8,"featured_media":0,"parent":3752,"menu_order":0,"comment_status":"closed","ping_status":"closed","template":"","meta":{"footnotes":""},"class_list":["post-10915","page","type-page","status-publish","hentry"],"yoast_head":"<!-- This site is optimized with the Yoast SEO plugin v27.6 - https:\/\/yoast.com\/product\/yoast-seo-wordpress\/ -->\n<title>LOTUS - Ahoi Kultur<\/title>\n<meta name=\"robots\" content=\"index, follow, max-snippet:-1, max-image-preview:large, max-video-preview:-1\" \/>\n<link rel=\"canonical\" href=\"https:\/\/ahoi-kultur.de\/fr\/artistes-a-z\/lotus\/\" \/>\n<meta property=\"og:locale\" content=\"fr_FR\" \/>\n<meta property=\"og:type\" content=\"article\" \/>\n<meta property=\"og:title\" content=\"LOTUS - Ahoi Kultur\" \/>\n<meta property=\"og:description\" content=\"R&amp;B, Rock, Hip Hop, Reggae &amp; Dancehall \u00a0 \u00a0 \u00a0 \u00a0 Cette artiste multidisciplinaire m\u00eale musique, voix et performance. \u00c9lev\u00e9e en Allemagne et impr\u00e9gn\u00e9e de ses racines carib\u00e9ennes, jama\u00efcaines et italiennes, elle fusionne ces influences culturelles dans son art pour cr\u00e9er un langage sonore puissant, oscillant entre vuln\u00e9rabilit\u00e9, assurance et libert\u00e9 rythmique. Elle a \u00e9tudi\u00e9 [&hellip;]\" \/>\n<meta property=\"og:url\" content=\"https:\/\/ahoi-kultur.de\/fr\/artistes-a-z\/lotus\/\" \/>\n<meta property=\"og:site_name\" content=\"Ahoi Kultur\" \/>\n<meta property=\"article:modified_time\" content=\"2026-05-13T21:31:37+00:00\" \/>\n<meta property=\"og:image\" content=\"https:\/\/ahoi-kultur.de\/wp-content\/uploads\/2026\/05\/youtube-logo-png-46020_proc_proc-removebg-preview.png\" \/>\n<meta name=\"twitter:label1\" content=\"Dur\u00e9e de lecture estim\u00e9e\" \/>\n\t<meta name=\"twitter:data1\" content=\"3 minutes\" \/>\n<script type=\"application\/ld+json\" class=\"yoast-schema-graph\">{\"@context\":\"https:\\\/\\\/schema.org\",\"@graph\":[{\"@type\":\"WebPage\",\"@id\":\"https:\\\/\\\/ahoi-kultur.de\\\/fr\\\/artistes-a-z\\\/lotus\\\/\",\"url\":\"https:\\\/\\\/ahoi-kultur.de\\\/fr\\\/artistes-a-z\\\/lotus\\\/\",\"name\":\"LOTUS - Ahoi Kultur\",\"isPartOf\":{\"@id\":\"https:\\\/\\\/ahoi-kultur.de\\\/fr\\\/#website\"},\"primaryImageOfPage\":{\"@id\":\"https:\\\/\\\/ahoi-kultur.de\\\/fr\\\/artistes-a-z\\\/lotus\\\/#primaryimage\"},\"image\":{\"@id\":\"https:\\\/\\\/ahoi-kultur.de\\\/fr\\\/artistes-a-z\\\/lotus\\\/#primaryimage\"},\"thumbnailUrl\":\"https:\\\/\\\/ahoi-kultur.de\\\/wp-content\\\/uploads\\\/2026\\\/05\\\/youtube-logo-png-46020_proc_proc-removebg-preview.png\",\"datePublished\":\"2026-05-06T08:03:05+00:00\",\"dateModified\":\"2026-05-13T21:31:37+00:00\",\"breadcrumb\":{\"@id\":\"https:\\\/\\\/ahoi-kultur.de\\\/fr\\\/artistes-a-z\\\/lotus\\\/#breadcrumb\"},\"inLanguage\":\"fr-FR\",\"potentialAction\":[{\"@type\":\"ReadAction\",\"target\":[\"https:\\\/\\\/ahoi-kultur.de\\\/fr\\\/artistes-a-z\\\/lotus\\\/\"]}]},{\"@type\":\"ImageObject\",\"inLanguage\":\"fr-FR\",\"@id\":\"https:\\\/\\\/ahoi-kultur.de\\\/fr\\\/artistes-a-z\\\/lotus\\\/#primaryimage\",\"url\":\"https:\\\/\\\/ahoi-kultur.de\\\/wp-content\\\/uploads\\\/2026\\\/05\\\/youtube-logo-png-46020_proc_proc-removebg-preview.png\",\"contentUrl\":\"https:\\\/\\\/ahoi-kultur.de\\\/wp-content\\\/uploads\\\/2026\\\/05\\\/youtube-logo-png-46020_proc_proc-removebg-preview.png\"},{\"@type\":\"BreadcrumbList\",\"@id\":\"https:\\\/\\\/ahoi-kultur.de\\\/fr\\\/artistes-a-z\\\/lotus\\\/#breadcrumb\",\"itemListElement\":[{\"@type\":\"ListItem\",\"position\":1,\"name\":\"Home\",\"item\":\"https:\\\/\\\/ahoi-kultur.de\\\/fr\\\/\"},{\"@type\":\"ListItem\",\"position\":2,\"name\":\"Artistes A \u2013 Z\",\"item\":\"https:\\\/\\\/ahoi-kultur.de\\\/fr\\\/artistes-a-z\\\/\"},{\"@type\":\"ListItem\",\"position\":3,\"name\":\"LOTUS\"}]},{\"@type\":\"WebSite\",\"@id\":\"https:\\\/\\\/ahoi-kultur.de\\\/fr\\\/#website\",\"url\":\"https:\\\/\\\/ahoi-kultur.de\\\/fr\\\/\",\"name\":\"Ahoi Kultur\",\"description\":\"Artist and Events\",\"publisher\":{\"@id\":\"https:\\\/\\\/ahoi-kultur.de\\\/fr\\\/#organization\"},\"potentialAction\":[{\"@type\":\"SearchAction\",\"target\":{\"@type\":\"EntryPoint\",\"urlTemplate\":\"https:\\\/\\\/ahoi-kultur.de\\\/fr\\\/?s={search_term_string}\"},\"query-input\":{\"@type\":\"PropertyValueSpecification\",\"valueRequired\":true,\"valueName\":\"search_term_string\"}}],\"inLanguage\":\"fr-FR\"},{\"@type\":\"Organization\",\"@id\":\"https:\\\/\\\/ahoi-kultur.de\\\/fr\\\/#organization\",\"name\":\"Ahoi Kultur\",\"url\":\"https:\\\/\\\/ahoi-kultur.de\\\/fr\\\/\",\"logo\":{\"@type\":\"ImageObject\",\"inLanguage\":\"fr-FR\",\"@id\":\"https:\\\/\\\/ahoi-kultur.de\\\/fr\\\/#\\\/schema\\\/logo\\\/image\\\/\",\"url\":\"https:\\\/\\\/ahoi-kultur.de\\\/wp-content\\\/uploads\\\/2013\\\/10\\\/ahoi-kultur-logo.gif\",\"contentUrl\":\"https:\\\/\\\/ahoi-kultur.de\\\/wp-content\\\/uploads\\\/2013\\\/10\\\/ahoi-kultur-logo.gif\",\"width\":454,\"height\":388,\"caption\":\"Ahoi Kultur\"},\"image\":{\"@id\":\"https:\\\/\\\/ahoi-kultur.de\\\/fr\\\/#\\\/schema\\\/logo\\\/image\\\/\"}}]}<\/script>\n<!-- \/ Yoast SEO plugin. -->","yoast_head_json":{"title":"LOTUS - Ahoi Kultur","robots":{"index":"index","follow":"follow","max-snippet":"max-snippet:-1","max-image-preview":"max-image-preview:large","max-video-preview":"max-video-preview:-1"},"canonical":"https:\/\/ahoi-kultur.de\/fr\/artistes-a-z\/lotus\/","og_locale":"fr_FR","og_type":"article","og_title":"LOTUS - Ahoi Kultur","og_description":"R&amp;B, Rock, Hip Hop, Reggae &amp; Dancehall \u00a0 \u00a0 \u00a0 \u00a0 Cette artiste multidisciplinaire m\u00eale musique, voix et performance. \u00c9lev\u00e9e en Allemagne et impr\u00e9gn\u00e9e de ses racines carib\u00e9ennes, jama\u00efcaines et italiennes, elle fusionne ces influences culturelles dans son art pour cr\u00e9er un langage sonore puissant, oscillant entre vuln\u00e9rabilit\u00e9, assurance et libert\u00e9 rythmique. Elle a \u00e9tudi\u00e9 [&hellip;]","og_url":"https:\/\/ahoi-kultur.de\/fr\/artistes-a-z\/lotus\/","og_site_name":"Ahoi Kultur","article_modified_time":"2026-05-13T21:31:37+00:00","og_image":[{"url":"https:\/\/ahoi-kultur.de\/wp-content\/uploads\/2026\/05\/youtube-logo-png-46020_proc_proc-removebg-preview.png","type":"","width":"","height":""}],"twitter_misc":{"Dur\u00e9e de lecture estim\u00e9e":"3 minutes"},"schema":{"@context":"https:\/\/schema.org","@graph":[{"@type":"WebPage","@id":"https:\/\/ahoi-kultur.de\/fr\/artistes-a-z\/lotus\/","url":"https:\/\/ahoi-kultur.de\/fr\/artistes-a-z\/lotus\/","name":"LOTUS - Ahoi Kultur","isPartOf":{"@id":"https:\/\/ahoi-kultur.de\/fr\/#website"},"primaryImageOfPage":{"@id":"https:\/\/ahoi-kultur.de\/fr\/artistes-a-z\/lotus\/#primaryimage"},"image":{"@id":"https:\/\/ahoi-kultur.de\/fr\/artistes-a-z\/lotus\/#primaryimage"},"thumbnailUrl":"https:\/\/ahoi-kultur.de\/wp-content\/uploads\/2026\/05\/youtube-logo-png-46020_proc_proc-removebg-preview.png","datePublished":"2026-05-06T08:03:05+00:00","dateModified":"2026-05-13T21:31:37+00:00","breadcrumb":{"@id":"https:\/\/ahoi-kultur.de\/fr\/artistes-a-z\/lotus\/#breadcrumb"},"inLanguage":"fr-FR","potentialAction":[{"@type":"ReadAction","target":["https:\/\/ahoi-kultur.de\/fr\/artistes-a-z\/lotus\/"]}]},{"@type":"ImageObject","inLanguage":"fr-FR","@id":"https:\/\/ahoi-kultur.de\/fr\/artistes-a-z\/lotus\/#primaryimage","url":"https:\/\/ahoi-kultur.de\/wp-content\/uploads\/2026\/05\/youtube-logo-png-46020_proc_proc-removebg-preview.png","contentUrl":"https:\/\/ahoi-kultur.de\/wp-content\/uploads\/2026\/05\/youtube-logo-png-46020_proc_proc-removebg-preview.png"},{"@type":"BreadcrumbList","@id":"https:\/\/ahoi-kultur.de\/fr\/artistes-a-z\/lotus\/#breadcrumb","itemListElement":[{"@type":"ListItem","position":1,"name":"Home","item":"https:\/\/ahoi-kultur.de\/fr\/"},{"@type":"ListItem","position":2,"name":"Artistes A \u2013 Z","item":"https:\/\/ahoi-kultur.de\/fr\/artistes-a-z\/"},{"@type":"ListItem","position":3,"name":"LOTUS"}]},{"@type":"WebSite","@id":"https:\/\/ahoi-kultur.de\/fr\/#website","url":"https:\/\/ahoi-kultur.de\/fr\/","name":"Ahoi Kultur","description":"Artist and Events","publisher":{"@id":"https:\/\/ahoi-kultur.de\/fr\/#organization"},"potentialAction":[{"@type":"SearchAction","target":{"@type":"EntryPoint","urlTemplate":"https:\/\/ahoi-kultur.de\/fr\/?s={search_term_string}"},"query-input":{"@type":"PropertyValueSpecification","valueRequired":true,"valueName":"search_term_string"}}],"inLanguage":"fr-FR"},{"@type":"Organization","@id":"https:\/\/ahoi-kultur.de\/fr\/#organization","name":"Ahoi Kultur","url":"https:\/\/ahoi-kultur.de\/fr\/","logo":{"@type":"ImageObject","inLanguage":"fr-FR","@id":"https:\/\/ahoi-kultur.de\/fr\/#\/schema\/logo\/image\/","url":"https:\/\/ahoi-kultur.de\/wp-content\/uploads\/2013\/10\/ahoi-kultur-logo.gif","contentUrl":"https:\/\/ahoi-kultur.de\/wp-content\/uploads\/2013\/10\/ahoi-kultur-logo.gif","width":454,"height":388,"caption":"Ahoi Kultur"},"image":{"@id":"https:\/\/ahoi-kultur.de\/fr\/#\/schema\/logo\/image\/"}}]}},"_links":{"self":[{"href":"https:\/\/ahoi-kultur.de\/fr\/wp-json\/wp\/v2\/pages\/10915","targetHints":{"allow":["GET"]}}],"collection":[{"href":"https:\/\/ahoi-kultur.de\/fr\/wp-json\/wp\/v2\/pages"}],"about":[{"href":"https:\/\/ahoi-kultur.de\/fr\/wp-json\/wp\/v2\/types\/page"}],"author":[{"embeddable":true,"href":"https:\/\/ahoi-kultur.de\/fr\/wp-json\/wp\/v2\/users\/8"}],"replies":[{"embeddable":true,"href":"https:\/\/ahoi-kultur.de\/fr\/wp-json\/wp\/v2\/comments?post=10915"}],"version-history":[{"count":5,"href":"https:\/\/ahoi-kultur.de\/fr\/wp-json\/wp\/v2\/pages\/10915\/revisions"}],"predecessor-version":[{"id":10971,"href":"https:\/\/ahoi-kultur.de\/fr\/wp-json\/wp\/v2\/pages\/10915\/revisions\/10971"}],"up":[{"embeddable":true,"href":"https:\/\/ahoi-kultur.de\/fr\/wp-json\/wp\/v2\/pages\/3752"}],"wp:attachment":[{"href":"https:\/\/ahoi-kultur.de\/fr\/wp-json\/wp\/v2\/media?parent=10915"}],"curies":[{"name":"wp","href":"https:\/\/api.w.org\/{rel}","templated":true}]}}