{"id":1169,"date":"2014-05-04T18:25:00","date_gmt":"2014-05-04T16:25:00","guid":{"rendered":"https:\/\/ahoi-kultur.de\/artistes-a-z\/helium\/"},"modified":"2025-10-09T17:25:28","modified_gmt":"2025-10-09T15:25:28","slug":"the-prognoz","status":"publish","type":"page","link":"https:\/\/ahoi-kultur.de\/fr\/artistes-a-z\/the-prognoz\/","title":{"rendered":"THE PROGNOZ"},"content":{"rendered":"<div id=\"metaslider-id-1139\" style=\"max-width: 300px;\" class=\"ml-slider-3-108-0 metaslider metaslider-flex metaslider-1139 ml-slider has-onhover-arrows ms-theme-default nav-hidden\" role=\"region\" aria-label=\"The Prognoz\" data-height=\"300\" data-width=\"300\">\n    <div id=\"metaslider_container_1139\">\n        <div id=\"metaslider_1139\" class=\"flexslider\">\n            <ul class='slides'>\n                <li style=\"display: block; width: 100%;\" class=\"slide-4847 ms-image \" aria-roledescription=\"slide\" data-date=\"2021-10-23 09:36:14\" data-filename=\"HELIUM-JAM_2_c_Irena-Lutt-191x191.jpg\" data-slide-type=\"image\"><img decoding=\"async\" src=\"https:\/\/ahoi-kultur.de\/wp-content\/uploads\/2021\/10\/HELIUM-JAM_2_c_Irena-Lutt-191x191.jpg\" height=\"300\" width=\"300\" alt=\"\" class=\"slider-1139 slide-4847 msDefaultImage\" title=\"HELIUM JAM_2_(c)_Irena Lutt\" \/><\/li>\n                <li style=\"display: none; width: 100%;\" class=\"slide-4848 ms-image \" aria-roledescription=\"slide\" data-date=\"2021-10-23 09:36:14\" data-filename=\"HELIUM-JAM_3_c_Irena-Lutt-191x191.jpg\" data-slide-type=\"image\"><img decoding=\"async\" src=\"https:\/\/ahoi-kultur.de\/wp-content\/uploads\/2021\/10\/HELIUM-JAM_3_c_Irena-Lutt-191x191.jpg\" height=\"300\" width=\"300\" alt=\"\" class=\"slider-1139 slide-4848 msDefaultImage\" title=\"HELIUM JAM_3_(c)_Irena Lutt\" \/><\/li>\n                <li style=\"display: none; width: 100%;\" class=\"slide-4849 ms-image \" aria-roledescription=\"slide\" data-date=\"2021-10-23 09:36:15\" data-filename=\"HELIUM-JAM_4_c_Irena-Lutt.jpg\" data-slide-type=\"image\"><img decoding=\"async\" src=\"https:\/\/ahoi-kultur.de\/wp-content\/uploads\/2021\/10\/HELIUM-JAM_4_c_Irena-Lutt.jpg\" height=\"300\" width=\"300\" alt=\"\" class=\"slider-1139 slide-4849 msDefaultImage\" title=\"HELIUM JAM_4_(c)_Irena Lutt\" \/><\/li>\n                <li style=\"display: none; width: 100%;\" class=\"slide-4850 ms-image \" aria-roledescription=\"slide\" data-date=\"2021-10-23 09:36:15\" data-filename=\"HELIUM-JAM_nose-to-nose_kl_c_Irena-Lutt.jpg\" data-slide-type=\"image\"><img decoding=\"async\" src=\"https:\/\/ahoi-kultur.de\/wp-content\/uploads\/2021\/10\/HELIUM-JAM_nose-to-nose_kl_c_Irena-Lutt.jpg\" height=\"300\" width=\"300\" alt=\"\" class=\"slider-1139 slide-4850 msDefaultImage\" title=\"HELIUM JAM_nose-to-nose_kl_(c)_Irena Lutt\" \/><div class=\"caption-wrap\"><div class=\"caption\">The Prognoz<\/div><\/div><\/li>\n                <li style=\"display: none; width: 100%;\" class=\"slide-4851 ms-image \" aria-roledescription=\"slide\" data-date=\"2021-10-23 09:36:15\" data-filename=\"HELIUM-JAM_duo1-table_cIra-Jara-132x132.jpg\" data-slide-type=\"image\"><img decoding=\"async\" src=\"https:\/\/ahoi-kultur.de\/wp-content\/uploads\/2021\/10\/HELIUM-JAM_duo1-table_cIra-Jara-132x132.jpg\" height=\"300\" width=\"300\" alt=\"\" class=\"slider-1139 slide-4851 msDefaultImage\" title=\"HELIUM-JAM_duo1-table_(c)Ira-Jara\" \/><div class=\"caption-wrap\"><div class=\"caption\">HELIUM JAM<\/div><\/div><\/li>\n                <li style=\"display: none; width: 100%;\" class=\"slide-4852 ms-image \" aria-roledescription=\"slide\" data-date=\"2021-10-23 09:36:15\" data-filename=\"HELIUM-JAM_duo2-bg_stand-sw_cIra-Jara-252x252.jpg\" data-slide-type=\"image\"><img decoding=\"async\" src=\"https:\/\/ahoi-kultur.de\/wp-content\/uploads\/2021\/10\/HELIUM-JAM_duo2-bg_stand-sw_cIra-Jara-252x252.jpg\" height=\"300\" width=\"300\" alt=\"\" class=\"slider-1139 slide-4852 msDefaultImage\" title=\"HELIUM-JAM_duo2-b+g_stand-sw_(c)Ira-Jara\" \/><\/li>\n                <li style=\"display: none; width: 100%;\" class=\"slide-4853 ms-image \" aria-roledescription=\"slide\" data-date=\"2021-10-23 09:36:15\" data-filename=\"HELIUMJ-JAM_duo-hands-up-nah-sw_cIra-Jara-167x167.jpg\" data-slide-type=\"image\"><img decoding=\"async\" src=\"https:\/\/ahoi-kultur.de\/wp-content\/uploads\/2021\/10\/HELIUMJ-JAM_duo-hands-up-nah-sw_cIra-Jara-167x167.jpg\" height=\"300\" width=\"300\" alt=\"\" class=\"slider-1139 slide-4853 msDefaultImage\" title=\"HELIUMJ-JAM_duo-hands-up-nah-sw_(c)Ira-Jara\" \/><\/li>\n                <li style=\"display: none; width: 100%;\" class=\"slide-4855 ms-image \" aria-roledescription=\"slide\" data-date=\"2021-10-23 09:42:36\" data-filename=\"HELIUM-JAM_13-plus_2020-mp3-image-300x300.jpg\" data-slide-type=\"image\"><img decoding=\"async\" src=\"https:\/\/ahoi-kultur.de\/wp-content\/uploads\/2021\/10\/HELIUM-JAM_13-plus_2020-mp3-image-300x300.jpg\" height=\"300\" width=\"300\" alt=\"\" class=\"slider-1139 slide-4855 msDefaultImage\" \/><\/li>\n            <\/ul>\n        <\/div>\n        \n    <\/div>\n<\/div>\n<p><strong>Indie Rock &#8211; Femmes de Tel-Aviv<\/strong><br \/>\nvoir aussi : <span style=\"color: #ff0000;\"><strong><a style=\"color: #ff0000;\" href=\"https:\/\/theprognoz.com\/\" target=\"_blank\" rel=\"noopener\"><span style=\"color: #0000ff;\">THE PROGNOZ<\/span><\/a><\/strong><\/span><\/p>\n<p><em>Line-up:<\/em><br \/>\n<strong>Julia Bogel&rsquo;fer<\/strong> &#8211; chant, guitare, basse, texte<br \/>\n<strong>Miriam Bogel&rsquo;er<\/strong> &#8211; guitare, chant, Comp<\/p>\n<p>THE PROGNOZ est le nouveau nom d&rsquo;HELIUM JAM, <a href=\"https:\/\/heliumjam.com\" target=\"_blank\" rel=\"noopener\">https:\/\/heliumjam.com<\/a> est \u00e9galement toujours en ligne.<br \/>\nLes deux femmes se sont rencontr\u00e9es en 2010 lors de l&rsquo;un des festivals de Moscou. Ils faisaient partie de deux groupes diff\u00e9rents et ont partag\u00e9 \u00e0 plusieurs reprises la sc\u00e8ne en tant que participants \u00e0 des festivals. Un jour, l&rsquo;id\u00e9e est venue d&rsquo;unir les deux groupes et de l&rsquo;appeler \u00ab\u00a0HELIUM, plus tard HELIUM JAM.<br \/>\nIls ont collabor\u00e9 avec de nombreux musiciens talentueux qui ont fait partie du groupe \u00e0 diff\u00e9rentes \u00e9poques.<br \/>\nPendant l&rsquo;existence de \u00ab\u00a0Helium Jam\u00a0\u00bb, deux albums studio et un single ont \u00e9t\u00e9 enregistr\u00e9s et sortis, plus d&rsquo;une centaine de concerts ont \u00e9t\u00e9 jou\u00e9s et plusieurs clips sont sortis. Le groupe s&rsquo;est produit dans des festivals \u00e0 Moscou et \u00e0 Saint-P\u00e9tersbourg.<br \/>\nEn 2017, r\u00e9alisant l&rsquo;incompatibilit\u00e9 absolue de leurs opinions avec la soci\u00e9t\u00e9 environnante, Julia et Miri d\u00e9cident de se rapatrier en Isra\u00ebl et donnent au groupe en 2023 le nouveau nom THE PROGNOZ.<br \/>\nDepuis 2014, AHOI est directeur pour l&rsquo;Europe et chaque ann\u00e9e, ils se produisaient devant des milliers de publics lors de festivals et de concerts de clubs. \u00c0 plusieurs reprises, le groupe est devenu un invit\u00e9 sp\u00e9cial \u00e0 Queer Prides et \u00e0 des soir\u00e9es \u00e0 Berlin, Warschau, Goteburg, Narva et aussi un habitu\u00e9. participant de grands festivals de rock europ\u00e9ens et de Moscou.<br \/>\nDepuis 2017, HELIUM JAM m\u00e8ne ses activit\u00e9s musicales depuis Isra\u00ebl, gagnant de nouveaux auditeurs et gardant le contact avec ses fans en Russie et en Europe.<br \/>\nEn 2018, ils ont \u00e9t\u00e9 invit\u00e9s \u00e0 se produire \u00e0 Tel Aviv lors de la Pride Week.<br \/>\nEn 2020, l&rsquo;album \u00ab\u00a0Prognoz\u00a0\u00bb a \u00e9t\u00e9 enregistr\u00e9 et sorti dans leur propre studio, qui en 2022 a \u00e9t\u00e9 repens\u00e9 et a jet\u00e9 les bases du projet du duo indie rock plus \u00ab\u00a0The Prognoz\u00a0\u00bb. Au printemps 2021, ils ont ouvert <strong>leur propre espace musical \u00ab\u00a0Rock Salon\u00a0\u00bb<\/strong>, dont l&rsquo;id\u00e9e est d&rsquo;unir musiciens et auditeurs, de passer du temps avec la musique en bonne compagnie et de donner aux personnes talentueuses la possibilit\u00e9 de r\u00e9aliser leur potentiel cr\u00e9atif.<br \/>\nEn 2022, le single \u00ab\u00a0Pas avec toi\u00a0\u00bb est sorti. En novembre, \u00ab\u00a0The Prognoz\u00a0\u00bb s&rsquo;est produit lors d&rsquo;un festival organis\u00e9 par le d\u00e9partement d&rsquo;absorption de la ville de Beer Sheva, d\u00e9di\u00e9 \u00e0 la \u00ab\u00a0Journ\u00e9e de l&rsquo;Aliya\u00a0\u00bb.<br \/>\nEn 2023, le single \u00ab\u00a0HOLOD\u00a0\u00bb est sorti.<br \/>\nActuellement, Julia et Miri poursuivent leurs activit\u00e9s de concert et enregistrent un nouvel album.<\/p>\n<p><strong>Discographie :<\/strong> \u201eHolod\u201c 2023, \u201eNe S Toboy\u201c 2022, \u201eNe S Toboy\u201c 2022<\/p>\n<p><span style=\"color: #0000ff;\"><strong>Les musiciens:<\/strong><\/span><\/p>\n<p><strong>Julia Bogel&rsquo;fer<\/strong><br \/>\nQuand elle avait 5 ans, elle a eu l&rsquo;imprudence de dire \u00e0 son grand-p\u00e8re qu&rsquo;elle aimerait jouer de la musique et le lendemain, le professeur de piano et de musique attendaient dans la chambre l&rsquo;enfant sans m\u00e9fiance. Julia est pers\u00e9v\u00e9rante. Elle a soigneusement \u00e9tudi\u00e9 la musique pendant 8 ans, apr\u00e8s quoi elle a ferm\u00e9 le piano et depuis ce temps elle n&rsquo;en a plus jou\u00e9 non plus. Pourtant, le d\u00e9but musical \u00e9tait fait !<br \/>\nAu lyc\u00e9e, elle d\u00e9couvre la guitare, faisant \u00e0 nouveau preuve de t\u00e9nacit\u00e9 de caract\u00e8re et \u00e9tudiant la guitare sans instruction. Depuis lors, Julia ne s&rsquo;est presque jamais s\u00e9par\u00e9e de sa guitare, a appris des po\u00e8mes du programme scolaire, les a jou\u00e9s \u00e0 la guitare et a \u00e9crit ses propres paroles et m\u00e9lodies. Dans le m\u00eame temps, elle est dipl\u00f4m\u00e9e de l&rsquo;Institut de technologie chimique de Moscou du nom de Mendeleev (aujourd&rsquo;hui l&rsquo;Universit\u00e9 russe des technologies chimiques) et a travaill\u00e9 dans la grande entreprise chimique pendant de nombreuses ann\u00e9es. L&rsquo;ancien nom du groupe HELIUM JAM vient de cette \u00e9poque. Elle a \u00e9crit des po\u00e8mes et des chansons, des performances dans de nombreux projets musicaux.<br \/>\nDans le projet amateur \u00abFree-Microphone\u00bb, il s&rsquo;est av\u00e9r\u00e9 qu&rsquo;\u00eatre guitariste et chanteur est tr\u00e8s excitant, a rencontr\u00e9 le guitariste rock Miri et en 2010 s&rsquo;est retrouv\u00e9 dans des festivals de chanson d&rsquo;art. Elle joue de la basse depuis 2018.<br \/>\nElle dit que les chansons trouvent leur chemin jusqu&rsquo;\u00e0 elle, il ne reste plus qu&rsquo;\u00e0 les \u00e9crire et les enregistrer.<\/p>\n<p><strong>Miri Bogel&rsquo;fer<\/strong><br \/>\nLa guitare a toujours \u00e9t\u00e9 avec elle, depuis ce temps, elle se souvient d&rsquo;elle-m\u00eame.<br \/>\nMiri dit : \u00c9crire de la musique, des arrangeurs et la garder ensemble est une occupation si naturelle pour elle, comme respirer. Il semble que oui, car la musique joue constamment depuis son enfance, et les m\u00e9lodies tournent tout le temps dans le cerveau, dans le subconscient.<br \/>\nCela ne l&rsquo;a pas emp\u00each\u00e9e d&rsquo;obtenir un dipl\u00f4me en assurance qualit\u00e9 de l&rsquo;Universit\u00e9 de l&rsquo;imprimerie.<br \/>\nMiri est l&rsquo;inspirateur id\u00e9ologique du d\u00e9veloppement du groupe.<br \/>\nElle a cr\u00e9\u00e9 et maintient le site Web du groupe et fournit g\u00e9n\u00e9ralement tout le support technique du groupe. En g\u00e9n\u00e9ral, elle est une personne absolument technique et il semble qu&rsquo;elle puisse comprendre la structure m\u00eame d&rsquo;un vaisseau spatial extraterrestre.<\/p>\n","protected":false},"excerpt":{"rendered":"<p>Indie Rock &#8211; Femmes de Tel-Aviv voir aussi : THE PROGNOZ Line-up: Julia Bogel&rsquo;fer &#8211; chant, guitare, basse, texte Miriam Bogel&rsquo;er &#8211; guitare, chant, Comp THE PROGNOZ est le nouveau nom d&rsquo;HELIUM JAM, https:\/\/heliumjam.com est \u00e9galement toujours en ligne. Les deux femmes se sont rencontr\u00e9es en 2010 lors de l&rsquo;un des festivals de Moscou. Ils [&hellip;]<\/p>\n","protected":false},"author":8,"featured_media":0,"parent":3752,"menu_order":0,"comment_status":"closed","ping_status":"closed","template":"","meta":{"footnotes":""},"class_list":["post-1169","page","type-page","status-publish","hentry"],"yoast_head":"<!-- This site is optimized with the Yoast SEO plugin v27.4 - https:\/\/yoast.com\/product\/yoast-seo-wordpress\/ -->\n<title>THE PROGNOZ - Ahoi Kultur<\/title>\n<meta name=\"robots\" content=\"index, follow, max-snippet:-1, max-image-preview:large, max-video-preview:-1\" \/>\n<link rel=\"canonical\" href=\"https:\/\/ahoi-kultur.de\/fr\/artistes-a-z\/the-prognoz\/\" \/>\n<meta property=\"og:locale\" content=\"fr_FR\" \/>\n<meta property=\"og:type\" content=\"article\" \/>\n<meta property=\"og:title\" content=\"THE PROGNOZ - Ahoi Kultur\" \/>\n<meta property=\"og:description\" content=\"Indie Rock &#8211; Femmes de Tel-Aviv voir aussi : THE PROGNOZ Line-up: Julia Bogel&rsquo;fer &#8211; chant, guitare, basse, texte Miriam Bogel&rsquo;er &#8211; guitare, chant, Comp THE PROGNOZ est le nouveau nom d&rsquo;HELIUM JAM, https:\/\/heliumjam.com est \u00e9galement toujours en ligne. Les deux femmes se sont rencontr\u00e9es en 2010 lors de l&rsquo;un des festivals de Moscou. Ils [&hellip;]\" \/>\n<meta property=\"og:url\" content=\"https:\/\/ahoi-kultur.de\/fr\/artistes-a-z\/the-prognoz\/\" \/>\n<meta property=\"og:site_name\" content=\"Ahoi Kultur\" \/>\n<meta property=\"article:modified_time\" content=\"2025-10-09T15:25:28+00:00\" \/>\n<meta name=\"twitter:label1\" content=\"Dur\u00e9e de lecture estim\u00e9e\" \/>\n\t<meta name=\"twitter:data1\" content=\"4 minutes\" \/>\n<script type=\"application\/ld+json\" class=\"yoast-schema-graph\">{\"@context\":\"https:\\\/\\\/schema.org\",\"@graph\":[{\"@type\":\"WebPage\",\"@id\":\"https:\\\/\\\/ahoi-kultur.de\\\/fr\\\/artistes-a-z\\\/the-prognoz\\\/\",\"url\":\"https:\\\/\\\/ahoi-kultur.de\\\/fr\\\/artistes-a-z\\\/the-prognoz\\\/\",\"name\":\"THE PROGNOZ - Ahoi Kultur\",\"isPartOf\":{\"@id\":\"https:\\\/\\\/ahoi-kultur.de\\\/fr\\\/#website\"},\"datePublished\":\"2014-05-04T16:25:00+00:00\",\"dateModified\":\"2025-10-09T15:25:28+00:00\",\"breadcrumb\":{\"@id\":\"https:\\\/\\\/ahoi-kultur.de\\\/fr\\\/artistes-a-z\\\/the-prognoz\\\/#breadcrumb\"},\"inLanguage\":\"fr-FR\",\"potentialAction\":[{\"@type\":\"ReadAction\",\"target\":[\"https:\\\/\\\/ahoi-kultur.de\\\/fr\\\/artistes-a-z\\\/the-prognoz\\\/\"]}]},{\"@type\":\"BreadcrumbList\",\"@id\":\"https:\\\/\\\/ahoi-kultur.de\\\/fr\\\/artistes-a-z\\\/the-prognoz\\\/#breadcrumb\",\"itemListElement\":[{\"@type\":\"ListItem\",\"position\":1,\"name\":\"Home\",\"item\":\"https:\\\/\\\/ahoi-kultur.de\\\/fr\\\/\"},{\"@type\":\"ListItem\",\"position\":2,\"name\":\"Artistes A \u2013 Z\",\"item\":\"https:\\\/\\\/ahoi-kultur.de\\\/fr\\\/artistes-a-z\\\/\"},{\"@type\":\"ListItem\",\"position\":3,\"name\":\"HELIUM JAM\"}]},{\"@type\":\"WebSite\",\"@id\":\"https:\\\/\\\/ahoi-kultur.de\\\/fr\\\/#website\",\"url\":\"https:\\\/\\\/ahoi-kultur.de\\\/fr\\\/\",\"name\":\"Ahoi Kultur\",\"description\":\"Artist and Events\",\"publisher\":{\"@id\":\"https:\\\/\\\/ahoi-kultur.de\\\/fr\\\/#organization\"},\"potentialAction\":[{\"@type\":\"SearchAction\",\"target\":{\"@type\":\"EntryPoint\",\"urlTemplate\":\"https:\\\/\\\/ahoi-kultur.de\\\/fr\\\/?s={search_term_string}\"},\"query-input\":{\"@type\":\"PropertyValueSpecification\",\"valueRequired\":true,\"valueName\":\"search_term_string\"}}],\"inLanguage\":\"fr-FR\"},{\"@type\":\"Organization\",\"@id\":\"https:\\\/\\\/ahoi-kultur.de\\\/fr\\\/#organization\",\"name\":\"Ahoi Kultur\",\"url\":\"https:\\\/\\\/ahoi-kultur.de\\\/fr\\\/\",\"logo\":{\"@type\":\"ImageObject\",\"inLanguage\":\"fr-FR\",\"@id\":\"https:\\\/\\\/ahoi-kultur.de\\\/fr\\\/#\\\/schema\\\/logo\\\/image\\\/\",\"url\":\"https:\\\/\\\/ahoi-kultur.de\\\/wp-content\\\/uploads\\\/2013\\\/10\\\/ahoi-kultur-logo.gif\",\"contentUrl\":\"https:\\\/\\\/ahoi-kultur.de\\\/wp-content\\\/uploads\\\/2013\\\/10\\\/ahoi-kultur-logo.gif\",\"width\":454,\"height\":388,\"caption\":\"Ahoi Kultur\"},\"image\":{\"@id\":\"https:\\\/\\\/ahoi-kultur.de\\\/fr\\\/#\\\/schema\\\/logo\\\/image\\\/\"}}]}<\/script>\n<!-- \/ Yoast SEO plugin. -->","yoast_head_json":{"title":"THE PROGNOZ - Ahoi Kultur","robots":{"index":"index","follow":"follow","max-snippet":"max-snippet:-1","max-image-preview":"max-image-preview:large","max-video-preview":"max-video-preview:-1"},"canonical":"https:\/\/ahoi-kultur.de\/fr\/artistes-a-z\/the-prognoz\/","og_locale":"fr_FR","og_type":"article","og_title":"THE PROGNOZ - Ahoi Kultur","og_description":"Indie Rock &#8211; Femmes de Tel-Aviv voir aussi : THE PROGNOZ Line-up: Julia Bogel&rsquo;fer &#8211; chant, guitare, basse, texte Miriam Bogel&rsquo;er &#8211; guitare, chant, Comp THE PROGNOZ est le nouveau nom d&rsquo;HELIUM JAM, https:\/\/heliumjam.com est \u00e9galement toujours en ligne. Les deux femmes se sont rencontr\u00e9es en 2010 lors de l&rsquo;un des festivals de Moscou. Ils [&hellip;]","og_url":"https:\/\/ahoi-kultur.de\/fr\/artistes-a-z\/the-prognoz\/","og_site_name":"Ahoi Kultur","article_modified_time":"2025-10-09T15:25:28+00:00","twitter_misc":{"Dur\u00e9e de lecture estim\u00e9e":"4 minutes"},"schema":{"@context":"https:\/\/schema.org","@graph":[{"@type":"WebPage","@id":"https:\/\/ahoi-kultur.de\/fr\/artistes-a-z\/the-prognoz\/","url":"https:\/\/ahoi-kultur.de\/fr\/artistes-a-z\/the-prognoz\/","name":"THE PROGNOZ - Ahoi Kultur","isPartOf":{"@id":"https:\/\/ahoi-kultur.de\/fr\/#website"},"datePublished":"2014-05-04T16:25:00+00:00","dateModified":"2025-10-09T15:25:28+00:00","breadcrumb":{"@id":"https:\/\/ahoi-kultur.de\/fr\/artistes-a-z\/the-prognoz\/#breadcrumb"},"inLanguage":"fr-FR","potentialAction":[{"@type":"ReadAction","target":["https:\/\/ahoi-kultur.de\/fr\/artistes-a-z\/the-prognoz\/"]}]},{"@type":"BreadcrumbList","@id":"https:\/\/ahoi-kultur.de\/fr\/artistes-a-z\/the-prognoz\/#breadcrumb","itemListElement":[{"@type":"ListItem","position":1,"name":"Home","item":"https:\/\/ahoi-kultur.de\/fr\/"},{"@type":"ListItem","position":2,"name":"Artistes A \u2013 Z","item":"https:\/\/ahoi-kultur.de\/fr\/artistes-a-z\/"},{"@type":"ListItem","position":3,"name":"HELIUM JAM"}]},{"@type":"WebSite","@id":"https:\/\/ahoi-kultur.de\/fr\/#website","url":"https:\/\/ahoi-kultur.de\/fr\/","name":"Ahoi Kultur","description":"Artist and Events","publisher":{"@id":"https:\/\/ahoi-kultur.de\/fr\/#organization"},"potentialAction":[{"@type":"SearchAction","target":{"@type":"EntryPoint","urlTemplate":"https:\/\/ahoi-kultur.de\/fr\/?s={search_term_string}"},"query-input":{"@type":"PropertyValueSpecification","valueRequired":true,"valueName":"search_term_string"}}],"inLanguage":"fr-FR"},{"@type":"Organization","@id":"https:\/\/ahoi-kultur.de\/fr\/#organization","name":"Ahoi Kultur","url":"https:\/\/ahoi-kultur.de\/fr\/","logo":{"@type":"ImageObject","inLanguage":"fr-FR","@id":"https:\/\/ahoi-kultur.de\/fr\/#\/schema\/logo\/image\/","url":"https:\/\/ahoi-kultur.de\/wp-content\/uploads\/2013\/10\/ahoi-kultur-logo.gif","contentUrl":"https:\/\/ahoi-kultur.de\/wp-content\/uploads\/2013\/10\/ahoi-kultur-logo.gif","width":454,"height":388,"caption":"Ahoi Kultur"},"image":{"@id":"https:\/\/ahoi-kultur.de\/fr\/#\/schema\/logo\/image\/"}}]}},"_links":{"self":[{"href":"https:\/\/ahoi-kultur.de\/fr\/wp-json\/wp\/v2\/pages\/1169","targetHints":{"allow":["GET"]}}],"collection":[{"href":"https:\/\/ahoi-kultur.de\/fr\/wp-json\/wp\/v2\/pages"}],"about":[{"href":"https:\/\/ahoi-kultur.de\/fr\/wp-json\/wp\/v2\/types\/page"}],"author":[{"embeddable":true,"href":"https:\/\/ahoi-kultur.de\/fr\/wp-json\/wp\/v2\/users\/8"}],"replies":[{"embeddable":true,"href":"https:\/\/ahoi-kultur.de\/fr\/wp-json\/wp\/v2\/comments?post=1169"}],"version-history":[{"count":47,"href":"https:\/\/ahoi-kultur.de\/fr\/wp-json\/wp\/v2\/pages\/1169\/revisions"}],"predecessor-version":[{"id":10477,"href":"https:\/\/ahoi-kultur.de\/fr\/wp-json\/wp\/v2\/pages\/1169\/revisions\/10477"}],"up":[{"embeddable":true,"href":"https:\/\/ahoi-kultur.de\/fr\/wp-json\/wp\/v2\/pages\/3752"}],"wp:attachment":[{"href":"https:\/\/ahoi-kultur.de\/fr\/wp-json\/wp\/v2\/media?parent=1169"}],"curies":[{"name":"wp","href":"https:\/\/api.w.org\/{rel}","templated":true}]}}