{"id":1507,"date":"2015-01-16T17:45:20","date_gmt":"2015-01-16T16:45:20","guid":{"rendered":"https:\/\/ahoi-kultur.de\/artistes-a-z\/kutinya\/"},"modified":"2025-10-09T16:04:08","modified_gmt":"2025-10-09T14:04:08","slug":"kutinya","status":"publish","type":"page","link":"https:\/\/ahoi-kultur.de\/fr\/artistes-a-z\/kutinya\/","title":{"rendered":"KUTINYA"},"content":{"rendered":"<p><div id=\"metaslider-id-1116\" style=\"max-width: 425px;\" class=\"ml-slider-3-107-0 metaslider metaslider-flex metaslider-1116 ml-slider has-onhover-arrows ms-theme-default nav-hidden\" role=\"region\" aria-label=\"Kutinya\" data-height=\"425\" data-width=\"425\">\n    <div id=\"metaslider_container_1116\">\n        <div id=\"metaslider_1116\" class=\"flexslider\">\n            <ul class='slides'>\n                <li style=\"display: block; width: 100%;\" class=\"slide-1572 ms-image \" aria-roledescription=\"slide\" data-date=\"2015-02-06 14:07:13\" data-filename=\"Unterm-Strohdach_kl-211x211.jpg\" data-slide-type=\"image\"><img decoding=\"async\" src=\"https:\/\/ahoi-kultur.de\/wp-content\/uploads\/2015\/02\/Unterm-Strohdach_kl-211x211.jpg\" height=\"425\" width=\"425\" alt=\"\" class=\"slider-1116 slide-1572 msDefaultImage\" \/><div class=\"caption-wrap\"><div class=\"caption\"><div>Kutinya<\/div><\/div><\/div><\/li>\n                <li style=\"display: none; width: 100%;\" class=\"slide-1560 ms-image \" aria-roledescription=\"slide\" data-date=\"2015-02-06 14:07:04\" data-filename=\"KUTINYA_Zimbabwe_kl-380x380.jpg\" data-slide-type=\"image\"><img decoding=\"async\" src=\"https:\/\/ahoi-kultur.de\/wp-content\/uploads\/2015\/02\/KUTINYA_Zimbabwe_kl-380x380.jpg\" height=\"425\" width=\"425\" alt=\"\" class=\"slider-1116 slide-1560 msDefaultImage\" \/><\/li>\n                <li style=\"display: none; width: 100%;\" class=\"slide-1570 ms-image \" aria-roledescription=\"slide\" data-date=\"2015-02-06 14:07:12\" data-filename=\"mbira.briefmarke-96x96.jpg\" data-slide-type=\"image\"><img decoding=\"async\" src=\"https:\/\/ahoi-kultur.de\/wp-content\/uploads\/2015\/02\/mbira.briefmarke-96x96.jpg\" height=\"425\" width=\"425\" alt=\"\" class=\"slider-1116 slide-1570 msDefaultImage\" \/><\/li>\n                <li style=\"display: none; width: 100%;\" class=\"slide-1571 ms-image \" aria-roledescription=\"slide\" data-date=\"2015-02-06 14:07:12\" data-filename=\"nicman_talk-192x192.jpg\" data-slide-type=\"image\"><img decoding=\"async\" src=\"https:\/\/ahoi-kultur.de\/wp-content\/uploads\/2015\/02\/nicman_talk-192x192.jpg\" height=\"425\" width=\"425\" alt=\"\" class=\"slider-1116 slide-1571 msDefaultImage\" \/><\/li>\n                <li style=\"display: none; width: 100%;\" class=\"slide-1568 ms-image \" aria-roledescription=\"slide\" data-date=\"2015-02-06 14:07:11\" data-filename=\"kutinya-workshop-school3_kl-319x319.jpg\" data-slide-type=\"image\"><img decoding=\"async\" src=\"https:\/\/ahoi-kultur.de\/wp-content\/uploads\/2015\/02\/kutinya-workshop-school3_kl-319x319.jpg\" height=\"425\" width=\"425\" alt=\"\" class=\"slider-1116 slide-1568 msDefaultImage\" \/><\/li>\n                <li style=\"display: none; width: 100%;\" class=\"slide-2048 ms-image \" aria-roledescription=\"slide\" data-date=\"2015-09-30 20:40:15\" data-filename=\"KUTINYA_quartett_links-425x425.jpg\" data-slide-type=\"image\"><img decoding=\"async\" src=\"https:\/\/ahoi-kultur.de\/wp-content\/uploads\/2015\/09\/KUTINYA_quartett_links-425x425.jpg\" height=\"425\" width=\"425\" alt=\"\" class=\"slider-1116 slide-2048 msDefaultImage\" \/><\/li>\n                <li style=\"display: none; width: 100%;\" class=\"slide-1569 ms-image \" aria-roledescription=\"slide\" data-date=\"2015-02-06 14:07:11\" data-filename=\"Marimba_Africa_Logo_kl-128x128.jpg\" data-slide-type=\"image\"><img decoding=\"async\" src=\"https:\/\/ahoi-kultur.de\/wp-content\/uploads\/2015\/02\/Marimba_Africa_Logo_kl-128x128.jpg\" height=\"425\" width=\"425\" alt=\"\" class=\"slider-1116 slide-1569 msDefaultImage\" \/><\/li>\n                <li style=\"display: none; width: 100%;\" class=\"slide-1567 ms-image \" aria-roledescription=\"slide\" data-date=\"2015-02-06 14:07:10\" data-filename=\"kutinya-workshop-school2_kl-425x425.jpg\" data-slide-type=\"image\"><img decoding=\"async\" src=\"https:\/\/ahoi-kultur.de\/wp-content\/uploads\/2015\/02\/kutinya-workshop-school2_kl-425x425.jpg\" height=\"425\" width=\"425\" alt=\"\" class=\"slider-1116 slide-1567 msDefaultImage\" \/><\/li>\n                <li style=\"display: none; width: 100%;\" class=\"slide-1566 ms-image \" aria-roledescription=\"slide\" data-date=\"2015-02-06 14:07:08\" data-filename=\"kutinya-workshop-school_kl-319x319.jpg\" data-slide-type=\"image\"><img decoding=\"async\" src=\"https:\/\/ahoi-kultur.de\/wp-content\/uploads\/2015\/02\/kutinya-workshop-school_kl-319x319.jpg\" height=\"425\" width=\"425\" alt=\"\" class=\"slider-1116 slide-1566 msDefaultImage\" \/><\/li>\n                <li style=\"display: none; width: 100%;\" class=\"slide-1563 ms-image \" aria-roledescription=\"slide\" data-date=\"2015-02-06 14:07:06\" data-filename=\"kutinya-musician2_kl-333x333.jpg\" data-slide-type=\"image\"><img decoding=\"async\" src=\"https:\/\/ahoi-kultur.de\/wp-content\/uploads\/2015\/02\/kutinya-musician2_kl-333x333.jpg\" height=\"425\" width=\"425\" alt=\"\" class=\"slider-1116 slide-1563 msDefaultImage\" \/><\/li>\n                <li style=\"display: none; width: 100%;\" class=\"slide-1562 ms-image \" aria-roledescription=\"slide\" data-date=\"2015-02-06 14:07:05\" data-filename=\"kutinya-alle_kl-267x267.jpg\" data-slide-type=\"image\"><img decoding=\"async\" src=\"https:\/\/ahoi-kultur.de\/wp-content\/uploads\/2015\/02\/kutinya-alle_kl-267x267.jpg\" height=\"425\" width=\"425\" alt=\"\" class=\"slider-1116 slide-1562 msDefaultImage\" \/><\/li>\n                <li style=\"display: none; width: 100%;\" class=\"slide-1559 ms-image \" aria-roledescription=\"slide\" data-date=\"2015-02-06 14:07:03\" data-filename=\"kutinya_musician_kl-344x344.jpg\" data-slide-type=\"image\"><img decoding=\"async\" src=\"https:\/\/ahoi-kultur.de\/wp-content\/uploads\/2015\/02\/kutinya_musician_kl-344x344.jpg\" height=\"425\" width=\"425\" alt=\"\" class=\"slider-1116 slide-1559 msDefaultImage\" \/><\/li>\n                <li style=\"display: none; width: 100%;\" class=\"slide-1557 ms-image \" aria-roledescription=\"slide\" data-date=\"2015-02-06 14:07:02\" data-filename=\"kutinya_5-girls_kl-304x304.jpg\" data-slide-type=\"image\"><img decoding=\"async\" src=\"https:\/\/ahoi-kultur.de\/wp-content\/uploads\/2015\/02\/kutinya_5-girls_kl-304x304.jpg\" height=\"425\" width=\"425\" alt=\"\" class=\"slider-1116 slide-1557 msDefaultImage\" \/><\/li>\n                <li style=\"display: none; width: 100%;\" class=\"slide-1556 ms-image \" aria-roledescription=\"slide\" data-date=\"2015-02-06 14:07:01\" data-filename=\"kutinya_4-girls_kl-265x265.jpg\" data-slide-type=\"image\"><img decoding=\"async\" src=\"https:\/\/ahoi-kultur.de\/wp-content\/uploads\/2015\/02\/kutinya_4-girls_kl-265x265.jpg\" height=\"425\" width=\"425\" alt=\"\" class=\"slider-1116 slide-1556 msDefaultImage\" \/><\/li>\n                <li style=\"display: none; width: 100%;\" class=\"slide-2037 ms-image \" aria-roledescription=\"slide\" data-date=\"2015-09-18 13:50:11\" data-filename=\"S1040008-425x425.jpg\" data-slide-type=\"image\"><img decoding=\"async\" src=\"https:\/\/ahoi-kultur.de\/wp-content\/uploads\/2015\/09\/S1040008-425x425.jpg\" height=\"425\" width=\"425\" alt=\"\" class=\"slider-1116 slide-2037 msDefaultImage\" \/><\/li>\n                <li style=\"display: none; width: 100%;\" class=\"slide-1558 ms-image \" aria-roledescription=\"slide\" data-date=\"2015-02-06 14:07:02\" data-filename=\"Kutinya_mit-Mahide_kl-336x336.jpg\" data-slide-type=\"image\"><img decoding=\"async\" src=\"https:\/\/ahoi-kultur.de\/wp-content\/uploads\/2015\/02\/Kutinya_mit-Mahide_kl-336x336.jpg\" height=\"425\" width=\"425\" alt=\"\" class=\"slider-1116 slide-1558 msDefaultImage\" \/><\/li>\n                <li style=\"display: none; width: 100%;\" class=\"slide-1564 ms-image \" aria-roledescription=\"slide\" data-date=\"2015-02-06 14:07:06\" data-filename=\"kutinya-portrait_-alle-2012-264x264.jpg\" data-slide-type=\"image\"><img decoding=\"async\" src=\"https:\/\/ahoi-kultur.de\/wp-content\/uploads\/2015\/02\/kutinya-portrait_-alle-2012-264x264.jpg\" height=\"425\" width=\"425\" alt=\"\" class=\"slider-1116 slide-1564 msDefaultImage\" \/><\/li>\n            <\/ul>\n        <\/div>\n        \n    <\/div>\n<\/div><br \/>\n<strong><span lang=\"fr-FR\">La musique Marimba et Mbira du Zimbabwe<\/span><\/strong><\/p>\n<p><em>Line-Up:<br \/>\n<\/em><strong><span lang=\"fr-FR\">Nicholas<\/span><span lang=\"fr-FR\"> Manomano <\/span><\/strong><span lang=\"fr-FR\">&amp; 20 <\/span><span lang=\"fr-FR\">\u00e9tudiants en \u00e9t\u00e9 en Allemagne<\/span><strong><span lang=\"fr-FR\"><br \/>\n<\/span><\/strong><span lang=\"fr-FR\">&amp;<\/span><span lang=\"fr-FR\"><br \/>\n<\/span><span lang=\"fr-FR\">Quatuor du Zimbabwe avec<\/span><strong><span lang=\"fr-FR\">:<br \/>\nBadge Tapembera<br \/>\nZvikomborero Rwodzi<br \/>\nTakudzwa Muronda<\/span><\/strong><span lang=\"fr-FR\"><br \/>\n<\/span><\/p>\n<p><strong>Concerts et ateliers<\/strong><\/p>\n<p><strong>\u00c0 April 2025<\/strong>, ils en tourn\u00e9e de l&rsquo;Europe avec 7<strong> \u00e9tudiants<\/strong> de <a href=\"https:\/\/www.facebook.com\/KutinyaArts\/\" target=\"_blank\" rel=\"noopener noreferrer\">KUTINYA ARTS<\/a><br \/>\n<strong>AFRO JAZZ ORCHESTRE DES JEUNE<\/strong>S &amp; festivals, universit\u00e9s \u00e9coles.<br \/>\nIls jouent Marimba, Nyunganyunga (Mbira &#8211; piano \u00e0 pouces,<br \/>\nSaxophones\/Tompette, Djemb\u00e9 &amp; Chant<br \/>\nr\u00e9alis\u00e9 par <a href=\"https:\/\/www.youtube.com\/channel\/UC6cqdxbhxT-ek0rKPpKsIpg\" target=\"_blank\" rel=\"noopener\"><strong>Nicholas Manomano<\/strong><\/a><\/p>\n<p>Le nom \u00ab Kutinya \u00bb est n\u00e9e de la Marimba sophistiqu\u00e9e et euphorique jeu art qui peuvent sauter de leurs si\u00e8ges du public!<\/p>\n<p><strong>Nicholas Manomano<\/strong>, le virtuose du marimba aux multiples talents est professeur pour le professeur de marimba. Il est n\u00e9 en 1976 \u00e0 Murehwa, un village agricole orient\u00e9 o\u00f9 il a re\u00e7u son enseignement primaire et secondaire. Sa carri\u00e8re d&rsquo;enseignant a commenc\u00e9 \u00e0 994 \u00e0 l&rsquo;\u00e9cole primaire dans Munamba. Depuis lors, il n&rsquo;a cess\u00e9 d&rsquo;augmenter sa r\u00e9putation en tant que joueur respect\u00e9 et professeur au Zimbabwe et en Europe. Son style musical est formatrice pour beaucoup Marimba <span lang=\"fr-FR\">groupes<\/span><span lang=\"fr-FR\">. Nicholas Manomano, le chanteur leader du groupe, a dans sa maison d\u00e9j\u00e0 de nombreux \u00e9tudiants en musique au sommet de l&rsquo;art du jeu Marimba. A Harare, il a organis\u00e9 <strong>un grand festival Marimba<\/strong>, o\u00f9 le joueur de marimba frapper <strong>200 \u00e0 l&rsquo;int\u00e9rieur<\/strong> de partager l&rsquo;art et la joie de cet instrument depuis 15 ans.<\/span><\/p>\n<p>Concerts avec les instruments:<br \/>\nMarimba (bois xylophone), mbira (piano \u00e0 pouces), Ngoma (tambour basse sud-africaine), Hosho (hochets de citrouille), Nyunganyunga \/ Karimba.<\/p>\n<p>La mise en place du <strong><a href=\"https:\/\/www.facebook.com\/KutinyaArts\/\" target=\"_blank\" rel=\"noopener noreferrer\">Centre de la Musique Marimba Kutinya<\/a><\/strong><br \/>\nL&rsquo;un des plus grands projets de Nicolas Manomano est le fondement du Kutinya Marimba Music Center en 1999, ainsi que les anciens joueurs de marimba du monast\u00e8re dominicain et l&rsquo;\u00e9cole Prince-\u00c9douard. Depuis lors, la demande continue de cro\u00eetre apr\u00e8s la classe, et les anciens \u00e9l\u00e8ves \u00e0 promouvoir au niveau international la diffusion des enseignements Marimba.<\/p>\n<p><strong><span lang=\"fr-FR\">A<\/span><\/strong><span lang=\"fr-FR\"><strong>teliers de Marimba<\/strong><br \/>\nNicholas Manomano tourn\u00e9e chaque \u00e9t\u00e9 avec des \u00e9tudiants \u00e0 l&rsquo;\u00e2ge de 15 ans par l&rsquo;Allemagne, la France et les Pays-Bas et organise des ateliers dans les \u00e9coles, les universit\u00e9s, les associations et toutes les autres parties int\u00e9ress\u00e9es.<\/span><\/p>\n<p>D&rsquo;autres fois, les musiciens viennent dans un quatuor.<\/p>\n<p><strong>Marimba<\/strong><br \/>\nest originaire d&rsquo;Afrique du Sud. Depuis le 16\u00e8me si\u00e8cle, il existe de nombreuses sources \u00e9crites et iconographiques pour xylophone en Afrique. La plus ancienne r\u00e9f\u00e9rence &#8211; un rapport du voyageur arabe Abu Abdullah Muhammad Ibn Battuta lors de sa visite dans le royaume du Mali &#8211; remonte \u00e0 1352, donc d&rsquo;une \u00e9poque bien avant la traite transatlantique des esclaves.<\/p>\n<p><strong><span lang=\"fr-FR\">M<\/span><\/strong><span lang=\"fr-FR\"><strong>bira<\/strong><br \/>\n(Aussi Kalimba, Sanza ou sanza appel\u00e9) est un instrument de musique, \u00e2g\u00e9 de 1000 ans pr\u00e8s de l&rsquo;Afrique australe. La d\u00e9signation europ\u00e9enne est lamellophone, bien que ce terme non seulement d\u00e9crit Mbiras. D\u00e9velopp\u00e9 \u00e0 l&rsquo;origine par le peuple du shona au Zimbabwe et au Mozambique et a jou\u00e9, il est maintenant consid\u00e9r\u00e9 comme un instrument national du Zimbabwe. Bien qu&rsquo;il soit largement r\u00e9pandue dans toute l&rsquo;Afrique australe, mais seulement au Zimbabwe est arriv\u00e9e \u00e0 \u00e9ch\u00e9ance<strong> le jeu mbira \u00e0 une approche de l&rsquo;art. aussi la gu\u00e9rison des pouvoirs des mbira sont attribu\u00e9s<\/strong>.<\/span><\/p>\n","protected":false},"excerpt":{"rendered":"<p>La musique Marimba et Mbira du Zimbabwe Line-Up: Nicholas Manomano &amp; 20 \u00e9tudiants en \u00e9t\u00e9 en Allemagne &amp; Quatuor du Zimbabwe avec: Badge Tapembera Zvikomborero Rwodzi Takudzwa Muronda Concerts et ateliers \u00c0 April 2025, ils en tourn\u00e9e de l&rsquo;Europe avec 7 \u00e9tudiants de KUTINYA ARTS AFRO JAZZ ORCHESTRE DES JEUNES &amp; festivals, universit\u00e9s \u00e9coles. Ils [&hellip;]<\/p>\n","protected":false},"author":8,"featured_media":0,"parent":3752,"menu_order":0,"comment_status":"closed","ping_status":"closed","template":"","meta":{"footnotes":""},"class_list":["post-1507","page","type-page","status-publish","hentry"],"yoast_head":"<!-- This site is optimized with the Yoast SEO plugin v27.3 - https:\/\/yoast.com\/product\/yoast-seo-wordpress\/ -->\n<title>KUTINYA - Ahoi Kultur<\/title>\n<meta name=\"robots\" content=\"index, follow, max-snippet:-1, max-image-preview:large, max-video-preview:-1\" \/>\n<link rel=\"canonical\" href=\"https:\/\/ahoi-kultur.de\/fr\/artistes-a-z\/kutinya\/\" \/>\n<meta property=\"og:locale\" content=\"fr_FR\" \/>\n<meta property=\"og:type\" content=\"article\" \/>\n<meta property=\"og:title\" content=\"KUTINYA - Ahoi Kultur\" \/>\n<meta property=\"og:description\" content=\"La musique Marimba et Mbira du Zimbabwe Line-Up: Nicholas Manomano &amp; 20 \u00e9tudiants en \u00e9t\u00e9 en Allemagne &amp; Quatuor du Zimbabwe avec: Badge Tapembera Zvikomborero Rwodzi Takudzwa Muronda Concerts et ateliers \u00c0 April 2025, ils en tourn\u00e9e de l&rsquo;Europe avec 7 \u00e9tudiants de KUTINYA ARTS AFRO JAZZ ORCHESTRE DES JEUNES &amp; festivals, universit\u00e9s \u00e9coles. Ils [&hellip;]\" \/>\n<meta property=\"og:url\" content=\"https:\/\/ahoi-kultur.de\/fr\/artistes-a-z\/kutinya\/\" \/>\n<meta property=\"og:site_name\" content=\"Ahoi Kultur\" \/>\n<meta property=\"article:modified_time\" content=\"2025-10-09T14:04:08+00:00\" \/>\n<meta name=\"twitter:label1\" content=\"Dur\u00e9e de lecture estim\u00e9e\" \/>\n\t<meta name=\"twitter:data1\" content=\"3 minutes\" \/>\n<script type=\"application\/ld+json\" class=\"yoast-schema-graph\">{\"@context\":\"https:\\\/\\\/schema.org\",\"@graph\":[{\"@type\":\"WebPage\",\"@id\":\"https:\\\/\\\/ahoi-kultur.de\\\/fr\\\/artistes-a-z\\\/kutinya\\\/\",\"url\":\"https:\\\/\\\/ahoi-kultur.de\\\/fr\\\/artistes-a-z\\\/kutinya\\\/\",\"name\":\"KUTINYA - Ahoi Kultur\",\"isPartOf\":{\"@id\":\"https:\\\/\\\/ahoi-kultur.de\\\/fr\\\/#website\"},\"datePublished\":\"2015-01-16T16:45:20+00:00\",\"dateModified\":\"2025-10-09T14:04:08+00:00\",\"breadcrumb\":{\"@id\":\"https:\\\/\\\/ahoi-kultur.de\\\/fr\\\/artistes-a-z\\\/kutinya\\\/#breadcrumb\"},\"inLanguage\":\"fr-FR\",\"potentialAction\":[{\"@type\":\"ReadAction\",\"target\":[\"https:\\\/\\\/ahoi-kultur.de\\\/fr\\\/artistes-a-z\\\/kutinya\\\/\"]}]},{\"@type\":\"BreadcrumbList\",\"@id\":\"https:\\\/\\\/ahoi-kultur.de\\\/fr\\\/artistes-a-z\\\/kutinya\\\/#breadcrumb\",\"itemListElement\":[{\"@type\":\"ListItem\",\"position\":1,\"name\":\"Home\",\"item\":\"https:\\\/\\\/ahoi-kultur.de\\\/fr\\\/\"},{\"@type\":\"ListItem\",\"position\":2,\"name\":\"Artistes A \u2013 Z\",\"item\":\"https:\\\/\\\/ahoi-kultur.de\\\/fr\\\/artistes-a-z\\\/\"},{\"@type\":\"ListItem\",\"position\":3,\"name\":\"KUTINYA\"}]},{\"@type\":\"WebSite\",\"@id\":\"https:\\\/\\\/ahoi-kultur.de\\\/fr\\\/#website\",\"url\":\"https:\\\/\\\/ahoi-kultur.de\\\/fr\\\/\",\"name\":\"Ahoi Kultur\",\"description\":\"Artist and Events\",\"publisher\":{\"@id\":\"https:\\\/\\\/ahoi-kultur.de\\\/fr\\\/#organization\"},\"potentialAction\":[{\"@type\":\"SearchAction\",\"target\":{\"@type\":\"EntryPoint\",\"urlTemplate\":\"https:\\\/\\\/ahoi-kultur.de\\\/fr\\\/?s={search_term_string}\"},\"query-input\":{\"@type\":\"PropertyValueSpecification\",\"valueRequired\":true,\"valueName\":\"search_term_string\"}}],\"inLanguage\":\"fr-FR\"},{\"@type\":\"Organization\",\"@id\":\"https:\\\/\\\/ahoi-kultur.de\\\/fr\\\/#organization\",\"name\":\"Ahoi Kultur\",\"url\":\"https:\\\/\\\/ahoi-kultur.de\\\/fr\\\/\",\"logo\":{\"@type\":\"ImageObject\",\"inLanguage\":\"fr-FR\",\"@id\":\"https:\\\/\\\/ahoi-kultur.de\\\/fr\\\/#\\\/schema\\\/logo\\\/image\\\/\",\"url\":\"https:\\\/\\\/ahoi-kultur.de\\\/wp-content\\\/uploads\\\/2013\\\/10\\\/ahoi-kultur-logo.gif\",\"contentUrl\":\"https:\\\/\\\/ahoi-kultur.de\\\/wp-content\\\/uploads\\\/2013\\\/10\\\/ahoi-kultur-logo.gif\",\"width\":454,\"height\":388,\"caption\":\"Ahoi Kultur\"},\"image\":{\"@id\":\"https:\\\/\\\/ahoi-kultur.de\\\/fr\\\/#\\\/schema\\\/logo\\\/image\\\/\"}}]}<\/script>\n<!-- \/ Yoast SEO plugin. -->","yoast_head_json":{"title":"KUTINYA - Ahoi Kultur","robots":{"index":"index","follow":"follow","max-snippet":"max-snippet:-1","max-image-preview":"max-image-preview:large","max-video-preview":"max-video-preview:-1"},"canonical":"https:\/\/ahoi-kultur.de\/fr\/artistes-a-z\/kutinya\/","og_locale":"fr_FR","og_type":"article","og_title":"KUTINYA - Ahoi Kultur","og_description":"La musique Marimba et Mbira du Zimbabwe Line-Up: Nicholas Manomano &amp; 20 \u00e9tudiants en \u00e9t\u00e9 en Allemagne &amp; Quatuor du Zimbabwe avec: Badge Tapembera Zvikomborero Rwodzi Takudzwa Muronda Concerts et ateliers \u00c0 April 2025, ils en tourn\u00e9e de l&rsquo;Europe avec 7 \u00e9tudiants de KUTINYA ARTS AFRO JAZZ ORCHESTRE DES JEUNES &amp; festivals, universit\u00e9s \u00e9coles. Ils [&hellip;]","og_url":"https:\/\/ahoi-kultur.de\/fr\/artistes-a-z\/kutinya\/","og_site_name":"Ahoi Kultur","article_modified_time":"2025-10-09T14:04:08+00:00","twitter_misc":{"Dur\u00e9e de lecture estim\u00e9e":"3 minutes"},"schema":{"@context":"https:\/\/schema.org","@graph":[{"@type":"WebPage","@id":"https:\/\/ahoi-kultur.de\/fr\/artistes-a-z\/kutinya\/","url":"https:\/\/ahoi-kultur.de\/fr\/artistes-a-z\/kutinya\/","name":"KUTINYA - Ahoi Kultur","isPartOf":{"@id":"https:\/\/ahoi-kultur.de\/fr\/#website"},"datePublished":"2015-01-16T16:45:20+00:00","dateModified":"2025-10-09T14:04:08+00:00","breadcrumb":{"@id":"https:\/\/ahoi-kultur.de\/fr\/artistes-a-z\/kutinya\/#breadcrumb"},"inLanguage":"fr-FR","potentialAction":[{"@type":"ReadAction","target":["https:\/\/ahoi-kultur.de\/fr\/artistes-a-z\/kutinya\/"]}]},{"@type":"BreadcrumbList","@id":"https:\/\/ahoi-kultur.de\/fr\/artistes-a-z\/kutinya\/#breadcrumb","itemListElement":[{"@type":"ListItem","position":1,"name":"Home","item":"https:\/\/ahoi-kultur.de\/fr\/"},{"@type":"ListItem","position":2,"name":"Artistes A \u2013 Z","item":"https:\/\/ahoi-kultur.de\/fr\/artistes-a-z\/"},{"@type":"ListItem","position":3,"name":"KUTINYA"}]},{"@type":"WebSite","@id":"https:\/\/ahoi-kultur.de\/fr\/#website","url":"https:\/\/ahoi-kultur.de\/fr\/","name":"Ahoi Kultur","description":"Artist and Events","publisher":{"@id":"https:\/\/ahoi-kultur.de\/fr\/#organization"},"potentialAction":[{"@type":"SearchAction","target":{"@type":"EntryPoint","urlTemplate":"https:\/\/ahoi-kultur.de\/fr\/?s={search_term_string}"},"query-input":{"@type":"PropertyValueSpecification","valueRequired":true,"valueName":"search_term_string"}}],"inLanguage":"fr-FR"},{"@type":"Organization","@id":"https:\/\/ahoi-kultur.de\/fr\/#organization","name":"Ahoi Kultur","url":"https:\/\/ahoi-kultur.de\/fr\/","logo":{"@type":"ImageObject","inLanguage":"fr-FR","@id":"https:\/\/ahoi-kultur.de\/fr\/#\/schema\/logo\/image\/","url":"https:\/\/ahoi-kultur.de\/wp-content\/uploads\/2013\/10\/ahoi-kultur-logo.gif","contentUrl":"https:\/\/ahoi-kultur.de\/wp-content\/uploads\/2013\/10\/ahoi-kultur-logo.gif","width":454,"height":388,"caption":"Ahoi Kultur"},"image":{"@id":"https:\/\/ahoi-kultur.de\/fr\/#\/schema\/logo\/image\/"}}]}},"_links":{"self":[{"href":"https:\/\/ahoi-kultur.de\/fr\/wp-json\/wp\/v2\/pages\/1507","targetHints":{"allow":["GET"]}}],"collection":[{"href":"https:\/\/ahoi-kultur.de\/fr\/wp-json\/wp\/v2\/pages"}],"about":[{"href":"https:\/\/ahoi-kultur.de\/fr\/wp-json\/wp\/v2\/types\/page"}],"author":[{"embeddable":true,"href":"https:\/\/ahoi-kultur.de\/fr\/wp-json\/wp\/v2\/users\/8"}],"replies":[{"embeddable":true,"href":"https:\/\/ahoi-kultur.de\/fr\/wp-json\/wp\/v2\/comments?post=1507"}],"version-history":[{"count":26,"href":"https:\/\/ahoi-kultur.de\/fr\/wp-json\/wp\/v2\/pages\/1507\/revisions"}],"predecessor-version":[{"id":10441,"href":"https:\/\/ahoi-kultur.de\/fr\/wp-json\/wp\/v2\/pages\/1507\/revisions\/10441"}],"up":[{"embeddable":true,"href":"https:\/\/ahoi-kultur.de\/fr\/wp-json\/wp\/v2\/pages\/3752"}],"wp:attachment":[{"href":"https:\/\/ahoi-kultur.de\/fr\/wp-json\/wp\/v2\/media?parent=1507"}],"curies":[{"name":"wp","href":"https:\/\/api.w.org\/{rel}","templated":true}]}}