{"id":159,"date":"2013-10-01T13:04:26","date_gmt":"2013-10-01T11:04:26","guid":{"rendered":"https:\/\/ahoi-kultur.de\/?page_id=159"},"modified":"2025-10-10T08:30:14","modified_gmt":"2025-10-10T06:30:14","slug":"concernant-ahoi","status":"publish","type":"page","link":"https:\/\/ahoi-kultur.de\/fr\/","title":{"rendered":"Concernant AHOI"},"content":{"rendered":"<p><b><span style=\"color: #0000ff;\"><span style=\"color: #ff0000;\">\u2665<\/span>\u00a0 Depuis 1972\u00a0 M \u00e9 d i a t i o n\u00a0 C u l t u r e l l e\u00a0\u00a0 de <a href=\"https:\/\/de.wikipedia.org\/wiki\/Mahide_Lein\" target=\"_blank\" rel=\"noopener\">Mahide Lein<\/a> <span style=\"color: #ff0000;\">\u2665<\/span><\/span><\/b><\/p>\n<p>AHOI\u00a0 courtage d\u2019artistes<br \/>\nparticipe \u00e0 l\u2019ouverture de Berlin sur le monde: nous sommes le lien pour plus de 400 artistes du monde entier \u2013 de toutes formes artistiques, culturelles, de tous \u00e2ges et styles de vie qu\u2019il y a sur cette plan\u00e8te.<br \/>\n<span style=\"line-height: 1.714285714; font-size: 1rem;\">Concerts, DJs, th\u00e9\u00e2tre, danse, Arts plastiques, litt\u00e9rature stimulent tous les sens et sauvegardent la joie de vivre.<\/span><\/p>\n<p><b>AHOI\u00a0 produit<br \/>\n<\/b>Festivals, Concerts, Cultur-Salons, avec des Vedettes ou des artistes moins connus\u2013 un pont entre le public &amp; la sc\u00e8ne et entre l\u2019Art, la Culture, des Th\u00e8mes os\u00e9s, un Engagement social.<\/p>\n<p><b>AHOI\u00a0 management d\u2019\u00e9v\u00e8nements<br \/>\n<\/b>offre tout le savoir faire de l\u2019organisateur\/trice pour le concept, la logistique, le personnel, la restauration, les relations publiques, la d\u00e9coration int\u00e9rieure, la technique.<br \/>\nNous proposons des pistes de r\u00e9flexion pour vos id\u00e9es, r\u00e9alisons vos souhaits \u2013 nous laissons vos r\u00eaves devenir r\u00e9alit\u00e9.<br \/>\n<b><\/b><\/p>\n<p><a href=\"http:\/\/www.ahoi-tunes.de\" target=\"_blank\" rel=\"noopener noreferrer\"><strong>AHOI tunes<\/strong><\/a><br \/>\nCD avec <a href=\"https:\/\/ahoi-kultur.de\/fr\/artistes-a-z\/sun-blues\/\"><strong>SUN BLUES &amp; Hassan Elmalik<\/strong><\/a> \u00ab\u00a0Peacefully\u00a0\u00bb 2024<br \/>\nCD avec <a href=\"https:\/\/ahoi-kultur.de\/fr\/artistes-a-z\/lanaya\/\"><strong>LANAYA<\/strong><\/a> \u00ab\u00a0Bobo-Dioulasso\u00a0\u00bb 2017<br \/>\nCD avec <a href=\"https:\/\/ahoi-kultur.de\/fr\/artistes-a-z\/joaquin-la-habana\/\"><strong>JOAQU\u00cdN LA HABANA<\/strong><\/a> \u00ab\u00a0My Own Free Way\u00a0\u00bb 2015<br \/>\nCD avec <a href=\"http:\/\/afroberlinhighorchestra.de\/\" target=\"_blank\" rel=\"noopener\"><strong>AFROBERLIN HIGH ORCHESTRA<\/strong><\/a> \u00ab\u00a0Descarga M\u00e1gica\u00a0\u00bb 2014<\/p>\n<p><a href=\"https:\/\/www.berlin-music-commission.de\/news-detail.html?newsid=756\" target=\"_blank\" rel=\"noopener noreferrer\"><strong>Berlin Music Ambassador 2020 Tel Aviv<\/strong><\/a><\/p>\n<table style=\"border-collapse: collapse; width: 100%;\">\n<tbody>\n<tr>\n<td style=\"width: 33.3333%;\"><a href=\"http:\/\/www.berlin-music-commission.de\" target=\"_blank\" rel=\"noopener noreferrer\"><img decoding=\"async\" class=\"wp-image-4243 aligncenter\" src=\"https:\/\/ahoi-kultur.de\/wp-content\/uploads\/2020\/08\/member_of_bmc_black_small-300x129.png\" alt=\"\" width=\"275\" height=\"118\" srcset=\"https:\/\/ahoi-kultur.de\/wp-content\/uploads\/2020\/08\/member_of_bmc_black_small-300x129.png 300w, https:\/\/ahoi-kultur.de\/wp-content\/uploads\/2020\/08\/member_of_bmc_black_small.png 350w\" sizes=\"(max-width: 275px) 100vw, 275px\" \/><\/a><\/td>\n<td style=\"width: 33.3333%;\"><a href=\"https:\/\/KuenstlerHilfeJetzt.org\" target=\"_blank\" rel=\"noopener noreferrer\"><img decoding=\"async\" class=\"wp-image-4416 aligncenter\" src=\"https:\/\/ahoi-kultur.de\/wp-content\/uploads\/2020\/11\/KuenstlerHilfeJetzt-logo-300x300.png\" alt=\"\" width=\"119\" height=\"119\" srcset=\"https:\/\/ahoi-kultur.de\/wp-content\/uploads\/2020\/11\/KuenstlerHilfeJetzt-logo-300x300.png 300w, https:\/\/ahoi-kultur.de\/wp-content\/uploads\/2020\/11\/KuenstlerHilfeJetzt-logo-150x150.png 150w, https:\/\/ahoi-kultur.de\/wp-content\/uploads\/2020\/11\/KuenstlerHilfeJetzt-logo-624x624.png 624w, https:\/\/ahoi-kultur.de\/wp-content\/uploads\/2020\/11\/KuenstlerHilfeJetzt-logo.png 864w\" sizes=\"(max-width: 119px) 100vw, 119px\" \/><\/a><\/td>\n<td style=\"width: 33.3333%;\"><a href=\"https:\/\/www.profolk.de\/\" target=\"_blank\" rel=\"noopener\"><img decoding=\"async\" class=\"wp-image-5910 size-full aligncenter\" src=\"https:\/\/ahoi-kultur.de\/wp-content\/uploads\/2023\/01\/2014_PROLFOLK_Berlin_web.jpg\" alt=\"\" width=\"276\" height=\"94\" \/><\/a><\/td>\n<\/tr>\n<\/tbody>\n<\/table>\n<p>&nbsp;<\/p>\n","protected":false},"excerpt":{"rendered":"<p>\u2665\u00a0 Depuis 1972\u00a0 M \u00e9 d i a t i o n\u00a0 C u l t u r e l l e\u00a0\u00a0 de Mahide Lein \u2665 AHOI\u00a0 courtage d\u2019artistes participe \u00e0 l\u2019ouverture de Berlin sur le monde: nous sommes le lien pour plus de 400 artistes du monde entier \u2013 de toutes formes artistiques, culturelles, [&hellip;]<\/p>\n","protected":false},"author":8,"featured_media":0,"parent":0,"menu_order":0,"comment_status":"closed","ping_status":"closed","template":"","meta":{"footnotes":""},"class_list":["post-159","page","type-page","status-publish","hentry"],"yoast_head":"<!-- This site is optimized with the Yoast SEO plugin v27.4 - https:\/\/yoast.com\/product\/yoast-seo-wordpress\/ -->\n<title>Concernant AHOI - Ahoi Kultur<\/title>\n<meta name=\"robots\" content=\"index, follow, max-snippet:-1, max-image-preview:large, max-video-preview:-1\" \/>\n<link rel=\"canonical\" href=\"https:\/\/ahoi-kultur.de\/fr\/\" \/>\n<meta property=\"og:locale\" content=\"fr_FR\" \/>\n<meta property=\"og:type\" content=\"article\" \/>\n<meta property=\"og:title\" content=\"Concernant AHOI - Ahoi Kultur\" \/>\n<meta property=\"og:description\" content=\"\u2665\u00a0 Depuis 1972\u00a0 M \u00e9 d i a t i o n\u00a0 C u l t u r e l l e\u00a0\u00a0 de Mahide Lein \u2665 AHOI\u00a0 courtage d\u2019artistes participe \u00e0 l\u2019ouverture de Berlin sur le monde: nous sommes le lien pour plus de 400 artistes du monde entier \u2013 de toutes formes artistiques, culturelles, [&hellip;]\" \/>\n<meta property=\"og:url\" content=\"https:\/\/ahoi-kultur.de\/fr\/\" \/>\n<meta property=\"og:site_name\" content=\"Ahoi Kultur\" \/>\n<meta property=\"article:modified_time\" content=\"2025-10-10T06:30:14+00:00\" \/>\n<meta property=\"og:image\" content=\"https:\/\/ahoi-kultur.de\/wp-content\/uploads\/2020\/08\/member_of_bmc_black_small.png\" \/>\n\t<meta property=\"og:image:width\" content=\"350\" \/>\n\t<meta property=\"og:image:height\" content=\"150\" \/>\n\t<meta property=\"og:image:type\" content=\"image\/png\" \/>\n<meta name=\"twitter:label1\" content=\"Dur\u00e9e de lecture estim\u00e9e\" \/>\n\t<meta name=\"twitter:data1\" content=\"2 minutes\" \/>\n<script type=\"application\/ld+json\" class=\"yoast-schema-graph\">{\"@context\":\"https:\\\/\\\/schema.org\",\"@graph\":[{\"@type\":\"WebPage\",\"@id\":\"https:\\\/\\\/ahoi-kultur.de\\\/fr\\\/\",\"url\":\"https:\\\/\\\/ahoi-kultur.de\\\/fr\\\/\",\"name\":\"Concernant AHOI - Ahoi Kultur\",\"isPartOf\":{\"@id\":\"https:\\\/\\\/ahoi-kultur.de\\\/fr\\\/#website\"},\"primaryImageOfPage\":{\"@id\":\"https:\\\/\\\/ahoi-kultur.de\\\/fr\\\/#primaryimage\"},\"image\":{\"@id\":\"https:\\\/\\\/ahoi-kultur.de\\\/fr\\\/#primaryimage\"},\"thumbnailUrl\":\"https:\\\/\\\/ahoi-kultur.de\\\/wp-content\\\/uploads\\\/2020\\\/08\\\/member_of_bmc_black_small-300x129.png\",\"datePublished\":\"2013-10-01T11:04:26+00:00\",\"dateModified\":\"2025-10-10T06:30:14+00:00\",\"breadcrumb\":{\"@id\":\"https:\\\/\\\/ahoi-kultur.de\\\/fr\\\/#breadcrumb\"},\"inLanguage\":\"fr-FR\",\"potentialAction\":[{\"@type\":\"ReadAction\",\"target\":[\"https:\\\/\\\/ahoi-kultur.de\\\/fr\\\/\"]}]},{\"@type\":\"ImageObject\",\"inLanguage\":\"fr-FR\",\"@id\":\"https:\\\/\\\/ahoi-kultur.de\\\/fr\\\/#primaryimage\",\"url\":\"https:\\\/\\\/ahoi-kultur.de\\\/wp-content\\\/uploads\\\/2020\\\/08\\\/member_of_bmc_black_small-300x129.png\",\"contentUrl\":\"https:\\\/\\\/ahoi-kultur.de\\\/wp-content\\\/uploads\\\/2020\\\/08\\\/member_of_bmc_black_small-300x129.png\"},{\"@type\":\"BreadcrumbList\",\"@id\":\"https:\\\/\\\/ahoi-kultur.de\\\/fr\\\/#breadcrumb\",\"itemListElement\":[{\"@type\":\"ListItem\",\"position\":1,\"name\":\"Home\",\"item\":\"https:\\\/\\\/ahoi-kultur.de\\\/fr\\\/\"},{\"@type\":\"ListItem\",\"position\":2,\"name\":\"Concernant AHOI\"}]},{\"@type\":\"WebSite\",\"@id\":\"https:\\\/\\\/ahoi-kultur.de\\\/fr\\\/#website\",\"url\":\"https:\\\/\\\/ahoi-kultur.de\\\/fr\\\/\",\"name\":\"Ahoi Kultur\",\"description\":\"Artist and Events\",\"publisher\":{\"@id\":\"https:\\\/\\\/ahoi-kultur.de\\\/fr\\\/#organization\"},\"potentialAction\":[{\"@type\":\"SearchAction\",\"target\":{\"@type\":\"EntryPoint\",\"urlTemplate\":\"https:\\\/\\\/ahoi-kultur.de\\\/fr\\\/?s={search_term_string}\"},\"query-input\":{\"@type\":\"PropertyValueSpecification\",\"valueRequired\":true,\"valueName\":\"search_term_string\"}}],\"inLanguage\":\"fr-FR\"},{\"@type\":\"Organization\",\"@id\":\"https:\\\/\\\/ahoi-kultur.de\\\/fr\\\/#organization\",\"name\":\"Ahoi Kultur\",\"url\":\"https:\\\/\\\/ahoi-kultur.de\\\/fr\\\/\",\"logo\":{\"@type\":\"ImageObject\",\"inLanguage\":\"fr-FR\",\"@id\":\"https:\\\/\\\/ahoi-kultur.de\\\/fr\\\/#\\\/schema\\\/logo\\\/image\\\/\",\"url\":\"https:\\\/\\\/ahoi-kultur.de\\\/wp-content\\\/uploads\\\/2013\\\/10\\\/ahoi-kultur-logo.gif\",\"contentUrl\":\"https:\\\/\\\/ahoi-kultur.de\\\/wp-content\\\/uploads\\\/2013\\\/10\\\/ahoi-kultur-logo.gif\",\"width\":454,\"height\":388,\"caption\":\"Ahoi Kultur\"},\"image\":{\"@id\":\"https:\\\/\\\/ahoi-kultur.de\\\/fr\\\/#\\\/schema\\\/logo\\\/image\\\/\"}}]}<\/script>\n<!-- \/ Yoast SEO plugin. -->","yoast_head_json":{"title":"Concernant AHOI - Ahoi Kultur","robots":{"index":"index","follow":"follow","max-snippet":"max-snippet:-1","max-image-preview":"max-image-preview:large","max-video-preview":"max-video-preview:-1"},"canonical":"https:\/\/ahoi-kultur.de\/fr\/","og_locale":"fr_FR","og_type":"article","og_title":"Concernant AHOI - Ahoi Kultur","og_description":"\u2665\u00a0 Depuis 1972\u00a0 M \u00e9 d i a t i o n\u00a0 C u l t u r e l l e\u00a0\u00a0 de Mahide Lein \u2665 AHOI\u00a0 courtage d\u2019artistes participe \u00e0 l\u2019ouverture de Berlin sur le monde: nous sommes le lien pour plus de 400 artistes du monde entier \u2013 de toutes formes artistiques, culturelles, [&hellip;]","og_url":"https:\/\/ahoi-kultur.de\/fr\/","og_site_name":"Ahoi Kultur","article_modified_time":"2025-10-10T06:30:14+00:00","og_image":[{"width":350,"height":150,"url":"https:\/\/ahoi-kultur.de\/wp-content\/uploads\/2020\/08\/member_of_bmc_black_small.png","type":"image\/png"}],"twitter_misc":{"Dur\u00e9e de lecture estim\u00e9e":"2 minutes"},"schema":{"@context":"https:\/\/schema.org","@graph":[{"@type":"WebPage","@id":"https:\/\/ahoi-kultur.de\/fr\/","url":"https:\/\/ahoi-kultur.de\/fr\/","name":"Concernant AHOI - Ahoi Kultur","isPartOf":{"@id":"https:\/\/ahoi-kultur.de\/fr\/#website"},"primaryImageOfPage":{"@id":"https:\/\/ahoi-kultur.de\/fr\/#primaryimage"},"image":{"@id":"https:\/\/ahoi-kultur.de\/fr\/#primaryimage"},"thumbnailUrl":"https:\/\/ahoi-kultur.de\/wp-content\/uploads\/2020\/08\/member_of_bmc_black_small-300x129.png","datePublished":"2013-10-01T11:04:26+00:00","dateModified":"2025-10-10T06:30:14+00:00","breadcrumb":{"@id":"https:\/\/ahoi-kultur.de\/fr\/#breadcrumb"},"inLanguage":"fr-FR","potentialAction":[{"@type":"ReadAction","target":["https:\/\/ahoi-kultur.de\/fr\/"]}]},{"@type":"ImageObject","inLanguage":"fr-FR","@id":"https:\/\/ahoi-kultur.de\/fr\/#primaryimage","url":"https:\/\/ahoi-kultur.de\/wp-content\/uploads\/2020\/08\/member_of_bmc_black_small-300x129.png","contentUrl":"https:\/\/ahoi-kultur.de\/wp-content\/uploads\/2020\/08\/member_of_bmc_black_small-300x129.png"},{"@type":"BreadcrumbList","@id":"https:\/\/ahoi-kultur.de\/fr\/#breadcrumb","itemListElement":[{"@type":"ListItem","position":1,"name":"Home","item":"https:\/\/ahoi-kultur.de\/fr\/"},{"@type":"ListItem","position":2,"name":"Concernant AHOI"}]},{"@type":"WebSite","@id":"https:\/\/ahoi-kultur.de\/fr\/#website","url":"https:\/\/ahoi-kultur.de\/fr\/","name":"Ahoi Kultur","description":"Artist and Events","publisher":{"@id":"https:\/\/ahoi-kultur.de\/fr\/#organization"},"potentialAction":[{"@type":"SearchAction","target":{"@type":"EntryPoint","urlTemplate":"https:\/\/ahoi-kultur.de\/fr\/?s={search_term_string}"},"query-input":{"@type":"PropertyValueSpecification","valueRequired":true,"valueName":"search_term_string"}}],"inLanguage":"fr-FR"},{"@type":"Organization","@id":"https:\/\/ahoi-kultur.de\/fr\/#organization","name":"Ahoi Kultur","url":"https:\/\/ahoi-kultur.de\/fr\/","logo":{"@type":"ImageObject","inLanguage":"fr-FR","@id":"https:\/\/ahoi-kultur.de\/fr\/#\/schema\/logo\/image\/","url":"https:\/\/ahoi-kultur.de\/wp-content\/uploads\/2013\/10\/ahoi-kultur-logo.gif","contentUrl":"https:\/\/ahoi-kultur.de\/wp-content\/uploads\/2013\/10\/ahoi-kultur-logo.gif","width":454,"height":388,"caption":"Ahoi Kultur"},"image":{"@id":"https:\/\/ahoi-kultur.de\/fr\/#\/schema\/logo\/image\/"}}]}},"_links":{"self":[{"href":"https:\/\/ahoi-kultur.de\/fr\/wp-json\/wp\/v2\/pages\/159","targetHints":{"allow":["GET"]}}],"collection":[{"href":"https:\/\/ahoi-kultur.de\/fr\/wp-json\/wp\/v2\/pages"}],"about":[{"href":"https:\/\/ahoi-kultur.de\/fr\/wp-json\/wp\/v2\/types\/page"}],"author":[{"embeddable":true,"href":"https:\/\/ahoi-kultur.de\/fr\/wp-json\/wp\/v2\/users\/8"}],"replies":[{"embeddable":true,"href":"https:\/\/ahoi-kultur.de\/fr\/wp-json\/wp\/v2\/comments?post=159"}],"version-history":[{"count":20,"href":"https:\/\/ahoi-kultur.de\/fr\/wp-json\/wp\/v2\/pages\/159\/revisions"}],"predecessor-version":[{"id":10491,"href":"https:\/\/ahoi-kultur.de\/fr\/wp-json\/wp\/v2\/pages\/159\/revisions\/10491"}],"wp:attachment":[{"href":"https:\/\/ahoi-kultur.de\/fr\/wp-json\/wp\/v2\/media?parent=159"}],"curies":[{"name":"wp","href":"https:\/\/api.w.org\/{rel}","templated":true}]}}