{"id":194,"date":"2013-10-01T13:35:48","date_gmt":"2013-10-01T11:35:48","guid":{"rendered":"https:\/\/ahoi-kultur.de\/?page_id=194"},"modified":"2025-10-09T17:48:22","modified_gmt":"2025-10-09T15:48:22","slug":"chiha","status":"publish","type":"page","link":"https:\/\/ahoi-kultur.de\/fr\/artistes-a-z\/chiha\/","title":{"rendered":"CHIHA"},"content":{"rendered":"<div id=\"metaslider-id-762\" style=\"max-width: 420px;\" class=\"ml-slider-3-107-0 metaslider metaslider-flex metaslider-762 ml-slider has-onhover-arrows ms-theme-default nav-hidden\" role=\"region\" aria-label=\"Chiha\" data-height=\"420\" data-width=\"420\">\n    <div id=\"metaslider_container_762\">\n        <div id=\"metaslider_762\" class=\"flexslider\">\n            <ul class='slides'>\n                <li style=\"display: block; width: 100%;\" class=\"slide-764 ms-image \" aria-roledescription=\"slide\" data-date=\"2013-10-09 22:53:22\" data-filename=\"chiha_02.jpg\" data-slide-type=\"image\"><img decoding=\"async\" width=\"420\" height=\"420\" src=\"https:\/\/ahoi-kultur.de\/wp-content\/uploads\/2013\/10\/chiha_02.jpg\" class=\"slider-762 slide-764 msDefaultImage\" alt=\"\" rel=\"\" title=\"\" srcset=\"https:\/\/ahoi-kultur.de\/wp-content\/uploads\/2013\/10\/chiha_02.jpg 420w, https:\/\/ahoi-kultur.de\/wp-content\/uploads\/2013\/10\/chiha_02-150x150.jpg 150w, https:\/\/ahoi-kultur.de\/wp-content\/uploads\/2013\/10\/chiha_02-300x300.jpg 300w\" sizes=\"(max-width: 420px) 100vw, 420px\" \/><\/li>\n                <li style=\"display: none; width: 100%;\" class=\"slide-768 ms-image \" aria-roledescription=\"slide\" data-date=\"2013-10-09 22:53:29\" data-filename=\"chiha_06.jpg\" data-slide-type=\"image\"><img decoding=\"async\" width=\"420\" height=\"420\" src=\"https:\/\/ahoi-kultur.de\/wp-content\/uploads\/2013\/10\/chiha_06.jpg\" class=\"slider-762 slide-768 msDefaultImage\" alt=\"\" rel=\"\" title=\"\" srcset=\"https:\/\/ahoi-kultur.de\/wp-content\/uploads\/2013\/10\/chiha_06.jpg 420w, https:\/\/ahoi-kultur.de\/wp-content\/uploads\/2013\/10\/chiha_06-150x150.jpg 150w, https:\/\/ahoi-kultur.de\/wp-content\/uploads\/2013\/10\/chiha_06-300x300.jpg 300w\" sizes=\"(max-width: 420px) 100vw, 420px\" \/><\/li>\n                <li style=\"display: none; width: 100%;\" class=\"slide-770 ms-image \" aria-roledescription=\"slide\" data-date=\"2013-10-09 22:53:33\" data-filename=\"chiha_08.jpg\" data-slide-type=\"image\"><img decoding=\"async\" width=\"420\" height=\"420\" src=\"https:\/\/ahoi-kultur.de\/wp-content\/uploads\/2013\/10\/chiha_08.jpg\" class=\"slider-762 slide-770 msDefaultImage\" alt=\"\" rel=\"\" title=\"\" srcset=\"https:\/\/ahoi-kultur.de\/wp-content\/uploads\/2013\/10\/chiha_08.jpg 420w, https:\/\/ahoi-kultur.de\/wp-content\/uploads\/2013\/10\/chiha_08-150x150.jpg 150w, https:\/\/ahoi-kultur.de\/wp-content\/uploads\/2013\/10\/chiha_08-300x300.jpg 300w\" sizes=\"(max-width: 420px) 100vw, 420px\" \/><\/li>\n                <li style=\"display: none; width: 100%;\" class=\"slide-771 ms-image \" aria-roledescription=\"slide\" data-date=\"2013-10-09 22:53:34\" data-filename=\"chiha_09.jpg\" data-slide-type=\"image\"><img decoding=\"async\" width=\"420\" height=\"420\" src=\"https:\/\/ahoi-kultur.de\/wp-content\/uploads\/2013\/10\/chiha_09.jpg\" class=\"slider-762 slide-771 msDefaultImage\" alt=\"\" rel=\"\" title=\"\" srcset=\"https:\/\/ahoi-kultur.de\/wp-content\/uploads\/2013\/10\/chiha_09.jpg 420w, https:\/\/ahoi-kultur.de\/wp-content\/uploads\/2013\/10\/chiha_09-150x150.jpg 150w, https:\/\/ahoi-kultur.de\/wp-content\/uploads\/2013\/10\/chiha_09-300x300.jpg 300w\" sizes=\"(max-width: 420px) 100vw, 420px\" \/><\/li>\n                <li style=\"display: none; width: 100%;\" class=\"slide-766 ms-image \" aria-roledescription=\"slide\" data-date=\"2013-10-09 22:53:26\" data-filename=\"chiha_04.jpg\" data-slide-type=\"image\"><img decoding=\"async\" width=\"420\" height=\"420\" src=\"https:\/\/ahoi-kultur.de\/wp-content\/uploads\/2013\/10\/chiha_04.jpg\" class=\"slider-762 slide-766 msDefaultImage\" alt=\"\" rel=\"\" title=\"\" srcset=\"https:\/\/ahoi-kultur.de\/wp-content\/uploads\/2013\/10\/chiha_04.jpg 420w, https:\/\/ahoi-kultur.de\/wp-content\/uploads\/2013\/10\/chiha_04-150x150.jpg 150w, https:\/\/ahoi-kultur.de\/wp-content\/uploads\/2013\/10\/chiha_04-300x300.jpg 300w\" sizes=\"(max-width: 420px) 100vw, 420px\" \/><\/li>\n                <li style=\"display: none; width: 100%;\" class=\"slide-769 ms-image \" aria-roledescription=\"slide\" data-date=\"2013-10-09 22:53:30\" data-filename=\"chiha_07.jpg\" data-slide-type=\"image\"><a href=\"http:\/\/www.chiha.de\" target=\"_self\" aria-label=\"Voir les d\u00e9tails de la diapositive\" class=\"metaslider_image_link\"><img decoding=\"async\" width=\"420\" height=\"420\" src=\"https:\/\/ahoi-kultur.de\/wp-content\/uploads\/2013\/10\/chiha_07.jpg\" class=\"slider-762 slide-769 msDefaultImage\" alt=\"\" rel=\"\" title=\"\" srcset=\"https:\/\/ahoi-kultur.de\/wp-content\/uploads\/2013\/10\/chiha_07.jpg 420w, https:\/\/ahoi-kultur.de\/wp-content\/uploads\/2013\/10\/chiha_07-150x150.jpg 150w, https:\/\/ahoi-kultur.de\/wp-content\/uploads\/2013\/10\/chiha_07-300x300.jpg 300w\" sizes=\"(max-width: 420px) 100vw, 420px\" \/><\/a><\/li>\n                <li style=\"display: none; width: 100%;\" class=\"slide-772 ms-image \" aria-roledescription=\"slide\" data-date=\"2013-10-09 22:53:36\" data-filename=\"chiha_10.jpg\" data-slide-type=\"image\"><a href=\"http:\/\/www.chiha.de\" target=\"_self\" aria-label=\"Voir les d\u00e9tails de la diapositive\" class=\"metaslider_image_link\"><img decoding=\"async\" width=\"420\" height=\"420\" src=\"https:\/\/ahoi-kultur.de\/wp-content\/uploads\/2013\/10\/chiha_10.jpg\" class=\"slider-762 slide-772 msDefaultImage\" alt=\"\" rel=\"\" title=\"\" srcset=\"https:\/\/ahoi-kultur.de\/wp-content\/uploads\/2013\/10\/chiha_10.jpg 420w, https:\/\/ahoi-kultur.de\/wp-content\/uploads\/2013\/10\/chiha_10-150x150.jpg 150w, https:\/\/ahoi-kultur.de\/wp-content\/uploads\/2013\/10\/chiha_10-300x300.jpg 300w\" sizes=\"(max-width: 420px) 100vw, 420px\" \/><\/a><\/li>\n                <li style=\"display: none; width: 100%;\" class=\"slide-767 ms-image \" aria-roledescription=\"slide\" data-date=\"2013-10-09 22:53:27\" data-filename=\"chiha_05.jpg\" data-slide-type=\"image\"><a href=\"http:\/\/www.chiha.de\" target=\"_self\" aria-label=\"Voir les d\u00e9tails de la diapositive\" class=\"metaslider_image_link\"><img decoding=\"async\" width=\"420\" height=\"420\" src=\"https:\/\/ahoi-kultur.de\/wp-content\/uploads\/2013\/10\/chiha_05.jpg\" class=\"slider-762 slide-767 msDefaultImage\" alt=\"\" rel=\"\" title=\"\" srcset=\"https:\/\/ahoi-kultur.de\/wp-content\/uploads\/2013\/10\/chiha_05.jpg 420w, https:\/\/ahoi-kultur.de\/wp-content\/uploads\/2013\/10\/chiha_05-150x150.jpg 150w, https:\/\/ahoi-kultur.de\/wp-content\/uploads\/2013\/10\/chiha_05-300x300.jpg 300w\" sizes=\"(max-width: 420px) 100vw, 420px\" \/><\/a><\/li>\n            <\/ul>\n        <\/div>\n        \n    <\/div>\n<\/div>\n<p><strong><span style=\"color: #0000ff;\">LA VOIX MYSTIQUE \u00a0<\/span><\/strong><span style=\"color: #0000ff;\"><strong style=\"line-height: 1.714285714; font-size: 1rem;\">de la Tunisie<\/strong><\/span><br \/>\n<span style=\"color: #0000ff;\"><strong>WORLDMUSIC, JAZZ, ROCK &amp; POP, CHANSONS BERBERES<\/strong><\/span><\/p>\n<p><strong>Solo-Performance<\/strong><br \/>\n<strong>&amp;<\/strong> <em>Line-Up<\/em>:<br \/>\n<strong>CHIHA, <\/strong>Chant &amp; Perc<strong><br \/>\nAlaa Zouiten<\/strong>, Marocco &#8211; Oud<strong><br \/>\nMahmoud Fayoumi<\/strong>, Palestina &#8211; Nay (Flute) + Riqq (arabic perc.)<strong><br \/>\n<\/strong><span style=\"color: #0000ff;\"><em>Stand-by:<\/em><\/span><strong><br \/>\nFaleh Khaless<\/strong>, Marocco\/Tunesia &#8211; Oud<strong><br \/>\nMiloud Messabih<\/strong>, Alg\u00e9rie &#8211; clavier, accord\u00e9on, perc.<strong><br \/>\nPaolo Eleodori<\/strong>, Italy &#8211; Batterie<strong><br \/>\nMuhammad Ra&rsquo;fat<\/strong>, Algeria &#8211; Batterie<strong><br \/>\nRobert Gromotka<\/strong>, Germany &#8211; Contre Bass<\/p>\n<p>Projet :<br \/>\n<strong>LA NUIT DE LA CHANTEUSE LIB\u00c9R\u00c9E<\/strong><\/p>\n<p><strong>UNE LIONNE DANS UNE ASSFAH*!<\/strong> (*tr\u00e8s forte temp\u00eate dans le Sahara)<br \/>\n<strong>Sa voix irr\u00e9sistible et sa mise en sc\u00e8ne pourraient faire danser un public de plus de 100.000 personnes<\/strong> !<br \/>\n<strong>CHIHA<\/strong> (signifie: le Vermouth, plante m\u00e9dicinale) est n\u00e9e dans le Sud de la Tunisie. Pendant ses \u00e9tudes de chant, elle se sp\u00e9cialisa entre autre dans la musique Arabo-Andalouse, dans les traditions Berb\u00e8res et aussi dans <strong>l\u2019art remarquable du Nubat<\/strong>, que peu de personnes maitrisent! Etre 1968 et 1971, elle <strong>devint la chanteuse principale du Palais de Carthage<\/strong> et en 1968 le Pr\u00e9sident de la Tunisie, Mr. Habib Burgeba, lui attribua le nom honorifique de <strong>\u00ab\u00a0Wafa Khaldia\u00a0\u00bb<\/strong> (confiance \u00e9ternelle). Elle a accompli <strong>d\u2019innombrables tourn\u00e9es<\/strong>, fit des concerts \u00e0 la radio et \u00e0 la t\u00e9l\u00e9vision ce qui la rendit aussi c\u00e9l\u00e8bre des deux c\u00f4t\u00e9s de la M\u00e9diterran\u00e9e. Dans les ann\u00e9es 60, pendant ses \u00e9tudes au<strong> Conservatoire de Tunis<\/strong>, CHIHA participa \u00e0 un concert de musique classique donn\u00e9 par l\u2019orchestre Symphonique Allemand, ce fut pour elle une inspiration musicale. Elle ressentit le d\u00e9sir d\u2019associer ses traditions musicales avec celles de l\u2019Europe. Sa voix est un<strong> joyau<\/strong> oriental et les textes langoureux et tragiques ayant comme th\u00e8mes \u201el\u2019amour et le conflit culturel\u201c nous projettent vite dans une fantastique Transe arabe.<br \/>\nEn 2000 elle sort son premier album <strong>\u00ab\u00a0Oh Mami\u00a0\u00bb<\/strong> avec United-ONE-Records (Ulcd-2029), dont le single portant le m\u00eame nom devint un succ\u00e8s en passant sur les radios principales et dans les clubs. Il y a eu plusieurs compilations dont celle de Chick Corea.<br \/>\nLe second album <strong>\u00ab\u00a0Mystic Bridges\u00a0\u00bb<\/strong> (UlCd-2044) est la continuation naturelle de son premier.<br \/>\nIl en r\u00e9sulta un m\u00e9lange Arabo-Andalou aux tendances de musique europ\u00e9ennes contemporaines et de musique Pop-Arabe avec des \u00e9l\u00e9ments de House et de Drum\/Bass. \u00ab\u00a0Mystic Bridges\u00a0\u00bb est le produit d\u2019une collaboration entre Wolfgang Ohmer qui con\u00e7ut le projet, Wando Freyburg et le berlinois <strong>Matthias Trippner<\/strong> batteur du groupe Shank et producteur de l\u2019album \u00ab\u00a0Oh Mami\u00a0\u00bb.<br \/>\nCHIHA a longtemps \u00e9t\u00e9 pl\u00e2tr\u00e9e suite \u00e0 deux op\u00e9rations de la colonne vert\u00e9brale rat\u00e9es et n&rsquo;a pas pu se produire sur sc\u00e8ne. En 2026, elle sera de retour sur sc\u00e8ne avec sa voix magique et sera \u00e9galement repr\u00e9sent\u00e9e par <a href=\"https:\/\/pincmusic.net\/bands\/chiha\/\" target=\"_blank\" rel=\"noopener\"><strong>PINC-Musi<\/strong><\/a>c (un projet de <a href=\"https:\/\/handiclapped-berlin.de\" target=\"_blank\" rel=\"noopener\"><strong>Handiclapped<\/strong> <\/a>e.V.). Un grand merci pour votre soutien !<br \/>\nElle d\u00e9dicace ses chansons principalement compos\u00e9es par elle \u00e0 tous ceux qui l\u2019ont soutenue, et aid\u00e9e. Compr\u00e9hension et Respect mutuels ainsi que l\u2019Amour pour autrui, tous ces th\u00e8mes lui tiennent tout particuli\u00e8rement \u00e0 c\u0153ur, il en est souvent question dans ses chansons. Elle chante son h\u00e9ritage Nord-Africain, lors de ses concerts des chants traditionnels.<br \/>\nAu travers de plusieurs concerts CHIHA s\u2019est fait surtout un nom dans le sud de l\u2019Allemagne.<\/p>\n<p><strong>CDs:<\/strong><br \/>\n2000 \u00a0 \u00a0 \u00a0 \u201cOh Mami\u201d, United-One incl. Hit: \u201cOh Mami\u201d, Radio- &amp; Club-Favorit of both sides of \u00a0 \u00a0 \u00a0 \u00a0 \u00a0 \u00a0 \u00a0 \u00a0 \u00a0 \u00a0Mediterranean<br \/>\n2003 \u00a0 \u00a0 \u00a0 \u201cHand in Hand\u201d International e.V., African Artists, Bibiafrica<br \/>\n2004 \u00a0 \u00a0 \u00a0 \u201cSounds right\u201d, Hacate Entertainment Group<br \/>\n2005 \u00a0 \u00a0 \u00a0 \u201cCHIHA 2\u201d, United-One<br \/>\n2006 \u00a0 \u00a0 \u00a0 \u201cNew Romance\u201d, United-One<br \/>\n2008 \u00a0 \u00a0 \u00a0 \u201cMystic Bridges\u201c, United-One; the cultural bridge of Orient &amp; Oxident! (le pont culturel de L\u2019Orient)<br \/>\n2008 \u00a0 \u00a0 \u00a0 \u201cSolange Fl\u00fcsse flie\u00dfen\u201d, (tant que les fleuves coulent)\u00a0producteur Gerhard Noske<br \/>\n2009 \u00a0 \u00a0 \u00a0 \u201cEin Herz und eine Rose\u201d (un C\u0153ur et une Rose)\u00a0mit SUMEYA<\/p>\n<p><strong>CD Sampler<\/strong><br \/>\n2004 \u00a0 \u00a0 \u00a0 \u201eSounds right\u201c, Hacate Entertainment Group avec \u201cOh Mami\u201d<br \/>\n2003 \u00a0 \u00a0 \u00a0 \u201cHand in Hand\u201d International eV, African Artists, Bibiafrica, \u201cOh Mami\u201d<br \/>\n2006 \u00a0 \u00a0 \u00a0 \u201cNew Romance\u201d, United-One-rec. avec \u201cOh Mami\u201d<br \/>\n2006 \u00a0 \u00a0 \u00a0 32\u00a0Hymnes nationaux \u00e0 la Coupe du Monde 2006, Crescendo-rec.<br \/>\n2011 \u00a0 \u00a0 \u00a0\u00a0CD-release \u00ab\u00a01884\u00a0\u00bb &#8211; \u00a0Song 8: AFRIKI \u2013 texte + voix: CHIHA<\/p>\n","protected":false},"excerpt":{"rendered":"<p>LA VOIX MYSTIQUE \u00a0de la Tunisie WORLDMUSIC, JAZZ, ROCK &amp; POP, CHANSONS BERBERES Solo-Performance &amp; Line-Up: CHIHA, Chant &amp; Perc Alaa Zouiten, Marocco &#8211; Oud Mahmoud Fayoumi, Palestina &#8211; Nay (Flute) + Riqq (arabic perc.) Stand-by: Faleh Khaless, Marocco\/Tunesia &#8211; Oud Miloud Messabih, Alg\u00e9rie &#8211; clavier, accord\u00e9on, perc. Paolo Eleodori, Italy &#8211; Batterie Muhammad Ra&rsquo;fat, [&hellip;]<\/p>\n","protected":false},"author":8,"featured_media":0,"parent":3752,"menu_order":0,"comment_status":"closed","ping_status":"closed","template":"","meta":{"footnotes":""},"class_list":["post-194","page","type-page","status-publish","hentry"],"yoast_head":"<!-- This site is optimized with the Yoast SEO plugin v27.3 - https:\/\/yoast.com\/product\/yoast-seo-wordpress\/ -->\n<title>CHIHA - Ahoi Kultur<\/title>\n<meta name=\"robots\" content=\"index, follow, max-snippet:-1, max-image-preview:large, max-video-preview:-1\" \/>\n<link rel=\"canonical\" href=\"https:\/\/ahoi-kultur.de\/fr\/artistes-a-z\/chiha\/\" \/>\n<meta property=\"og:locale\" content=\"fr_FR\" \/>\n<meta property=\"og:type\" content=\"article\" \/>\n<meta property=\"og:title\" content=\"CHIHA - Ahoi Kultur\" \/>\n<meta property=\"og:description\" content=\"LA VOIX MYSTIQUE \u00a0de la Tunisie WORLDMUSIC, JAZZ, ROCK &amp; POP, CHANSONS BERBERES Solo-Performance &amp; Line-Up: CHIHA, Chant &amp; Perc Alaa Zouiten, Marocco &#8211; Oud Mahmoud Fayoumi, Palestina &#8211; Nay (Flute) + Riqq (arabic perc.) Stand-by: Faleh Khaless, Marocco\/Tunesia &#8211; Oud Miloud Messabih, Alg\u00e9rie &#8211; clavier, accord\u00e9on, perc. Paolo Eleodori, Italy &#8211; Batterie Muhammad Ra&rsquo;fat, [&hellip;]\" \/>\n<meta property=\"og:url\" content=\"https:\/\/ahoi-kultur.de\/fr\/artistes-a-z\/chiha\/\" \/>\n<meta property=\"og:site_name\" content=\"Ahoi Kultur\" \/>\n<meta property=\"article:modified_time\" content=\"2025-10-09T15:48:22+00:00\" \/>\n<meta name=\"twitter:label1\" content=\"Dur\u00e9e de lecture estim\u00e9e\" \/>\n\t<meta name=\"twitter:data1\" content=\"5 minutes\" \/>\n<script type=\"application\/ld+json\" class=\"yoast-schema-graph\">{\"@context\":\"https:\\\/\\\/schema.org\",\"@graph\":[{\"@type\":\"WebPage\",\"@id\":\"https:\\\/\\\/ahoi-kultur.de\\\/fr\\\/artistes-a-z\\\/chiha\\\/\",\"url\":\"https:\\\/\\\/ahoi-kultur.de\\\/fr\\\/artistes-a-z\\\/chiha\\\/\",\"name\":\"CHIHA - Ahoi Kultur\",\"isPartOf\":{\"@id\":\"https:\\\/\\\/ahoi-kultur.de\\\/fr\\\/#website\"},\"datePublished\":\"2013-10-01T11:35:48+00:00\",\"dateModified\":\"2025-10-09T15:48:22+00:00\",\"breadcrumb\":{\"@id\":\"https:\\\/\\\/ahoi-kultur.de\\\/fr\\\/artistes-a-z\\\/chiha\\\/#breadcrumb\"},\"inLanguage\":\"fr-FR\",\"potentialAction\":[{\"@type\":\"ReadAction\",\"target\":[\"https:\\\/\\\/ahoi-kultur.de\\\/fr\\\/artistes-a-z\\\/chiha\\\/\"]}]},{\"@type\":\"BreadcrumbList\",\"@id\":\"https:\\\/\\\/ahoi-kultur.de\\\/fr\\\/artistes-a-z\\\/chiha\\\/#breadcrumb\",\"itemListElement\":[{\"@type\":\"ListItem\",\"position\":1,\"name\":\"Home\",\"item\":\"https:\\\/\\\/ahoi-kultur.de\\\/fr\\\/\"},{\"@type\":\"ListItem\",\"position\":2,\"name\":\"Artistes A \u2013 Z\",\"item\":\"https:\\\/\\\/ahoi-kultur.de\\\/fr\\\/artistes-a-z\\\/\"},{\"@type\":\"ListItem\",\"position\":3,\"name\":\"CHIHA\"}]},{\"@type\":\"WebSite\",\"@id\":\"https:\\\/\\\/ahoi-kultur.de\\\/fr\\\/#website\",\"url\":\"https:\\\/\\\/ahoi-kultur.de\\\/fr\\\/\",\"name\":\"Ahoi Kultur\",\"description\":\"Artist and Events\",\"publisher\":{\"@id\":\"https:\\\/\\\/ahoi-kultur.de\\\/fr\\\/#organization\"},\"potentialAction\":[{\"@type\":\"SearchAction\",\"target\":{\"@type\":\"EntryPoint\",\"urlTemplate\":\"https:\\\/\\\/ahoi-kultur.de\\\/fr\\\/?s={search_term_string}\"},\"query-input\":{\"@type\":\"PropertyValueSpecification\",\"valueRequired\":true,\"valueName\":\"search_term_string\"}}],\"inLanguage\":\"fr-FR\"},{\"@type\":\"Organization\",\"@id\":\"https:\\\/\\\/ahoi-kultur.de\\\/fr\\\/#organization\",\"name\":\"Ahoi Kultur\",\"url\":\"https:\\\/\\\/ahoi-kultur.de\\\/fr\\\/\",\"logo\":{\"@type\":\"ImageObject\",\"inLanguage\":\"fr-FR\",\"@id\":\"https:\\\/\\\/ahoi-kultur.de\\\/fr\\\/#\\\/schema\\\/logo\\\/image\\\/\",\"url\":\"https:\\\/\\\/ahoi-kultur.de\\\/wp-content\\\/uploads\\\/2013\\\/10\\\/ahoi-kultur-logo.gif\",\"contentUrl\":\"https:\\\/\\\/ahoi-kultur.de\\\/wp-content\\\/uploads\\\/2013\\\/10\\\/ahoi-kultur-logo.gif\",\"width\":454,\"height\":388,\"caption\":\"Ahoi Kultur\"},\"image\":{\"@id\":\"https:\\\/\\\/ahoi-kultur.de\\\/fr\\\/#\\\/schema\\\/logo\\\/image\\\/\"}}]}<\/script>\n<!-- \/ Yoast SEO plugin. -->","yoast_head_json":{"title":"CHIHA - Ahoi Kultur","robots":{"index":"index","follow":"follow","max-snippet":"max-snippet:-1","max-image-preview":"max-image-preview:large","max-video-preview":"max-video-preview:-1"},"canonical":"https:\/\/ahoi-kultur.de\/fr\/artistes-a-z\/chiha\/","og_locale":"fr_FR","og_type":"article","og_title":"CHIHA - Ahoi Kultur","og_description":"LA VOIX MYSTIQUE \u00a0de la Tunisie WORLDMUSIC, JAZZ, ROCK &amp; POP, CHANSONS BERBERES Solo-Performance &amp; Line-Up: CHIHA, Chant &amp; Perc Alaa Zouiten, Marocco &#8211; Oud Mahmoud Fayoumi, Palestina &#8211; Nay (Flute) + Riqq (arabic perc.) Stand-by: Faleh Khaless, Marocco\/Tunesia &#8211; Oud Miloud Messabih, Alg\u00e9rie &#8211; clavier, accord\u00e9on, perc. Paolo Eleodori, Italy &#8211; Batterie Muhammad Ra&rsquo;fat, [&hellip;]","og_url":"https:\/\/ahoi-kultur.de\/fr\/artistes-a-z\/chiha\/","og_site_name":"Ahoi Kultur","article_modified_time":"2025-10-09T15:48:22+00:00","twitter_misc":{"Dur\u00e9e de lecture estim\u00e9e":"5 minutes"},"schema":{"@context":"https:\/\/schema.org","@graph":[{"@type":"WebPage","@id":"https:\/\/ahoi-kultur.de\/fr\/artistes-a-z\/chiha\/","url":"https:\/\/ahoi-kultur.de\/fr\/artistes-a-z\/chiha\/","name":"CHIHA - Ahoi Kultur","isPartOf":{"@id":"https:\/\/ahoi-kultur.de\/fr\/#website"},"datePublished":"2013-10-01T11:35:48+00:00","dateModified":"2025-10-09T15:48:22+00:00","breadcrumb":{"@id":"https:\/\/ahoi-kultur.de\/fr\/artistes-a-z\/chiha\/#breadcrumb"},"inLanguage":"fr-FR","potentialAction":[{"@type":"ReadAction","target":["https:\/\/ahoi-kultur.de\/fr\/artistes-a-z\/chiha\/"]}]},{"@type":"BreadcrumbList","@id":"https:\/\/ahoi-kultur.de\/fr\/artistes-a-z\/chiha\/#breadcrumb","itemListElement":[{"@type":"ListItem","position":1,"name":"Home","item":"https:\/\/ahoi-kultur.de\/fr\/"},{"@type":"ListItem","position":2,"name":"Artistes A \u2013 Z","item":"https:\/\/ahoi-kultur.de\/fr\/artistes-a-z\/"},{"@type":"ListItem","position":3,"name":"CHIHA"}]},{"@type":"WebSite","@id":"https:\/\/ahoi-kultur.de\/fr\/#website","url":"https:\/\/ahoi-kultur.de\/fr\/","name":"Ahoi Kultur","description":"Artist and Events","publisher":{"@id":"https:\/\/ahoi-kultur.de\/fr\/#organization"},"potentialAction":[{"@type":"SearchAction","target":{"@type":"EntryPoint","urlTemplate":"https:\/\/ahoi-kultur.de\/fr\/?s={search_term_string}"},"query-input":{"@type":"PropertyValueSpecification","valueRequired":true,"valueName":"search_term_string"}}],"inLanguage":"fr-FR"},{"@type":"Organization","@id":"https:\/\/ahoi-kultur.de\/fr\/#organization","name":"Ahoi Kultur","url":"https:\/\/ahoi-kultur.de\/fr\/","logo":{"@type":"ImageObject","inLanguage":"fr-FR","@id":"https:\/\/ahoi-kultur.de\/fr\/#\/schema\/logo\/image\/","url":"https:\/\/ahoi-kultur.de\/wp-content\/uploads\/2013\/10\/ahoi-kultur-logo.gif","contentUrl":"https:\/\/ahoi-kultur.de\/wp-content\/uploads\/2013\/10\/ahoi-kultur-logo.gif","width":454,"height":388,"caption":"Ahoi Kultur"},"image":{"@id":"https:\/\/ahoi-kultur.de\/fr\/#\/schema\/logo\/image\/"}}]}},"_links":{"self":[{"href":"https:\/\/ahoi-kultur.de\/fr\/wp-json\/wp\/v2\/pages\/194","targetHints":{"allow":["GET"]}}],"collection":[{"href":"https:\/\/ahoi-kultur.de\/fr\/wp-json\/wp\/v2\/pages"}],"about":[{"href":"https:\/\/ahoi-kultur.de\/fr\/wp-json\/wp\/v2\/types\/page"}],"author":[{"embeddable":true,"href":"https:\/\/ahoi-kultur.de\/fr\/wp-json\/wp\/v2\/users\/8"}],"replies":[{"embeddable":true,"href":"https:\/\/ahoi-kultur.de\/fr\/wp-json\/wp\/v2\/comments?post=194"}],"version-history":[{"count":23,"href":"https:\/\/ahoi-kultur.de\/fr\/wp-json\/wp\/v2\/pages\/194\/revisions"}],"predecessor-version":[{"id":10428,"href":"https:\/\/ahoi-kultur.de\/fr\/wp-json\/wp\/v2\/pages\/194\/revisions\/10428"}],"up":[{"embeddable":true,"href":"https:\/\/ahoi-kultur.de\/fr\/wp-json\/wp\/v2\/pages\/3752"}],"wp:attachment":[{"href":"https:\/\/ahoi-kultur.de\/fr\/wp-json\/wp\/v2\/media?parent=194"}],"curies":[{"name":"wp","href":"https:\/\/api.w.org\/{rel}","templated":true}]}}