{"id":200,"date":"2013-10-01T13:37:42","date_gmt":"2013-10-01T11:37:42","guid":{"rendered":"https:\/\/ahoi-kultur.de\/?page_id=200"},"modified":"2025-10-09T15:55:20","modified_gmt":"2025-10-09T13:55:20","slug":"djatou-toure","status":"publish","type":"page","link":"https:\/\/ahoi-kultur.de\/fr\/artistes-a-z\/djatou-toure\/","title":{"rendered":"DJATOU TOUR\u00c9"},"content":{"rendered":"<p><div id=\"metaslider-id-2168\" style=\"max-width: 350px;\" class=\"ml-slider-3-107-0 metaslider metaslider-flex metaslider-2168 ml-slider has-onhover-arrows ms-theme-default nav-hidden\" role=\"region\" aria-label=\"Djatou\" data-height=\"350\" data-width=\"350\">\n    <div id=\"metaslider_container_2168\">\n        <div id=\"metaslider_2168\" class=\"flexslider\">\n            <ul class='slides'>\n                <li style=\"display: block; width: 100%;\" class=\"slide-2171 ms-image \" aria-roledescription=\"slide\" data-date=\"2016-02-04 10:41:44\" data-filename=\"Djatou_plakat_klweb.jpg\" data-slide-type=\"image\"><img decoding=\"async\" src=\"https:\/\/ahoi-kultur.de\/wp-content\/uploads\/2016\/02\/Djatou_plakat_klweb.jpg\" height=\"350\" width=\"350\" alt=\"\" class=\"slider-2168 slide-2171 msDefaultImage\" \/><div class=\"caption-wrap\"><div class=\"caption\"><div>Djatou<\/div><\/div><\/div><\/li>\n                <li style=\"display: none; width: 100%;\" class=\"slide-2185 ms-image \" aria-roledescription=\"slide\" data-date=\"2016-02-04 12:10:05\" data-filename=\"Djatou-Toure_Cremildo_Flash_bergmann10_byM-Waibelweb_kl-125x125.jpg\" data-slide-type=\"image\"><img decoding=\"async\" src=\"https:\/\/ahoi-kultur.de\/wp-content\/uploads\/2016\/02\/Djatou-Toure_Cremildo_Flash_bergmann10_byM-Waibelweb_kl-125x125.jpg\" height=\"350\" width=\"350\" alt=\"\" class=\"slider-2168 slide-2185 msDefaultImage\" \/><\/li>\n                <li style=\"display: none; width: 100%;\" class=\"slide-2172 ms-image \" aria-roledescription=\"slide\" data-date=\"2016-02-04 10:42:02\" data-filename=\"Djatou-Toure_c-Mahide-Leinwebsite-250x250.jpg\" data-slide-type=\"image\"><a href=\"http:\/\/www.djatou-toure.de\" target=\"_self\" aria-label=\"Voir les d\u00e9tails de la diapositive\" class=\"metaslider_image_link\"><img decoding=\"async\" src=\"https:\/\/ahoi-kultur.de\/wp-content\/uploads\/2016\/02\/Djatou-Toure_c-Mahide-Leinwebsite-250x250.jpg\" height=\"350\" width=\"350\" alt=\"\" class=\"slider-2168 slide-2172 msDefaultImage\" \/><\/a><div class=\"caption-wrap\"><div class=\"caption\"><div>DJATOU TOUR\u00c9 AfriPop - Ivory Coast<\/div><\/div><\/div><\/li>\n                <li style=\"display: none; width: 100%;\" class=\"slide-1019 ms-image \" aria-roledescription=\"slide\" data-date=\"2013-11-13 09:02:33\" data-filename=\"djatou-nah_by_Danny-Merk1-82x82.jpg\" data-slide-type=\"image\"><img decoding=\"async\" src=\"https:\/\/ahoi-kultur.de\/wp-content\/uploads\/2013\/10\/djatou-nah_by_Danny-Merk1-82x82.jpg\" height=\"350\" width=\"350\" alt=\"\" class=\"slider-2168 slide-1019 msDefaultImage\" \/><\/li>\n                <li style=\"display: none; width: 100%;\" class=\"slide-2214 ms-image \" aria-roledescription=\"slide\" data-date=\"2016-02-05 12:20:40\" data-filename=\"Djatou-Toure_2014_by-Kevin-Gentjes-219x219.jpg\" data-slide-type=\"image\"><img decoding=\"async\" src=\"https:\/\/ahoi-kultur.de\/wp-content\/uploads\/2016\/02\/Djatou-Toure_2014_by-Kevin-Gentjes-219x219.jpg\" height=\"350\" width=\"350\" alt=\"\" class=\"slider-2168 slide-2214 msDefaultImage\" \/><\/li>\n                <li style=\"display: none; width: 100%;\" class=\"slide-2215 ms-image \" aria-roledescription=\"slide\" data-date=\"2016-02-05 12:24:20\" data-filename=\"Morris-Mungoy_drums_klweb-167x167.jpg\" data-slide-type=\"image\"><img decoding=\"async\" src=\"https:\/\/ahoi-kultur.de\/wp-content\/uploads\/2016\/02\/Morris-Mungoy_drums_klweb-167x167.jpg\" height=\"350\" width=\"350\" alt=\"\" class=\"slider-2168 slide-2215 msDefaultImage\" \/><\/li>\n                <li style=\"display: none; width: 100%;\" class=\"slide-2183 ms-image \" aria-roledescription=\"slide\" data-date=\"2016-02-04 12:04:18\" data-filename=\"DjatouTOureItingLey_h\u00e4ndeweb-250x250.jpg\" data-slide-type=\"image\"><img decoding=\"async\" src=\"https:\/\/ahoi-kultur.de\/wp-content\/uploads\/2016\/02\/DjatouTOureItingLey_h\u00e4ndeweb-250x250.jpg\" height=\"350\" width=\"350\" alt=\"\" class=\"slider-2168 slide-2183 msDefaultImage\" \/><div class=\"caption-wrap\"><div class=\"caption\"><div>DJATOU TOUR\u00c9 &amp; ITING LEY Ivory Coast meets Taiwan<\/div><\/div><\/div><\/li>\n                <li style=\"display: none; width: 100%;\" class=\"slide-2173 ms-image \" aria-roledescription=\"slide\" data-date=\"2016-02-04 10:42:37\" data-filename=\"Djatou-ToureBand_by-Mahide_AHOwebsiteI-166x166.jpg\" data-slide-type=\"image\"><img decoding=\"async\" src=\"https:\/\/ahoi-kultur.de\/wp-content\/uploads\/2016\/02\/Djatou-ToureBand_by-Mahide_AHOwebsiteI-166x166.jpg\" height=\"350\" width=\"350\" alt=\"\" class=\"slider-2168 slide-2173 msDefaultImage\" \/><div class=\"caption-wrap\"><div class=\"caption\"><div>DJATOU TOUR\u00c9 &amp; Band AfriPop<\/div><\/div><\/div><\/li>\n            <\/ul>\n        <\/div>\n        \n    <\/div>\n<\/div><br \/>\n<strong>Chanteuse de C\u00f4te-d&rsquo;Ivoire<\/strong><\/p>\n<p><strong>AfriPop &amp; WORLD MUSIC<\/strong><br \/>\n<strong>Jazz &amp; Traditionel &amp; Gospel<\/strong><br \/>\n<strong>en bambara, francais et anglais<\/strong><\/p>\n<p><em>Solo &#8211; traditionel:<br \/>\n<\/em><strong>Acapella &amp; Percussion: <\/strong>Arhoko &amp; Calabasse<strong><br \/>\n<\/strong><em>avec la groupe AfriPop:<br \/>\n<\/em><strong>Djatou Tour\u00e9<\/strong> &#8211; Ivory Coast &#8211; Voc, Comp<br \/>\n<a href=\"https:\/\/talbalshai.com\/biographie\/\" target=\"_blank\" rel=\"noopener\"><strong>Tal Balshai<\/strong> <\/a>&#8211; Jersusalem &#8211; PIano, Comp<br \/>\n<strong>Tunde Alibaba<\/strong> &#8211; Benin\/Nigeria &#8211; Drums, Percussion<br \/>\n<em>Stand-by:<\/em><br \/>\n<strong>Veronika Vogel<\/strong> &#8211; Germany, Guit., Back-voc<br \/>\n<strong>Carolyn del Rosario<\/strong> &#8211; Philippinen, Piano<br \/>\n<strong>Ramani Krishna<\/strong> &#8211; Indien\/Bangalore, Bass<\/p>\n<p><a href=\"http:\/\/www.djatou-toure.de\" target=\"_blank\" rel=\"noopener noreferrer\">www.djatou-toure.de<\/a><br \/>\nDjatou Tour\u00e9 a fusionn\u00e9 avec la po\u00e9sie moderne d&rsquo;AfroBeatz dans les diff\u00e9rentes langues.<br \/>\nElle a gagn\u00e9 le Prix de musique Karneval der Kulturen Berlin 2007.<br \/>\nDjatou Tour\u00e9 est fille du peuple Mandinge avec la croyance dans les d\u00e9esses de la terre, les arbres et la nature. Elle est dou\u00e9 d&rsquo;une belle, clairs, blues, rock, voix pleine de puissance. Depuis 1997, elle est en Europe, notamment \u00e0 Berlin \u00e0 la maison et effectue des chants traditionnels de l&rsquo;Afrique de l&rsquo;Ouest, des standards de jazz, des improvisations de jazz et de compositions propres en fran\u00e7ais, en anglais et sa langue maternelle Bambara.<br \/>\nQuand elle \u00e9tait une petite fille sa grande passion de Djatou Tour\u00e9 \u00e9tait d\u00e9j\u00e0 la musique, et m\u00eame alors, elle savait que la musique est le guide de leur cycle de vie. \u00abJe suis n\u00e9e pour \u00eatre une chanteuse\u00bb, dit-elle. Djatou Tour\u00e9 \u00e9tait un visiteur r\u00e9gulier aux studios d&rsquo;enregistrement de son p\u00e8re Souleymane Tour\u00e9, qui a imm\u00e9diatement reconnu son talent et l&rsquo;a encourag\u00e9e \u00e0 faire ami enregistrements professionnels. Comme cela tout a commenc\u00e9. &#8211; Elle a fait ses \u00e9tudes dans la plus grande \u00e9cole d&rsquo;art en C\u00f4te-d&rsquo;Ivoire \u00bbEcole Nationale des Arts &#8211; ENA\u00a0\u00bb et a \u00e9t\u00e9 membre du Syndicat National des Artistes Musiciens de C\u00f4te d&rsquo;Ivoire, Abidjan. En plus, elle \u00e9tait \u00e9l\u00e8ve du c\u00e9l\u00e8bre professeur Atta Kouassi (chef de la T\u00e9l\u00e9vision Orchestre National de C\u00f4te-d&rsquo;Ivoire).<br \/>\nElle a travaill\u00e9 dans les \u00e9missions de t\u00e9l\u00e9vision et de radio comme, par exemple, dans \u00ab<strong>Premi\u00e8re Chance2<\/strong>\u00bb, \u00ab<strong>Podium<\/strong>\u00bb ou \u00ab<strong>Vacances Culture<\/strong>\u00bb, une \u00e9mission de radio, couvrant des sujets tels que la danse traditionnelle et les \u00e9v\u00e9nements traditionnels africains au centre. Elle a fond\u00e9 son propre groupe <strong>Novo-Groupe Quartett<\/strong> \u00e0 Abidjan et jusqu&rsquo;en 1997, elle a donn\u00e9 de nombreux concerts avec des musiciens renomm\u00e9es et internationales, tels que avec <strong>Koumba Sidib\u00e9<\/strong> (Mali) et <strong>Tiken Jah<\/strong> (C\u00f4te-d&rsquo;Ivoire), <strong>George Mackintosh<\/strong> (Liberia), et dans le ch\u0153ur du groupe Les Woudy, Blebo &amp; Co.<br \/>\nEn 1996, elle a fait une formation en danse \u00e0 l&rsquo;\u00c9cole internationale de la danse, la musique, la chor\u00e9graphie et le th\u00e9\u00e2tre \u00abVillage KI YI Culture\u00bb.<\/p>\n<p>Elle est engag\u00e9e dans la lutte contre <strong>FGM \u2013 Female Genital Mutilatio<\/strong>n, contre les mutilations g\u00e9nitales f\u00e9minines dans les diff\u00e9rentes parties de l&rsquo;Afrique et sur d&rsquo;autres continents:<br \/>\n<em>\u00ab32 filles ne pouvaient pas \u00eatre sauv\u00e9s, mais la g\u00e9n\u00e9ration actuelle est d&rsquo;arr\u00eater ce rituel!\u00bb<\/em> (DT) \u00e0 travers leur musique qu&rsquo;ils veulent rendre les gens conscients de ce probl\u00e8me, que les vies de millions de femmes est d\u00e9vast\u00e9es.<\/p>\n<p>Pour d&rsquo;autres informations: <a href=\"http:\/\/www.djatou-toure.de\/\" target=\"_blank\" rel=\"noopener\"><strong>www.djatou-toure.de<\/strong><\/a><\/p>\n","protected":false},"excerpt":{"rendered":"<p>Chanteuse de C\u00f4te-d&rsquo;Ivoire AfriPop &amp; WORLD MUSIC Jazz &amp; Traditionel &amp; Gospel en bambara, francais et anglais Solo &#8211; traditionel: Acapella &amp; Percussion: Arhoko &amp; Calabasse avec la groupe AfriPop: Djatou Tour\u00e9 &#8211; Ivory Coast &#8211; Voc, Comp Tal Balshai &#8211; Jersusalem &#8211; PIano, Comp Tunde Alibaba &#8211; Benin\/Nigeria &#8211; Drums, Percussion Stand-by: Veronika Vogel [&hellip;]<\/p>\n","protected":false},"author":8,"featured_media":0,"parent":3752,"menu_order":0,"comment_status":"closed","ping_status":"closed","template":"","meta":{"footnotes":""},"class_list":["post-200","page","type-page","status-publish","hentry"],"yoast_head":"<!-- This site is optimized with the Yoast SEO plugin v27.3 - https:\/\/yoast.com\/product\/yoast-seo-wordpress\/ -->\n<title>DJATOU TOUR\u00c9 - Ahoi Kultur<\/title>\n<meta name=\"robots\" content=\"index, follow, max-snippet:-1, max-image-preview:large, max-video-preview:-1\" \/>\n<link rel=\"canonical\" href=\"https:\/\/ahoi-kultur.de\/fr\/artistes-a-z\/djatou-toure\/\" \/>\n<meta property=\"og:locale\" content=\"fr_FR\" \/>\n<meta property=\"og:type\" content=\"article\" \/>\n<meta property=\"og:title\" content=\"DJATOU TOUR\u00c9 - Ahoi Kultur\" \/>\n<meta property=\"og:description\" content=\"Chanteuse de C\u00f4te-d&rsquo;Ivoire AfriPop &amp; WORLD MUSIC Jazz &amp; Traditionel &amp; Gospel en bambara, francais et anglais Solo &#8211; traditionel: Acapella &amp; Percussion: Arhoko &amp; Calabasse avec la groupe AfriPop: Djatou Tour\u00e9 &#8211; Ivory Coast &#8211; Voc, Comp Tal Balshai &#8211; Jersusalem &#8211; PIano, Comp Tunde Alibaba &#8211; Benin\/Nigeria &#8211; Drums, Percussion Stand-by: Veronika Vogel [&hellip;]\" \/>\n<meta property=\"og:url\" content=\"https:\/\/ahoi-kultur.de\/fr\/artistes-a-z\/djatou-toure\/\" \/>\n<meta property=\"og:site_name\" content=\"Ahoi Kultur\" \/>\n<meta property=\"article:modified_time\" content=\"2025-10-09T13:55:20+00:00\" \/>\n<meta name=\"twitter:label1\" content=\"Dur\u00e9e de lecture estim\u00e9e\" \/>\n\t<meta name=\"twitter:data1\" content=\"3 minutes\" \/>\n<script type=\"application\/ld+json\" class=\"yoast-schema-graph\">{\"@context\":\"https:\\\/\\\/schema.org\",\"@graph\":[{\"@type\":\"WebPage\",\"@id\":\"https:\\\/\\\/ahoi-kultur.de\\\/fr\\\/artistes-a-z\\\/djatou-toure\\\/\",\"url\":\"https:\\\/\\\/ahoi-kultur.de\\\/fr\\\/artistes-a-z\\\/djatou-toure\\\/\",\"name\":\"DJATOU TOUR\u00c9 - Ahoi Kultur\",\"isPartOf\":{\"@id\":\"https:\\\/\\\/ahoi-kultur.de\\\/fr\\\/#website\"},\"datePublished\":\"2013-10-01T11:37:42+00:00\",\"dateModified\":\"2025-10-09T13:55:20+00:00\",\"breadcrumb\":{\"@id\":\"https:\\\/\\\/ahoi-kultur.de\\\/fr\\\/artistes-a-z\\\/djatou-toure\\\/#breadcrumb\"},\"inLanguage\":\"fr-FR\",\"potentialAction\":[{\"@type\":\"ReadAction\",\"target\":[\"https:\\\/\\\/ahoi-kultur.de\\\/fr\\\/artistes-a-z\\\/djatou-toure\\\/\"]}]},{\"@type\":\"BreadcrumbList\",\"@id\":\"https:\\\/\\\/ahoi-kultur.de\\\/fr\\\/artistes-a-z\\\/djatou-toure\\\/#breadcrumb\",\"itemListElement\":[{\"@type\":\"ListItem\",\"position\":1,\"name\":\"Home\",\"item\":\"https:\\\/\\\/ahoi-kultur.de\\\/fr\\\/\"},{\"@type\":\"ListItem\",\"position\":2,\"name\":\"Artistes A \u2013 Z\",\"item\":\"https:\\\/\\\/ahoi-kultur.de\\\/fr\\\/artistes-a-z\\\/\"},{\"@type\":\"ListItem\",\"position\":3,\"name\":\"DJATOU TOUR\u00c9\"}]},{\"@type\":\"WebSite\",\"@id\":\"https:\\\/\\\/ahoi-kultur.de\\\/fr\\\/#website\",\"url\":\"https:\\\/\\\/ahoi-kultur.de\\\/fr\\\/\",\"name\":\"Ahoi Kultur\",\"description\":\"Artist and Events\",\"publisher\":{\"@id\":\"https:\\\/\\\/ahoi-kultur.de\\\/fr\\\/#organization\"},\"potentialAction\":[{\"@type\":\"SearchAction\",\"target\":{\"@type\":\"EntryPoint\",\"urlTemplate\":\"https:\\\/\\\/ahoi-kultur.de\\\/fr\\\/?s={search_term_string}\"},\"query-input\":{\"@type\":\"PropertyValueSpecification\",\"valueRequired\":true,\"valueName\":\"search_term_string\"}}],\"inLanguage\":\"fr-FR\"},{\"@type\":\"Organization\",\"@id\":\"https:\\\/\\\/ahoi-kultur.de\\\/fr\\\/#organization\",\"name\":\"Ahoi Kultur\",\"url\":\"https:\\\/\\\/ahoi-kultur.de\\\/fr\\\/\",\"logo\":{\"@type\":\"ImageObject\",\"inLanguage\":\"fr-FR\",\"@id\":\"https:\\\/\\\/ahoi-kultur.de\\\/fr\\\/#\\\/schema\\\/logo\\\/image\\\/\",\"url\":\"https:\\\/\\\/ahoi-kultur.de\\\/wp-content\\\/uploads\\\/2013\\\/10\\\/ahoi-kultur-logo.gif\",\"contentUrl\":\"https:\\\/\\\/ahoi-kultur.de\\\/wp-content\\\/uploads\\\/2013\\\/10\\\/ahoi-kultur-logo.gif\",\"width\":454,\"height\":388,\"caption\":\"Ahoi Kultur\"},\"image\":{\"@id\":\"https:\\\/\\\/ahoi-kultur.de\\\/fr\\\/#\\\/schema\\\/logo\\\/image\\\/\"}}]}<\/script>\n<!-- \/ Yoast SEO plugin. -->","yoast_head_json":{"title":"DJATOU TOUR\u00c9 - Ahoi Kultur","robots":{"index":"index","follow":"follow","max-snippet":"max-snippet:-1","max-image-preview":"max-image-preview:large","max-video-preview":"max-video-preview:-1"},"canonical":"https:\/\/ahoi-kultur.de\/fr\/artistes-a-z\/djatou-toure\/","og_locale":"fr_FR","og_type":"article","og_title":"DJATOU TOUR\u00c9 - Ahoi Kultur","og_description":"Chanteuse de C\u00f4te-d&rsquo;Ivoire AfriPop &amp; WORLD MUSIC Jazz &amp; Traditionel &amp; Gospel en bambara, francais et anglais Solo &#8211; traditionel: Acapella &amp; Percussion: Arhoko &amp; Calabasse avec la groupe AfriPop: Djatou Tour\u00e9 &#8211; Ivory Coast &#8211; Voc, Comp Tal Balshai &#8211; Jersusalem &#8211; PIano, Comp Tunde Alibaba &#8211; Benin\/Nigeria &#8211; Drums, Percussion Stand-by: Veronika Vogel [&hellip;]","og_url":"https:\/\/ahoi-kultur.de\/fr\/artistes-a-z\/djatou-toure\/","og_site_name":"Ahoi Kultur","article_modified_time":"2025-10-09T13:55:20+00:00","twitter_misc":{"Dur\u00e9e de lecture estim\u00e9e":"3 minutes"},"schema":{"@context":"https:\/\/schema.org","@graph":[{"@type":"WebPage","@id":"https:\/\/ahoi-kultur.de\/fr\/artistes-a-z\/djatou-toure\/","url":"https:\/\/ahoi-kultur.de\/fr\/artistes-a-z\/djatou-toure\/","name":"DJATOU TOUR\u00c9 - Ahoi Kultur","isPartOf":{"@id":"https:\/\/ahoi-kultur.de\/fr\/#website"},"datePublished":"2013-10-01T11:37:42+00:00","dateModified":"2025-10-09T13:55:20+00:00","breadcrumb":{"@id":"https:\/\/ahoi-kultur.de\/fr\/artistes-a-z\/djatou-toure\/#breadcrumb"},"inLanguage":"fr-FR","potentialAction":[{"@type":"ReadAction","target":["https:\/\/ahoi-kultur.de\/fr\/artistes-a-z\/djatou-toure\/"]}]},{"@type":"BreadcrumbList","@id":"https:\/\/ahoi-kultur.de\/fr\/artistes-a-z\/djatou-toure\/#breadcrumb","itemListElement":[{"@type":"ListItem","position":1,"name":"Home","item":"https:\/\/ahoi-kultur.de\/fr\/"},{"@type":"ListItem","position":2,"name":"Artistes A \u2013 Z","item":"https:\/\/ahoi-kultur.de\/fr\/artistes-a-z\/"},{"@type":"ListItem","position":3,"name":"DJATOU TOUR\u00c9"}]},{"@type":"WebSite","@id":"https:\/\/ahoi-kultur.de\/fr\/#website","url":"https:\/\/ahoi-kultur.de\/fr\/","name":"Ahoi Kultur","description":"Artist and Events","publisher":{"@id":"https:\/\/ahoi-kultur.de\/fr\/#organization"},"potentialAction":[{"@type":"SearchAction","target":{"@type":"EntryPoint","urlTemplate":"https:\/\/ahoi-kultur.de\/fr\/?s={search_term_string}"},"query-input":{"@type":"PropertyValueSpecification","valueRequired":true,"valueName":"search_term_string"}}],"inLanguage":"fr-FR"},{"@type":"Organization","@id":"https:\/\/ahoi-kultur.de\/fr\/#organization","name":"Ahoi Kultur","url":"https:\/\/ahoi-kultur.de\/fr\/","logo":{"@type":"ImageObject","inLanguage":"fr-FR","@id":"https:\/\/ahoi-kultur.de\/fr\/#\/schema\/logo\/image\/","url":"https:\/\/ahoi-kultur.de\/wp-content\/uploads\/2013\/10\/ahoi-kultur-logo.gif","contentUrl":"https:\/\/ahoi-kultur.de\/wp-content\/uploads\/2013\/10\/ahoi-kultur-logo.gif","width":454,"height":388,"caption":"Ahoi Kultur"},"image":{"@id":"https:\/\/ahoi-kultur.de\/fr\/#\/schema\/logo\/image\/"}}]}},"_links":{"self":[{"href":"https:\/\/ahoi-kultur.de\/fr\/wp-json\/wp\/v2\/pages\/200","targetHints":{"allow":["GET"]}}],"collection":[{"href":"https:\/\/ahoi-kultur.de\/fr\/wp-json\/wp\/v2\/pages"}],"about":[{"href":"https:\/\/ahoi-kultur.de\/fr\/wp-json\/wp\/v2\/types\/page"}],"author":[{"embeddable":true,"href":"https:\/\/ahoi-kultur.de\/fr\/wp-json\/wp\/v2\/users\/8"}],"replies":[{"embeddable":true,"href":"https:\/\/ahoi-kultur.de\/fr\/wp-json\/wp\/v2\/comments?post=200"}],"version-history":[{"count":22,"href":"https:\/\/ahoi-kultur.de\/fr\/wp-json\/wp\/v2\/pages\/200\/revisions"}],"predecessor-version":[{"id":10433,"href":"https:\/\/ahoi-kultur.de\/fr\/wp-json\/wp\/v2\/pages\/200\/revisions\/10433"}],"up":[{"embeddable":true,"href":"https:\/\/ahoi-kultur.de\/fr\/wp-json\/wp\/v2\/pages\/3752"}],"wp:attachment":[{"href":"https:\/\/ahoi-kultur.de\/fr\/wp-json\/wp\/v2\/media?parent=200"}],"curies":[{"name":"wp","href":"https:\/\/api.w.org\/{rel}","templated":true}]}}