{"id":4297,"date":"2020-10-14T09:18:48","date_gmt":"2020-10-14T07:18:48","guid":{"rendered":"https:\/\/ahoi-kultur.de\/?page_id=4297\/"},"modified":"2025-10-09T16:38:19","modified_gmt":"2025-10-09T14:38:19","slug":"makato","status":"publish","type":"page","link":"https:\/\/ahoi-kultur.de\/fr\/artistes-a-z\/makato\/","title":{"rendered":"MAKATO"},"content":{"rendered":"<div id=\"metaslider-id-4301\" style=\"max-width: 300px;\" class=\"ml-slider-3-108-0 metaslider metaslider-flex metaslider-4301 ml-slider has-onhover-arrows ms-theme-default nav-hidden\" role=\"region\" aria-label=\"Makato\" data-height=\"300\" data-width=\"300\">\n    <div id=\"metaslider_container_4301\">\n        <div id=\"metaslider_4301\" class=\"flexslider\">\n            <ul class='slides'>\n                <li style=\"display: block; width: 100%;\" class=\"slide-4303 ms-image \" aria-roledescription=\"slide\" data-date=\"2020-10-14 09:16:29\" data-filename=\"Makato-280x280.jpg\" data-slide-type=\"image\"><img decoding=\"async\" src=\"https:\/\/ahoi-kultur.de\/wp-content\/uploads\/2020\/10\/Makato-280x280.jpg\" height=\"300\" width=\"300\" alt=\"\" class=\"slider-4301 slide-4303 msDefaultImage\" title=\"Makato\" \/><div class=\"caption-wrap\"><div class=\"caption\">Makato<\/div><\/div><\/li>\n                <li style=\"display: none; width: 100%;\" class=\"slide-4659 ms-image \" aria-roledescription=\"slide\" data-date=\"2021-07-18 15:31:54\" data-filename=\"Katarzyna-Maciek_color-206x206.jpg\" data-slide-type=\"image\"><img decoding=\"async\" src=\"https:\/\/ahoi-kultur.de\/wp-content\/uploads\/2021\/07\/Katarzyna-Maciek_color-206x206.jpg\" height=\"300\" width=\"300\" alt=\"\" class=\"slider-4301 slide-4659 msDefaultImage\" title=\"Katarzyna &amp; Maciek_color\" \/><div class=\"caption-wrap\"><div class=\"caption\"><div>Katazyna &amp; Maciek<\/div><\/div><\/div><\/li>\n            <\/ul>\n        <\/div>\n        \n    <\/div>\n<\/div>\n<p><span class=\"tlid-translation translation\" lang=\"fr\">de Pologne<br \/>\n<strong>Gypsy Swing, Jazz, Musique balkanique et <span class=\"\" title=\"\">Chansons polonaises<\/span><br \/>\n<\/strong><\/span><\/p>\n<p><em>Line-up:<\/em><br \/>\n<strong>Maciek Pietraho<\/strong> &#8211; chant, guitare, mandole, mandocello, contrebasse<br \/>\n<strong>Katarzyna Wieczerzak<\/strong> &#8211; chant, mandole, mandoline, contrebasse, violon, violon<br \/>\n<strong>Tomasz Krzy\u017canowski<\/strong> &#8211; violon<\/p>\n<p>Les trois musiciens jouent ensemble depuis 2016, mais le nom MaKaTo est nouveau \ud83d\ude09<br \/>\nKatarzyna Wieczerzak et Maciek Pietraho jouent ensemble depuis 2010. A l&rsquo;origine \u00e0 Varsovie au Remus Theatre, studio de P.Rucinski et avec \u00ab\u00a0Jak wolnosc to Wolnosc Band\u00a0\u00bb, puis en tant que Owoce Lasu (Fruits of the Forest) Band, Tarara Band avec par exemple Magdalena Bialoch (violon, chant, mandoline). En duo, Maciek et Kasia jouent de la musique polonaise, balkanique, tzigane et bluegrass. Ils sont \u00e9galement fortement inspir\u00e9s par la musique traditionnelle, jazz, exp\u00e9rimentale et th\u00e9\u00e2trale. Dans leurs cr\u00e9ations et arrangements, ils aiment jouer, exp\u00e9rimenter et m\u00e9langer les styles et \u00e9changer des instruments.<br \/>\nLes instruments sur lesquels ils se sont sp\u00e9cialis\u00e9s sont avant tout la mandoline, la mandole et le mandocello, qu&rsquo;ils conqui\u00e8rent \u00e9galement avec leur chant et les sonorit\u00e9s de la contrebasse.<\/p>\n<p><strong>Maciek Pietraho<\/strong><br \/>\nn\u00e9 en 1953 \u00e0 Kielce, Pologne, est issu d&rsquo;une famille artistique-math\u00e9matique avec des impulsions politiques. Tr\u00e8s t\u00f4t, il a montr\u00e9 des talents polyvalents (artistiques, sportifs, humanistes) qui ont \u00e9t\u00e9 couronn\u00e9s de succ\u00e8s (expositions de peinture,<br \/>\nConcerts, comp\u00e9titions sportives). Il a toujours eu une r\u00e9bellion et des valeurs claires, sur lesquelles il est toujours guid\u00e9 aujourd&rsquo;hui. \u00c0 17 ans, il s&rsquo;est enfui de chez lui pour se consacrer \u00e0 la musique, pour \u00e9crire, pour cr\u00e9er ce qu&rsquo;il y a dans son \u00e2me.<br \/>\n\u00c0 l&rsquo;\u00e9cole de musique, il apprend le violon, le basson et la fl\u00fbte.<br \/>\nLa formation des \u00e9tudes musicales d&rsquo;<strong>Henri Wieniawski<\/strong> dans la classe de guitare a repr\u00e9sent\u00e9 un tournant tr\u00e8s important.<br \/>\nEn fait, il est un homme d&rsquo;orchestre et tout ce qu&rsquo;il touche se transforme en son et en musique.<br \/>\nBeaucoup le consid\u00e8rent comme <strong>une figure l\u00e9gendaire de la sc\u00e8ne musicale polonaise<\/strong>.<br \/>\nIl a eu une part et une influence sur le <strong>punk rock, le folk, le jazz, le blues en Pologne<\/strong> (Z\u0142oty Cielec, \u015awiatowy Z\u0105b avec Walek Dzedzej, Andrzej Zuzak (punk rock), groupe de folkie avec Tomasz Winiarski, Dariusz Go\u0142\u0119biewski, ancien groupe de jazz avec Mirek Do\u0142owicz, Jan Gostkiewicz, Groupe avec Ela Mielczarek et Ruci\u0144ski).<br \/>\n\u00c0 partir de 1970, il est l&rsquo;auteur de textes et de musique et participe \u00e0 des projets de th\u00e9\u00e2tre avec Ewa Benesz, Magdalena Ziemska et Ma\u0142gorzata Starowiejska (Mao Star), \u00e0 des productions musicales et cin\u00e9matographiques (Gnoje, Kowalski rencontre Schmidt, Berlin la nuit, Maciek, Dana Lech), tous deux en Pologne ainsi qu&rsquo;en Europe. 1979 &#8211; 80, il fait partie du jury du <strong>Festival de Gostynin<\/strong> (Pologne).<br \/>\n<strong>Son attitude et sa r\u00e9bellion ont inspir\u00e9 de nombreux artistes.<\/strong><br \/>\nUne p\u00e9riode particuli\u00e8rement intense \u00e9tait dans les ann\u00e9es 90 quand il a jou\u00e9 avec le groupe <strong>Jak wolno\u015b\u0107 \u00e0 Wolnosc<\/strong> (nomination Fryderyk 2000).<br \/>\n\u00c0 Berlin, il a jou\u00e9 avec le New Prohibition Band, Romano Swing avec Katjusha Kozubek, Krzysztof Rudowski (Django Reinhardt, Gipsy Folk Swing), avec Laura Bean (Bluegrass), Owoce Lasu Band, Tarara Band avec Katarzyna Wieczerzak et Magdalena Bialoch.<br \/>\nIl joue actuellement avec Illegal Boys et MaKaTo.<\/p>\n<p><strong>Katarzyna Wieczerzak<\/strong><br \/>\nn\u00e9 \u00e0 \u015awidnik, Pologne, dipl\u00f4m\u00e9 de l&rsquo;\u00e9cole de musique publique dans la classe de violon en 2004 et a \u00e9tudi\u00e9 la contrebasse, entre autres. \u00e0 Zbigniew Wegehaupt \u00e0 Varsovie.<br \/>\nElle est <strong>po\u00e8te, musicienne, pantomime, actrice et chor\u00e9graphe ind\u00e9pendante pour le th\u00e9\u00e2tre physique<\/strong>. En 2017, elle compl\u00e8te sa formation en pantomime \/ mime et th\u00e9\u00e2tre physique \u00e0 Die Etage &#8211; School for the Performing Arts Berlin.<br \/>\nDepuis sa jeunesse, elle est sur sc\u00e8ne en tant que cr\u00e9atrice de th\u00e9\u00e2tre et musicienne.<br \/>\n\u00c0 Varsovie, elle faisait partie de l&rsquo;ensemble du Th\u00e9\u00e2tre Nacht Linie, du Th\u00e9\u00e2tre Marebito et du Th\u00e9\u00e2tre Remus. Elle a \u00e9galement jou\u00e9 a.o. avec UmZik\u00dfi Theatre, Circo Matrioshka, Technomarmelade et Panthea Mime Theatre (avec Miriam Flick).<br \/>\nElle a jou\u00e9 avec Owoce Lasu Band, Tarara Band, Janio Gypsy Band, Kudesy de Berlin et le groupe Problems de Luxe.<\/p>\n<p><span class=\"tlid-translation translation\" lang=\"fr\"><strong>Tomasz Krzy\u017canowski<\/strong><br \/>\nn\u00e9 en 1983 \u00e0 Gorz\u00f3w Wielkopolski, Pologne, a grandi avec les Roms et le jazz. Son p\u00e8re <strong>Zbigniew Krzy\u017canowski<\/strong> \u00e9tait \u00e9galement un musicien actif, c.-\u00e0-d. Accord\u00e9oniste qui lui a inculqu\u00e9 l&rsquo;amour et la passion de la musique.<br \/>\nEn 1994, il est dipl\u00f4m\u00e9 de l&rsquo;<strong>\u00c9cole nationale de musique de Gorz\u00f3w Wielkopolski<\/strong> en Pologne, niveau 1, dans la classe d&rsquo;accord\u00e9on et en 1998, il est dipl\u00f4m\u00e9 de la classe de violon. Au d\u00e9but de sa carri\u00e8re, il a \u00e9t\u00e9 li\u00e9 \u00e0 son p\u00e8re, avec qui il a jou\u00e9 dans le Janio Band (Gipsy Music) et s&rsquo;est ensuite impliqu\u00e9 dans d&rsquo;autres projets musicaux.<br \/>\nLes concerts avec Katjusha Kozubek et Jonny Herzberg dans de nombreux festivals avec Romano Swing (Django Reinhardt, Gipsy Folk Swing) ont \u00e9t\u00e9 des influences importantes.<br \/>\nCollaboration avec The Southern Flavor Show, Laura Bean, Maciek Pietraho (bluegrass), duo avec Krzysztof Rudowski (musique de divertissement), Sunny Side avec Jurek Kudlik, Beata Kuczy\u0144ska (jazz standard), Thagar (folklore tzigane) de Pologne avec Artur Szewczyk, Katiusha Kozubek, Damian Szewczyk, Anna D\u0119bicka, Tomasz \/ Przemek avec Przemys\u0142aw Raminiak (Jazz standard).<\/span><\/p>\n","protected":false},"excerpt":{"rendered":"<p>de Pologne Gypsy Swing, Jazz, Musique balkanique et Chansons polonaises Line-up: Maciek Pietraho &#8211; chant, guitare, mandole, mandocello, contrebasse Katarzyna Wieczerzak &#8211; chant, mandole, mandoline, contrebasse, violon, violon Tomasz Krzy\u017canowski &#8211; violon Les trois musiciens jouent ensemble depuis 2016, mais le nom MaKaTo est nouveau \ud83d\ude09 Katarzyna Wieczerzak et Maciek Pietraho jouent ensemble depuis 2010. [&hellip;]<\/p>\n","protected":false},"author":8,"featured_media":0,"parent":3752,"menu_order":0,"comment_status":"closed","ping_status":"closed","template":"","meta":{"footnotes":""},"class_list":["post-4297","page","type-page","status-publish","hentry"],"yoast_head":"<!-- This site is optimized with the Yoast SEO plugin v27.4 - https:\/\/yoast.com\/product\/yoast-seo-wordpress\/ -->\n<title>MAKATO - Ahoi Kultur<\/title>\n<meta name=\"robots\" content=\"index, follow, max-snippet:-1, max-image-preview:large, max-video-preview:-1\" \/>\n<link rel=\"canonical\" href=\"https:\/\/ahoi-kultur.de\/fr\/artistes-a-z\/makato\/\" \/>\n<meta property=\"og:locale\" content=\"fr_FR\" \/>\n<meta property=\"og:type\" content=\"article\" \/>\n<meta property=\"og:title\" content=\"MAKATO - Ahoi Kultur\" \/>\n<meta property=\"og:description\" content=\"de Pologne Gypsy Swing, Jazz, Musique balkanique et Chansons polonaises Line-up: Maciek Pietraho &#8211; chant, guitare, mandole, mandocello, contrebasse Katarzyna Wieczerzak &#8211; chant, mandole, mandoline, contrebasse, violon, violon Tomasz Krzy\u017canowski &#8211; violon Les trois musiciens jouent ensemble depuis 2016, mais le nom MaKaTo est nouveau \ud83d\ude09 Katarzyna Wieczerzak et Maciek Pietraho jouent ensemble depuis 2010. [&hellip;]\" \/>\n<meta property=\"og:url\" content=\"https:\/\/ahoi-kultur.de\/fr\/artistes-a-z\/makato\/\" \/>\n<meta property=\"og:site_name\" content=\"Ahoi Kultur\" \/>\n<meta property=\"article:modified_time\" content=\"2025-10-09T14:38:19+00:00\" \/>\n<meta name=\"twitter:label1\" content=\"Dur\u00e9e de lecture estim\u00e9e\" \/>\n\t<meta name=\"twitter:data1\" content=\"5 minutes\" \/>\n<script type=\"application\/ld+json\" class=\"yoast-schema-graph\">{\"@context\":\"https:\\\/\\\/schema.org\",\"@graph\":[{\"@type\":\"WebPage\",\"@id\":\"https:\\\/\\\/ahoi-kultur.de\\\/fr\\\/artistes-a-z\\\/makato\\\/\",\"url\":\"https:\\\/\\\/ahoi-kultur.de\\\/fr\\\/artistes-a-z\\\/makato\\\/\",\"name\":\"MAKATO - Ahoi Kultur\",\"isPartOf\":{\"@id\":\"https:\\\/\\\/ahoi-kultur.de\\\/fr\\\/#website\"},\"datePublished\":\"2020-10-14T07:18:48+00:00\",\"dateModified\":\"2025-10-09T14:38:19+00:00\",\"breadcrumb\":{\"@id\":\"https:\\\/\\\/ahoi-kultur.de\\\/fr\\\/artistes-a-z\\\/makato\\\/#breadcrumb\"},\"inLanguage\":\"fr-FR\",\"potentialAction\":[{\"@type\":\"ReadAction\",\"target\":[\"https:\\\/\\\/ahoi-kultur.de\\\/fr\\\/artistes-a-z\\\/makato\\\/\"]}]},{\"@type\":\"BreadcrumbList\",\"@id\":\"https:\\\/\\\/ahoi-kultur.de\\\/fr\\\/artistes-a-z\\\/makato\\\/#breadcrumb\",\"itemListElement\":[{\"@type\":\"ListItem\",\"position\":1,\"name\":\"Home\",\"item\":\"https:\\\/\\\/ahoi-kultur.de\\\/fr\\\/\"},{\"@type\":\"ListItem\",\"position\":2,\"name\":\"Artistes A \u2013 Z\",\"item\":\"https:\\\/\\\/ahoi-kultur.de\\\/fr\\\/artistes-a-z\\\/\"},{\"@type\":\"ListItem\",\"position\":3,\"name\":\"MAKATO\"}]},{\"@type\":\"WebSite\",\"@id\":\"https:\\\/\\\/ahoi-kultur.de\\\/fr\\\/#website\",\"url\":\"https:\\\/\\\/ahoi-kultur.de\\\/fr\\\/\",\"name\":\"Ahoi Kultur\",\"description\":\"Artist and Events\",\"publisher\":{\"@id\":\"https:\\\/\\\/ahoi-kultur.de\\\/fr\\\/#organization\"},\"potentialAction\":[{\"@type\":\"SearchAction\",\"target\":{\"@type\":\"EntryPoint\",\"urlTemplate\":\"https:\\\/\\\/ahoi-kultur.de\\\/fr\\\/?s={search_term_string}\"},\"query-input\":{\"@type\":\"PropertyValueSpecification\",\"valueRequired\":true,\"valueName\":\"search_term_string\"}}],\"inLanguage\":\"fr-FR\"},{\"@type\":\"Organization\",\"@id\":\"https:\\\/\\\/ahoi-kultur.de\\\/fr\\\/#organization\",\"name\":\"Ahoi Kultur\",\"url\":\"https:\\\/\\\/ahoi-kultur.de\\\/fr\\\/\",\"logo\":{\"@type\":\"ImageObject\",\"inLanguage\":\"fr-FR\",\"@id\":\"https:\\\/\\\/ahoi-kultur.de\\\/fr\\\/#\\\/schema\\\/logo\\\/image\\\/\",\"url\":\"https:\\\/\\\/ahoi-kultur.de\\\/wp-content\\\/uploads\\\/2013\\\/10\\\/ahoi-kultur-logo.gif\",\"contentUrl\":\"https:\\\/\\\/ahoi-kultur.de\\\/wp-content\\\/uploads\\\/2013\\\/10\\\/ahoi-kultur-logo.gif\",\"width\":454,\"height\":388,\"caption\":\"Ahoi Kultur\"},\"image\":{\"@id\":\"https:\\\/\\\/ahoi-kultur.de\\\/fr\\\/#\\\/schema\\\/logo\\\/image\\\/\"}}]}<\/script>\n<!-- \/ Yoast SEO plugin. -->","yoast_head_json":{"title":"MAKATO - Ahoi Kultur","robots":{"index":"index","follow":"follow","max-snippet":"max-snippet:-1","max-image-preview":"max-image-preview:large","max-video-preview":"max-video-preview:-1"},"canonical":"https:\/\/ahoi-kultur.de\/fr\/artistes-a-z\/makato\/","og_locale":"fr_FR","og_type":"article","og_title":"MAKATO - Ahoi Kultur","og_description":"de Pologne Gypsy Swing, Jazz, Musique balkanique et Chansons polonaises Line-up: Maciek Pietraho &#8211; chant, guitare, mandole, mandocello, contrebasse Katarzyna Wieczerzak &#8211; chant, mandole, mandoline, contrebasse, violon, violon Tomasz Krzy\u017canowski &#8211; violon Les trois musiciens jouent ensemble depuis 2016, mais le nom MaKaTo est nouveau \ud83d\ude09 Katarzyna Wieczerzak et Maciek Pietraho jouent ensemble depuis 2010. [&hellip;]","og_url":"https:\/\/ahoi-kultur.de\/fr\/artistes-a-z\/makato\/","og_site_name":"Ahoi Kultur","article_modified_time":"2025-10-09T14:38:19+00:00","twitter_misc":{"Dur\u00e9e de lecture estim\u00e9e":"5 minutes"},"schema":{"@context":"https:\/\/schema.org","@graph":[{"@type":"WebPage","@id":"https:\/\/ahoi-kultur.de\/fr\/artistes-a-z\/makato\/","url":"https:\/\/ahoi-kultur.de\/fr\/artistes-a-z\/makato\/","name":"MAKATO - Ahoi Kultur","isPartOf":{"@id":"https:\/\/ahoi-kultur.de\/fr\/#website"},"datePublished":"2020-10-14T07:18:48+00:00","dateModified":"2025-10-09T14:38:19+00:00","breadcrumb":{"@id":"https:\/\/ahoi-kultur.de\/fr\/artistes-a-z\/makato\/#breadcrumb"},"inLanguage":"fr-FR","potentialAction":[{"@type":"ReadAction","target":["https:\/\/ahoi-kultur.de\/fr\/artistes-a-z\/makato\/"]}]},{"@type":"BreadcrumbList","@id":"https:\/\/ahoi-kultur.de\/fr\/artistes-a-z\/makato\/#breadcrumb","itemListElement":[{"@type":"ListItem","position":1,"name":"Home","item":"https:\/\/ahoi-kultur.de\/fr\/"},{"@type":"ListItem","position":2,"name":"Artistes A \u2013 Z","item":"https:\/\/ahoi-kultur.de\/fr\/artistes-a-z\/"},{"@type":"ListItem","position":3,"name":"MAKATO"}]},{"@type":"WebSite","@id":"https:\/\/ahoi-kultur.de\/fr\/#website","url":"https:\/\/ahoi-kultur.de\/fr\/","name":"Ahoi Kultur","description":"Artist and Events","publisher":{"@id":"https:\/\/ahoi-kultur.de\/fr\/#organization"},"potentialAction":[{"@type":"SearchAction","target":{"@type":"EntryPoint","urlTemplate":"https:\/\/ahoi-kultur.de\/fr\/?s={search_term_string}"},"query-input":{"@type":"PropertyValueSpecification","valueRequired":true,"valueName":"search_term_string"}}],"inLanguage":"fr-FR"},{"@type":"Organization","@id":"https:\/\/ahoi-kultur.de\/fr\/#organization","name":"Ahoi Kultur","url":"https:\/\/ahoi-kultur.de\/fr\/","logo":{"@type":"ImageObject","inLanguage":"fr-FR","@id":"https:\/\/ahoi-kultur.de\/fr\/#\/schema\/logo\/image\/","url":"https:\/\/ahoi-kultur.de\/wp-content\/uploads\/2013\/10\/ahoi-kultur-logo.gif","contentUrl":"https:\/\/ahoi-kultur.de\/wp-content\/uploads\/2013\/10\/ahoi-kultur-logo.gif","width":454,"height":388,"caption":"Ahoi Kultur"},"image":{"@id":"https:\/\/ahoi-kultur.de\/fr\/#\/schema\/logo\/image\/"}}]}},"_links":{"self":[{"href":"https:\/\/ahoi-kultur.de\/fr\/wp-json\/wp\/v2\/pages\/4297","targetHints":{"allow":["GET"]}}],"collection":[{"href":"https:\/\/ahoi-kultur.de\/fr\/wp-json\/wp\/v2\/pages"}],"about":[{"href":"https:\/\/ahoi-kultur.de\/fr\/wp-json\/wp\/v2\/types\/page"}],"author":[{"embeddable":true,"href":"https:\/\/ahoi-kultur.de\/fr\/wp-json\/wp\/v2\/users\/8"}],"replies":[{"embeddable":true,"href":"https:\/\/ahoi-kultur.de\/fr\/wp-json\/wp\/v2\/comments?post=4297"}],"version-history":[{"count":8,"href":"https:\/\/ahoi-kultur.de\/fr\/wp-json\/wp\/v2\/pages\/4297\/revisions"}],"predecessor-version":[{"id":10461,"href":"https:\/\/ahoi-kultur.de\/fr\/wp-json\/wp\/v2\/pages\/4297\/revisions\/10461"}],"up":[{"embeddable":true,"href":"https:\/\/ahoi-kultur.de\/fr\/wp-json\/wp\/v2\/pages\/3752"}],"wp:attachment":[{"href":"https:\/\/ahoi-kultur.de\/fr\/wp-json\/wp\/v2\/media?parent=4297"}],"curies":[{"name":"wp","href":"https:\/\/api.w.org\/{rel}","templated":true}]}}