{"id":487,"date":"2013-10-04T18:52:13","date_gmt":"2013-10-04T16:52:13","guid":{"rendered":"https:\/\/ahoi-kultur.de\/?page_id=487"},"modified":"2025-07-30T16:10:35","modified_gmt":"2025-07-30T14:10:35","slug":"histoire","status":"publish","type":"page","link":"https:\/\/ahoi-kultur.de\/fr\/concernant-ahoi\/histoire\/","title":{"rendered":"Histoire"},"content":{"rendered":"<p>p.e.<br \/>\n<a href=\"https:\/\/ahoi-kultur.de\/fr\/festival-pour-la-journee-internationale-de-lutte-des-femmes\/\" target=\"_blank\" rel=\"noopener\">Festliche Frauenversammlung mit Fete<\/a>, journ\u00e9e internationale de la femme 8. Mars 2022-2025<br \/>\n<a href=\"https:\/\/www.blues-train-festival.com\/\" target=\"_blank\" rel=\"noopener\">European Blues Train Festival<\/a><br \/>\n<a href=\"http:\/\/www.vive-l-afrique.de\" target=\"_blank\" rel=\"noopener\">VIVE L&rsquo;AFRIQUE<\/a> &#8211; Afrikafestival Berlin-L\u00fcbars (2014 &#8211; 2019)<br \/>\nAHOI-B\u00fchne Kreuzberg-Festival, aka Bergmannstrassen-Festival (2007 &#8211; 2025)<br \/>\n<a href=\"http:\/\/www.woka-kuma.de\" target=\"_blank\" rel=\"noopener\">WOKA KUMA<\/a>, Burkina Faso Festival<br \/>\nKreative Br\u00fccke mit Burkina Faso beim <a href=\"http:\/\/www.woka-kuma.de\/festico\" target=\"_blank\" rel=\"noopener\">FESTICO<\/a> (2018)<br \/>\nLIEBELLA &#8211; Damenball (2014)<br \/>\nMARIMBA MEETS BALAFON (2015)<br \/>\n<a href=\"http:\/\/www.miriam-makeba-mem.de\" target=\"_blank\" rel=\"noopener\">MIRIAM MAKEBA MEM<\/a> (2012 + 2016)<br \/>\nNACHT DER BEFREITEN S\u00c4NGERINNEN (2009)<br \/>\nKEEP ON MOVING (2008 \u2013 2009)<br \/>\nROMANO BIJAV, Gipsy-Festival (2008-2009)<br \/>\nBERLIN HENDRIX BASH (2004 &#8211; 2011)<br \/>\nKARAWANE AHOI (2004) zum Umzug BKA-Luftschloss<br \/>\nKULTHUR-Festival (2000)<br \/>\nLOSAR \u2013 Tibetisches Neujahrs-Festival (1999 \u2013 2007 + 2016)<br \/>\nMACHT WAHN SINN (2000), FREEDOM OF THOUGHT (2002) mit Irrenoffensive<br \/>\nMoKATO \u2013 afrikanische KulturSalon (2000 \u2013 2002)<br \/>\nTRANS-FEMINISME (1999)<br \/>\n<a href=\"http:\/\/www.l\u00e4sbisch-tv.de\" target=\"_blank\" rel=\"noopener\">L\u00c4SBISCH-TV <\/a>(1991-93)<br \/>\nRUSSISCH-DEUTSCHER Austausch (1992 \u2013 2015)<br \/>\nPELZE-multimedia, Experimental Female Art (1986 \u2013 1990)<\/p>\n","protected":false},"excerpt":{"rendered":"<p>p.e. Festliche Frauenversammlung mit Fete, journ\u00e9e internationale de la femme 8. Mars 2022-2025 European Blues Train Festival VIVE L&rsquo;AFRIQUE &#8211; Afrikafestival Berlin-L\u00fcbars (2014 &#8211; 2019) AHOI-B\u00fchne Kreuzberg-Festival, aka Bergmannstrassen-Festival (2007 &#8211; 2025) WOKA KUMA, Burkina Faso Festival Kreative Br\u00fccke mit Burkina Faso beim FESTICO (2018) LIEBELLA &#8211; Damenball (2014) MARIMBA MEETS BALAFON (2015) MIRIAM MAKEBA [&hellip;]<\/p>\n","protected":false},"author":8,"featured_media":0,"parent":159,"menu_order":0,"comment_status":"closed","ping_status":"closed","template":"page-templates\/full-width.php","meta":{"footnotes":""},"class_list":["post-487","page","type-page","status-publish","hentry"],"yoast_head":"<!-- This site is optimized with the Yoast SEO plugin v27.3 - https:\/\/yoast.com\/product\/yoast-seo-wordpress\/ -->\n<title>Histoire - Ahoi Kultur<\/title>\n<meta name=\"robots\" content=\"index, follow, max-snippet:-1, max-image-preview:large, max-video-preview:-1\" \/>\n<link rel=\"canonical\" href=\"https:\/\/ahoi-kultur.de\/fr\/concernant-ahoi\/histoire\/\" \/>\n<meta property=\"og:locale\" content=\"fr_FR\" \/>\n<meta property=\"og:type\" content=\"article\" \/>\n<meta property=\"og:title\" content=\"Histoire - Ahoi Kultur\" \/>\n<meta property=\"og:description\" content=\"p.e. Festliche Frauenversammlung mit Fete, journ\u00e9e internationale de la femme 8. Mars 2022-2025 European Blues Train Festival VIVE L&rsquo;AFRIQUE &#8211; Afrikafestival Berlin-L\u00fcbars (2014 &#8211; 2019) AHOI-B\u00fchne Kreuzberg-Festival, aka Bergmannstrassen-Festival (2007 &#8211; 2025) WOKA KUMA, Burkina Faso Festival Kreative Br\u00fccke mit Burkina Faso beim FESTICO (2018) LIEBELLA &#8211; Damenball (2014) MARIMBA MEETS BALAFON (2015) MIRIAM MAKEBA [&hellip;]\" \/>\n<meta property=\"og:url\" content=\"https:\/\/ahoi-kultur.de\/fr\/concernant-ahoi\/histoire\/\" \/>\n<meta property=\"og:site_name\" content=\"Ahoi Kultur\" \/>\n<meta property=\"article:modified_time\" content=\"2025-07-30T14:10:35+00:00\" \/>\n<meta name=\"twitter:label1\" content=\"Dur\u00e9e de lecture estim\u00e9e\" \/>\n\t<meta name=\"twitter:data1\" content=\"1 minute\" \/>\n<script type=\"application\/ld+json\" class=\"yoast-schema-graph\">{\"@context\":\"https:\\\/\\\/schema.org\",\"@graph\":[{\"@type\":\"WebPage\",\"@id\":\"https:\\\/\\\/ahoi-kultur.de\\\/fr\\\/concernant-ahoi\\\/histoire\\\/\",\"url\":\"https:\\\/\\\/ahoi-kultur.de\\\/fr\\\/concernant-ahoi\\\/histoire\\\/\",\"name\":\"Histoire - Ahoi Kultur\",\"isPartOf\":{\"@id\":\"https:\\\/\\\/ahoi-kultur.de\\\/fr\\\/#website\"},\"datePublished\":\"2013-10-04T16:52:13+00:00\",\"dateModified\":\"2025-07-30T14:10:35+00:00\",\"breadcrumb\":{\"@id\":\"https:\\\/\\\/ahoi-kultur.de\\\/fr\\\/concernant-ahoi\\\/histoire\\\/#breadcrumb\"},\"inLanguage\":\"fr-FR\",\"potentialAction\":[{\"@type\":\"ReadAction\",\"target\":[\"https:\\\/\\\/ahoi-kultur.de\\\/fr\\\/concernant-ahoi\\\/histoire\\\/\"]}]},{\"@type\":\"BreadcrumbList\",\"@id\":\"https:\\\/\\\/ahoi-kultur.de\\\/fr\\\/concernant-ahoi\\\/histoire\\\/#breadcrumb\",\"itemListElement\":[{\"@type\":\"ListItem\",\"position\":1,\"name\":\"Home\",\"item\":\"https:\\\/\\\/ahoi-kultur.de\\\/fr\\\/\"},{\"@type\":\"ListItem\",\"position\":2,\"name\":\"Concernant AHOI\",\"item\":\"https:\\\/\\\/ahoi-kultur.de\\\/fr\\\/\"},{\"@type\":\"ListItem\",\"position\":3,\"name\":\"Histoire\"}]},{\"@type\":\"WebSite\",\"@id\":\"https:\\\/\\\/ahoi-kultur.de\\\/fr\\\/#website\",\"url\":\"https:\\\/\\\/ahoi-kultur.de\\\/fr\\\/\",\"name\":\"Ahoi Kultur\",\"description\":\"Artist and Events\",\"publisher\":{\"@id\":\"https:\\\/\\\/ahoi-kultur.de\\\/fr\\\/#organization\"},\"potentialAction\":[{\"@type\":\"SearchAction\",\"target\":{\"@type\":\"EntryPoint\",\"urlTemplate\":\"https:\\\/\\\/ahoi-kultur.de\\\/fr\\\/?s={search_term_string}\"},\"query-input\":{\"@type\":\"PropertyValueSpecification\",\"valueRequired\":true,\"valueName\":\"search_term_string\"}}],\"inLanguage\":\"fr-FR\"},{\"@type\":\"Organization\",\"@id\":\"https:\\\/\\\/ahoi-kultur.de\\\/fr\\\/#organization\",\"name\":\"Ahoi Kultur\",\"url\":\"https:\\\/\\\/ahoi-kultur.de\\\/fr\\\/\",\"logo\":{\"@type\":\"ImageObject\",\"inLanguage\":\"fr-FR\",\"@id\":\"https:\\\/\\\/ahoi-kultur.de\\\/fr\\\/#\\\/schema\\\/logo\\\/image\\\/\",\"url\":\"https:\\\/\\\/ahoi-kultur.de\\\/wp-content\\\/uploads\\\/2013\\\/10\\\/ahoi-kultur-logo.gif\",\"contentUrl\":\"https:\\\/\\\/ahoi-kultur.de\\\/wp-content\\\/uploads\\\/2013\\\/10\\\/ahoi-kultur-logo.gif\",\"width\":454,\"height\":388,\"caption\":\"Ahoi Kultur\"},\"image\":{\"@id\":\"https:\\\/\\\/ahoi-kultur.de\\\/fr\\\/#\\\/schema\\\/logo\\\/image\\\/\"}}]}<\/script>\n<!-- \/ Yoast SEO plugin. -->","yoast_head_json":{"title":"Histoire - Ahoi Kultur","robots":{"index":"index","follow":"follow","max-snippet":"max-snippet:-1","max-image-preview":"max-image-preview:large","max-video-preview":"max-video-preview:-1"},"canonical":"https:\/\/ahoi-kultur.de\/fr\/concernant-ahoi\/histoire\/","og_locale":"fr_FR","og_type":"article","og_title":"Histoire - Ahoi Kultur","og_description":"p.e. Festliche Frauenversammlung mit Fete, journ\u00e9e internationale de la femme 8. Mars 2022-2025 European Blues Train Festival VIVE L&rsquo;AFRIQUE &#8211; Afrikafestival Berlin-L\u00fcbars (2014 &#8211; 2019) AHOI-B\u00fchne Kreuzberg-Festival, aka Bergmannstrassen-Festival (2007 &#8211; 2025) WOKA KUMA, Burkina Faso Festival Kreative Br\u00fccke mit Burkina Faso beim FESTICO (2018) LIEBELLA &#8211; Damenball (2014) MARIMBA MEETS BALAFON (2015) MIRIAM MAKEBA [&hellip;]","og_url":"https:\/\/ahoi-kultur.de\/fr\/concernant-ahoi\/histoire\/","og_site_name":"Ahoi Kultur","article_modified_time":"2025-07-30T14:10:35+00:00","twitter_misc":{"Dur\u00e9e de lecture estim\u00e9e":"1 minute"},"schema":{"@context":"https:\/\/schema.org","@graph":[{"@type":"WebPage","@id":"https:\/\/ahoi-kultur.de\/fr\/concernant-ahoi\/histoire\/","url":"https:\/\/ahoi-kultur.de\/fr\/concernant-ahoi\/histoire\/","name":"Histoire - Ahoi Kultur","isPartOf":{"@id":"https:\/\/ahoi-kultur.de\/fr\/#website"},"datePublished":"2013-10-04T16:52:13+00:00","dateModified":"2025-07-30T14:10:35+00:00","breadcrumb":{"@id":"https:\/\/ahoi-kultur.de\/fr\/concernant-ahoi\/histoire\/#breadcrumb"},"inLanguage":"fr-FR","potentialAction":[{"@type":"ReadAction","target":["https:\/\/ahoi-kultur.de\/fr\/concernant-ahoi\/histoire\/"]}]},{"@type":"BreadcrumbList","@id":"https:\/\/ahoi-kultur.de\/fr\/concernant-ahoi\/histoire\/#breadcrumb","itemListElement":[{"@type":"ListItem","position":1,"name":"Home","item":"https:\/\/ahoi-kultur.de\/fr\/"},{"@type":"ListItem","position":2,"name":"Concernant AHOI","item":"https:\/\/ahoi-kultur.de\/fr\/"},{"@type":"ListItem","position":3,"name":"Histoire"}]},{"@type":"WebSite","@id":"https:\/\/ahoi-kultur.de\/fr\/#website","url":"https:\/\/ahoi-kultur.de\/fr\/","name":"Ahoi Kultur","description":"Artist and Events","publisher":{"@id":"https:\/\/ahoi-kultur.de\/fr\/#organization"},"potentialAction":[{"@type":"SearchAction","target":{"@type":"EntryPoint","urlTemplate":"https:\/\/ahoi-kultur.de\/fr\/?s={search_term_string}"},"query-input":{"@type":"PropertyValueSpecification","valueRequired":true,"valueName":"search_term_string"}}],"inLanguage":"fr-FR"},{"@type":"Organization","@id":"https:\/\/ahoi-kultur.de\/fr\/#organization","name":"Ahoi Kultur","url":"https:\/\/ahoi-kultur.de\/fr\/","logo":{"@type":"ImageObject","inLanguage":"fr-FR","@id":"https:\/\/ahoi-kultur.de\/fr\/#\/schema\/logo\/image\/","url":"https:\/\/ahoi-kultur.de\/wp-content\/uploads\/2013\/10\/ahoi-kultur-logo.gif","contentUrl":"https:\/\/ahoi-kultur.de\/wp-content\/uploads\/2013\/10\/ahoi-kultur-logo.gif","width":454,"height":388,"caption":"Ahoi Kultur"},"image":{"@id":"https:\/\/ahoi-kultur.de\/fr\/#\/schema\/logo\/image\/"}}]}},"_links":{"self":[{"href":"https:\/\/ahoi-kultur.de\/fr\/wp-json\/wp\/v2\/pages\/487","targetHints":{"allow":["GET"]}}],"collection":[{"href":"https:\/\/ahoi-kultur.de\/fr\/wp-json\/wp\/v2\/pages"}],"about":[{"href":"https:\/\/ahoi-kultur.de\/fr\/wp-json\/wp\/v2\/types\/page"}],"author":[{"embeddable":true,"href":"https:\/\/ahoi-kultur.de\/fr\/wp-json\/wp\/v2\/users\/8"}],"replies":[{"embeddable":true,"href":"https:\/\/ahoi-kultur.de\/fr\/wp-json\/wp\/v2\/comments?post=487"}],"version-history":[{"count":11,"href":"https:\/\/ahoi-kultur.de\/fr\/wp-json\/wp\/v2\/pages\/487\/revisions"}],"predecessor-version":[{"id":9863,"href":"https:\/\/ahoi-kultur.de\/fr\/wp-json\/wp\/v2\/pages\/487\/revisions\/9863"}],"up":[{"embeddable":true,"href":"https:\/\/ahoi-kultur.de\/fr\/wp-json\/wp\/v2\/pages\/159"}],"wp:attachment":[{"href":"https:\/\/ahoi-kultur.de\/fr\/wp-json\/wp\/v2\/media?parent=487"}],"curies":[{"name":"wp","href":"https:\/\/api.w.org\/{rel}","templated":true}]}}