{"id":5233,"date":"2022-09-28T16:39:35","date_gmt":"2022-09-28T14:39:35","guid":{"rendered":"https:\/\/ahoi-kultur.de\/?page_id=5233\/"},"modified":"2025-10-08T15:31:30","modified_gmt":"2025-10-08T13:31:30","slug":"badkat","status":"publish","type":"page","link":"https:\/\/ahoi-kultur.de\/fr\/artistes-a-z\/badkat\/","title":{"rendered":"BADKAT"},"content":{"rendered":"<p><div id=\"metaslider-id-5269\" style=\"max-width: 300px;\" class=\"ml-slider-3-107-0 metaslider metaslider-flex metaslider-5269 ml-slider has-onhover-arrows ms-theme-default nav-hidden\" role=\"region\" aria-label=\"BADKAT\" data-height=\"300\" data-width=\"300\">\n    <div id=\"metaslider_container_5269\">\n        <div id=\"metaslider_5269\" class=\"flexslider\">\n            <ul class='slides'>\n                <li style=\"display: block; width: 100%;\" class=\"slide-5489 ms-image \" aria-roledescription=\"slide\" data-date=\"2022-10-03 16:16:35\" data-filename=\"BadKat_c_cocox22x_kl-227x227.jpg\" data-slide-type=\"image\"><img decoding=\"async\" src=\"https:\/\/ahoi-kultur.de\/wp-content\/uploads\/2022\/10\/BadKat_c_cocox22x_kl-227x227.jpg\" height=\"300\" width=\"300\" alt=\"\" class=\"slider-5269 slide-5489 msDefaultImage\" title=\"BadKat_(c)_cocox22x_kl\" \/><div class=\"caption-wrap\"><div class=\"caption\">BadKat<\/div><\/div><\/li>\n                <li style=\"display: none; width: 100%;\" class=\"slide-5490 ms-image \" aria-roledescription=\"slide\" data-date=\"2022-10-03 16:16:52\" data-filename=\"Music-page-header_kl-157x157.jpg\" data-slide-type=\"image\"><img decoding=\"async\" src=\"https:\/\/ahoi-kultur.de\/wp-content\/uploads\/2022\/10\/Music-page-header_kl-157x157.jpg\" height=\"300\" width=\"300\" alt=\"\" class=\"slider-5269 slide-5490 msDefaultImage\" title=\"Music page header_kl\" \/><div class=\"caption-wrap\"><div class=\"caption\">BadKat<\/div><\/div><\/li>\n                <li style=\"display: none; width: 100%;\" class=\"slide-5491 ms-image \" aria-roledescription=\"slide\" data-date=\"2022-10-03 16:17:07\" data-filename=\"BadKat_bw_c_cocox22x_kl-300x300.jpg\" data-slide-type=\"image\"><img decoding=\"async\" src=\"https:\/\/ahoi-kultur.de\/wp-content\/uploads\/2022\/10\/BadKat_bw_c_cocox22x_kl-300x300.jpg\" height=\"300\" width=\"300\" alt=\"\" class=\"slider-5269 slide-5491 msDefaultImage\" title=\"BadKat_bw_(c)_cocox22x_kl\" \/><div class=\"caption-wrap\"><div class=\"caption\">BadKat<\/div><\/div><\/li>\n                <li style=\"display: none; width: 100%;\" class=\"slide-5492 ms-image \" aria-roledescription=\"slide\" data-date=\"2022-10-03 16:17:25\" data-filename=\"Dana_Shanti-1-208x208.jpg\" data-slide-type=\"image\"><img decoding=\"async\" src=\"https:\/\/ahoi-kultur.de\/wp-content\/uploads\/2022\/10\/Dana_Shanti-1-208x208.jpg\" height=\"300\" width=\"300\" alt=\"\" class=\"slider-5269 slide-5492 msDefaultImage\" title=\"Dana_Shanti\" \/><div class=\"caption-wrap\"><div class=\"caption\">Dana Shanti<\/div><\/div><\/li>\n                <li style=\"display: none; width: 100%;\" class=\"slide-5539 ms-image \" aria-roledescription=\"slide\" data-date=\"2022-10-04 20:49:36\" data-filename=\"Giotto-Badkat--224x224.jpg\" data-slide-type=\"image\"><img decoding=\"async\" src=\"https:\/\/ahoi-kultur.de\/wp-content\/uploads\/2022\/10\/Giotto-Badkat--224x224.jpg\" height=\"300\" width=\"300\" alt=\"\" class=\"slider-5269 slide-5539 msDefaultImage\" title=\"Giotto &amp; Badkat\" \/><div class=\"caption-wrap\"><div class=\"caption\">BadKat &amp; Giotto<\/div><\/div><\/li>\n                <li style=\"display: none; width: 100%;\" class=\"slide-5542 ms-image \" aria-roledescription=\"slide\" data-date=\"2022-10-04 20:50:38\" data-filename=\"Diana-Shianti_proc_kl-300x300.jpg\" data-slide-type=\"image\"><img decoding=\"async\" src=\"https:\/\/ahoi-kultur.de\/wp-content\/uploads\/2022\/10\/Diana-Shianti_proc_kl-300x300.jpg\" height=\"300\" width=\"300\" alt=\"\" class=\"slider-5269 slide-5542 msDefaultImage\" title=\"Diana Shianti\" \/><div class=\"caption-wrap\"><div class=\"caption\">Diana Shanti<\/div><\/div><\/li>\n                <li style=\"display: none; width: 100%;\" class=\"slide-10419 ms-image \" aria-roledescription=\"slide\" data-date=\"2025-10-08 15:42:58\" data-filename=\"Nico-KLeihn-2-286x286.png\" data-slide-type=\"image\"><img decoding=\"async\" src=\"https:\/\/ahoi-kultur.de\/wp-content\/uploads\/2022\/10\/Nico-KLeihn-2-286x286.png\" height=\"300\" width=\"300\" alt=\"\" class=\"slider-5269 slide-10419 msDefaultImage\" title=\"Nico KLeihn 2\" \/><div class=\"caption-wrap\"><div class=\"caption\">Nico Kleihn<\/div><\/div><\/li>\n                <li style=\"display: none; width: 100%;\" class=\"slide-10420 ms-image \" aria-roledescription=\"slide\" data-date=\"2025-10-08 15:42:59\" data-filename=\"zeichnung-300x300.jpg\" data-slide-type=\"image\"><img decoding=\"async\" src=\"https:\/\/ahoi-kultur.de\/wp-content\/uploads\/2022\/10\/zeichnung-300x300.jpg\" height=\"300\" width=\"300\" alt=\"\" class=\"slider-5269 slide-10420 msDefaultImage\" title=\"zeichnung\" \/><div class=\"caption-wrap\"><div class=\"caption\">Wynton + Nico<\/div><\/div><\/li>\n                <li style=\"display: none; width: 100%;\" class=\"slide-10421 ms-image \" aria-roledescription=\"slide\" data-date=\"2025-10-08 15:43:49\" data-filename=\"Wynton-Kelly-Stevension_soundcloud-300x300.jpg\" data-slide-type=\"image\"><img decoding=\"async\" src=\"https:\/\/ahoi-kultur.de\/wp-content\/uploads\/2022\/10\/Wynton-Kelly-Stevension_soundcloud-300x300.jpg\" height=\"300\" width=\"300\" alt=\"\" class=\"slider-5269 slide-10421 msDefaultImage\" title=\"Wynton Kelly Stevension_soundcloud\" \/><div class=\"caption-wrap\"><div class=\"caption\">Wynton Kelly Stevenson<\/div><\/div><\/li>\n            <\/ul>\n        <\/div>\n        \n    <\/div>\n<\/div><br \/>\n<strong>Rock, Blues, Electronic, Experimental<img decoding=\"async\" class=\" wp-image-5488 alignright\" src=\"https:\/\/ahoi-kultur.de\/wp-content\/uploads\/2022\/10\/badkat-\u2013-LOGO-300x264.png\" alt=\"\" width=\"181\" height=\"160\" srcset=\"https:\/\/ahoi-kultur.de\/wp-content\/uploads\/2022\/10\/badkat-\u2013-LOGO-300x264.png 300w, https:\/\/ahoi-kultur.de\/wp-content\/uploads\/2022\/10\/badkat-\u2013-LOGO.png 312w\" sizes=\"(max-width: 181px) 100vw, 181px\" \/><br \/>\n<em>Voir \u00e9galement:<\/em><a href=\"http:\/\/badkat.biz\" target=\"_blank\" rel=\"noopener\">http:\/\/badkat.biz<\/a><br \/>\n<\/strong><em>Solo:<\/em> voc, b, loop<strong><br \/>\n<\/strong><em>Duo:<\/em> avec <strong>Wynton Kelly Stevenson<br \/>\n<\/strong><em>Band<\/em>:<br \/>\n<strong>BadKat<\/strong> de Florida\/USA \u2013 voc + b<br \/>\n<strong>Dana Shanti<\/strong> de Allemagne \u2013 voc+piano<br \/>\n<strong>Se\u00e0n Beatty<\/strong> de Irlande \u2013 batterie<br \/>\n<strong>Nico Kleihn<\/strong> de Argentin \u2013 guit<br \/>\n<strong>Wynton Kelly Stevenson<\/strong> de New Jersey\/USA \u2013 harmonica, beatbox<br \/>\n<em>Special Guest: <\/em><strong>Kiko King<\/strong> &#8211; voc<\/p>\n<p>Avec plus de 25 ans d&rsquo;exp\u00e9rience dans l&rsquo;industrie comp\u00e9titive du hip-hop international, BadKat impressionne actuellement le public avec des chansons de son prochain album de rock exp\u00e9rimental autoproduit \u00ab\u00a0<strong>She Wolf Half Lion<\/strong>\u00ab\u00a0. En \u00e9crivant, arrangeant et mixant leurs productions, BadKat a cr\u00e9\u00e9 un style musical qui int\u00e8gre \u00e0 la fois des sons rock, blues, hip hop et \u00e9lectroniques. Elle a parfaitement mis en place la station de lancement pour que sa voix m\u00e9lodique country-esque du sud d\u00e9colle.<br \/>\nSa puissante pr\u00e9sence sc\u00e9nique et vocale grave profond\u00e9ment dans l&rsquo;esprit des auditeurs avec des paroles poignantes, \u00e9sot\u00e9riques et contemporaines.<br \/>\nOriginaire de Floride, aux \u00c9tats-Unis, BadKat vit \u00e0 Berlin depuis de nombreuses ann\u00e9es et est \u00e9galement un DJ populaire, offrant aux amateurs de clubs des sets ghouse \u00e0 faire monter l&rsquo;adr\u00e9naline. Elle a r\u00e9cemment lanc\u00e9 sa plateforme de musique et de fitness Angel of Mud, faisant le pont entre la musique \u00e9lectronique et le fitness personnel, nous \u00e9patant avec \u00ab\u00a0Kissing Medusa\u00a0\u00bb, \u00ab\u00a0Southern Comfort\u00a0\u00bb, \u00ab\u00a0Kleshas\u00a0\u00bb, \u00ab\u00a0Cuz You Don&rsquo;t Deserve Me\u00a0\u00bb, beaucoup de singles et \u00ab\u00a0Dissociation\u00a0\u00bb est le premier album de Dungeon Mob.<\/p>\n<p><span style=\"color: #0000ff;\"><strong><em>Les Musiciens:<\/em><\/strong><\/span><\/p>\n<p><a href=\"https:\/\/danashanti.com\/\" target=\"_blank\" rel=\"noopener\"><strong>Dana Shanti<\/strong><\/a><br \/>\nLa musicienne bas\u00e9e \u00e0 Berlin est de l&rsquo;\u00e9poque r\u00e9volue o\u00f9 son pays tremblait \u00e0 l&rsquo;ombre du mur de Berlin. Derri\u00e8re ce mur, elle a appris tr\u00e8s t\u00f4t \u00e0 cr\u00e9er ce qu&rsquo;elle ne pourrait pas r\u00e9aliser autrement. Cette le\u00e7on l&rsquo;a inspir\u00e9e \u00e0 jouer des compositions musicales avec de nombreux instruments. Depuis ses premi\u00e8res performances en 2001, en tant que choriste dans le groupe \u00ab\u00a070th Child\u00a0\u00bb, elle a su se faire une place dans le c\u0153ur du public avec une grande vari\u00e9t\u00e9 de projets. Musicalement, elle combine les tons du jazz avec le blues et le folk, le groove du hip-hop avec la clart\u00e9 de la musique classique, et raconte la douleur, le d\u00e9sir, la proximit\u00e9 et la gu\u00e9rison avec sa voix soul et chaleureuse ; intemporel, touchant et authentique.<br \/>\nImpr\u00e9gn\u00e9e de nuances et de subtilit\u00e9s, sa musique se pr\u00e9sente comme un anti-pop pour l&rsquo;oreille patiente et avertie : Une \u201eTerrible Slow Burn\u201c.<\/p>\n<p><a href=\"https:\/\/www.facebook.com\/Djgiotto\" target=\"_blank\" rel=\"noopener\"><strong>Se\u00e0n Beatty \u201eGiotto\u201c<\/strong><\/a><br \/>\nEn 2015, il a produit un album \u00ab\u00a0Trapped in a world behind my eyelids\u00a0\u00bb avec BadKat avec Electronic Hip Hop, Bass Music Dubstep &amp; Trap. Avec Wynton Kelly Stevenson, il a sorti un premier EP \u00ab\u00a0No Salad, Not Rabbit\u00a0\u00bb sur DubsAlive Records et l&rsquo;a accompagn\u00e9 avec des lignes de basse lourdes et de la batterie en direct lors de certains concerts. Depuis 2008, il fait partie du duo irlandais \u00ab\u00a0Braintheft\u00a0\u00bb bas\u00e9 \u00e0 Berlin avec dubstep, dub, trip hop et un son dub psych\u00e9d\u00e9lique unique.<\/p>\n<p><a href=\"https:\/\/ahoi-kultur.de\/fr\/artistes-a-z\/the-wyntonikos\/\" target=\"_blank\" rel=\"noopener\"><strong>Nico Kleihn<\/strong><\/a><br \/>\nde Buenos Aires, il a commenc\u00e9 \u00e0 jouer de la guitare \u00e0 l&rsquo;\u00e2ge de 10 ans et a \u00e9tudi\u00e9 au \u00ab\u00a0Conservatorio Beethoven\u00a0\u00bb \u00e0 l&rsquo;\u00e2ge de 16 ans et est all\u00e9 \u00e0 l&rsquo;universit\u00e9 \u00e0 l&rsquo;\u00e2ge de 20 ans.<br \/>\nLa production musicale \u00e0 \u00ab\u00a0EMBA\u00a0\u00bb, la production d&rsquo;\u00e9v\u00e9nements \u00e0 \u00ab\u00a0UADE\u00a0\u00bb, ont rapidement commenc\u00e9 avec les groupes VTH (Vermouth), Coco Magnolias, Soda Can, Paff, Toro Santo.<br \/>\nDepuis 2019, il vit \u00e0 Berlin et joue avec BadKat, The Otherness, Mystery Of Chaos et The WyntoNikos.<\/p>\n<p><a href=\"https:\/\/ahoi-kultur.de\/fr\/artistes-a-z\/the-wyntonikos\/\" target=\"_blank\" rel=\"noopener\"><strong>Wynton Kelly Stevenson<\/strong><\/a><br \/>\nL&rsquo;Afro-am\u00e9ricain du New Jersey se fait appeler Das Wyndstrument, faisant allusion \u00e0 son harmonica, il combine les meilleurs blues, beat bass, jazz exp\u00e9rimental avec la loop station &amp; beat boxes et est un ambassadeur de la marque du c\u00e9l\u00e8bre fabricant allemand HOHNER.<br \/>\nN\u00e9 en 1973, du nom du grand pianiste Wynton Kelly, fils du grand musicien de jazz et compositeur Rudy Stevenson, et depuis 1988 de nombreuses performances avec son groupe : Rudy Stevenson Soul Band. Il s&rsquo;entra\u00eene \u00e0 ses c\u00f4t\u00e9s depuis l&rsquo;enfance et s&rsquo;impr\u00e8gne d&rsquo;influences allant du jazz au hip-hop.<br \/>\nEn 2008, \u00e0 Berlin, totalement extraverti, pr\u00eat \u00e0 s&rsquo;amuser, il organise une f\u00eate pour la foule. Beatbox, harmonica, loopstation, effets et machines en tous genres, Wynton est un monstre. Un artiste qualifi\u00e9 &#8211; joue comme un groupe entier et est <strong>un joyau de la sc\u00e8ne musicale alternative de Berlin.<\/strong><\/p>\n","protected":false},"excerpt":{"rendered":"<p>Rock, Blues, Electronic, Experimental Voir \u00e9galement:http:\/\/badkat.biz Solo: voc, b, loop Duo: avec Wynton Kelly Stevenson Band: BadKat de Florida\/USA \u2013 voc + b Dana Shanti de Allemagne \u2013 voc+piano Se\u00e0n Beatty de Irlande \u2013 batterie Nico Kleihn de Argentin \u2013 guit Wynton Kelly Stevenson de New Jersey\/USA \u2013 harmonica, beatbox Special Guest: Kiko King &#8211; [&hellip;]<\/p>\n","protected":false},"author":8,"featured_media":0,"parent":3752,"menu_order":0,"comment_status":"closed","ping_status":"closed","template":"","meta":{"footnotes":""},"class_list":["post-5233","page","type-page","status-publish","hentry"],"yoast_head":"<!-- This site is optimized with the Yoast SEO plugin v27.3 - https:\/\/yoast.com\/product\/yoast-seo-wordpress\/ -->\n<title>BADKAT - Ahoi Kultur<\/title>\n<meta name=\"robots\" content=\"index, follow, max-snippet:-1, max-image-preview:large, max-video-preview:-1\" \/>\n<link rel=\"canonical\" href=\"https:\/\/ahoi-kultur.de\/fr\/artistes-a-z\/badkat\/\" \/>\n<meta property=\"og:locale\" content=\"fr_FR\" \/>\n<meta property=\"og:type\" content=\"article\" \/>\n<meta property=\"og:title\" content=\"BADKAT - Ahoi Kultur\" \/>\n<meta property=\"og:description\" content=\"Rock, Blues, Electronic, Experimental Voir \u00e9galement:http:\/\/badkat.biz Solo: voc, b, loop Duo: avec Wynton Kelly Stevenson Band: BadKat de Florida\/USA \u2013 voc + b Dana Shanti de Allemagne \u2013 voc+piano Se\u00e0n Beatty de Irlande \u2013 batterie Nico Kleihn de Argentin \u2013 guit Wynton Kelly Stevenson de New Jersey\/USA \u2013 harmonica, beatbox Special Guest: Kiko King &#8211; [&hellip;]\" \/>\n<meta property=\"og:url\" content=\"https:\/\/ahoi-kultur.de\/fr\/artistes-a-z\/badkat\/\" \/>\n<meta property=\"og:site_name\" content=\"Ahoi Kultur\" \/>\n<meta property=\"article:modified_time\" content=\"2025-10-08T13:31:30+00:00\" \/>\n<meta name=\"twitter:label1\" content=\"Dur\u00e9e de lecture estim\u00e9e\" \/>\n\t<meta name=\"twitter:data1\" content=\"5 minutes\" \/>\n<script type=\"application\/ld+json\" class=\"yoast-schema-graph\">{\"@context\":\"https:\\\/\\\/schema.org\",\"@graph\":[{\"@type\":\"WebPage\",\"@id\":\"https:\\\/\\\/ahoi-kultur.de\\\/fr\\\/artistes-a-z\\\/badkat\\\/\",\"url\":\"https:\\\/\\\/ahoi-kultur.de\\\/fr\\\/artistes-a-z\\\/badkat\\\/\",\"name\":\"BADKAT - Ahoi Kultur\",\"isPartOf\":{\"@id\":\"https:\\\/\\\/ahoi-kultur.de\\\/fr\\\/#website\"},\"datePublished\":\"2022-09-28T14:39:35+00:00\",\"dateModified\":\"2025-10-08T13:31:30+00:00\",\"breadcrumb\":{\"@id\":\"https:\\\/\\\/ahoi-kultur.de\\\/fr\\\/artistes-a-z\\\/badkat\\\/#breadcrumb\"},\"inLanguage\":\"fr-FR\",\"potentialAction\":[{\"@type\":\"ReadAction\",\"target\":[\"https:\\\/\\\/ahoi-kultur.de\\\/fr\\\/artistes-a-z\\\/badkat\\\/\"]}]},{\"@type\":\"BreadcrumbList\",\"@id\":\"https:\\\/\\\/ahoi-kultur.de\\\/fr\\\/artistes-a-z\\\/badkat\\\/#breadcrumb\",\"itemListElement\":[{\"@type\":\"ListItem\",\"position\":1,\"name\":\"Home\",\"item\":\"https:\\\/\\\/ahoi-kultur.de\\\/fr\\\/\"},{\"@type\":\"ListItem\",\"position\":2,\"name\":\"Artistes A \u2013 Z\",\"item\":\"https:\\\/\\\/ahoi-kultur.de\\\/fr\\\/artistes-a-z\\\/\"},{\"@type\":\"ListItem\",\"position\":3,\"name\":\"BADKAT\"}]},{\"@type\":\"WebSite\",\"@id\":\"https:\\\/\\\/ahoi-kultur.de\\\/fr\\\/#website\",\"url\":\"https:\\\/\\\/ahoi-kultur.de\\\/fr\\\/\",\"name\":\"Ahoi Kultur\",\"description\":\"Artist and Events\",\"publisher\":{\"@id\":\"https:\\\/\\\/ahoi-kultur.de\\\/fr\\\/#organization\"},\"potentialAction\":[{\"@type\":\"SearchAction\",\"target\":{\"@type\":\"EntryPoint\",\"urlTemplate\":\"https:\\\/\\\/ahoi-kultur.de\\\/fr\\\/?s={search_term_string}\"},\"query-input\":{\"@type\":\"PropertyValueSpecification\",\"valueRequired\":true,\"valueName\":\"search_term_string\"}}],\"inLanguage\":\"fr-FR\"},{\"@type\":\"Organization\",\"@id\":\"https:\\\/\\\/ahoi-kultur.de\\\/fr\\\/#organization\",\"name\":\"Ahoi Kultur\",\"url\":\"https:\\\/\\\/ahoi-kultur.de\\\/fr\\\/\",\"logo\":{\"@type\":\"ImageObject\",\"inLanguage\":\"fr-FR\",\"@id\":\"https:\\\/\\\/ahoi-kultur.de\\\/fr\\\/#\\\/schema\\\/logo\\\/image\\\/\",\"url\":\"https:\\\/\\\/ahoi-kultur.de\\\/wp-content\\\/uploads\\\/2013\\\/10\\\/ahoi-kultur-logo.gif\",\"contentUrl\":\"https:\\\/\\\/ahoi-kultur.de\\\/wp-content\\\/uploads\\\/2013\\\/10\\\/ahoi-kultur-logo.gif\",\"width\":454,\"height\":388,\"caption\":\"Ahoi Kultur\"},\"image\":{\"@id\":\"https:\\\/\\\/ahoi-kultur.de\\\/fr\\\/#\\\/schema\\\/logo\\\/image\\\/\"}}]}<\/script>\n<!-- \/ Yoast SEO plugin. -->","yoast_head_json":{"title":"BADKAT - Ahoi Kultur","robots":{"index":"index","follow":"follow","max-snippet":"max-snippet:-1","max-image-preview":"max-image-preview:large","max-video-preview":"max-video-preview:-1"},"canonical":"https:\/\/ahoi-kultur.de\/fr\/artistes-a-z\/badkat\/","og_locale":"fr_FR","og_type":"article","og_title":"BADKAT - Ahoi Kultur","og_description":"Rock, Blues, Electronic, Experimental Voir \u00e9galement:http:\/\/badkat.biz Solo: voc, b, loop Duo: avec Wynton Kelly Stevenson Band: BadKat de Florida\/USA \u2013 voc + b Dana Shanti de Allemagne \u2013 voc+piano Se\u00e0n Beatty de Irlande \u2013 batterie Nico Kleihn de Argentin \u2013 guit Wynton Kelly Stevenson de New Jersey\/USA \u2013 harmonica, beatbox Special Guest: Kiko King &#8211; [&hellip;]","og_url":"https:\/\/ahoi-kultur.de\/fr\/artistes-a-z\/badkat\/","og_site_name":"Ahoi Kultur","article_modified_time":"2025-10-08T13:31:30+00:00","twitter_misc":{"Dur\u00e9e de lecture estim\u00e9e":"5 minutes"},"schema":{"@context":"https:\/\/schema.org","@graph":[{"@type":"WebPage","@id":"https:\/\/ahoi-kultur.de\/fr\/artistes-a-z\/badkat\/","url":"https:\/\/ahoi-kultur.de\/fr\/artistes-a-z\/badkat\/","name":"BADKAT - Ahoi Kultur","isPartOf":{"@id":"https:\/\/ahoi-kultur.de\/fr\/#website"},"datePublished":"2022-09-28T14:39:35+00:00","dateModified":"2025-10-08T13:31:30+00:00","breadcrumb":{"@id":"https:\/\/ahoi-kultur.de\/fr\/artistes-a-z\/badkat\/#breadcrumb"},"inLanguage":"fr-FR","potentialAction":[{"@type":"ReadAction","target":["https:\/\/ahoi-kultur.de\/fr\/artistes-a-z\/badkat\/"]}]},{"@type":"BreadcrumbList","@id":"https:\/\/ahoi-kultur.de\/fr\/artistes-a-z\/badkat\/#breadcrumb","itemListElement":[{"@type":"ListItem","position":1,"name":"Home","item":"https:\/\/ahoi-kultur.de\/fr\/"},{"@type":"ListItem","position":2,"name":"Artistes A \u2013 Z","item":"https:\/\/ahoi-kultur.de\/fr\/artistes-a-z\/"},{"@type":"ListItem","position":3,"name":"BADKAT"}]},{"@type":"WebSite","@id":"https:\/\/ahoi-kultur.de\/fr\/#website","url":"https:\/\/ahoi-kultur.de\/fr\/","name":"Ahoi Kultur","description":"Artist and Events","publisher":{"@id":"https:\/\/ahoi-kultur.de\/fr\/#organization"},"potentialAction":[{"@type":"SearchAction","target":{"@type":"EntryPoint","urlTemplate":"https:\/\/ahoi-kultur.de\/fr\/?s={search_term_string}"},"query-input":{"@type":"PropertyValueSpecification","valueRequired":true,"valueName":"search_term_string"}}],"inLanguage":"fr-FR"},{"@type":"Organization","@id":"https:\/\/ahoi-kultur.de\/fr\/#organization","name":"Ahoi Kultur","url":"https:\/\/ahoi-kultur.de\/fr\/","logo":{"@type":"ImageObject","inLanguage":"fr-FR","@id":"https:\/\/ahoi-kultur.de\/fr\/#\/schema\/logo\/image\/","url":"https:\/\/ahoi-kultur.de\/wp-content\/uploads\/2013\/10\/ahoi-kultur-logo.gif","contentUrl":"https:\/\/ahoi-kultur.de\/wp-content\/uploads\/2013\/10\/ahoi-kultur-logo.gif","width":454,"height":388,"caption":"Ahoi Kultur"},"image":{"@id":"https:\/\/ahoi-kultur.de\/fr\/#\/schema\/logo\/image\/"}}]}},"_links":{"self":[{"href":"https:\/\/ahoi-kultur.de\/fr\/wp-json\/wp\/v2\/pages\/5233","targetHints":{"allow":["GET"]}}],"collection":[{"href":"https:\/\/ahoi-kultur.de\/fr\/wp-json\/wp\/v2\/pages"}],"about":[{"href":"https:\/\/ahoi-kultur.de\/fr\/wp-json\/wp\/v2\/types\/page"}],"author":[{"embeddable":true,"href":"https:\/\/ahoi-kultur.de\/fr\/wp-json\/wp\/v2\/users\/8"}],"replies":[{"embeddable":true,"href":"https:\/\/ahoi-kultur.de\/fr\/wp-json\/wp\/v2\/comments?post=5233"}],"version-history":[{"count":26,"href":"https:\/\/ahoi-kultur.de\/fr\/wp-json\/wp\/v2\/pages\/5233\/revisions"}],"predecessor-version":[{"id":10410,"href":"https:\/\/ahoi-kultur.de\/fr\/wp-json\/wp\/v2\/pages\/5233\/revisions\/10410"}],"up":[{"embeddable":true,"href":"https:\/\/ahoi-kultur.de\/fr\/wp-json\/wp\/v2\/pages\/3752"}],"wp:attachment":[{"href":"https:\/\/ahoi-kultur.de\/fr\/wp-json\/wp\/v2\/media?parent=5233"}],"curies":[{"name":"wp","href":"https:\/\/api.w.org\/{rel}","templated":true}]}}