{"id":5250,"date":"2022-09-28T16:53:43","date_gmt":"2022-09-28T14:53:43","guid":{"rendered":"https:\/\/ahoi-kultur.de\/?page_id=5250\/"},"modified":"2025-10-09T17:27:58","modified_gmt":"2025-10-09T15:27:58","slug":"the-wyntonikos","status":"publish","type":"page","link":"https:\/\/ahoi-kultur.de\/fr\/artistes-a-z\/the-wyntonikos\/","title":{"rendered":"The WyntoNikos"},"content":{"rendered":"<div id=\"metaslider-id-5268\" style=\"max-width: 300px;\" class=\"ml-slider-3-107-0 metaslider metaslider-flex metaslider-5268 ml-slider has-onhover-arrows ms-theme-default nav-hidden\" role=\"region\" aria-label=\"The WyntoNikos\" data-height=\"300\" data-width=\"300\">\n    <div id=\"metaslider_container_5268\">\n        <div id=\"metaslider_5268\" class=\"flexslider\">\n            <ul class='slides'>\n                <li style=\"display: block; width: 100%;\" class=\"slide-5408 ms-image \" aria-roledescription=\"slide\" data-date=\"2022-10-02 10:37:58\" data-filename=\"WyntoNikos-300x300.jpg\" data-slide-type=\"image\"><img decoding=\"async\" src=\"https:\/\/ahoi-kultur.de\/wp-content\/uploads\/2022\/09\/WyntoNikos-300x300.jpg\" height=\"300\" width=\"300\" alt=\"wyntonikos\" class=\"slider-5268 slide-5408 msDefaultImage\" title=\"WyntoNikos\" \/><div class=\"caption-wrap\"><div class=\"caption\">The WyntoNikos<\/div><\/div><\/li>\n                <li style=\"display: none; width: 100%;\" class=\"slide-5416 ms-image \" aria-roledescription=\"slide\" data-date=\"2022-10-02 15:47:40\" data-filename=\"WyntoNikos_bluestrain-251x251.jpg\" data-slide-type=\"image\"><img decoding=\"async\" src=\"https:\/\/ahoi-kultur.de\/wp-content\/uploads\/2022\/10\/WyntoNikos_bluestrain-251x251.jpg\" height=\"300\" width=\"300\" alt=\"\" class=\"slider-5268 slide-5416 msDefaultImage\" title=\"WyntoNikos_bluestrain\" \/><\/li>\n                <li style=\"display: none; width: 100%;\" class=\"slide-5418 ms-image \" aria-roledescription=\"slide\" data-date=\"2022-10-02 15:48:27\" data-filename=\"I-loop-You_by-Wynstrument-297x297.jpg\" data-slide-type=\"image\"><img decoding=\"async\" src=\"https:\/\/ahoi-kultur.de\/wp-content\/uploads\/2022\/10\/I-loop-You_by-Wynstrument-297x297.jpg\" height=\"300\" width=\"300\" alt=\"\" class=\"slider-5268 slide-5418 msDefaultImage\" title=\"I loop You_by Wynstrument\" \/><\/li>\n                <li style=\"display: none; width: 100%;\" class=\"slide-5420 ms-image \" aria-roledescription=\"slide\" data-date=\"2022-10-02 15:50:24\" data-filename=\"HOHNER-Harmonicas-v-Wynton_proc-300x300.jpg\" data-slide-type=\"image\"><img decoding=\"async\" src=\"https:\/\/ahoi-kultur.de\/wp-content\/uploads\/2022\/10\/HOHNER-Harmonicas-v-Wynton_proc-300x300.jpg\" height=\"300\" width=\"300\" alt=\"\" class=\"slider-5268 slide-5420 msDefaultImage\" title=\"HOHNER-Harmonicas v Wynton_proc\" \/><\/li>\n                <li style=\"display: none; width: 100%;\" class=\"slide-5421 ms-image \" aria-roledescription=\"slide\" data-date=\"2022-10-02 15:50:41\" data-filename=\"Wyntonikos-in-Action_c_Akram-300x300.jpg\" data-slide-type=\"image\"><img decoding=\"async\" src=\"https:\/\/ahoi-kultur.de\/wp-content\/uploads\/2022\/10\/Wyntonikos-in-Action_c_Akram-300x300.jpg\" height=\"300\" width=\"300\" alt=\"\" class=\"slider-5268 slide-5421 msDefaultImage\" title=\"Wyntonikos in Action_(c)_Akram\" \/><\/li>\n                <li style=\"display: none; width: 100%;\" class=\"slide-5422 ms-image \" aria-roledescription=\"slide\" data-date=\"2022-10-02 15:50:58\" data-filename=\"Wynton-Kelly-Stevenson_c_HOHNER-300x300.jpg\" data-slide-type=\"image\"><img decoding=\"async\" src=\"https:\/\/ahoi-kultur.de\/wp-content\/uploads\/2022\/10\/Wynton-Kelly-Stevenson_c_HOHNER-300x300.jpg\" height=\"300\" width=\"300\" alt=\"\" class=\"slider-5268 slide-5422 msDefaultImage\" title=\"Wynton Kelly Stevenson_(c)_HOHNER\" \/><div class=\"caption-wrap\"><div class=\"caption\">Wynton Kelly Stevenson<\/div><\/div><\/li>\n                <li style=\"display: none; width: 100%;\" class=\"slide-5423 ms-image \" aria-roledescription=\"slide\" data-date=\"2022-10-02 15:54:25\" data-filename=\"WyntoNikos_mit-Knien-300x300.jpg\" data-slide-type=\"image\"><img decoding=\"async\" src=\"https:\/\/ahoi-kultur.de\/wp-content\/uploads\/2022\/10\/WyntoNikos_mit-Knien-300x300.jpg\" height=\"300\" width=\"300\" alt=\"\" class=\"slider-5268 slide-5423 msDefaultImage\" title=\"WyntoNikos_mit Knien\" \/><div class=\"caption-wrap\"><div class=\"caption\">WyntoNikos<\/div><\/div><\/li>\n                <li style=\"display: none; width: 100%;\" class=\"slide-5424 ms-image \" aria-roledescription=\"slide\" data-date=\"2022-10-02 15:57:23\" data-filename=\"Nico-KLeihn-2-286x286.png\" data-slide-type=\"image\"><img decoding=\"async\" src=\"https:\/\/ahoi-kultur.de\/wp-content\/uploads\/2022\/10\/Nico-KLeihn-2-286x286.png\" height=\"300\" width=\"300\" alt=\"\" class=\"slider-5268 slide-5424 msDefaultImage\" title=\"Nico KLeihn 2\" \/><div class=\"caption-wrap\"><div class=\"caption\">Nico Kleihn<\/div><\/div><\/li>\n                <li style=\"display: none; width: 100%;\" class=\"slide-5426 ms-image \" aria-roledescription=\"slide\" data-date=\"2022-10-02 16:02:33\" data-filename=\"Wynton_shadow_c_Marie-Chatard_kl_CUT-148x148.jpg\" data-slide-type=\"image\"><img decoding=\"async\" src=\"https:\/\/ahoi-kultur.de\/wp-content\/uploads\/2022\/10\/Wynton_shadow_c_Marie-Chatard_kl_CUT-148x148.jpg\" height=\"300\" width=\"300\" alt=\"\" class=\"slider-5268 slide-5426 msDefaultImage\" title=\"Wynton_shadow_(c)_Marie Chatard_kl_CUT\" \/><\/li>\n                <li style=\"display: none; width: 100%;\" class=\"slide-5451 ms-image \" aria-roledescription=\"slide\" data-date=\"2022-10-03 12:44:15\" data-filename=\"Wynton-Kelly-Stevension_soundcloud-300x300.jpg\" data-slide-type=\"image\"><img decoding=\"async\" src=\"https:\/\/ahoi-kultur.de\/wp-content\/uploads\/2022\/10\/Wynton-Kelly-Stevension_soundcloud-300x300.jpg\" height=\"300\" width=\"300\" alt=\"\" class=\"slider-5268 slide-5451 msDefaultImage\" title=\"Wynton Kelly Stevension_soundcloud\" \/><div class=\"caption-wrap\"><div class=\"caption\">Wynton Kelly Stevenson<\/div><\/div><\/li>\n                <li style=\"display: none; width: 100%;\" class=\"slide-5544 ms-image \" aria-roledescription=\"slide\" data-date=\"2022-10-04 20:53:20\" data-filename=\"zeichnung-300x300.jpg\" data-slide-type=\"image\"><img decoding=\"async\" src=\"https:\/\/ahoi-kultur.de\/wp-content\/uploads\/2022\/10\/zeichnung-300x300.jpg\" height=\"300\" width=\"300\" alt=\"\" class=\"slider-5268 slide-5544 msDefaultImage\" title=\"zeichnung\" \/><div class=\"caption-wrap\"><div class=\"caption\">Wynton + Nico<\/div><\/div><\/li>\n                <li style=\"display: none; width: 100%;\" class=\"slide-8232 ms-image \" aria-roledescription=\"slide\" data-date=\"2023-11-19 17:37:54\" data-filename=\"Oh-Yeah-Baby-300x300.jpg\" data-slide-type=\"image\"><img decoding=\"async\" src=\"https:\/\/ahoi-kultur.de\/wp-content\/uploads\/2023\/11\/Oh-Yeah-Baby-300x300.jpg\" height=\"300\" width=\"300\" alt=\"\" class=\"slider-5268 slide-8232 msDefaultImage\" title=\"Oh-Yeah-Baby\" \/><\/li>\n                <li style=\"display: none; width: 100%;\" class=\"slide-8233 ms-image \" aria-roledescription=\"slide\" data-date=\"2023-11-19 17:38:09\" data-filename=\"The-WyntoNikos_Oh-Yeah-Baby_release-300x300.jpg\" data-slide-type=\"image\"><img decoding=\"async\" src=\"https:\/\/ahoi-kultur.de\/wp-content\/uploads\/2023\/11\/The-WyntoNikos_Oh-Yeah-Baby_release-300x300.jpg\" height=\"300\" width=\"300\" alt=\"\" class=\"slider-5268 slide-8233 msDefaultImage\" title=\"The WyntoNikos_Oh Yeah Baby_release\" \/><\/li>\n            <\/ul>\n        <\/div>\n        \n    <\/div>\n<\/div>\n<p><strong>Dub-blues fait vibrer Beatbox, guitare et harmonica sur Live Loop<br \/>\n<\/strong><br \/>\n<strong>Wynton Kelly Stevenson<\/strong> &#8211; Voc, Harmonica, Loop, \u00c9tats-Unis<br \/>\n<strong>Nico Kleihn<\/strong> &#8211; Guitare, Argentine<br \/>\n<em>Voir aussi :<\/em> <a href=\"https:\/\/linktr.ee\/thewyntonikos\" target=\"_blank\" rel=\"noopener\">https:\/\/linktr.ee\/thewyntonikos<\/a><\/p>\n<p>Le duo funk le plus chaud de Berlin\u00a0! Boucler des battements dans votre \u00e2me\u00a0!<br \/>\nLe duo a \u00e9t\u00e9 fond\u00e9 \u00e0 Berlin en 2019. Leurs sons sont des boucles superpos\u00e9es avec beatbox, harmonica, guitare et p\u00e9dales d&rsquo;effets.<br \/>\nM\u00e9langeant hip-hop, trip-hop, dub, blues-rock, jazz, funk et tout ce qu&rsquo;ils peuvent jeter dans le saladier exp\u00e9rimental de sons qu&rsquo;ils appellent des chansons, ils cr\u00e9ent une ambiance relaxante \u00e9difiante pour leur public.<br \/>\nApr\u00e8s quatre ans pass\u00e9s \u00e0 jouer des concerts et \u00e0 cr\u00e9er des chansons, ils ont finalement enregistr\u00e9 et sorti leur premi\u00e8re chanson enregistr\u00e9e en studio \u00ab\u00a0<a href=\"https:\/\/thewyntonikos.bandcamp.com\/album\/oh-yeah-baby-single?from=fanpub_fnb&amp;utm_source=album_release&amp;utm_medium=email&amp;utm_content=fanpub_fnb&amp;utm_campaign=thewyntonikos+album+oh-yeah-baby-single\" target=\"_blank\" rel=\"noopener\"><strong>Oh Yeah Baby<\/strong><\/a>\u00a0\u00bb en 11-2023. Il y a d&rsquo;autres surprises attach\u00e9es \u00e0 ce b\u00e9b\u00e9. La face B est la premi\u00e8re d\u2019une longue s\u00e9rie.<\/p>\n<p><em><strong>Les Musiciens:<br \/>\n<\/strong><\/em><br \/>\n<strong>Wynton Kelly Stevenson<\/strong><br \/>\nL&rsquo;Afro-am\u00e9ricain du New Jersey se fait appeler<strong> Das Wynstrument<\/strong>, faisant allusion \u00e0 son harmonica, il combine les meilleurs blues, beat bass, jazz exp\u00e9rimental avec la loop station &amp; beat boxes et est un ambassadeur de la marque du c\u00e9l\u00e8bre fabricant allemand HOHNER.<br \/>\nN\u00e9 en 1973, du nom du grand pianiste Wynton Kelly, fils du grand musicien de jazz et compositeur <strong><a href=\"https:\/\/de.wikipedia.org\/wiki\/Rudy_Stevenson\" target=\"_blank\" rel=\"noopener\">Rudy Stevenson<\/a><\/strong>, et depuis 1988 de nombreuses performances avec son groupe : Rudy Stevenson Soul Band. Il s&rsquo;entra\u00eene \u00e0 ses c\u00f4t\u00e9s depuis l&rsquo;enfance et s&rsquo;impr\u00e8gne d&rsquo;influences allant du jazz au hip-hop.<br \/>\nEn 2008, \u00e0 Berlin, il a cr\u00e9\u00e9 son propre univers musical, affinant son son en introduisant l&rsquo;instrument ancien dans le monde de la musique contemporaine et en pouvant empocher et jouer n&rsquo;importe o\u00f9 avec des outils \u00e0 piles dans sa poche.<br \/>\nTotalement extraverti, pr\u00eat \u00e0 s&rsquo;amuser, il organise une f\u00eate pour la foule. Beatbox, harmonica, loopstation, effets et machines en tous genres, Wynton est un monstre. Un artiste qualifi\u00e9 &#8211; joue comme un groupe entier et est un <strong>joyau de la sc\u00e8ne musicale alternative de Berlin<\/strong>.<br \/>\nIl a jou\u00e9 avec des chats de jazz comme Rudy Stevenson Soul Band, le c\u00e9l\u00e8bre danseur de claquettes am\u00e9ricain Savion Glover ainsi que des artistes de la sc\u00e8ne \u00e9lectro et hip hop comme Sido, K the I???, Infinite Livez, BadKat, LMNZ, Lady Daisey, Batsauce et Dj Giotto (Brainheft), et bien d&rsquo;autres. Nombreux concerts \u00e0 Berlin. Festival Fusion en Allemagne, le Hip Hop Kamp en R\u00e9publique tch\u00e8que et au Sido : MTV Unplugged 2010.<br \/>\nVoici interview avec des chansons et des histoires de son histoire sur <a href=\"https:\/\/cashmereradio.com\/episode\/cryptomnesia-36-with-wynton-kelly-stevenson-on-rudy-stevenson-poeticwords-of-muhammad-ali\/\" target=\"_blank\" rel=\"noopener\">Cashmere Radio<\/a>.<\/p>\n<p><strong>Nico Kleihn<\/strong><br \/>\nde Buenos Aires, il a commenc\u00e9 \u00e0 jouer de la guitare \u00e0 l&rsquo;\u00e2ge de 10 ans et a \u00e9tudi\u00e9 au \u00ab\u00a0Conservatorio Beethoven\u00a0\u00bb \u00e0 l&rsquo;\u00e2ge de 16 ans et est all\u00e9 \u00e0 l&rsquo;universit\u00e9 \u00e0 l&rsquo;\u00e2ge de 20 ans.<br \/>\nLa production musicale \u00e0 \u00ab\u00a0EMBA\u00a0\u00bb, la production d&rsquo;\u00e9v\u00e9nements \u00e0 \u00ab\u00a0UADE\u00a0\u00bb, ont rapidement commenc\u00e9 avec les groupes VTH (Vermouth), Coco Magnolias, Soda Can, Paff, Toro Santo.<br \/>\nDepuis 2019, il vit \u00e0 Berlin et joue avec The Otherness, Mystery Of Chaos et The WyntoNikos.<\/p>\n","protected":false},"excerpt":{"rendered":"<p>Dub-blues fait vibrer Beatbox, guitare et harmonica sur Live Loop Wynton Kelly Stevenson &#8211; Voc, Harmonica, Loop, \u00c9tats-Unis Nico Kleihn &#8211; Guitare, Argentine Voir aussi : https:\/\/linktr.ee\/thewyntonikos Le duo funk le plus chaud de Berlin\u00a0! Boucler des battements dans votre \u00e2me\u00a0! Le duo a \u00e9t\u00e9 fond\u00e9 \u00e0 Berlin en 2019. Leurs sons sont des boucles [&hellip;]<\/p>\n","protected":false},"author":8,"featured_media":0,"parent":3752,"menu_order":0,"comment_status":"closed","ping_status":"closed","template":"","meta":{"footnotes":""},"class_list":["post-5250","page","type-page","status-publish","hentry"],"yoast_head":"<!-- This site is optimized with the Yoast SEO plugin v27.3 - https:\/\/yoast.com\/product\/yoast-seo-wordpress\/ -->\n<title>The WyntoNikos - Ahoi Kultur<\/title>\n<meta name=\"robots\" content=\"index, follow, max-snippet:-1, max-image-preview:large, max-video-preview:-1\" \/>\n<link rel=\"canonical\" href=\"https:\/\/ahoi-kultur.de\/fr\/artistes-a-z\/the-wyntonikos\/\" \/>\n<meta property=\"og:locale\" content=\"fr_FR\" \/>\n<meta property=\"og:type\" content=\"article\" \/>\n<meta property=\"og:title\" content=\"The WyntoNikos - Ahoi Kultur\" \/>\n<meta property=\"og:description\" content=\"Dub-blues fait vibrer Beatbox, guitare et harmonica sur Live Loop Wynton Kelly Stevenson &#8211; Voc, Harmonica, Loop, \u00c9tats-Unis Nico Kleihn &#8211; Guitare, Argentine Voir aussi : https:\/\/linktr.ee\/thewyntonikos Le duo funk le plus chaud de Berlin\u00a0! Boucler des battements dans votre \u00e2me\u00a0! Le duo a \u00e9t\u00e9 fond\u00e9 \u00e0 Berlin en 2019. Leurs sons sont des boucles [&hellip;]\" \/>\n<meta property=\"og:url\" content=\"https:\/\/ahoi-kultur.de\/fr\/artistes-a-z\/the-wyntonikos\/\" \/>\n<meta property=\"og:site_name\" content=\"Ahoi Kultur\" \/>\n<meta property=\"article:modified_time\" content=\"2025-10-09T15:27:58+00:00\" \/>\n<meta name=\"twitter:label1\" content=\"Dur\u00e9e de lecture estim\u00e9e\" \/>\n\t<meta name=\"twitter:data1\" content=\"3 minutes\" \/>\n<script type=\"application\/ld+json\" class=\"yoast-schema-graph\">{\"@context\":\"https:\\\/\\\/schema.org\",\"@graph\":[{\"@type\":\"WebPage\",\"@id\":\"https:\\\/\\\/ahoi-kultur.de\\\/fr\\\/artistes-a-z\\\/the-wyntonikos\\\/\",\"url\":\"https:\\\/\\\/ahoi-kultur.de\\\/fr\\\/artistes-a-z\\\/the-wyntonikos\\\/\",\"name\":\"The WyntoNikos - Ahoi Kultur\",\"isPartOf\":{\"@id\":\"https:\\\/\\\/ahoi-kultur.de\\\/fr\\\/#website\"},\"datePublished\":\"2022-09-28T14:53:43+00:00\",\"dateModified\":\"2025-10-09T15:27:58+00:00\",\"breadcrumb\":{\"@id\":\"https:\\\/\\\/ahoi-kultur.de\\\/fr\\\/artistes-a-z\\\/the-wyntonikos\\\/#breadcrumb\"},\"inLanguage\":\"fr-FR\",\"potentialAction\":[{\"@type\":\"ReadAction\",\"target\":[\"https:\\\/\\\/ahoi-kultur.de\\\/fr\\\/artistes-a-z\\\/the-wyntonikos\\\/\"]}]},{\"@type\":\"BreadcrumbList\",\"@id\":\"https:\\\/\\\/ahoi-kultur.de\\\/fr\\\/artistes-a-z\\\/the-wyntonikos\\\/#breadcrumb\",\"itemListElement\":[{\"@type\":\"ListItem\",\"position\":1,\"name\":\"Home\",\"item\":\"https:\\\/\\\/ahoi-kultur.de\\\/fr\\\/\"},{\"@type\":\"ListItem\",\"position\":2,\"name\":\"Artistes A \u2013 Z\",\"item\":\"https:\\\/\\\/ahoi-kultur.de\\\/fr\\\/artistes-a-z\\\/\"},{\"@type\":\"ListItem\",\"position\":3,\"name\":\"The WyntoNikos\"}]},{\"@type\":\"WebSite\",\"@id\":\"https:\\\/\\\/ahoi-kultur.de\\\/fr\\\/#website\",\"url\":\"https:\\\/\\\/ahoi-kultur.de\\\/fr\\\/\",\"name\":\"Ahoi Kultur\",\"description\":\"Artist and Events\",\"publisher\":{\"@id\":\"https:\\\/\\\/ahoi-kultur.de\\\/fr\\\/#organization\"},\"potentialAction\":[{\"@type\":\"SearchAction\",\"target\":{\"@type\":\"EntryPoint\",\"urlTemplate\":\"https:\\\/\\\/ahoi-kultur.de\\\/fr\\\/?s={search_term_string}\"},\"query-input\":{\"@type\":\"PropertyValueSpecification\",\"valueRequired\":true,\"valueName\":\"search_term_string\"}}],\"inLanguage\":\"fr-FR\"},{\"@type\":\"Organization\",\"@id\":\"https:\\\/\\\/ahoi-kultur.de\\\/fr\\\/#organization\",\"name\":\"Ahoi Kultur\",\"url\":\"https:\\\/\\\/ahoi-kultur.de\\\/fr\\\/\",\"logo\":{\"@type\":\"ImageObject\",\"inLanguage\":\"fr-FR\",\"@id\":\"https:\\\/\\\/ahoi-kultur.de\\\/fr\\\/#\\\/schema\\\/logo\\\/image\\\/\",\"url\":\"https:\\\/\\\/ahoi-kultur.de\\\/wp-content\\\/uploads\\\/2013\\\/10\\\/ahoi-kultur-logo.gif\",\"contentUrl\":\"https:\\\/\\\/ahoi-kultur.de\\\/wp-content\\\/uploads\\\/2013\\\/10\\\/ahoi-kultur-logo.gif\",\"width\":454,\"height\":388,\"caption\":\"Ahoi Kultur\"},\"image\":{\"@id\":\"https:\\\/\\\/ahoi-kultur.de\\\/fr\\\/#\\\/schema\\\/logo\\\/image\\\/\"}}]}<\/script>\n<!-- \/ Yoast SEO plugin. -->","yoast_head_json":{"title":"The WyntoNikos - Ahoi Kultur","robots":{"index":"index","follow":"follow","max-snippet":"max-snippet:-1","max-image-preview":"max-image-preview:large","max-video-preview":"max-video-preview:-1"},"canonical":"https:\/\/ahoi-kultur.de\/fr\/artistes-a-z\/the-wyntonikos\/","og_locale":"fr_FR","og_type":"article","og_title":"The WyntoNikos - Ahoi Kultur","og_description":"Dub-blues fait vibrer Beatbox, guitare et harmonica sur Live Loop Wynton Kelly Stevenson &#8211; Voc, Harmonica, Loop, \u00c9tats-Unis Nico Kleihn &#8211; Guitare, Argentine Voir aussi : https:\/\/linktr.ee\/thewyntonikos Le duo funk le plus chaud de Berlin\u00a0! Boucler des battements dans votre \u00e2me\u00a0! Le duo a \u00e9t\u00e9 fond\u00e9 \u00e0 Berlin en 2019. Leurs sons sont des boucles [&hellip;]","og_url":"https:\/\/ahoi-kultur.de\/fr\/artistes-a-z\/the-wyntonikos\/","og_site_name":"Ahoi Kultur","article_modified_time":"2025-10-09T15:27:58+00:00","twitter_misc":{"Dur\u00e9e de lecture estim\u00e9e":"3 minutes"},"schema":{"@context":"https:\/\/schema.org","@graph":[{"@type":"WebPage","@id":"https:\/\/ahoi-kultur.de\/fr\/artistes-a-z\/the-wyntonikos\/","url":"https:\/\/ahoi-kultur.de\/fr\/artistes-a-z\/the-wyntonikos\/","name":"The WyntoNikos - Ahoi Kultur","isPartOf":{"@id":"https:\/\/ahoi-kultur.de\/fr\/#website"},"datePublished":"2022-09-28T14:53:43+00:00","dateModified":"2025-10-09T15:27:58+00:00","breadcrumb":{"@id":"https:\/\/ahoi-kultur.de\/fr\/artistes-a-z\/the-wyntonikos\/#breadcrumb"},"inLanguage":"fr-FR","potentialAction":[{"@type":"ReadAction","target":["https:\/\/ahoi-kultur.de\/fr\/artistes-a-z\/the-wyntonikos\/"]}]},{"@type":"BreadcrumbList","@id":"https:\/\/ahoi-kultur.de\/fr\/artistes-a-z\/the-wyntonikos\/#breadcrumb","itemListElement":[{"@type":"ListItem","position":1,"name":"Home","item":"https:\/\/ahoi-kultur.de\/fr\/"},{"@type":"ListItem","position":2,"name":"Artistes A \u2013 Z","item":"https:\/\/ahoi-kultur.de\/fr\/artistes-a-z\/"},{"@type":"ListItem","position":3,"name":"The WyntoNikos"}]},{"@type":"WebSite","@id":"https:\/\/ahoi-kultur.de\/fr\/#website","url":"https:\/\/ahoi-kultur.de\/fr\/","name":"Ahoi Kultur","description":"Artist and Events","publisher":{"@id":"https:\/\/ahoi-kultur.de\/fr\/#organization"},"potentialAction":[{"@type":"SearchAction","target":{"@type":"EntryPoint","urlTemplate":"https:\/\/ahoi-kultur.de\/fr\/?s={search_term_string}"},"query-input":{"@type":"PropertyValueSpecification","valueRequired":true,"valueName":"search_term_string"}}],"inLanguage":"fr-FR"},{"@type":"Organization","@id":"https:\/\/ahoi-kultur.de\/fr\/#organization","name":"Ahoi Kultur","url":"https:\/\/ahoi-kultur.de\/fr\/","logo":{"@type":"ImageObject","inLanguage":"fr-FR","@id":"https:\/\/ahoi-kultur.de\/fr\/#\/schema\/logo\/image\/","url":"https:\/\/ahoi-kultur.de\/wp-content\/uploads\/2013\/10\/ahoi-kultur-logo.gif","contentUrl":"https:\/\/ahoi-kultur.de\/wp-content\/uploads\/2013\/10\/ahoi-kultur-logo.gif","width":454,"height":388,"caption":"Ahoi Kultur"},"image":{"@id":"https:\/\/ahoi-kultur.de\/fr\/#\/schema\/logo\/image\/"}}]}},"_links":{"self":[{"href":"https:\/\/ahoi-kultur.de\/fr\/wp-json\/wp\/v2\/pages\/5250","targetHints":{"allow":["GET"]}}],"collection":[{"href":"https:\/\/ahoi-kultur.de\/fr\/wp-json\/wp\/v2\/pages"}],"about":[{"href":"https:\/\/ahoi-kultur.de\/fr\/wp-json\/wp\/v2\/types\/page"}],"author":[{"embeddable":true,"href":"https:\/\/ahoi-kultur.de\/fr\/wp-json\/wp\/v2\/users\/8"}],"replies":[{"embeddable":true,"href":"https:\/\/ahoi-kultur.de\/fr\/wp-json\/wp\/v2\/comments?post=5250"}],"version-history":[{"count":9,"href":"https:\/\/ahoi-kultur.de\/fr\/wp-json\/wp\/v2\/pages\/5250\/revisions"}],"predecessor-version":[{"id":10482,"href":"https:\/\/ahoi-kultur.de\/fr\/wp-json\/wp\/v2\/pages\/5250\/revisions\/10482"}],"up":[{"embeddable":true,"href":"https:\/\/ahoi-kultur.de\/fr\/wp-json\/wp\/v2\/pages\/3752"}],"wp:attachment":[{"href":"https:\/\/ahoi-kultur.de\/fr\/wp-json\/wp\/v2\/media?parent=5250"}],"curies":[{"name":"wp","href":"https:\/\/api.w.org\/{rel}","templated":true}]}}