{"id":7748,"date":"2023-10-20T09:35:00","date_gmt":"2023-10-20T07:35:00","guid":{"rendered":"https:\/\/ahoi-kultur.de\/?page_id=7748"},"modified":"2025-10-09T15:50:33","modified_gmt":"2025-10-09T13:50:33","slug":"fani-ndiaye","status":"publish","type":"page","link":"https:\/\/ahoi-kultur.de\/fr\/artistes-a-z\/fani-ndiaye\/","title":{"rendered":"FANI NDIAYE"},"content":{"rendered":"<div id=\"metaslider-id-762\" style=\"max-width: 420px;\" class=\"ml-slider-3-107-0 metaslider metaslider-flex metaslider-762 ml-slider has-onhover-arrows ms-theme-default nav-hidden\" role=\"region\" aria-label=\"Chiha\" data-height=\"420\" data-width=\"420\">\n    <div id=\"metaslider_container_762\">\n        <div id=\"metaslider_762\" class=\"flexslider\">\n            <ul class='slides'>\n                <li style=\"display: block; width: 100%;\" class=\"slide-764 ms-image \" aria-roledescription=\"slide\" data-date=\"2013-10-09 22:53:22\" data-filename=\"chiha_02.jpg\" data-slide-type=\"image\"><img decoding=\"async\" width=\"420\" height=\"420\" src=\"https:\/\/ahoi-kultur.de\/wp-content\/uploads\/2013\/10\/chiha_02.jpg\" class=\"slider-762 slide-764 msDefaultImage\" alt=\"\" rel=\"\" title=\"\" srcset=\"https:\/\/ahoi-kultur.de\/wp-content\/uploads\/2013\/10\/chiha_02.jpg 420w, https:\/\/ahoi-kultur.de\/wp-content\/uploads\/2013\/10\/chiha_02-150x150.jpg 150w, https:\/\/ahoi-kultur.de\/wp-content\/uploads\/2013\/10\/chiha_02-300x300.jpg 300w\" sizes=\"(max-width: 420px) 100vw, 420px\" \/><\/li>\n                <li style=\"display: none; width: 100%;\" class=\"slide-768 ms-image \" aria-roledescription=\"slide\" data-date=\"2013-10-09 22:53:29\" data-filename=\"chiha_06.jpg\" data-slide-type=\"image\"><img decoding=\"async\" width=\"420\" height=\"420\" src=\"https:\/\/ahoi-kultur.de\/wp-content\/uploads\/2013\/10\/chiha_06.jpg\" class=\"slider-762 slide-768 msDefaultImage\" alt=\"\" rel=\"\" title=\"\" srcset=\"https:\/\/ahoi-kultur.de\/wp-content\/uploads\/2013\/10\/chiha_06.jpg 420w, https:\/\/ahoi-kultur.de\/wp-content\/uploads\/2013\/10\/chiha_06-150x150.jpg 150w, https:\/\/ahoi-kultur.de\/wp-content\/uploads\/2013\/10\/chiha_06-300x300.jpg 300w\" sizes=\"(max-width: 420px) 100vw, 420px\" \/><\/li>\n                <li style=\"display: none; width: 100%;\" class=\"slide-770 ms-image \" aria-roledescription=\"slide\" data-date=\"2013-10-09 22:53:33\" data-filename=\"chiha_08.jpg\" data-slide-type=\"image\"><img decoding=\"async\" width=\"420\" height=\"420\" src=\"https:\/\/ahoi-kultur.de\/wp-content\/uploads\/2013\/10\/chiha_08.jpg\" class=\"slider-762 slide-770 msDefaultImage\" alt=\"\" rel=\"\" title=\"\" srcset=\"https:\/\/ahoi-kultur.de\/wp-content\/uploads\/2013\/10\/chiha_08.jpg 420w, https:\/\/ahoi-kultur.de\/wp-content\/uploads\/2013\/10\/chiha_08-150x150.jpg 150w, https:\/\/ahoi-kultur.de\/wp-content\/uploads\/2013\/10\/chiha_08-300x300.jpg 300w\" sizes=\"(max-width: 420px) 100vw, 420px\" \/><\/li>\n                <li style=\"display: none; width: 100%;\" class=\"slide-771 ms-image \" aria-roledescription=\"slide\" data-date=\"2013-10-09 22:53:34\" data-filename=\"chiha_09.jpg\" data-slide-type=\"image\"><img decoding=\"async\" width=\"420\" height=\"420\" src=\"https:\/\/ahoi-kultur.de\/wp-content\/uploads\/2013\/10\/chiha_09.jpg\" class=\"slider-762 slide-771 msDefaultImage\" alt=\"\" rel=\"\" title=\"\" srcset=\"https:\/\/ahoi-kultur.de\/wp-content\/uploads\/2013\/10\/chiha_09.jpg 420w, https:\/\/ahoi-kultur.de\/wp-content\/uploads\/2013\/10\/chiha_09-150x150.jpg 150w, https:\/\/ahoi-kultur.de\/wp-content\/uploads\/2013\/10\/chiha_09-300x300.jpg 300w\" sizes=\"(max-width: 420px) 100vw, 420px\" \/><\/li>\n                <li style=\"display: none; width: 100%;\" class=\"slide-766 ms-image \" aria-roledescription=\"slide\" data-date=\"2013-10-09 22:53:26\" data-filename=\"chiha_04.jpg\" data-slide-type=\"image\"><img decoding=\"async\" width=\"420\" height=\"420\" src=\"https:\/\/ahoi-kultur.de\/wp-content\/uploads\/2013\/10\/chiha_04.jpg\" class=\"slider-762 slide-766 msDefaultImage\" alt=\"\" rel=\"\" title=\"\" srcset=\"https:\/\/ahoi-kultur.de\/wp-content\/uploads\/2013\/10\/chiha_04.jpg 420w, https:\/\/ahoi-kultur.de\/wp-content\/uploads\/2013\/10\/chiha_04-150x150.jpg 150w, https:\/\/ahoi-kultur.de\/wp-content\/uploads\/2013\/10\/chiha_04-300x300.jpg 300w\" sizes=\"(max-width: 420px) 100vw, 420px\" \/><\/li>\n                <li style=\"display: none; width: 100%;\" class=\"slide-769 ms-image \" aria-roledescription=\"slide\" data-date=\"2013-10-09 22:53:30\" data-filename=\"chiha_07.jpg\" data-slide-type=\"image\"><a href=\"http:\/\/www.chiha.de\" target=\"_self\" aria-label=\"Voir les d\u00e9tails de la diapositive\" class=\"metaslider_image_link\"><img decoding=\"async\" width=\"420\" height=\"420\" src=\"https:\/\/ahoi-kultur.de\/wp-content\/uploads\/2013\/10\/chiha_07.jpg\" class=\"slider-762 slide-769 msDefaultImage\" alt=\"\" rel=\"\" title=\"\" srcset=\"https:\/\/ahoi-kultur.de\/wp-content\/uploads\/2013\/10\/chiha_07.jpg 420w, https:\/\/ahoi-kultur.de\/wp-content\/uploads\/2013\/10\/chiha_07-150x150.jpg 150w, https:\/\/ahoi-kultur.de\/wp-content\/uploads\/2013\/10\/chiha_07-300x300.jpg 300w\" sizes=\"(max-width: 420px) 100vw, 420px\" \/><\/a><\/li>\n                <li style=\"display: none; width: 100%;\" class=\"slide-772 ms-image \" aria-roledescription=\"slide\" data-date=\"2013-10-09 22:53:36\" data-filename=\"chiha_10.jpg\" data-slide-type=\"image\"><a href=\"http:\/\/www.chiha.de\" target=\"_self\" aria-label=\"Voir les d\u00e9tails de la diapositive\" class=\"metaslider_image_link\"><img decoding=\"async\" width=\"420\" height=\"420\" src=\"https:\/\/ahoi-kultur.de\/wp-content\/uploads\/2013\/10\/chiha_10.jpg\" class=\"slider-762 slide-772 msDefaultImage\" alt=\"\" rel=\"\" title=\"\" srcset=\"https:\/\/ahoi-kultur.de\/wp-content\/uploads\/2013\/10\/chiha_10.jpg 420w, https:\/\/ahoi-kultur.de\/wp-content\/uploads\/2013\/10\/chiha_10-150x150.jpg 150w, https:\/\/ahoi-kultur.de\/wp-content\/uploads\/2013\/10\/chiha_10-300x300.jpg 300w\" sizes=\"(max-width: 420px) 100vw, 420px\" \/><\/a><\/li>\n                <li style=\"display: none; width: 100%;\" class=\"slide-767 ms-image \" aria-roledescription=\"slide\" data-date=\"2013-10-09 22:53:27\" data-filename=\"chiha_05.jpg\" data-slide-type=\"image\"><a href=\"http:\/\/www.chiha.de\" target=\"_self\" aria-label=\"Voir les d\u00e9tails de la diapositive\" class=\"metaslider_image_link\"><img decoding=\"async\" width=\"420\" height=\"420\" src=\"https:\/\/ahoi-kultur.de\/wp-content\/uploads\/2013\/10\/chiha_05.jpg\" class=\"slider-762 slide-767 msDefaultImage\" alt=\"\" rel=\"\" title=\"\" srcset=\"https:\/\/ahoi-kultur.de\/wp-content\/uploads\/2013\/10\/chiha_05.jpg 420w, https:\/\/ahoi-kultur.de\/wp-content\/uploads\/2013\/10\/chiha_05-150x150.jpg 150w, https:\/\/ahoi-kultur.de\/wp-content\/uploads\/2013\/10\/chiha_05-300x300.jpg 300w\" sizes=\"(max-width: 420px) 100vw, 420px\" \/><\/a><\/li>\n            <\/ul>\n        <\/div>\n        \n    <\/div>\n<\/div>\n<p><strong>Musicien, chanteur, compositeur et coach vocal<\/strong><br \/>\n<strong><a href=\"https:\/\/youtu.be\/jGrdK2_NWyE?si=Cd1yXjueb4wvRJ_7\" target=\"_blank\" rel=\"noopener\">Violin D\u2019Amore<\/a><\/strong>, tous les Instruments \u00e0 Cordes &amp; <strong><a href=\"https:\/\/youtu.be\/jGrdK2_NWyE?si=Cd1yXjueb4wvRJ_7\" target=\"_blank\" rel=\"noopener\">Piano<\/a><\/strong><\/p>\n<p><strong>SHOWS:<\/strong><br \/>\nSolo: <a href=\"https:\/\/youtu.be\/wsCBl1CwAlE?si=ftJMTPSMqt6tdKvJ\" target=\"_blank\" rel=\"noopener\"><strong>MEDITATIVE SOUND JOURNEY<\/strong><\/a>\u00a0 Viola D\u2019 Amore &amp; Voix,<br \/>\nLoop et autres instruments \u00e0 cordes. Simple. Calmant. Chaleureux.<\/p>\n<p><a href=\"https:\/\/renumusic.me\/\" target=\"_blank\" rel=\"noopener\"><strong>FANI &amp; RENU HOSSAIN<\/strong><\/a>: Indian Tabla &amp; Percussion (London, British Bengali)<br \/>\nrencontre les instruments \u00e0 cordes europ\u00e9ens. Femelle. Virtuose. Passionnant.<\/p>\n<p><a href=\"https:\/\/youtu.be\/yTX3OZJGMI0?si=b5EQl4i-qE6jZVA5\" target=\"_blank\" rel=\"noopener\"><strong>TRIO DU MONDE<\/strong> avec<\/a> <a href=\"https:\/\/www.facebook.com\/djielifily.sako\" target=\"_blank\" rel=\"noopener\">Djelifily Sako<\/a> (Mali)\u00a0 Kora<br \/>\n&amp; <a href=\"https:\/\/www.hervehartock.com\/\" target=\"_blank\" rel=\"noopener\">Herv\u00e9 Hartock<\/a> (Martinique)\u00a0 Sax, Percussion or Batterie.<\/p>\n<p><a href=\"https:\/\/ahoi-kultur.de\/en\/artists-a-z\/les-cordes-du-monde\/\"><strong>LES CORDES DU MONDE<\/strong><\/a> Les Reines des Instruments \u00e0 Cordes de Asie, Europe, Afrique<br \/>\navec <a href=\"http:\/\/imrankhanmusic.com\/\" target=\"_blank\" rel=\"noopener\">Imran Khan<\/a> \u2013 Sitar &amp; Voc., India &amp; <a href=\"https:\/\/www.facebook.com\/djielifily.sako\" target=\"_blank\" rel=\"noopener\">Djelifily Sako<\/a> \u2013 Kora &amp; Voc., Mali<\/p>\n<p><a href=\"https:\/\/www.youtube.com\/live\/XSJgbE2FnXM?si=meCLcI6MsKTbSqUr\" target=\"_blank\" rel=\"noopener\"><strong>FANI &amp; DJ WERD<\/strong><\/a> Viola d\u2019amore rencontre les rythmes modernes<br \/>\nproduit par DJ WERD (LA\/Berlin, THE VOICE GERMANY) Relaxant. \u00c9coulement. Activation.<\/p>\n<p><strong><a href=\"https:\/\/youtu.be\/Np6tERVgTto?si=LKbY6xzLhUX-O0A4\" target=\"_blank\" rel=\"noopener\">FANI &amp; ZAGA<\/a><\/strong> La Pop Classique Europ\u00e9enne rencontre la Danse Ouest-Africaine<br \/>\navec ZAGA (Senegal, WAXTAAN ENSEMBlE by Germain Agconit).\u00a0 Joy. Love. Power.<\/p>\n<p>Sa passion et son d\u00e9vouement pour les instruments \u00e0 cordes l&rsquo;ont conduit \u00e0 une compr\u00e9hension fluide et \u00e0 la virtuosit\u00e9 de divers instruments \u00e0 cordes tels que le violon, le piano et la guitare. Son envie d&rsquo;un son parfait a finalement pris fin lorsqu&rsquo;elle a rencontr\u00e9 sa VIOLA D&rsquo;AMORE unique : cet instrument baroque a \u00e9t\u00e9 construit par Max S\u00e4mann \u00e0 Dresde, en Allemagne, en 1956. La t\u00eate et le bout de l&rsquo;alto sont un original ancien d\u00e9couvert \u00e0 Londres apr\u00e8s la Seconde Guerre mondiale. Amen\u00e9 chez Max S\u00e4mann, il reconstruisit la viole d&rsquo;amour \u00e0 partir de ces d\u00e9couvertes de guerre. Fani Ndiaye a achet\u00e9 l&rsquo;instrument en 2013 \u00e0 Dresde aupr\u00e8s de nul autre que Max S\u00e4manns Doughter.<\/p>\n<p><strong>FANI NDIAYE<\/strong> (alias Stefanie Sylla), reconnecter et partager l&rsquo;amour dans le son et la musique est l&rsquo;une des plus grandes merveilles et cadeaux de la Terre M\u00e8re. Elle commence le violon \u00e0 l&rsquo;\u00e2ge de 6 ans, d\u00e9couvre la guitare et le piano quelques ann\u00e9es plus tard et appr\u00e9cie g\u00e9n\u00e9ralement les instruments \u00e0 cordes.<br \/>\nN\u00e9e \u00e0 Berlin en 1994, elle commence \u00e0 \u00e9crire ses premi\u00e8res chansons \u00e0 l&rsquo;\u00e2ge de 11 ans.<br \/>\nEn 1995, elle \u00e9tudie le violon classique \u00e0 l&rsquo;Acad\u00e9mie Hanns Eisler, obtient la 2\u00e8me place au \u00ab Jugend musiziert \u00bb et remporte la 1\u00e8re place au \u00abFolk F\u00f6rderpreis\u00bb au Festival Rudolstadt. En 2003, elle obtient la 2\u00e8me place de l&rsquo;\u00e9mission t\u00e9l\u00e9vis\u00e9e ARD \u00ab\u00a0Les talents allemands\u00a0\u00bb.<br \/>\nEn 2006, elle compl\u00e8te ses \u00e9tudes de chant avec Mike Cinnamon (\u00c9tats-Unis) et Carolin Mc Pherson (Irlande) et \u00e9tudie \u00e9galement le jazz multi-instrumentiste \u00e0 la \u00abHoogeschool voor de Kunsten\u00bb, aux Pays-Bas.<br \/>\nEn 2007, elle a suivi la masterclass de violon avec le Dr L. Subramaniam \u00e0 Bangalore, en Inde, enseigne depuis lors la musique et a fond\u00e9 la formation vocale holistique bas\u00e9e sur la connaissance des chakras \u00ab\u00a0Voice Real\u00a0\u00bb, qu&rsquo;elle continue d&rsquo;enseigner dans le cadre de s\u00e9minaires et de coaching individuel dans le monde entier.<br \/>\nEn 2009, elle ouvre l&rsquo;\u00e9cole berlinoise de musique et de yoga <strong><a href=\"http:\/\/www.tagtigall.de\" target=\"_blank\" rel=\"noopener\">Tagtigal<\/a><\/strong>l, bas\u00e9e sur des valeurs humaines et une approche \u00e9quilibr\u00e9e du corps, de l&rsquo;esprit et de l&rsquo;\u00e2me, qu&rsquo;elle dirige encore aujourd&rsquo;hui.<br \/>\nDepuis 2011, elle est formatrice en m\u00e9ditation de pleine conscience (Raja Yoga) et a rejoint en 2015 en tant qu&rsquo;artiste de gu\u00e9rison la formation en hom\u00e9opathie avec Annalisa Adami (Italie) et Nathanael Schwartz (\u00c9tats-Unis).<br \/>\n\u00c0 partir de 1999, elle publie de nombreux albums (par exemple : Bl\u00fctenlese, Maha Nada, Losho-Route du paradis), des livres et des musiques de films, entre autres. pour <strong><a href=\"https:\/\/www.youtube.com\/watch?v=7JCri1NRpaE\" target=\"_blank\" rel=\"noopener\">HEARTFULNESS<\/a><\/strong>, <strong>DRACHINZEIT<\/strong> (de Sil Eger), <strong><a href=\"http:\/\/www.berlinale-talents.de\/bt\/project\/profile\/304515&amp;usg=AOvVaw1vRD0Wfgv9hI_7hOhuZpkn&amp;opi=89978449\" target=\"_blank\" rel=\"noopener\">BABY BLUES<\/a><\/strong> de Mamadou Socrate Diop en 2022. Tourn\u00e9e th\u00e9\u00e2trale BL\u00dcTENLESE en 2006 dans les pays des Balkans (Goethe Institut) : Po\u00e8mes \u00e9crits par Selma Meerbaum-Eisinger, musique compos\u00e9e par Fani Ndiaye. <a href=\"http:\/\/www.circus-schatzinsel.de\/events\/over-my-dead-body\/&amp;usg=AOvVaw24GO2mp1PjKVCRPGHzE_RY&amp;opi=89978449\" target=\"_blank\" rel=\"noopener\"><strong>MARANASATI<\/strong><\/a> \u2013 Contemporary cirque, 2022. <a href=\"http:\/\/ackerstadtpalast.de\/machine-to-become-which-witch-machine-to-become\" target=\"_blank\" rel=\"noopener\"><strong>MACHINE TO BECOME WHICH WITCH 2023<\/strong><\/a>.<\/p>\n<p>La m\u00e8re de 4 enfants s&rsquo;est produite dans des th\u00e9\u00e2tres, des festivals et des salles de concert devant jusqu&rsquo;\u00e0 80 000 auditeurs en Europe, en Inde, au Sri Lanka, en Moldavie, en Bi\u00e9lorussie, en Roumanie et au S\u00e9n\u00e9gal.<br \/>\nActuellement, ses arrangements pour violon, avec lesquels elle a invent\u00e9 l&rsquo;album actuel du c\u00e9l\u00e8bre chanteur Thione Seck, sont entendus dans tout le <strong>S\u00e9n\u00e9gal<\/strong>, o\u00f9 elle construit actuellement <a href=\"https:\/\/youtu.be\/Pj3H7jT1iYU?si=y-9iY4Y7cnpMEn26\" target=\"_blank\" rel=\"noopener\"><strong>la 1\u00e8re \u00e9cole de violin du pays<\/strong>.<\/a><\/p>\n<p><strong>\u00c9COLES &amp; COACHING<\/strong><br \/>\n<strong><a href=\"http:\/\/www.tagtigall.de\" target=\"_blank\" rel=\"noopener\">TAGTIGALL \u2013 musique, mouvement, m\u00e9ditation<\/a>\u00a0 <\/strong>En 2010 Fani Ndiaye a fond\u00e9 l&rsquo;\u00e9cole tagtigall de musique et de yoga qui existe jusqu&rsquo;\u00e0 aujourd&rsquo;hui et d\u00e9veloppe continuellement de nouveaux cours et cours \u2013 combinaisons au profit de l&rsquo;humanit\u00e9\u00a0 \u00e0 travers de multiples disciplines pour servir et inspirer une vie pleine de c\u0153ur \u2013\u00a0\u00a0\u00c9quilibre utilisant divers outils artistiques tels que la musique, Heartfulness \u2013 m\u00e9ditation, Yoga, Ateliers, Concerts, Hom\u00f6opathie, Capoeira, m\u00e9thodes vocales innovantes\u00a0 ect.<\/p>\n<p><strong>VOICE REAL \u2013 coaching vocal yogique<\/strong>\u00a0 En 1999, Fani a rencontr\u00e9 le coach vocal Mike Cinammon (\u00c9tats-Unis) et Carolin McPherson (IRLANDE). Sur la base de leurs techniques vocales, Fani a d\u00e9velopp\u00e9 sa propre int\u00e9gration de coaching vocal, la connaissance des chakras v\u00e9diques, qu&rsquo;elle a \u00e9tudi\u00e9e lors de ses diff\u00e9rentes visites \u00e0 l&rsquo;Ashram en Inde. Ce m\u00e9lange de techniques vocales occidentales combin\u00e9es \u00e0 la sagesse orientale des fr\u00e9quences et des vibrations a form\u00e9 cette fr\u00e9quence \u2013 technique vocale sp\u00e9cialis\u00e9e nomm\u00e9e VOICE REAL.<br \/>\nDepuis 2003, elle partage ses recherches et ses connaissances dans des ateliers et cours individuels au sein de son tagtigall -music.movement.meditation. centre et \u00e0 l\u2019\u00e9tranger.<\/p>\n<p><strong><a href=\"https:\/\/youtu.be\/Pj3H7jT1iYU?si=y-9iY4Y7cnpMEn26\" target=\"_blank\" rel=\"noopener\">\u00c8COLE DE VIOLIN S\u00c9N\u00c9GAL<\/a><\/strong>\u00a0 En 2018, Fani a fond\u00e9 la premi\u00e8re \u00e9cole de violon au S\u00e9n\u00e9gal, qui a ensuite \u00e9t\u00e9 int\u00e9gr\u00e9e comme cours de musique suppl\u00e9mentaire \u00e0 l&rsquo;\u00e9cole internationale de Popenguine.<br \/>\nL&rsquo;\u00e9cole r\u00e9clame toujours une attention constante pour atteindre l&rsquo;objectif de cr\u00e9er le premier orchestre de violon s\u00e9n\u00e9galais.<\/p>\n","protected":false},"excerpt":{"rendered":"<p>Musicien, chanteur, compositeur et coach vocal Violin D\u2019Amore, tous les Instruments \u00e0 Cordes &amp; Piano SHOWS: Solo: MEDITATIVE SOUND JOURNEY\u00a0 Viola D\u2019 Amore &amp; Voix, Loop et autres instruments \u00e0 cordes. Simple. Calmant. Chaleureux. FANI &amp; RENU HOSSAIN: Indian Tabla &amp; Percussion (London, British Bengali) rencontre les instruments \u00e0 cordes europ\u00e9ens. Femelle. Virtuose. Passionnant. TRIO [&hellip;]<\/p>\n","protected":false},"author":8,"featured_media":0,"parent":3752,"menu_order":0,"comment_status":"closed","ping_status":"closed","template":"","meta":{"footnotes":""},"class_list":["post-7748","page","type-page","status-publish","hentry"],"yoast_head":"<!-- This site is optimized with the Yoast SEO plugin v27.3 - https:\/\/yoast.com\/product\/yoast-seo-wordpress\/ -->\n<title>FANI NDIAYE - Ahoi Kultur<\/title>\n<meta name=\"robots\" content=\"index, follow, max-snippet:-1, max-image-preview:large, max-video-preview:-1\" \/>\n<link rel=\"canonical\" href=\"https:\/\/ahoi-kultur.de\/fr\/artistes-a-z\/fani-ndiaye\/\" \/>\n<meta property=\"og:locale\" content=\"fr_FR\" \/>\n<meta property=\"og:type\" content=\"article\" \/>\n<meta property=\"og:title\" content=\"FANI NDIAYE - Ahoi Kultur\" \/>\n<meta property=\"og:description\" content=\"Musicien, chanteur, compositeur et coach vocal Violin D\u2019Amore, tous les Instruments \u00e0 Cordes &amp; Piano SHOWS: Solo: MEDITATIVE SOUND JOURNEY\u00a0 Viola D\u2019 Amore &amp; Voix, Loop et autres instruments \u00e0 cordes. Simple. Calmant. Chaleureux. FANI &amp; RENU HOSSAIN: Indian Tabla &amp; Percussion (London, British Bengali) rencontre les instruments \u00e0 cordes europ\u00e9ens. Femelle. Virtuose. Passionnant. TRIO [&hellip;]\" \/>\n<meta property=\"og:url\" content=\"https:\/\/ahoi-kultur.de\/fr\/artistes-a-z\/fani-ndiaye\/\" \/>\n<meta property=\"og:site_name\" content=\"Ahoi Kultur\" \/>\n<meta property=\"article:modified_time\" content=\"2025-10-09T13:50:33+00:00\" \/>\n<meta name=\"twitter:label1\" content=\"Dur\u00e9e de lecture estim\u00e9e\" \/>\n\t<meta name=\"twitter:data1\" content=\"5 minutes\" \/>\n<script type=\"application\/ld+json\" class=\"yoast-schema-graph\">{\"@context\":\"https:\\\/\\\/schema.org\",\"@graph\":[{\"@type\":\"WebPage\",\"@id\":\"https:\\\/\\\/ahoi-kultur.de\\\/fr\\\/artistes-a-z\\\/fani-ndiaye\\\/\",\"url\":\"https:\\\/\\\/ahoi-kultur.de\\\/fr\\\/artistes-a-z\\\/fani-ndiaye\\\/\",\"name\":\"FANI NDIAYE - Ahoi Kultur\",\"isPartOf\":{\"@id\":\"https:\\\/\\\/ahoi-kultur.de\\\/fr\\\/#website\"},\"datePublished\":\"2023-10-20T07:35:00+00:00\",\"dateModified\":\"2025-10-09T13:50:33+00:00\",\"breadcrumb\":{\"@id\":\"https:\\\/\\\/ahoi-kultur.de\\\/fr\\\/artistes-a-z\\\/fani-ndiaye\\\/#breadcrumb\"},\"inLanguage\":\"fr-FR\",\"potentialAction\":[{\"@type\":\"ReadAction\",\"target\":[\"https:\\\/\\\/ahoi-kultur.de\\\/fr\\\/artistes-a-z\\\/fani-ndiaye\\\/\"]}]},{\"@type\":\"BreadcrumbList\",\"@id\":\"https:\\\/\\\/ahoi-kultur.de\\\/fr\\\/artistes-a-z\\\/fani-ndiaye\\\/#breadcrumb\",\"itemListElement\":[{\"@type\":\"ListItem\",\"position\":1,\"name\":\"Home\",\"item\":\"https:\\\/\\\/ahoi-kultur.de\\\/fr\\\/\"},{\"@type\":\"ListItem\",\"position\":2,\"name\":\"Artistes A \u2013 Z\",\"item\":\"https:\\\/\\\/ahoi-kultur.de\\\/fr\\\/artistes-a-z\\\/\"},{\"@type\":\"ListItem\",\"position\":3,\"name\":\"FANI NDIAYE\"}]},{\"@type\":\"WebSite\",\"@id\":\"https:\\\/\\\/ahoi-kultur.de\\\/fr\\\/#website\",\"url\":\"https:\\\/\\\/ahoi-kultur.de\\\/fr\\\/\",\"name\":\"Ahoi Kultur\",\"description\":\"Artist and Events\",\"publisher\":{\"@id\":\"https:\\\/\\\/ahoi-kultur.de\\\/fr\\\/#organization\"},\"potentialAction\":[{\"@type\":\"SearchAction\",\"target\":{\"@type\":\"EntryPoint\",\"urlTemplate\":\"https:\\\/\\\/ahoi-kultur.de\\\/fr\\\/?s={search_term_string}\"},\"query-input\":{\"@type\":\"PropertyValueSpecification\",\"valueRequired\":true,\"valueName\":\"search_term_string\"}}],\"inLanguage\":\"fr-FR\"},{\"@type\":\"Organization\",\"@id\":\"https:\\\/\\\/ahoi-kultur.de\\\/fr\\\/#organization\",\"name\":\"Ahoi Kultur\",\"url\":\"https:\\\/\\\/ahoi-kultur.de\\\/fr\\\/\",\"logo\":{\"@type\":\"ImageObject\",\"inLanguage\":\"fr-FR\",\"@id\":\"https:\\\/\\\/ahoi-kultur.de\\\/fr\\\/#\\\/schema\\\/logo\\\/image\\\/\",\"url\":\"https:\\\/\\\/ahoi-kultur.de\\\/wp-content\\\/uploads\\\/2013\\\/10\\\/ahoi-kultur-logo.gif\",\"contentUrl\":\"https:\\\/\\\/ahoi-kultur.de\\\/wp-content\\\/uploads\\\/2013\\\/10\\\/ahoi-kultur-logo.gif\",\"width\":454,\"height\":388,\"caption\":\"Ahoi Kultur\"},\"image\":{\"@id\":\"https:\\\/\\\/ahoi-kultur.de\\\/fr\\\/#\\\/schema\\\/logo\\\/image\\\/\"}}]}<\/script>\n<!-- \/ Yoast SEO plugin. -->","yoast_head_json":{"title":"FANI NDIAYE - Ahoi Kultur","robots":{"index":"index","follow":"follow","max-snippet":"max-snippet:-1","max-image-preview":"max-image-preview:large","max-video-preview":"max-video-preview:-1"},"canonical":"https:\/\/ahoi-kultur.de\/fr\/artistes-a-z\/fani-ndiaye\/","og_locale":"fr_FR","og_type":"article","og_title":"FANI NDIAYE - Ahoi Kultur","og_description":"Musicien, chanteur, compositeur et coach vocal Violin D\u2019Amore, tous les Instruments \u00e0 Cordes &amp; Piano SHOWS: Solo: MEDITATIVE SOUND JOURNEY\u00a0 Viola D\u2019 Amore &amp; Voix, Loop et autres instruments \u00e0 cordes. Simple. Calmant. Chaleureux. FANI &amp; RENU HOSSAIN: Indian Tabla &amp; Percussion (London, British Bengali) rencontre les instruments \u00e0 cordes europ\u00e9ens. Femelle. Virtuose. Passionnant. TRIO [&hellip;]","og_url":"https:\/\/ahoi-kultur.de\/fr\/artistes-a-z\/fani-ndiaye\/","og_site_name":"Ahoi Kultur","article_modified_time":"2025-10-09T13:50:33+00:00","twitter_misc":{"Dur\u00e9e de lecture estim\u00e9e":"5 minutes"},"schema":{"@context":"https:\/\/schema.org","@graph":[{"@type":"WebPage","@id":"https:\/\/ahoi-kultur.de\/fr\/artistes-a-z\/fani-ndiaye\/","url":"https:\/\/ahoi-kultur.de\/fr\/artistes-a-z\/fani-ndiaye\/","name":"FANI NDIAYE - Ahoi Kultur","isPartOf":{"@id":"https:\/\/ahoi-kultur.de\/fr\/#website"},"datePublished":"2023-10-20T07:35:00+00:00","dateModified":"2025-10-09T13:50:33+00:00","breadcrumb":{"@id":"https:\/\/ahoi-kultur.de\/fr\/artistes-a-z\/fani-ndiaye\/#breadcrumb"},"inLanguage":"fr-FR","potentialAction":[{"@type":"ReadAction","target":["https:\/\/ahoi-kultur.de\/fr\/artistes-a-z\/fani-ndiaye\/"]}]},{"@type":"BreadcrumbList","@id":"https:\/\/ahoi-kultur.de\/fr\/artistes-a-z\/fani-ndiaye\/#breadcrumb","itemListElement":[{"@type":"ListItem","position":1,"name":"Home","item":"https:\/\/ahoi-kultur.de\/fr\/"},{"@type":"ListItem","position":2,"name":"Artistes A \u2013 Z","item":"https:\/\/ahoi-kultur.de\/fr\/artistes-a-z\/"},{"@type":"ListItem","position":3,"name":"FANI NDIAYE"}]},{"@type":"WebSite","@id":"https:\/\/ahoi-kultur.de\/fr\/#website","url":"https:\/\/ahoi-kultur.de\/fr\/","name":"Ahoi Kultur","description":"Artist and Events","publisher":{"@id":"https:\/\/ahoi-kultur.de\/fr\/#organization"},"potentialAction":[{"@type":"SearchAction","target":{"@type":"EntryPoint","urlTemplate":"https:\/\/ahoi-kultur.de\/fr\/?s={search_term_string}"},"query-input":{"@type":"PropertyValueSpecification","valueRequired":true,"valueName":"search_term_string"}}],"inLanguage":"fr-FR"},{"@type":"Organization","@id":"https:\/\/ahoi-kultur.de\/fr\/#organization","name":"Ahoi Kultur","url":"https:\/\/ahoi-kultur.de\/fr\/","logo":{"@type":"ImageObject","inLanguage":"fr-FR","@id":"https:\/\/ahoi-kultur.de\/fr\/#\/schema\/logo\/image\/","url":"https:\/\/ahoi-kultur.de\/wp-content\/uploads\/2013\/10\/ahoi-kultur-logo.gif","contentUrl":"https:\/\/ahoi-kultur.de\/wp-content\/uploads\/2013\/10\/ahoi-kultur-logo.gif","width":454,"height":388,"caption":"Ahoi Kultur"},"image":{"@id":"https:\/\/ahoi-kultur.de\/fr\/#\/schema\/logo\/image\/"}}]}},"_links":{"self":[{"href":"https:\/\/ahoi-kultur.de\/fr\/wp-json\/wp\/v2\/pages\/7748","targetHints":{"allow":["GET"]}}],"collection":[{"href":"https:\/\/ahoi-kultur.de\/fr\/wp-json\/wp\/v2\/pages"}],"about":[{"href":"https:\/\/ahoi-kultur.de\/fr\/wp-json\/wp\/v2\/types\/page"}],"author":[{"embeddable":true,"href":"https:\/\/ahoi-kultur.de\/fr\/wp-json\/wp\/v2\/users\/8"}],"replies":[{"embeddable":true,"href":"https:\/\/ahoi-kultur.de\/fr\/wp-json\/wp\/v2\/comments?post=7748"}],"version-history":[{"count":13,"href":"https:\/\/ahoi-kultur.de\/fr\/wp-json\/wp\/v2\/pages\/7748\/revisions"}],"predecessor-version":[{"id":10430,"href":"https:\/\/ahoi-kultur.de\/fr\/wp-json\/wp\/v2\/pages\/7748\/revisions\/10430"}],"up":[{"embeddable":true,"href":"https:\/\/ahoi-kultur.de\/fr\/wp-json\/wp\/v2\/pages\/3752"}],"wp:attachment":[{"href":"https:\/\/ahoi-kultur.de\/fr\/wp-json\/wp\/v2\/media?parent=7748"}],"curies":[{"name":"wp","href":"https:\/\/api.w.org\/{rel}","templated":true}]}}