{"id":7868,"date":"2023-10-30T20:00:53","date_gmt":"2023-10-30T19:00:53","guid":{"rendered":"https:\/\/ahoi-kultur.de\/?page_id=7868"},"modified":"2024-06-13T21:11:20","modified_gmt":"2024-06-13T19:11:20","slug":"2024-2","status":"publish","type":"page","link":"https:\/\/ahoi-kultur.de\/fr\/festival-pour-la-journee-internationale-de-lutte-des-femmes\/2024-2\/","title":{"rendered":"2024"},"content":{"rendered":"<p>Vendredi <strong>8. M\u00e4rz 2024,<\/strong>\u00a0 18:00h \u2013 Porte 17:30h<strong><img decoding=\"async\" class=\" wp-image-8409 alignright\" src=\"https:\/\/ahoi-kultur.de\/wp-content\/uploads\/2024\/02\/Festliche-Frauenversammlung-Festival-3_Plakat-213x300.jpg\" alt=\"\" width=\"211\" height=\"297\" srcset=\"https:\/\/ahoi-kultur.de\/wp-content\/uploads\/2024\/02\/Festliche-Frauenversammlung-Festival-3_Plakat-213x300.jpg 213w, https:\/\/ahoi-kultur.de\/wp-content\/uploads\/2024\/02\/Festliche-Frauenversammlung-Festival-3_Plakat-727x1024.jpg 727w, https:\/\/ahoi-kultur.de\/wp-content\/uploads\/2024\/02\/Festliche-Frauenversammlung-Festival-3_Plakat-1091x1536.jpg 1091w, https:\/\/ahoi-kultur.de\/wp-content\/uploads\/2024\/02\/Festliche-Frauenversammlung-Festival-3_Plakat-624x879.jpg 624w, https:\/\/ahoi-kultur.de\/wp-content\/uploads\/2024\/02\/Festliche-Frauenversammlung-Festival-3_Plakat.jpg 1207w\" sizes=\"(max-width: 211px) 100vw, 211px\" \/><\/strong><br \/>\n<strong><span style=\"color: #0000ff;\">FESTLICHE FRAUENVERSAMMLUNG MIT FETE #3<\/span><br \/>\n<span style=\"color: #ff0000;\">Le Festival pour la Journ\u00e9e internationale de Lutte des Femmes<\/span><\/strong><br \/>\navec<br \/>\n<strong><a href=\"https:\/\/ahoi-kultur.de\/fr\/artistes-a-z\/fani-ndiaye\/\" target=\"_blank\" rel=\"noopener\">FANI NDIAYE<\/a> &amp; <a href=\"https:\/\/renumusic.me\/\" target=\"_blank\" rel=\"noopener\">RENU HOSSAIN<\/a><\/strong> \u2013 Viola D\u2019Amore &amp; Tabla<br \/>\n<a href=\"https:\/\/www.liaandes.de\/\" target=\"_blank\" rel=\"noopener\"><strong>LIA ANDES<\/strong><\/a> \u2013 Jazz, Rock, Soul &amp; Blues<br \/>\n<a href=\"https:\/\/ahoi-kultur.de\/fr\/artistes-a-z\/angela-ordu-free-spiritz\/\"><strong>ANGELA ORDU &amp; FREE SPIRITZ<\/strong><\/a> \u2013 Afrobeat &amp; Reggae<br \/>\n<a href=\"https:\/\/de.wikipedia.org\/wiki\/Stella_Nyanzi\" target=\"_blank\" rel=\"noopener\"><strong>STELLA NYANZI<\/strong> <\/a>\u2013 Auteur Ougandais<br \/>\n<a href=\"https:\/\/www.instagram.com\/the_unse\/\" target=\"_blank\" rel=\"noopener\"><strong>NAOMI BEUKES<\/strong><\/a> de Namibie \u2013 Film: \u201eScarlett Ribbons\u201c de The Centre<br \/>\n<strong>Party: <a href=\"https:\/\/soundcloud.com\/maya-wada-983351163?ref=clipboard&amp;p=i&amp;c=1&amp;si=015A0D6AA6914E9483775E05D7919A34&amp;utm_source=clipboard&amp;utm_medium=text&amp;utm_campaign=social_sharing\" target=\"_blank\" rel=\"noopener\">MAYA WADA<\/a><\/strong> du Japon \u2013 Downtempo-Musique de Danse<br \/>\n<strong>Moderation: <a href=\"https:\/\/www.instagram.com\/the_unse\/\" target=\"_blank\" rel=\"noopener\">NAOMI BEUKES<\/a><\/strong><br \/>\n<strong>Pose d&rsquo;\u00e9clairage: <a href=\"https:\/\/www.instagram.com\/lazyliu.berlin\/\" target=\"_blank\" rel=\"noopener\">LAZY LIU<\/a><\/strong><br \/>\n<strong>Ausstellung<\/strong>: Transformez positivement les dictons misogynes d\u00e9chiquet\u00e9s, Action 8. Mars 2022<br \/>\n<strong>L&rsquo;arbre \u00e0 souhaits magique <\/strong><br \/>\n<strong>Buffet apr\u00e8s la d\u00e9mo<\/strong><br \/>\n<span style=\"color: #0000ff;\"><strong>Merci de votre soutient <\/strong><\/span><a href=\"https:\/\/www.musicboard-berlin.de\/\" target=\"_blank\" rel=\"noopener\"><strong>MUSICBOARD BERLIN<\/strong><\/a><br \/>\n\u00e0<br \/>\n<a href=\"http:\/\/www.forum-factory.de\" target=\"_blank\" rel=\"noopener\"><strong>FORUM FACTORY<\/strong><\/a><br \/>\nBesselstr. 13-14, 10969 Berlin \u2013 rollstuhlgerecht, nachhaltig, U-Kochstr.<\/p>\n<p><a href=\"https:\/\/ahoi-kultur.de\/wp-content\/uploads\/2024\/03\/8-Maerz-2024_Festliche-Frauenversammlung-mit-Fete-3.pdf\" target=\"_blank\" rel=\"noopener\">Voici le programme en pdf \u00e0 t\u00e9l\u00e9charger<\/a><\/p>\n","protected":false},"excerpt":{"rendered":"<p>Vendredi 8. M\u00e4rz 2024,\u00a0 18:00h \u2013 Porte 17:30h FESTLICHE FRAUENVERSAMMLUNG MIT FETE #3 Le Festival pour la Journ\u00e9e internationale de Lutte des Femmes avec FANI NDIAYE &amp; RENU HOSSAIN \u2013 Viola D\u2019Amore &amp; Tabla LIA ANDES \u2013 Jazz, Rock, Soul &amp; Blues ANGELA ORDU &amp; FREE SPIRITZ \u2013 Afrobeat &amp; Reggae STELLA NYANZI \u2013 Auteur [&hellip;]<\/p>\n","protected":false},"author":8,"featured_media":0,"parent":7860,"menu_order":0,"comment_status":"closed","ping_status":"closed","template":"","meta":{"footnotes":""},"class_list":["post-7868","page","type-page","status-publish","hentry"],"yoast_head":"<!-- This site is optimized with the Yoast SEO plugin v27.3 - https:\/\/yoast.com\/product\/yoast-seo-wordpress\/ -->\n<title>2024 - Ahoi Kultur<\/title>\n<meta name=\"robots\" content=\"index, follow, max-snippet:-1, max-image-preview:large, max-video-preview:-1\" \/>\n<link rel=\"canonical\" href=\"https:\/\/ahoi-kultur.de\/fr\/festival-pour-la-journee-internationale-de-lutte-des-femmes\/2024-2\/\" \/>\n<meta property=\"og:locale\" content=\"fr_FR\" \/>\n<meta property=\"og:type\" content=\"article\" \/>\n<meta property=\"og:title\" content=\"2024 - Ahoi Kultur\" \/>\n<meta property=\"og:description\" content=\"Vendredi 8. M\u00e4rz 2024,\u00a0 18:00h \u2013 Porte 17:30h FESTLICHE FRAUENVERSAMMLUNG MIT FETE #3 Le Festival pour la Journ\u00e9e internationale de Lutte des Femmes avec FANI NDIAYE &amp; RENU HOSSAIN \u2013 Viola D\u2019Amore &amp; Tabla LIA ANDES \u2013 Jazz, Rock, Soul &amp; Blues ANGELA ORDU &amp; FREE SPIRITZ \u2013 Afrobeat &amp; Reggae STELLA NYANZI \u2013 Auteur [&hellip;]\" \/>\n<meta property=\"og:url\" content=\"https:\/\/ahoi-kultur.de\/fr\/festival-pour-la-journee-internationale-de-lutte-des-femmes\/2024-2\/\" \/>\n<meta property=\"og:site_name\" content=\"Ahoi Kultur\" \/>\n<meta property=\"article:modified_time\" content=\"2024-06-13T19:11:20+00:00\" \/>\n<meta property=\"og:image\" content=\"https:\/\/ahoi-kultur.de\/wp-content\/uploads\/2024\/02\/Festliche-Frauenversammlung-Festival-3_Plakat-213x300.jpg\" \/>\n<meta name=\"twitter:label1\" content=\"Dur\u00e9e de lecture estim\u00e9e\" \/>\n\t<meta name=\"twitter:data1\" content=\"1 minute\" \/>\n<script type=\"application\/ld+json\" class=\"yoast-schema-graph\">{\"@context\":\"https:\\\/\\\/schema.org\",\"@graph\":[{\"@type\":\"WebPage\",\"@id\":\"https:\\\/\\\/ahoi-kultur.de\\\/fr\\\/festival-pour-la-journee-internationale-de-lutte-des-femmes\\\/2024-2\\\/\",\"url\":\"https:\\\/\\\/ahoi-kultur.de\\\/fr\\\/festival-pour-la-journee-internationale-de-lutte-des-femmes\\\/2024-2\\\/\",\"name\":\"2024 - Ahoi Kultur\",\"isPartOf\":{\"@id\":\"https:\\\/\\\/ahoi-kultur.de\\\/fr\\\/#website\"},\"primaryImageOfPage\":{\"@id\":\"https:\\\/\\\/ahoi-kultur.de\\\/fr\\\/festival-pour-la-journee-internationale-de-lutte-des-femmes\\\/2024-2\\\/#primaryimage\"},\"image\":{\"@id\":\"https:\\\/\\\/ahoi-kultur.de\\\/fr\\\/festival-pour-la-journee-internationale-de-lutte-des-femmes\\\/2024-2\\\/#primaryimage\"},\"thumbnailUrl\":\"https:\\\/\\\/ahoi-kultur.de\\\/wp-content\\\/uploads\\\/2024\\\/02\\\/Festliche-Frauenversammlung-Festival-3_Plakat-213x300.jpg\",\"datePublished\":\"2023-10-30T19:00:53+00:00\",\"dateModified\":\"2024-06-13T19:11:20+00:00\",\"breadcrumb\":{\"@id\":\"https:\\\/\\\/ahoi-kultur.de\\\/fr\\\/festival-pour-la-journee-internationale-de-lutte-des-femmes\\\/2024-2\\\/#breadcrumb\"},\"inLanguage\":\"fr-FR\",\"potentialAction\":[{\"@type\":\"ReadAction\",\"target\":[\"https:\\\/\\\/ahoi-kultur.de\\\/fr\\\/festival-pour-la-journee-internationale-de-lutte-des-femmes\\\/2024-2\\\/\"]}]},{\"@type\":\"ImageObject\",\"inLanguage\":\"fr-FR\",\"@id\":\"https:\\\/\\\/ahoi-kultur.de\\\/fr\\\/festival-pour-la-journee-internationale-de-lutte-des-femmes\\\/2024-2\\\/#primaryimage\",\"url\":\"https:\\\/\\\/ahoi-kultur.de\\\/wp-content\\\/uploads\\\/2024\\\/02\\\/Festliche-Frauenversammlung-Festival-3_Plakat-213x300.jpg\",\"contentUrl\":\"https:\\\/\\\/ahoi-kultur.de\\\/wp-content\\\/uploads\\\/2024\\\/02\\\/Festliche-Frauenversammlung-Festival-3_Plakat-213x300.jpg\"},{\"@type\":\"BreadcrumbList\",\"@id\":\"https:\\\/\\\/ahoi-kultur.de\\\/fr\\\/festival-pour-la-journee-internationale-de-lutte-des-femmes\\\/2024-2\\\/#breadcrumb\",\"itemListElement\":[{\"@type\":\"ListItem\",\"position\":1,\"name\":\"Home\",\"item\":\"https:\\\/\\\/ahoi-kultur.de\\\/fr\\\/\"},{\"@type\":\"ListItem\",\"position\":2,\"name\":\"Festival pour la Journ\u00e9e internationale de lutte\u00a0des\u00a0femmes\",\"item\":\"https:\\\/\\\/ahoi-kultur.de\\\/fr\\\/festival-pour-la-journee-internationale-de-lutte-des-femmes\\\/\"},{\"@type\":\"ListItem\",\"position\":3,\"name\":\"2024\"}]},{\"@type\":\"WebSite\",\"@id\":\"https:\\\/\\\/ahoi-kultur.de\\\/fr\\\/#website\",\"url\":\"https:\\\/\\\/ahoi-kultur.de\\\/fr\\\/\",\"name\":\"Ahoi Kultur\",\"description\":\"Artist and Events\",\"publisher\":{\"@id\":\"https:\\\/\\\/ahoi-kultur.de\\\/fr\\\/#organization\"},\"potentialAction\":[{\"@type\":\"SearchAction\",\"target\":{\"@type\":\"EntryPoint\",\"urlTemplate\":\"https:\\\/\\\/ahoi-kultur.de\\\/fr\\\/?s={search_term_string}\"},\"query-input\":{\"@type\":\"PropertyValueSpecification\",\"valueRequired\":true,\"valueName\":\"search_term_string\"}}],\"inLanguage\":\"fr-FR\"},{\"@type\":\"Organization\",\"@id\":\"https:\\\/\\\/ahoi-kultur.de\\\/fr\\\/#organization\",\"name\":\"Ahoi Kultur\",\"url\":\"https:\\\/\\\/ahoi-kultur.de\\\/fr\\\/\",\"logo\":{\"@type\":\"ImageObject\",\"inLanguage\":\"fr-FR\",\"@id\":\"https:\\\/\\\/ahoi-kultur.de\\\/fr\\\/#\\\/schema\\\/logo\\\/image\\\/\",\"url\":\"https:\\\/\\\/ahoi-kultur.de\\\/wp-content\\\/uploads\\\/2013\\\/10\\\/ahoi-kultur-logo.gif\",\"contentUrl\":\"https:\\\/\\\/ahoi-kultur.de\\\/wp-content\\\/uploads\\\/2013\\\/10\\\/ahoi-kultur-logo.gif\",\"width\":454,\"height\":388,\"caption\":\"Ahoi Kultur\"},\"image\":{\"@id\":\"https:\\\/\\\/ahoi-kultur.de\\\/fr\\\/#\\\/schema\\\/logo\\\/image\\\/\"}}]}<\/script>\n<!-- \/ Yoast SEO plugin. -->","yoast_head_json":{"title":"2024 - Ahoi Kultur","robots":{"index":"index","follow":"follow","max-snippet":"max-snippet:-1","max-image-preview":"max-image-preview:large","max-video-preview":"max-video-preview:-1"},"canonical":"https:\/\/ahoi-kultur.de\/fr\/festival-pour-la-journee-internationale-de-lutte-des-femmes\/2024-2\/","og_locale":"fr_FR","og_type":"article","og_title":"2024 - Ahoi Kultur","og_description":"Vendredi 8. M\u00e4rz 2024,\u00a0 18:00h \u2013 Porte 17:30h FESTLICHE FRAUENVERSAMMLUNG MIT FETE #3 Le Festival pour la Journ\u00e9e internationale de Lutte des Femmes avec FANI NDIAYE &amp; RENU HOSSAIN \u2013 Viola D\u2019Amore &amp; Tabla LIA ANDES \u2013 Jazz, Rock, Soul &amp; Blues ANGELA ORDU &amp; FREE SPIRITZ \u2013 Afrobeat &amp; Reggae STELLA NYANZI \u2013 Auteur [&hellip;]","og_url":"https:\/\/ahoi-kultur.de\/fr\/festival-pour-la-journee-internationale-de-lutte-des-femmes\/2024-2\/","og_site_name":"Ahoi Kultur","article_modified_time":"2024-06-13T19:11:20+00:00","og_image":[{"url":"https:\/\/ahoi-kultur.de\/wp-content\/uploads\/2024\/02\/Festliche-Frauenversammlung-Festival-3_Plakat-213x300.jpg","type":"","width":"","height":""}],"twitter_misc":{"Dur\u00e9e de lecture estim\u00e9e":"1 minute"},"schema":{"@context":"https:\/\/schema.org","@graph":[{"@type":"WebPage","@id":"https:\/\/ahoi-kultur.de\/fr\/festival-pour-la-journee-internationale-de-lutte-des-femmes\/2024-2\/","url":"https:\/\/ahoi-kultur.de\/fr\/festival-pour-la-journee-internationale-de-lutte-des-femmes\/2024-2\/","name":"2024 - Ahoi Kultur","isPartOf":{"@id":"https:\/\/ahoi-kultur.de\/fr\/#website"},"primaryImageOfPage":{"@id":"https:\/\/ahoi-kultur.de\/fr\/festival-pour-la-journee-internationale-de-lutte-des-femmes\/2024-2\/#primaryimage"},"image":{"@id":"https:\/\/ahoi-kultur.de\/fr\/festival-pour-la-journee-internationale-de-lutte-des-femmes\/2024-2\/#primaryimage"},"thumbnailUrl":"https:\/\/ahoi-kultur.de\/wp-content\/uploads\/2024\/02\/Festliche-Frauenversammlung-Festival-3_Plakat-213x300.jpg","datePublished":"2023-10-30T19:00:53+00:00","dateModified":"2024-06-13T19:11:20+00:00","breadcrumb":{"@id":"https:\/\/ahoi-kultur.de\/fr\/festival-pour-la-journee-internationale-de-lutte-des-femmes\/2024-2\/#breadcrumb"},"inLanguage":"fr-FR","potentialAction":[{"@type":"ReadAction","target":["https:\/\/ahoi-kultur.de\/fr\/festival-pour-la-journee-internationale-de-lutte-des-femmes\/2024-2\/"]}]},{"@type":"ImageObject","inLanguage":"fr-FR","@id":"https:\/\/ahoi-kultur.de\/fr\/festival-pour-la-journee-internationale-de-lutte-des-femmes\/2024-2\/#primaryimage","url":"https:\/\/ahoi-kultur.de\/wp-content\/uploads\/2024\/02\/Festliche-Frauenversammlung-Festival-3_Plakat-213x300.jpg","contentUrl":"https:\/\/ahoi-kultur.de\/wp-content\/uploads\/2024\/02\/Festliche-Frauenversammlung-Festival-3_Plakat-213x300.jpg"},{"@type":"BreadcrumbList","@id":"https:\/\/ahoi-kultur.de\/fr\/festival-pour-la-journee-internationale-de-lutte-des-femmes\/2024-2\/#breadcrumb","itemListElement":[{"@type":"ListItem","position":1,"name":"Home","item":"https:\/\/ahoi-kultur.de\/fr\/"},{"@type":"ListItem","position":2,"name":"Festival pour la Journ\u00e9e internationale de lutte\u00a0des\u00a0femmes","item":"https:\/\/ahoi-kultur.de\/fr\/festival-pour-la-journee-internationale-de-lutte-des-femmes\/"},{"@type":"ListItem","position":3,"name":"2024"}]},{"@type":"WebSite","@id":"https:\/\/ahoi-kultur.de\/fr\/#website","url":"https:\/\/ahoi-kultur.de\/fr\/","name":"Ahoi Kultur","description":"Artist and Events","publisher":{"@id":"https:\/\/ahoi-kultur.de\/fr\/#organization"},"potentialAction":[{"@type":"SearchAction","target":{"@type":"EntryPoint","urlTemplate":"https:\/\/ahoi-kultur.de\/fr\/?s={search_term_string}"},"query-input":{"@type":"PropertyValueSpecification","valueRequired":true,"valueName":"search_term_string"}}],"inLanguage":"fr-FR"},{"@type":"Organization","@id":"https:\/\/ahoi-kultur.de\/fr\/#organization","name":"Ahoi Kultur","url":"https:\/\/ahoi-kultur.de\/fr\/","logo":{"@type":"ImageObject","inLanguage":"fr-FR","@id":"https:\/\/ahoi-kultur.de\/fr\/#\/schema\/logo\/image\/","url":"https:\/\/ahoi-kultur.de\/wp-content\/uploads\/2013\/10\/ahoi-kultur-logo.gif","contentUrl":"https:\/\/ahoi-kultur.de\/wp-content\/uploads\/2013\/10\/ahoi-kultur-logo.gif","width":454,"height":388,"caption":"Ahoi Kultur"},"image":{"@id":"https:\/\/ahoi-kultur.de\/fr\/#\/schema\/logo\/image\/"}}]}},"_links":{"self":[{"href":"https:\/\/ahoi-kultur.de\/fr\/wp-json\/wp\/v2\/pages\/7868","targetHints":{"allow":["GET"]}}],"collection":[{"href":"https:\/\/ahoi-kultur.de\/fr\/wp-json\/wp\/v2\/pages"}],"about":[{"href":"https:\/\/ahoi-kultur.de\/fr\/wp-json\/wp\/v2\/types\/page"}],"author":[{"embeddable":true,"href":"https:\/\/ahoi-kultur.de\/fr\/wp-json\/wp\/v2\/users\/8"}],"replies":[{"embeddable":true,"href":"https:\/\/ahoi-kultur.de\/fr\/wp-json\/wp\/v2\/comments?post=7868"}],"version-history":[{"count":13,"href":"https:\/\/ahoi-kultur.de\/fr\/wp-json\/wp\/v2\/pages\/7868\/revisions"}],"predecessor-version":[{"id":8607,"href":"https:\/\/ahoi-kultur.de\/fr\/wp-json\/wp\/v2\/pages\/7868\/revisions\/8607"}],"up":[{"embeddable":true,"href":"https:\/\/ahoi-kultur.de\/fr\/wp-json\/wp\/v2\/pages\/7860"}],"wp:attachment":[{"href":"https:\/\/ahoi-kultur.de\/fr\/wp-json\/wp\/v2\/media?parent=7868"}],"curies":[{"name":"wp","href":"https:\/\/api.w.org\/{rel}","templated":true}]}}