{"id":8515,"date":"2024-05-04T08:54:45","date_gmt":"2024-05-04T06:54:45","guid":{"rendered":"https:\/\/ahoi-kultur.de\/?page_id=8515"},"modified":"2026-03-15T23:18:14","modified_gmt":"2026-03-15T22:18:14","slug":"angela-ordu-free-spiritz","status":"publish","type":"page","link":"https:\/\/ahoi-kultur.de\/fr\/artistes-a-z\/angela-ordu-free-spiritz\/","title":{"rendered":"Angela Ordu &#038; Free Spiritz"},"content":{"rendered":"<p><strong>Afrobeat, Reggae, Blues<\/strong><\/p>\n<div id=\"metaslider-id-8533\" style=\"max-width: 400px;\" class=\"ml-slider-3-107-0 metaslider metaslider-flex metaslider-8533 ml-slider has-onhover-arrows ms-theme-default nav-hidden\" role=\"region\" aria-label=\"Angela Ordu &amp; Free Spiritz\" data-height=\"200\" data-width=\"400\">\n    <div id=\"metaslider_container_8533\">\n        <div id=\"metaslider_8533\">\n            <ul class='slides'>\n                <li style=\"display: block; width: 100%;\" class=\"slide-9009 ms-image \" aria-roledescription=\"slide\" data-date=\"2024-10-23 13:10:08\" data-filename=\"Angela2_-142x71.jpg\" data-slide-type=\"image\"><img decoding=\"async\" src=\"https:\/\/ahoi-kultur.de\/wp-content\/uploads\/2024\/10\/Angela2_-142x71.jpg\" height=\"200\" width=\"400\" alt=\"\" class=\"slider-8533 slide-9009 msDefaultImage\" title=\"Angela+2_\" \/><\/li>\n                <li style=\"display: none; width: 100%;\" class=\"slide-9010 ms-image \" aria-roledescription=\"slide\" data-date=\"2024-10-23 13:10:09\" data-filename=\"Angela_dunkel_Vielfalt_-142x71.jpg\" data-slide-type=\"image\"><img decoding=\"async\" src=\"https:\/\/ahoi-kultur.de\/wp-content\/uploads\/2024\/10\/Angela_dunkel_Vielfalt_-142x71.jpg\" height=\"200\" width=\"400\" alt=\"\" class=\"slider-8533 slide-9010 msDefaultImage\" title=\"Angela_dunkel_Vielfalt_\" \/><\/li>\n                <li style=\"display: none; width: 100%;\" class=\"slide-9011 ms-image \" aria-roledescription=\"slide\" data-date=\"2024-10-23 13:10:09\" data-filename=\"Angela-Ordu_c_Mahide-Lein-142x71.jpg\" data-slide-type=\"image\"><img decoding=\"async\" src=\"https:\/\/ahoi-kultur.de\/wp-content\/uploads\/2024\/10\/Angela-Ordu_c_Mahide-Lein-142x71.jpg\" height=\"200\" width=\"400\" alt=\"\" class=\"slider-8533 slide-9011 msDefaultImage\" title=\"Angela Ordu_(c)_Mahide Lein\" \/><\/li>\n                <li style=\"display: none; width: 100%;\" class=\"slide-9013 ms-image \" aria-roledescription=\"slide\" data-date=\"2024-10-23 13:10:09\" data-filename=\"Angela-Ordu-FREE-SPIRITZ_c_-Bertil-Bartholdson_proc-227x113.jpg\" data-slide-type=\"image\"><img decoding=\"async\" src=\"https:\/\/ahoi-kultur.de\/wp-content\/uploads\/2024\/10\/Angela-Ordu-FREE-SPIRITZ_c_-Bertil-Bartholdson_proc-227x113.jpg\" height=\"200\" width=\"400\" alt=\"\" class=\"slider-8533 slide-9013 msDefaultImage\" title=\"Angela Ordu &amp; FREE SPIRITZ_(c)_ Bertil Bartholdson_proc\" \/><\/li>\n                <li style=\"display: none; width: 100%;\" class=\"slide-9015 ms-image \" aria-roledescription=\"slide\" data-date=\"2024-10-23 13:10:09\" data-filename=\"Angela-intensiv_kl-198x99.jpg\" data-slide-type=\"image\"><img decoding=\"async\" src=\"https:\/\/ahoi-kultur.de\/wp-content\/uploads\/2024\/10\/Angela-intensiv_kl-198x99.jpg\" height=\"200\" width=\"400\" alt=\"\" class=\"slider-8533 slide-9015 msDefaultImage\" title=\"Angela intensiv_kl\" \/><\/li>\n            <\/ul>\n        <\/div>\n        \n    <\/div>\n<\/div>\n<p><strong><span style=\"color: #0000ff;\"><em>Line-up:<\/em><\/span><\/strong><br \/>\n<strong>Angela Ordu<\/strong> \u2013 Voc, Kalimba, Shakers (NG\/DE)<br \/>\n<a href=\"https:\/\/refugeworldwide.com\/radio\/convos-with-kemoy-29th-may-2021\" target=\"_blank\" rel=\"noopener\"><strong>Josylyn Segal<\/strong><\/a> &#8211; Perc, Sax (USA)<br \/>\n<a href=\"https:\/\/www.instagram.com\/riar.other\/\" target=\"_blank\" rel=\"noopener\"><strong>Ria Rother<\/strong>\u00a0<\/a> &#8211; Bass, Drums\u00a0 (DE)<br \/>\n<a href=\"https:\/\/www.instagram.com\/emp.beatriz\" target=\"_blank\" rel=\"noopener\"><strong>Beatriz Ferreira<\/strong><\/a> &#8211; Voc, Guit, Perc (BR)<br \/>\n<a href=\"https:\/\/www.instagram.com\/andreza_eo_pandeiro\/\" target=\"_blank\" rel=\"noopener\"><strong>Andreza Jesus<\/strong><\/a> \u2013 Voc., Pandero (BR)<br \/>\n<strong>Louey Moss<\/strong> \u2013 Drums, Perc, Voc (USA)<br \/>\n<span style=\"color: #000000;\"><strong><em>Stand by:<\/em><\/strong><\/span><br \/>\n<a href=\"https:\/\/www.instagram.com\/mc_josh__\/\" target=\"_blank\" rel=\"noopener\"><strong>MC Josh<\/strong> <\/a>\u2013 Poet (De)<br \/>\n<a href=\"https:\/\/www.instagram.com\/magdalenaadlberger\/\" target=\"_blank\" rel=\"noopener\"><strong>Magdalena Adlberger<\/strong><\/a> &#8211; Violoncelle (Autriche)<br \/>\n<a href=\"https:\/\/carmelzoum.wixsite.com\/my-site-5\/\" target=\"_blank\" rel=\"noopener\"><strong>Carmel Zoum<\/strong><\/a> -Voc, Poet (Congo, FR)<\/p>\n<p>La nouvelle multicultural formation f\u00e9minine Berlinoise FREE SPIRITZ a \u00e9t\u00e9 fond\u00e9e par la chanteuse nig\u00e9ro-allemande Angela Ordu et s&rsquo;amuse \u00e0 transformer de nombreux styles musicaux, ses propres compositions et des chansons bien connues du Nigeria, du Ghana et du Br\u00e9sil en une musique groovy et dansante.<br \/>\nAngela \u00e9crit des chansons reggae et Afrobeat, y compris ses propres paroles.<br \/>\nLes \u00ab <strong>Ladies Jam Sessions<\/strong> \u00bb ont g\u00e9n\u00e9ralement lieu apr\u00e8s les concerts.<br \/>\n<strong>Angela Ordu<\/strong> a fait des tourn\u00e9es en Europe et aux \u00c9tats-Unis dans les ann\u00e9es 90 (via Sony) et a atteint les charts am\u00e9ricains avec \u00ab\u00a0Rhythm Of Love\u00a0\u00bb Elle .a \u00e9t\u00e9 victime d&rsquo;un accident vasculaire c\u00e9r\u00e9bral \u00e0 l&rsquo;\u00e2ge de 35 ans en raison de sa maladie auto-immune <a href=\"https:\/\/de.wikipedia.org\/wiki\/Lupus_erythematodes\" target=\"_blank\" rel=\"noopener\"><strong>LUPUS<\/strong><\/a>, ce qui l&rsquo;a oblig\u00e9e \u00e0 interrompre sa carri\u00e8re pendant de nombreuses ann\u00e9es.<br \/>\nElle f\u00eate d\u00e9sormais son grand retour.<br \/>\nFREE SPIRITZ est repr\u00e9sent\u00e9 \u00e0 <a href=\"https:\/\/pincmusic.net\/bands\/angela-ordu-free-spiritz\/\" target=\"_blank\" rel=\"noopener\"><strong>PINC MUSIC<\/strong><\/a>, la plateforme pour une musique inclusive, un projet de <a href=\"https:\/\/handiclapped-berlin.de\/\" target=\"_blank\" rel=\"noopener\"><strong>Handiclapped<\/strong>.<\/a><\/p>\n<p><strong>Angela Chinyere Ordu<\/strong>, \u00e9galement connue sous les noms de <strong>Chi Chi Ordu<\/strong> et <strong>January Ordu<\/strong>, est n\u00e9e \u00e0 Sarbr\u00fccken, Allemagna en 1971 de parents igbo-nig\u00e9rians et a commenc\u00e9 \u00e0 chanter avant de savoir marcher&#8230; Elle a pass\u00e9 son enfance et sa jeunesse entre l&rsquo;Allemagne, les \u00c9tats-Unis, le Nigeria et la Grande-Bretagne. Grande-Bretagne. De retour en Allemagne au d\u00e9but des ann\u00e9es 1990, elle joue dans un groupe de reprises pendant cinq ans tout en \u00e9tudiant l&rsquo;administration des affaires \u00e0 Francfort-sur-le-Main et commence \u00e0 \u00e9crire des chansons.<br \/>\nSous le nom de <strong>Chi Chi Ordu<\/strong>, elle a chant\u00e9 pour BG Prince of Rap, dont la musique a \u00e9t\u00e9 produite par JAM et SPOON avec les chansons Round And Round, Walk Over The Rainbow et sur son album The Time Is Now, elle a travaill\u00e9 avec le producteur de musique GABRIEL GROH (Ohne Dich ) et GEORGE BRASCH (R\u00e9alisez, dans vos yeux). A Berlin et a travaill\u00e9 avec la soci\u00e9t\u00e9 DJ \u00ab <strong>January Ordu<\/strong> \u00bb, dont la musique a \u00e9t\u00e9 produite par PAUL STRAND, STEFAN BENZ et LOUIS LASKY, a obtenu un contrat avec le label CRAVE de MARIAH CAREY. Ensemble, ils font une tourn\u00e9e en Europe et aux \u00c9tats-Unis (via Sony) en 1997-98 et atteignent <strong>les charts am\u00e9ricains avec \u00ab\u00a0Rhythm Of Love\u00a0\u00bb.<\/strong><br \/>\nApr\u00e8s son retour en Allemagne, elle travaille avec le producteur de musique MARTIN DE VRIES sous le nom de \u00ab January \u00bb et obtient un contrat avec \u00ab Universal \u00bb en 1999 ; le single One Love remporte un succ\u00e8s dans les charts allemands.<br \/>\nDans les ann\u00e9es 2000, elle a travaill\u00e9 avec CHIMA ONYELE : Das Licht, BROTHERS KEEPERS Lightkultur, (Downbeat), MATTHIAS TRIPPNER : Grey Cat, SISTERS KEEPERS Love and Mind\u00a0(Echo beach), JAN DELAY, SAM RAGGA BAND et avec le KATJA RIEMANN OCTET.<\/p>\n<p>Angela fonde ses propres formations, le \u00ab QUEENSLAND BAND \u00bb, en collaboration avec HENRY MEX (African Lady), remix\u00e9e par JONAS HAMMOND. \u00c0 l&rsquo;\u00e9t\u00e9 2014, elle c\u00e9l\u00e8bre son retour avec le QUEENSLAND BAND : concerts \u00ab Charit\u00e9 World-LUPUS-Tag \u00bb, \u00ab F\u00eate de la Musique Berlin \u00bb, Jazzsommer Berlin, Kreuzberg Festival et bien d&rsquo;autres.<\/p>\n<p>En 2018, elle forme \u00ab QUEENSLAND SINGERS \u00bb \u2013 Friederike Boguslawski, Kaisha Jones et Valerie Djuhuurs. Ses concerts comprenaient, par exemple, Open Air sur la Mariannenplatz \u00e0 l&rsquo;occasion de la Journ\u00e9e de la femme avec Carmen Zola, WABE Berlin, Anniversaire-Hommage \u00e0 Miriam Makeba avec le Collectif Fem Jam, Carnaval des Cultures avec le Collectif Fem Jam, Radio Multicult FM.<\/p>\n<p>En 2020, elle fonde FREE SPIRITZ avec des concerts tels que la Biennale noire de Berlin, le jour des \u00e9lections au Bundestag et le Festival des femmes de Berlin le 8 mars 2024.<\/p>\n<p>Elle a d\u00e9velopp\u00e9 <strong>la maladie auto-immune <a href=\"https:\/\/de.wikipedia.org\/wiki\/Lupus_erythematodes\" target=\"_blank\" rel=\"noopener\">LUPUS \u00e9ryth\u00e9mateux<\/a><\/strong> avec presque tous les sympt\u00f4mes, a \u00e9t\u00e9 victime d&rsquo;un accident vasculaire c\u00e9r\u00e9bral \u00e0 l&rsquo;\u00e2ge de 35 ans et a souvent d\u00fb interrompre sa carri\u00e8re.<br \/>\nLUPUS est aussi appel\u00e9 PAPILLON, <strong>95% des personnes infect\u00e9es sont des FEMMES<\/strong> !<br \/>\nElle soutient la Soci\u00e9t\u00e9 allemande pour la recherche sur le lupus e.V. <a href=\"https:\/\/www.dglf.de\/\" target=\"_blank\" rel=\"noopener\"><strong>DGLF<\/strong><\/a>.<\/p>\n","protected":false},"excerpt":{"rendered":"<p>Afrobeat, Reggae, Blues Line-up: Angela Ordu \u2013 Voc, Kalimba, Shakers (NG\/DE) Josylyn Segal &#8211; Perc, Sax (USA) Ria Rother\u00a0 &#8211; Bass, Drums\u00a0 (DE) Beatriz Ferreira &#8211; Voc, Guit, Perc (BR) Andreza Jesus \u2013 Voc., Pandero (BR) Louey Moss \u2013 Drums, Perc, Voc (USA) Stand by: MC Josh \u2013 Poet (De) Magdalena Adlberger &#8211; Violoncelle (Autriche) [&hellip;]<\/p>\n","protected":false},"author":8,"featured_media":0,"parent":3752,"menu_order":0,"comment_status":"closed","ping_status":"closed","template":"","meta":{"footnotes":""},"class_list":["post-8515","page","type-page","status-publish","hentry"],"yoast_head":"<!-- This site is optimized with the Yoast SEO plugin v27.4 - https:\/\/yoast.com\/product\/yoast-seo-wordpress\/ -->\n<title>Angela Ordu &amp; Free Spiritz - Ahoi Kultur<\/title>\n<meta name=\"robots\" content=\"index, follow, max-snippet:-1, max-image-preview:large, max-video-preview:-1\" \/>\n<link rel=\"canonical\" href=\"https:\/\/ahoi-kultur.de\/fr\/artistes-a-z\/angela-ordu-free-spiritz\/\" \/>\n<meta property=\"og:locale\" content=\"fr_FR\" \/>\n<meta property=\"og:type\" content=\"article\" \/>\n<meta property=\"og:title\" content=\"Angela Ordu &amp; Free Spiritz - Ahoi Kultur\" \/>\n<meta property=\"og:description\" content=\"Afrobeat, Reggae, Blues Line-up: Angela Ordu \u2013 Voc, Kalimba, Shakers (NG\/DE) Josylyn Segal &#8211; Perc, Sax (USA) Ria Rother\u00a0 &#8211; Bass, Drums\u00a0 (DE) Beatriz Ferreira &#8211; Voc, Guit, Perc (BR) Andreza Jesus \u2013 Voc., Pandero (BR) Louey Moss \u2013 Drums, Perc, Voc (USA) Stand by: MC Josh \u2013 Poet (De) Magdalena Adlberger &#8211; Violoncelle (Autriche) [&hellip;]\" \/>\n<meta property=\"og:url\" content=\"https:\/\/ahoi-kultur.de\/fr\/artistes-a-z\/angela-ordu-free-spiritz\/\" \/>\n<meta property=\"og:site_name\" content=\"Ahoi Kultur\" \/>\n<meta property=\"article:modified_time\" content=\"2026-03-15T22:18:14+00:00\" \/>\n<meta name=\"twitter:label1\" content=\"Dur\u00e9e de lecture estim\u00e9e\" \/>\n\t<meta name=\"twitter:data1\" content=\"4 minutes\" \/>\n<script type=\"application\/ld+json\" class=\"yoast-schema-graph\">{\"@context\":\"https:\\\/\\\/schema.org\",\"@graph\":[{\"@type\":\"WebPage\",\"@id\":\"https:\\\/\\\/ahoi-kultur.de\\\/fr\\\/artistes-a-z\\\/angela-ordu-free-spiritz\\\/\",\"url\":\"https:\\\/\\\/ahoi-kultur.de\\\/fr\\\/artistes-a-z\\\/angela-ordu-free-spiritz\\\/\",\"name\":\"Angela Ordu & Free Spiritz - Ahoi Kultur\",\"isPartOf\":{\"@id\":\"https:\\\/\\\/ahoi-kultur.de\\\/fr\\\/#website\"},\"datePublished\":\"2024-05-04T06:54:45+00:00\",\"dateModified\":\"2026-03-15T22:18:14+00:00\",\"breadcrumb\":{\"@id\":\"https:\\\/\\\/ahoi-kultur.de\\\/fr\\\/artistes-a-z\\\/angela-ordu-free-spiritz\\\/#breadcrumb\"},\"inLanguage\":\"fr-FR\",\"potentialAction\":[{\"@type\":\"ReadAction\",\"target\":[\"https:\\\/\\\/ahoi-kultur.de\\\/fr\\\/artistes-a-z\\\/angela-ordu-free-spiritz\\\/\"]}]},{\"@type\":\"BreadcrumbList\",\"@id\":\"https:\\\/\\\/ahoi-kultur.de\\\/fr\\\/artistes-a-z\\\/angela-ordu-free-spiritz\\\/#breadcrumb\",\"itemListElement\":[{\"@type\":\"ListItem\",\"position\":1,\"name\":\"Home\",\"item\":\"https:\\\/\\\/ahoi-kultur.de\\\/fr\\\/\"},{\"@type\":\"ListItem\",\"position\":2,\"name\":\"Artistes A \u2013 Z\",\"item\":\"https:\\\/\\\/ahoi-kultur.de\\\/fr\\\/artistes-a-z\\\/\"},{\"@type\":\"ListItem\",\"position\":3,\"name\":\"Angela Ordu &#038; Free Spiritz\"}]},{\"@type\":\"WebSite\",\"@id\":\"https:\\\/\\\/ahoi-kultur.de\\\/fr\\\/#website\",\"url\":\"https:\\\/\\\/ahoi-kultur.de\\\/fr\\\/\",\"name\":\"Ahoi Kultur\",\"description\":\"Artist and Events\",\"publisher\":{\"@id\":\"https:\\\/\\\/ahoi-kultur.de\\\/fr\\\/#organization\"},\"potentialAction\":[{\"@type\":\"SearchAction\",\"target\":{\"@type\":\"EntryPoint\",\"urlTemplate\":\"https:\\\/\\\/ahoi-kultur.de\\\/fr\\\/?s={search_term_string}\"},\"query-input\":{\"@type\":\"PropertyValueSpecification\",\"valueRequired\":true,\"valueName\":\"search_term_string\"}}],\"inLanguage\":\"fr-FR\"},{\"@type\":\"Organization\",\"@id\":\"https:\\\/\\\/ahoi-kultur.de\\\/fr\\\/#organization\",\"name\":\"Ahoi Kultur\",\"url\":\"https:\\\/\\\/ahoi-kultur.de\\\/fr\\\/\",\"logo\":{\"@type\":\"ImageObject\",\"inLanguage\":\"fr-FR\",\"@id\":\"https:\\\/\\\/ahoi-kultur.de\\\/fr\\\/#\\\/schema\\\/logo\\\/image\\\/\",\"url\":\"https:\\\/\\\/ahoi-kultur.de\\\/wp-content\\\/uploads\\\/2013\\\/10\\\/ahoi-kultur-logo.gif\",\"contentUrl\":\"https:\\\/\\\/ahoi-kultur.de\\\/wp-content\\\/uploads\\\/2013\\\/10\\\/ahoi-kultur-logo.gif\",\"width\":454,\"height\":388,\"caption\":\"Ahoi Kultur\"},\"image\":{\"@id\":\"https:\\\/\\\/ahoi-kultur.de\\\/fr\\\/#\\\/schema\\\/logo\\\/image\\\/\"}}]}<\/script>\n<!-- \/ Yoast SEO plugin. -->","yoast_head_json":{"title":"Angela Ordu & Free Spiritz - Ahoi Kultur","robots":{"index":"index","follow":"follow","max-snippet":"max-snippet:-1","max-image-preview":"max-image-preview:large","max-video-preview":"max-video-preview:-1"},"canonical":"https:\/\/ahoi-kultur.de\/fr\/artistes-a-z\/angela-ordu-free-spiritz\/","og_locale":"fr_FR","og_type":"article","og_title":"Angela Ordu & Free Spiritz - Ahoi Kultur","og_description":"Afrobeat, Reggae, Blues Line-up: Angela Ordu \u2013 Voc, Kalimba, Shakers (NG\/DE) Josylyn Segal &#8211; Perc, Sax (USA) Ria Rother\u00a0 &#8211; Bass, Drums\u00a0 (DE) Beatriz Ferreira &#8211; Voc, Guit, Perc (BR) Andreza Jesus \u2013 Voc., Pandero (BR) Louey Moss \u2013 Drums, Perc, Voc (USA) Stand by: MC Josh \u2013 Poet (De) Magdalena Adlberger &#8211; Violoncelle (Autriche) [&hellip;]","og_url":"https:\/\/ahoi-kultur.de\/fr\/artistes-a-z\/angela-ordu-free-spiritz\/","og_site_name":"Ahoi Kultur","article_modified_time":"2026-03-15T22:18:14+00:00","twitter_misc":{"Dur\u00e9e de lecture estim\u00e9e":"4 minutes"},"schema":{"@context":"https:\/\/schema.org","@graph":[{"@type":"WebPage","@id":"https:\/\/ahoi-kultur.de\/fr\/artistes-a-z\/angela-ordu-free-spiritz\/","url":"https:\/\/ahoi-kultur.de\/fr\/artistes-a-z\/angela-ordu-free-spiritz\/","name":"Angela Ordu & Free Spiritz - Ahoi Kultur","isPartOf":{"@id":"https:\/\/ahoi-kultur.de\/fr\/#website"},"datePublished":"2024-05-04T06:54:45+00:00","dateModified":"2026-03-15T22:18:14+00:00","breadcrumb":{"@id":"https:\/\/ahoi-kultur.de\/fr\/artistes-a-z\/angela-ordu-free-spiritz\/#breadcrumb"},"inLanguage":"fr-FR","potentialAction":[{"@type":"ReadAction","target":["https:\/\/ahoi-kultur.de\/fr\/artistes-a-z\/angela-ordu-free-spiritz\/"]}]},{"@type":"BreadcrumbList","@id":"https:\/\/ahoi-kultur.de\/fr\/artistes-a-z\/angela-ordu-free-spiritz\/#breadcrumb","itemListElement":[{"@type":"ListItem","position":1,"name":"Home","item":"https:\/\/ahoi-kultur.de\/fr\/"},{"@type":"ListItem","position":2,"name":"Artistes A \u2013 Z","item":"https:\/\/ahoi-kultur.de\/fr\/artistes-a-z\/"},{"@type":"ListItem","position":3,"name":"Angela Ordu &#038; Free Spiritz"}]},{"@type":"WebSite","@id":"https:\/\/ahoi-kultur.de\/fr\/#website","url":"https:\/\/ahoi-kultur.de\/fr\/","name":"Ahoi Kultur","description":"Artist and Events","publisher":{"@id":"https:\/\/ahoi-kultur.de\/fr\/#organization"},"potentialAction":[{"@type":"SearchAction","target":{"@type":"EntryPoint","urlTemplate":"https:\/\/ahoi-kultur.de\/fr\/?s={search_term_string}"},"query-input":{"@type":"PropertyValueSpecification","valueRequired":true,"valueName":"search_term_string"}}],"inLanguage":"fr-FR"},{"@type":"Organization","@id":"https:\/\/ahoi-kultur.de\/fr\/#organization","name":"Ahoi Kultur","url":"https:\/\/ahoi-kultur.de\/fr\/","logo":{"@type":"ImageObject","inLanguage":"fr-FR","@id":"https:\/\/ahoi-kultur.de\/fr\/#\/schema\/logo\/image\/","url":"https:\/\/ahoi-kultur.de\/wp-content\/uploads\/2013\/10\/ahoi-kultur-logo.gif","contentUrl":"https:\/\/ahoi-kultur.de\/wp-content\/uploads\/2013\/10\/ahoi-kultur-logo.gif","width":454,"height":388,"caption":"Ahoi Kultur"},"image":{"@id":"https:\/\/ahoi-kultur.de\/fr\/#\/schema\/logo\/image\/"}}]}},"_links":{"self":[{"href":"https:\/\/ahoi-kultur.de\/fr\/wp-json\/wp\/v2\/pages\/8515","targetHints":{"allow":["GET"]}}],"collection":[{"href":"https:\/\/ahoi-kultur.de\/fr\/wp-json\/wp\/v2\/pages"}],"about":[{"href":"https:\/\/ahoi-kultur.de\/fr\/wp-json\/wp\/v2\/types\/page"}],"author":[{"embeddable":true,"href":"https:\/\/ahoi-kultur.de\/fr\/wp-json\/wp\/v2\/users\/8"}],"replies":[{"embeddable":true,"href":"https:\/\/ahoi-kultur.de\/fr\/wp-json\/wp\/v2\/comments?post=8515"}],"version-history":[{"count":53,"href":"https:\/\/ahoi-kultur.de\/fr\/wp-json\/wp\/v2\/pages\/8515\/revisions"}],"predecessor-version":[{"id":10863,"href":"https:\/\/ahoi-kultur.de\/fr\/wp-json\/wp\/v2\/pages\/8515\/revisions\/10863"}],"up":[{"embeddable":true,"href":"https:\/\/ahoi-kultur.de\/fr\/wp-json\/wp\/v2\/pages\/3752"}],"wp:attachment":[{"href":"https:\/\/ahoi-kultur.de\/fr\/wp-json\/wp\/v2\/media?parent=8515"}],"curies":[{"name":"wp","href":"https:\/\/api.w.org\/{rel}","templated":true}]}}