{"id":8830,"date":"2024-10-15T16:33:59","date_gmt":"2024-10-15T14:33:59","guid":{"rendered":"https:\/\/ahoi-kultur.de\/?page_id=8830"},"modified":"2025-10-09T17:29:24","modified_gmt":"2025-10-09T15:29:24","slug":"yoro-mbaye","status":"publish","type":"page","link":"https:\/\/ahoi-kultur.de\/fr\/artistes-a-z\/yoro-mbaye\/","title":{"rendered":"YORO M&rsquo;BAYE"},"content":{"rendered":"<div id=\"metaslider-id-8938\" style=\"max-width: 400px;\" class=\"ml-slider-3-107-0 metaslider metaslider-flex metaslider-8938 ml-slider has-onhover-arrows ms-theme-default nav-hidden\" role=\"region\" aria-label=\"Yoro M\u2019BAYE\" data-height=\"400\" data-width=\"400\">\n    <div id=\"metaslider_container_8938\">\n        <div id=\"metaslider_8938\">\n            <ul class='slides'>\n                <li style=\"display: block; width: 100%;\" class=\"slide-8939 ms-image \" aria-roledescription=\"slide\" data-date=\"2024-10-22 21:47:00\" data-filename=\"yoro-mit-saengerinnen-1-400x400.jpg\" data-slide-type=\"image\"><img decoding=\"async\" src=\"https:\/\/ahoi-kultur.de\/wp-content\/uploads\/2024\/10\/yoro-mit-saengerinnen-1-400x400.jpg\" height=\"400\" width=\"400\" alt=\"\" class=\"slider-8938 slide-8939 msDefaultImage\" title=\"yoro mit s\u00e4ngerinnen\" \/><\/li>\n                <li style=\"display: none; width: 100%;\" class=\"slide-8940 ms-image \" aria-roledescription=\"slide\" data-date=\"2024-10-22 21:47:00\" data-filename=\"Yoro-Mbaye-4_kl_c_Bernd-Kumar-1-390x390.jpg\" data-slide-type=\"image\"><img decoding=\"async\" src=\"https:\/\/ahoi-kultur.de\/wp-content\/uploads\/2024\/10\/Yoro-Mbaye-4_kl_c_Bernd-Kumar-1-390x390.jpg\" height=\"400\" width=\"400\" alt=\"\" class=\"slider-8938 slide-8940 msDefaultImage\" title=\"Yoro M&#039;baye-4_kl_(c)_Bernd Kumar\" \/><\/li>\n                <li style=\"display: none; width: 100%;\" class=\"slide-8941 ms-image \" aria-roledescription=\"slide\" data-date=\"2024-10-22 21:47:00\" data-filename=\"Yoro-Mbaye-2_kl_c_Bernd-Kumar-1-400x400.jpg\" data-slide-type=\"image\"><img decoding=\"async\" src=\"https:\/\/ahoi-kultur.de\/wp-content\/uploads\/2024\/10\/Yoro-Mbaye-2_kl_c_Bernd-Kumar-1-400x400.jpg\" height=\"400\" width=\"400\" alt=\"\" class=\"slider-8938 slide-8941 msDefaultImage\" title=\"Yoro M&#039;baye-2_kl_(c)_Bernd Kumar\" \/><\/li>\n                <li style=\"display: none; width: 100%;\" class=\"slide-8942 ms-image \" aria-roledescription=\"slide\" data-date=\"2024-10-22 21:47:01\" data-filename=\"Yoro-Mbaye_kl_c_Bernd-Kumar-400x400.jpg\" data-slide-type=\"image\"><img decoding=\"async\" src=\"https:\/\/ahoi-kultur.de\/wp-content\/uploads\/2024\/10\/Yoro-Mbaye_kl_c_Bernd-Kumar-400x400.jpg\" height=\"400\" width=\"400\" alt=\"\" class=\"slider-8938 slide-8942 msDefaultImage\" title=\"Yoro M&#039;baye_kl_(c)_Bernd Kumar\" \/><\/li>\n                <li style=\"display: none; width: 100%;\" class=\"slide-8943 ms-image \" aria-roledescription=\"slide\" data-date=\"2024-10-22 21:47:01\" data-filename=\"xalaas-family-400x400.jpg\" data-slide-type=\"image\"><img decoding=\"async\" src=\"https:\/\/ahoi-kultur.de\/wp-content\/uploads\/2024\/10\/xalaas-family-400x400.jpg\" height=\"400\" width=\"400\" alt=\"\" class=\"slider-8938 slide-8943 msDefaultImage\" title=\"xalaas-family\" \/><\/li>\n                <li style=\"display: none; width: 100%;\" class=\"slide-8944 ms-image \" aria-roledescription=\"slide\" data-date=\"2024-10-22 21:47:01\" data-filename=\"xalaas_logo-400x400.jpg\" data-slide-type=\"image\"><img decoding=\"async\" src=\"https:\/\/ahoi-kultur.de\/wp-content\/uploads\/2024\/10\/xalaas_logo-400x400.jpg\" height=\"400\" width=\"400\" alt=\"\" class=\"slider-8938 slide-8944 msDefaultImage\" title=\"xalaas_logo\" \/><\/li>\n                <li style=\"display: none; width: 100%;\" class=\"slide-8945 ms-image \" aria-roledescription=\"slide\" data-date=\"2024-10-22 21:47:01\" data-filename=\"Xalaas_award-400x400.jpg\" data-slide-type=\"image\"><img decoding=\"async\" src=\"https:\/\/ahoi-kultur.de\/wp-content\/uploads\/2024\/10\/Xalaas_award-400x400.jpg\" height=\"400\" width=\"400\" alt=\"\" class=\"slider-8938 slide-8945 msDefaultImage\" title=\"Xalaas_award\" \/><\/li>\n                <li style=\"display: none; width: 100%;\" class=\"slide-8946 ms-image \" aria-roledescription=\"slide\" data-date=\"2024-10-22 21:47:01\" data-filename=\"Workshop-Raum_leer-400x400.jpg\" data-slide-type=\"image\"><img decoding=\"async\" src=\"https:\/\/ahoi-kultur.de\/wp-content\/uploads\/2024\/10\/Workshop-Raum_leer-400x400.jpg\" height=\"400\" width=\"400\" alt=\"\" class=\"slider-8938 slide-8946 msDefaultImage\" title=\"Workshop-Raum_leer\" \/><\/li>\n                <li style=\"display: none; width: 100%;\" class=\"slide-8947 ms-image \" aria-roledescription=\"slide\" data-date=\"2024-10-22 21:47:01\" data-filename=\"sabar-trommeln-400x400.jpg\" data-slide-type=\"image\"><img decoding=\"async\" src=\"https:\/\/ahoi-kultur.de\/wp-content\/uploads\/2024\/10\/sabar-trommeln-400x400.jpg\" height=\"400\" width=\"400\" alt=\"\" class=\"slider-8938 slide-8947 msDefaultImage\" title=\"sabar-trommeln\" \/><\/li>\n                <li style=\"display: none; width: 100%;\" class=\"slide-8948 ms-image \" aria-roledescription=\"slide\" data-date=\"2024-10-22 21:47:01\" data-filename=\"yoro-2-400x400.jpg\" data-slide-type=\"image\"><img decoding=\"async\" src=\"https:\/\/ahoi-kultur.de\/wp-content\/uploads\/2024\/10\/yoro-2-400x400.jpg\" height=\"400\" width=\"400\" alt=\"\" class=\"slider-8938 slide-8948 msDefaultImage\" title=\"yoro-2\" \/><\/li>\n                <li style=\"display: none; width: 100%;\" class=\"slide-8949 ms-image \" aria-roledescription=\"slide\" data-date=\"2024-10-22 21:47:02\" data-filename=\"yoro_tempfeld-400x400.jpg\" data-slide-type=\"image\"><img decoding=\"async\" src=\"https:\/\/ahoi-kultur.de\/wp-content\/uploads\/2024\/10\/yoro_tempfeld-400x400.jpg\" height=\"400\" width=\"400\" alt=\"\" class=\"slider-8938 slide-8949 msDefaultImage\" title=\"yoro_tempfeld\" \/><\/li>\n                <li style=\"display: none; width: 100%;\" class=\"slide-8950 ms-image \" aria-roledescription=\"slide\" data-date=\"2024-10-22 21:47:02\" data-filename=\"Yoro-400x400.jpg\" data-slide-type=\"image\"><img decoding=\"async\" src=\"https:\/\/ahoi-kultur.de\/wp-content\/uploads\/2024\/10\/Yoro-400x400.jpg\" height=\"400\" width=\"400\" alt=\"\" class=\"slider-8938 slide-8950 msDefaultImage\" title=\"Yoro\" \/><\/li>\n                <li style=\"display: none; width: 100%;\" class=\"slide-8951 ms-image \" aria-roledescription=\"slide\" data-date=\"2024-10-22 21:47:02\" data-filename=\"yoro-mit-saengerinnen-400x400.jpg\" data-slide-type=\"image\"><img decoding=\"async\" src=\"https:\/\/ahoi-kultur.de\/wp-content\/uploads\/2024\/10\/yoro-mit-saengerinnen-400x400.jpg\" height=\"400\" width=\"400\" alt=\"\" class=\"slider-8938 slide-8951 msDefaultImage\" title=\"yoro mit s\u00e4ngerinnen\" \/><\/li>\n                <li style=\"display: none; width: 100%;\" class=\"slide-8952 ms-image \" aria-roledescription=\"slide\" data-date=\"2024-10-22 21:47:02\" data-filename=\"Yoro-Mbaye-4_kl_c_Bernd-Kumar-390x390.jpg\" data-slide-type=\"image\"><img decoding=\"async\" src=\"https:\/\/ahoi-kultur.de\/wp-content\/uploads\/2024\/10\/Yoro-Mbaye-4_kl_c_Bernd-Kumar-390x390.jpg\" height=\"400\" width=\"400\" alt=\"\" class=\"slider-8938 slide-8952 msDefaultImage\" title=\"Yoro M&#039;baye-4_kl_(c)_Bernd Kumar\" \/><\/li>\n                <li style=\"display: none; width: 100%;\" class=\"slide-8953 ms-image \" aria-roledescription=\"slide\" data-date=\"2024-10-22 21:47:02\" data-filename=\"Yoro-Mbaye-2_kl_c_Bernd-Kumar-400x400.jpg\" data-slide-type=\"image\"><img decoding=\"async\" src=\"https:\/\/ahoi-kultur.de\/wp-content\/uploads\/2024\/10\/Yoro-Mbaye-2_kl_c_Bernd-Kumar-400x400.jpg\" height=\"400\" width=\"400\" alt=\"\" class=\"slider-8938 slide-8953 msDefaultImage\" title=\"Yoro M&#039;baye-2_kl_(c)_Bernd Kumar\" \/><\/li>\n                <li style=\"display: none; width: 100%;\" class=\"slide-8954 ms-image \" aria-roledescription=\"slide\" data-date=\"2024-10-22 21:47:02\" data-filename=\"Xalaass_senegal-400x400.jpg\" data-slide-type=\"image\"><img decoding=\"async\" src=\"https:\/\/ahoi-kultur.de\/wp-content\/uploads\/2024\/10\/Xalaass_senegal-400x400.jpg\" height=\"400\" width=\"400\" alt=\"\" class=\"slider-8938 slide-8954 msDefaultImage\" title=\"Xalaass_senegal\" \/><\/li>\n                <li style=\"display: none; width: 100%;\" class=\"slide-8955 ms-image \" aria-roledescription=\"slide\" data-date=\"2024-10-22 21:47:02\" data-filename=\"Yoro-Mbaye_c_Bernd-Kumar-1.jpg\" data-slide-type=\"image\"><img decoding=\"async\" src=\"https:\/\/ahoi-kultur.de\/wp-content\/uploads\/2024\/10\/Yoro-Mbaye_c_Bernd-Kumar-1.jpg\" height=\"400\" width=\"400\" alt=\"\" class=\"slider-8938 slide-8955 msDefaultImage\" title=\"Yoro-M&#039;baye_(c)_Bernd-Kumar\" \/><div class=\"caption-wrap\"><div class=\"caption\">Yoro M'Baye<\/div><\/div><\/li>\n            <\/ul>\n        <\/div>\n        \n    <\/div>\n<\/div>\n<p><strong>Mbalax &amp; Sabar Rythmes avec danse du S\u00e9n\u00e9gal<br \/>\n&amp; Workshops Percussion<\/strong><\/p>\n<p>S&rsquo;aligner:<br \/>\n<strong>Yoro Mbaye<\/strong> &#8211; Perc., Tambour Parlant, Voc.<br \/>\n<strong>Papa Ndiaye<\/strong> \u2013 Perc<br \/>\n<strong>Modou Mboup<\/strong> \u2013 Perc.<br \/>\n<strong>Amsatou M&rsquo;baye<\/strong> \u2013 Perc.<br \/>\n<strong>Cam\u00e9ra Amadouley<\/strong> \u2013 Perc.<br \/>\n<strong>Assane Pouy<\/strong> \u2013 Perc.<br \/>\n<strong>Ndoube M&rsquo;baye<\/strong> \u2013 Voc.<br \/>\n<strong>Miss Niang<\/strong> \u2013 Voc<br \/>\n<strong>Tiat<\/strong> \u2013 Voc<br \/>\n<strong>Asane M&rsquo;Boup<\/strong> &#8211; Danse<br \/>\n<strong>Man\u00e9 M&rsquo;baye<\/strong> &#8211; Danse<\/p>\n<p>11 musiciens Griot cr\u00e9ent l&rsquo;\u00e9quilibre \u00e9nerg\u00e9tique entre ciel et terre avec rythme et danse, le tambour est synchrone avec les battements du c\u0153ur. Les rythmes complexes du Sabar sont \u00e0 la base du Mbalax, un rythme qui ouvre la musique traditionnelle de l&rsquo;Afrique de l&rsquo;Ouest aux musiques du monde.<br \/>\nIls ma\u00eetrisent tous les types de tambours repr\u00e9sent\u00e9s au S\u00e9n\u00e9gal :<br \/>\nSabar, Djemb\u00e9, Tama, Dundun, Saourouba, Bougarabou, Tabala, Hiin, Djiembe, Tammasnun.<br \/>\n<strong>La Danse<\/strong> traditionnelle Sabar du S\u00e9n\u00e9gal se caract\u00e9rise par le temp\u00e9rament et la force, des figures expansives et changeantes inspirent toujours de nouvelles images.<br \/>\n<strong>Le Rap<\/strong> est un genre populaire depuis longtemps aupr\u00e8s des chanteurs de griots et qui utilise la voix pour transformer le contenu actuel en une forme artistique.<\/p>\n<p><strong>Yoro M&rsquo;baye<\/strong>, n\u00e9 en 1966, est issu d&rsquo;une des familles de griots les plus c\u00e9l\u00e8bres de Mbour au S\u00e9n\u00e9gal, a appris le tambour aupr\u00e8s de son c\u00e9l\u00e8bre p\u00e8re <strong>Ngalla M&rsquo;baye<\/strong>.<br \/>\nYoro est un percussionniste hors pair qui se caract\u00e9rise par sa sensibilit\u00e9 musicale particuli\u00e8re, sa passion incomparable et d\u00e9bordante pour le Sabar et sa diversit\u00e9 artistique.<br \/>\nSa m\u00e8re <strong>Seynabou Seck<\/strong> a fond\u00e9 le groupe <strong>XALAAS<\/strong> \u00ab La Surprise \u00bb avec d&rsquo;autres membres de sa famille il y a plusieurs d\u00e9cennies. Avec leur p\u00e8re, ils ont accompagn\u00e9 les campagnes \u00e9lectorales de l&rsquo;actuel pr\u00e9sident du S\u00e9n\u00e9gal, Abduleye Wade.<br \/>\nYoro \u00e9tait le bassiste du groupe GAAGNI et a ensuite dirig\u00e9 le groupe XALAAS, qui accompagne les f\u00eates traditionnelles quotidiennes de Mbour.<br \/>\nIl enseignait d\u00e9j\u00e0 r\u00e9guli\u00e8rement au S\u00e9n\u00e9gal, notamment aux Europ\u00e9ens.<br \/>\nPremier album <strong>LIGU\u00c8YE<\/strong> 2015.<br \/>\nIl vit \u00e9galement \u00e0 Berlin depuis 2001 et fonde le groupe XALASS-Compagnie avec son fr\u00e8re Badou M&rsquo;baye, accompagne des cours et ateliers de danse pour enfants et adultes et donne des cours de percussion.<\/p>\n","protected":false},"excerpt":{"rendered":"<p>Mbalax &amp; Sabar Rythmes avec danse du S\u00e9n\u00e9gal &amp; Workshops Percussion S&rsquo;aligner: Yoro Mbaye &#8211; Perc., Tambour Parlant, Voc. Papa Ndiaye \u2013 Perc Modou Mboup \u2013 Perc. Amsatou M&rsquo;baye \u2013 Perc. Cam\u00e9ra Amadouley \u2013 Perc. Assane Pouy \u2013 Perc. Ndoube M&rsquo;baye \u2013 Voc. Miss Niang \u2013 Voc Tiat \u2013 Voc Asane M&rsquo;Boup &#8211; Danse Man\u00e9 [&hellip;]<\/p>\n","protected":false},"author":8,"featured_media":0,"parent":3752,"menu_order":0,"comment_status":"closed","ping_status":"closed","template":"","meta":{"footnotes":""},"class_list":["post-8830","page","type-page","status-publish","hentry"],"yoast_head":"<!-- This site is optimized with the Yoast SEO plugin v27.3 - https:\/\/yoast.com\/product\/yoast-seo-wordpress\/ -->\n<title>YORO M&#039;BAYE - Ahoi Kultur<\/title>\n<meta name=\"robots\" content=\"index, follow, max-snippet:-1, max-image-preview:large, max-video-preview:-1\" \/>\n<link rel=\"canonical\" href=\"https:\/\/ahoi-kultur.de\/fr\/artistes-a-z\/yoro-mbaye\/\" \/>\n<meta property=\"og:locale\" content=\"fr_FR\" \/>\n<meta property=\"og:type\" content=\"article\" \/>\n<meta property=\"og:title\" content=\"YORO M&#039;BAYE - Ahoi Kultur\" \/>\n<meta property=\"og:description\" content=\"Mbalax &amp; Sabar Rythmes avec danse du S\u00e9n\u00e9gal &amp; Workshops Percussion S&rsquo;aligner: Yoro Mbaye &#8211; Perc., Tambour Parlant, Voc. Papa Ndiaye \u2013 Perc Modou Mboup \u2013 Perc. Amsatou M&rsquo;baye \u2013 Perc. Cam\u00e9ra Amadouley \u2013 Perc. Assane Pouy \u2013 Perc. Ndoube M&rsquo;baye \u2013 Voc. Miss Niang \u2013 Voc Tiat \u2013 Voc Asane M&rsquo;Boup &#8211; Danse Man\u00e9 [&hellip;]\" \/>\n<meta property=\"og:url\" content=\"https:\/\/ahoi-kultur.de\/fr\/artistes-a-z\/yoro-mbaye\/\" \/>\n<meta property=\"og:site_name\" content=\"Ahoi Kultur\" \/>\n<meta property=\"article:modified_time\" content=\"2025-10-09T15:29:24+00:00\" \/>\n<meta name=\"twitter:label1\" content=\"Dur\u00e9e de lecture estim\u00e9e\" \/>\n\t<meta name=\"twitter:data1\" content=\"2 minutes\" \/>\n<script type=\"application\/ld+json\" class=\"yoast-schema-graph\">{\"@context\":\"https:\\\/\\\/schema.org\",\"@graph\":[{\"@type\":\"WebPage\",\"@id\":\"https:\\\/\\\/ahoi-kultur.de\\\/fr\\\/artistes-a-z\\\/yoro-mbaye\\\/\",\"url\":\"https:\\\/\\\/ahoi-kultur.de\\\/fr\\\/artistes-a-z\\\/yoro-mbaye\\\/\",\"name\":\"YORO M'BAYE - Ahoi Kultur\",\"isPartOf\":{\"@id\":\"https:\\\/\\\/ahoi-kultur.de\\\/fr\\\/#website\"},\"datePublished\":\"2024-10-15T14:33:59+00:00\",\"dateModified\":\"2025-10-09T15:29:24+00:00\",\"breadcrumb\":{\"@id\":\"https:\\\/\\\/ahoi-kultur.de\\\/fr\\\/artistes-a-z\\\/yoro-mbaye\\\/#breadcrumb\"},\"inLanguage\":\"fr-FR\",\"potentialAction\":[{\"@type\":\"ReadAction\",\"target\":[\"https:\\\/\\\/ahoi-kultur.de\\\/fr\\\/artistes-a-z\\\/yoro-mbaye\\\/\"]}]},{\"@type\":\"BreadcrumbList\",\"@id\":\"https:\\\/\\\/ahoi-kultur.de\\\/fr\\\/artistes-a-z\\\/yoro-mbaye\\\/#breadcrumb\",\"itemListElement\":[{\"@type\":\"ListItem\",\"position\":1,\"name\":\"Home\",\"item\":\"https:\\\/\\\/ahoi-kultur.de\\\/fr\\\/\"},{\"@type\":\"ListItem\",\"position\":2,\"name\":\"Artistes A \u2013 Z\",\"item\":\"https:\\\/\\\/ahoi-kultur.de\\\/fr\\\/artistes-a-z\\\/\"},{\"@type\":\"ListItem\",\"position\":3,\"name\":\"YORO M&rsquo;BAYE\"}]},{\"@type\":\"WebSite\",\"@id\":\"https:\\\/\\\/ahoi-kultur.de\\\/fr\\\/#website\",\"url\":\"https:\\\/\\\/ahoi-kultur.de\\\/fr\\\/\",\"name\":\"Ahoi Kultur\",\"description\":\"Artist and Events\",\"publisher\":{\"@id\":\"https:\\\/\\\/ahoi-kultur.de\\\/fr\\\/#organization\"},\"potentialAction\":[{\"@type\":\"SearchAction\",\"target\":{\"@type\":\"EntryPoint\",\"urlTemplate\":\"https:\\\/\\\/ahoi-kultur.de\\\/fr\\\/?s={search_term_string}\"},\"query-input\":{\"@type\":\"PropertyValueSpecification\",\"valueRequired\":true,\"valueName\":\"search_term_string\"}}],\"inLanguage\":\"fr-FR\"},{\"@type\":\"Organization\",\"@id\":\"https:\\\/\\\/ahoi-kultur.de\\\/fr\\\/#organization\",\"name\":\"Ahoi Kultur\",\"url\":\"https:\\\/\\\/ahoi-kultur.de\\\/fr\\\/\",\"logo\":{\"@type\":\"ImageObject\",\"inLanguage\":\"fr-FR\",\"@id\":\"https:\\\/\\\/ahoi-kultur.de\\\/fr\\\/#\\\/schema\\\/logo\\\/image\\\/\",\"url\":\"https:\\\/\\\/ahoi-kultur.de\\\/wp-content\\\/uploads\\\/2013\\\/10\\\/ahoi-kultur-logo.gif\",\"contentUrl\":\"https:\\\/\\\/ahoi-kultur.de\\\/wp-content\\\/uploads\\\/2013\\\/10\\\/ahoi-kultur-logo.gif\",\"width\":454,\"height\":388,\"caption\":\"Ahoi Kultur\"},\"image\":{\"@id\":\"https:\\\/\\\/ahoi-kultur.de\\\/fr\\\/#\\\/schema\\\/logo\\\/image\\\/\"}}]}<\/script>\n<!-- \/ Yoast SEO plugin. -->","yoast_head_json":{"title":"YORO M'BAYE - Ahoi Kultur","robots":{"index":"index","follow":"follow","max-snippet":"max-snippet:-1","max-image-preview":"max-image-preview:large","max-video-preview":"max-video-preview:-1"},"canonical":"https:\/\/ahoi-kultur.de\/fr\/artistes-a-z\/yoro-mbaye\/","og_locale":"fr_FR","og_type":"article","og_title":"YORO M'BAYE - Ahoi Kultur","og_description":"Mbalax &amp; Sabar Rythmes avec danse du S\u00e9n\u00e9gal &amp; Workshops Percussion S&rsquo;aligner: Yoro Mbaye &#8211; Perc., Tambour Parlant, Voc. Papa Ndiaye \u2013 Perc Modou Mboup \u2013 Perc. Amsatou M&rsquo;baye \u2013 Perc. Cam\u00e9ra Amadouley \u2013 Perc. Assane Pouy \u2013 Perc. Ndoube M&rsquo;baye \u2013 Voc. Miss Niang \u2013 Voc Tiat \u2013 Voc Asane M&rsquo;Boup &#8211; Danse Man\u00e9 [&hellip;]","og_url":"https:\/\/ahoi-kultur.de\/fr\/artistes-a-z\/yoro-mbaye\/","og_site_name":"Ahoi Kultur","article_modified_time":"2025-10-09T15:29:24+00:00","twitter_misc":{"Dur\u00e9e de lecture estim\u00e9e":"2 minutes"},"schema":{"@context":"https:\/\/schema.org","@graph":[{"@type":"WebPage","@id":"https:\/\/ahoi-kultur.de\/fr\/artistes-a-z\/yoro-mbaye\/","url":"https:\/\/ahoi-kultur.de\/fr\/artistes-a-z\/yoro-mbaye\/","name":"YORO M'BAYE - Ahoi Kultur","isPartOf":{"@id":"https:\/\/ahoi-kultur.de\/fr\/#website"},"datePublished":"2024-10-15T14:33:59+00:00","dateModified":"2025-10-09T15:29:24+00:00","breadcrumb":{"@id":"https:\/\/ahoi-kultur.de\/fr\/artistes-a-z\/yoro-mbaye\/#breadcrumb"},"inLanguage":"fr-FR","potentialAction":[{"@type":"ReadAction","target":["https:\/\/ahoi-kultur.de\/fr\/artistes-a-z\/yoro-mbaye\/"]}]},{"@type":"BreadcrumbList","@id":"https:\/\/ahoi-kultur.de\/fr\/artistes-a-z\/yoro-mbaye\/#breadcrumb","itemListElement":[{"@type":"ListItem","position":1,"name":"Home","item":"https:\/\/ahoi-kultur.de\/fr\/"},{"@type":"ListItem","position":2,"name":"Artistes A \u2013 Z","item":"https:\/\/ahoi-kultur.de\/fr\/artistes-a-z\/"},{"@type":"ListItem","position":3,"name":"YORO M&rsquo;BAYE"}]},{"@type":"WebSite","@id":"https:\/\/ahoi-kultur.de\/fr\/#website","url":"https:\/\/ahoi-kultur.de\/fr\/","name":"Ahoi Kultur","description":"Artist and Events","publisher":{"@id":"https:\/\/ahoi-kultur.de\/fr\/#organization"},"potentialAction":[{"@type":"SearchAction","target":{"@type":"EntryPoint","urlTemplate":"https:\/\/ahoi-kultur.de\/fr\/?s={search_term_string}"},"query-input":{"@type":"PropertyValueSpecification","valueRequired":true,"valueName":"search_term_string"}}],"inLanguage":"fr-FR"},{"@type":"Organization","@id":"https:\/\/ahoi-kultur.de\/fr\/#organization","name":"Ahoi Kultur","url":"https:\/\/ahoi-kultur.de\/fr\/","logo":{"@type":"ImageObject","inLanguage":"fr-FR","@id":"https:\/\/ahoi-kultur.de\/fr\/#\/schema\/logo\/image\/","url":"https:\/\/ahoi-kultur.de\/wp-content\/uploads\/2013\/10\/ahoi-kultur-logo.gif","contentUrl":"https:\/\/ahoi-kultur.de\/wp-content\/uploads\/2013\/10\/ahoi-kultur-logo.gif","width":454,"height":388,"caption":"Ahoi Kultur"},"image":{"@id":"https:\/\/ahoi-kultur.de\/fr\/#\/schema\/logo\/image\/"}}]}},"_links":{"self":[{"href":"https:\/\/ahoi-kultur.de\/fr\/wp-json\/wp\/v2\/pages\/8830","targetHints":{"allow":["GET"]}}],"collection":[{"href":"https:\/\/ahoi-kultur.de\/fr\/wp-json\/wp\/v2\/pages"}],"about":[{"href":"https:\/\/ahoi-kultur.de\/fr\/wp-json\/wp\/v2\/types\/page"}],"author":[{"embeddable":true,"href":"https:\/\/ahoi-kultur.de\/fr\/wp-json\/wp\/v2\/users\/8"}],"replies":[{"embeddable":true,"href":"https:\/\/ahoi-kultur.de\/fr\/wp-json\/wp\/v2\/comments?post=8830"}],"version-history":[{"count":5,"href":"https:\/\/ahoi-kultur.de\/fr\/wp-json\/wp\/v2\/pages\/8830\/revisions"}],"predecessor-version":[{"id":10483,"href":"https:\/\/ahoi-kultur.de\/fr\/wp-json\/wp\/v2\/pages\/8830\/revisions\/10483"}],"up":[{"embeddable":true,"href":"https:\/\/ahoi-kultur.de\/fr\/wp-json\/wp\/v2\/pages\/3752"}],"wp:attachment":[{"href":"https:\/\/ahoi-kultur.de\/fr\/wp-json\/wp\/v2\/media?parent=8830"}],"curies":[{"name":"wp","href":"https:\/\/api.w.org\/{rel}","templated":true}]}}