{"id":961,"date":"2013-10-19T12:22:43","date_gmt":"2013-10-19T10:22:43","guid":{"rendered":"https:\/\/ahoi-kultur.de\/?page_id=961"},"modified":"2022-09-29T12:16:09","modified_gmt":"2022-09-29T10:16:09","slug":"ceremonie-dadieux","status":"publish","type":"page","link":"https:\/\/ahoi-kultur.de\/fr\/management-evenements\/ceremonie-dadieux\/","title":{"rendered":"C\u00e9r\u00e9monie d\u2019Adieux"},"content":{"rendered":"<p><b>AHOI management d\u2019\u00e9v\u00e8nements<br \/>\n<\/b>offre tout le savoir faire de l\u2019organisateur\/trice pour le concept, la logistique, le personnel, la restauration, les relations publiques, la d\u00e9coration int\u00e9rieure, la technique. Nous proposons des pistes de r\u00e9flexion pour vos id\u00e9es, r\u00e9alisons vos souhaits \u2013 nous laissons vos r\u00eaves devenir r\u00e9alit\u00e9.<\/p>\n<p><i>Deux exemples<\/i>:<br \/>\n<b>C\u00e9r\u00e9monie d\u2019Adieux<br \/>\n<\/b>Nous travaillons en coop\u00e9ration avec un Institut de pompes fun\u00e8bres, qui r\u00e8glera toute l\u2019administration bureaucratique.<br \/>\nAHOI met au point avec vous le programme des fun\u00e9railles.<br \/>\nAvec <b><a href=\"https:\/\/www.youtube.com\/playlist?list=PL4DD6F28751AFCEFF\" target=\"_blank\" rel=\"noopener\">JOAQU\u00cdN LA HABANA<\/a>: <\/b>Ce service fun\u00e8bre est un sacre d\u2019adieux chamane, le pr\u00eatre de Santeria Ochun pr\u00e9pare l\u2019\u00e2me du D\u00e9funt pour le long voyage dans l\u2019au-del\u00e0.<br \/>\nLe pr\u00eatre (Santero) invoquera au travers de cantiques et de louanges chant\u00e9s en Espagnol et en Yoruba les a\u00efeux qui guideront l\u2019\u00e2me du d\u00e9funt. Il fera appel aux quatre \u00e9l\u00e9ments.<br \/>\nSp\u00e9cialement l\u2019\u00e9l\u00e9ment Eau qui purifiera le chemin pour le voyage dans l\u2019au-del\u00e0.<br \/>\nLa Terre, M\u00e8re sera ainsi pr\u00eate pour accueillir le corps.<br \/>\nL\u2019Air sera rempli d\u2019Encens b\u00e9ni qui sera dispers\u00e9 vers le Ciel repr\u00e9sentant le P\u00e8re.<br \/>\nFinalement, torche ou cierge illustreront la Lumi\u00e8re qui est le symbole de la joie de vivre du D\u00e9funt et le bonheur partag\u00e9 avec tous ceux qui l\u2019ont connu et qui garderont son bon souvenir.<br \/>\nCe rituel d\u2019au revoir, c\u00e9l\u00e8bre toutes exp\u00e9riences positives relatant \u00e0 la vie de la personne d\u00e9c\u00e9d\u00e9e et son voyage qui a commenc\u00e9.<br \/>\nLa famille et les proches peuvent ordonner un an plus tard, une r\u00e9union comm\u00e9morative.<\/p>\n<p><b style=\"line-height: 1.714285714; font-size: 1rem;\">F\u00eates apr\u00e8s-Divorce<\/b><br \/>\nCelui qui s\u2019unit dans l\u2019amour devrait pouvoir se s\u00e9parer dans l\u2019amour!<br \/>\nLa devise: \u00abNous voulons rester amis \u2013 ensemble avec nos amis communs!\u00bb<\/p>\n","protected":false},"excerpt":{"rendered":"<p>AHOI management d\u2019\u00e9v\u00e8nements offre tout le savoir faire de l\u2019organisateur\/trice pour le concept, la logistique, le personnel, la restauration, les relations publiques, la d\u00e9coration int\u00e9rieure, la technique. Nous proposons des pistes de r\u00e9flexion pour vos id\u00e9es, r\u00e9alisons vos souhaits \u2013 nous laissons vos r\u00eaves devenir r\u00e9alit\u00e9. Deux exemples: C\u00e9r\u00e9monie d\u2019Adieux Nous travaillons en coop\u00e9ration avec [&hellip;]<\/p>\n","protected":false},"author":8,"featured_media":0,"parent":759,"menu_order":0,"comment_status":"closed","ping_status":"closed","template":"","meta":{"footnotes":""},"class_list":["post-961","page","type-page","status-publish","hentry"],"yoast_head":"<!-- This site is optimized with the Yoast SEO plugin v27.3 - https:\/\/yoast.com\/product\/yoast-seo-wordpress\/ -->\n<title>C\u00e9r\u00e9monie d\u2019Adieux - Ahoi Kultur<\/title>\n<meta name=\"robots\" content=\"index, follow, max-snippet:-1, max-image-preview:large, max-video-preview:-1\" \/>\n<link rel=\"canonical\" href=\"https:\/\/ahoi-kultur.de\/fr\/management-evenements\/ceremonie-dadieux\/\" \/>\n<meta property=\"og:locale\" content=\"fr_FR\" \/>\n<meta property=\"og:type\" content=\"article\" \/>\n<meta property=\"og:title\" content=\"C\u00e9r\u00e9monie d\u2019Adieux - Ahoi Kultur\" \/>\n<meta property=\"og:description\" content=\"AHOI management d\u2019\u00e9v\u00e8nements offre tout le savoir faire de l\u2019organisateur\/trice pour le concept, la logistique, le personnel, la restauration, les relations publiques, la d\u00e9coration int\u00e9rieure, la technique. Nous proposons des pistes de r\u00e9flexion pour vos id\u00e9es, r\u00e9alisons vos souhaits \u2013 nous laissons vos r\u00eaves devenir r\u00e9alit\u00e9. Deux exemples: C\u00e9r\u00e9monie d\u2019Adieux Nous travaillons en coop\u00e9ration avec [&hellip;]\" \/>\n<meta property=\"og:url\" content=\"https:\/\/ahoi-kultur.de\/fr\/management-evenements\/ceremonie-dadieux\/\" \/>\n<meta property=\"og:site_name\" content=\"Ahoi Kultur\" \/>\n<meta property=\"article:modified_time\" content=\"2022-09-29T10:16:09+00:00\" \/>\n<meta name=\"twitter:label1\" content=\"Dur\u00e9e de lecture estim\u00e9e\" \/>\n\t<meta name=\"twitter:data1\" content=\"2 minutes\" \/>\n<script type=\"application\/ld+json\" class=\"yoast-schema-graph\">{\"@context\":\"https:\\\/\\\/schema.org\",\"@graph\":[{\"@type\":\"WebPage\",\"@id\":\"https:\\\/\\\/ahoi-kultur.de\\\/fr\\\/management-evenements\\\/ceremonie-dadieux\\\/\",\"url\":\"https:\\\/\\\/ahoi-kultur.de\\\/fr\\\/management-evenements\\\/ceremonie-dadieux\\\/\",\"name\":\"C\u00e9r\u00e9monie d\u2019Adieux - Ahoi Kultur\",\"isPartOf\":{\"@id\":\"https:\\\/\\\/ahoi-kultur.de\\\/fr\\\/#website\"},\"datePublished\":\"2013-10-19T10:22:43+00:00\",\"dateModified\":\"2022-09-29T10:16:09+00:00\",\"breadcrumb\":{\"@id\":\"https:\\\/\\\/ahoi-kultur.de\\\/fr\\\/management-evenements\\\/ceremonie-dadieux\\\/#breadcrumb\"},\"inLanguage\":\"fr-FR\",\"potentialAction\":[{\"@type\":\"ReadAction\",\"target\":[\"https:\\\/\\\/ahoi-kultur.de\\\/fr\\\/management-evenements\\\/ceremonie-dadieux\\\/\"]}]},{\"@type\":\"BreadcrumbList\",\"@id\":\"https:\\\/\\\/ahoi-kultur.de\\\/fr\\\/management-evenements\\\/ceremonie-dadieux\\\/#breadcrumb\",\"itemListElement\":[{\"@type\":\"ListItem\",\"position\":1,\"name\":\"Home\",\"item\":\"https:\\\/\\\/ahoi-kultur.de\\\/fr\\\/\"},{\"@type\":\"ListItem\",\"position\":2,\"name\":\"management d\u2019\u00e9v\u00e8nements\",\"item\":\"https:\\\/\\\/ahoi-kultur.de\\\/fr\\\/management-evenements\\\/\"},{\"@type\":\"ListItem\",\"position\":3,\"name\":\"C\u00e9r\u00e9monie d\u2019Adieux\"}]},{\"@type\":\"WebSite\",\"@id\":\"https:\\\/\\\/ahoi-kultur.de\\\/fr\\\/#website\",\"url\":\"https:\\\/\\\/ahoi-kultur.de\\\/fr\\\/\",\"name\":\"Ahoi Kultur\",\"description\":\"Artist and Events\",\"publisher\":{\"@id\":\"https:\\\/\\\/ahoi-kultur.de\\\/fr\\\/#organization\"},\"potentialAction\":[{\"@type\":\"SearchAction\",\"target\":{\"@type\":\"EntryPoint\",\"urlTemplate\":\"https:\\\/\\\/ahoi-kultur.de\\\/fr\\\/?s={search_term_string}\"},\"query-input\":{\"@type\":\"PropertyValueSpecification\",\"valueRequired\":true,\"valueName\":\"search_term_string\"}}],\"inLanguage\":\"fr-FR\"},{\"@type\":\"Organization\",\"@id\":\"https:\\\/\\\/ahoi-kultur.de\\\/fr\\\/#organization\",\"name\":\"Ahoi Kultur\",\"url\":\"https:\\\/\\\/ahoi-kultur.de\\\/fr\\\/\",\"logo\":{\"@type\":\"ImageObject\",\"inLanguage\":\"fr-FR\",\"@id\":\"https:\\\/\\\/ahoi-kultur.de\\\/fr\\\/#\\\/schema\\\/logo\\\/image\\\/\",\"url\":\"https:\\\/\\\/ahoi-kultur.de\\\/wp-content\\\/uploads\\\/2013\\\/10\\\/ahoi-kultur-logo.gif\",\"contentUrl\":\"https:\\\/\\\/ahoi-kultur.de\\\/wp-content\\\/uploads\\\/2013\\\/10\\\/ahoi-kultur-logo.gif\",\"width\":454,\"height\":388,\"caption\":\"Ahoi Kultur\"},\"image\":{\"@id\":\"https:\\\/\\\/ahoi-kultur.de\\\/fr\\\/#\\\/schema\\\/logo\\\/image\\\/\"}}]}<\/script>\n<!-- \/ Yoast SEO plugin. -->","yoast_head_json":{"title":"C\u00e9r\u00e9monie d\u2019Adieux - Ahoi Kultur","robots":{"index":"index","follow":"follow","max-snippet":"max-snippet:-1","max-image-preview":"max-image-preview:large","max-video-preview":"max-video-preview:-1"},"canonical":"https:\/\/ahoi-kultur.de\/fr\/management-evenements\/ceremonie-dadieux\/","og_locale":"fr_FR","og_type":"article","og_title":"C\u00e9r\u00e9monie d\u2019Adieux - Ahoi Kultur","og_description":"AHOI management d\u2019\u00e9v\u00e8nements offre tout le savoir faire de l\u2019organisateur\/trice pour le concept, la logistique, le personnel, la restauration, les relations publiques, la d\u00e9coration int\u00e9rieure, la technique. Nous proposons des pistes de r\u00e9flexion pour vos id\u00e9es, r\u00e9alisons vos souhaits \u2013 nous laissons vos r\u00eaves devenir r\u00e9alit\u00e9. Deux exemples: C\u00e9r\u00e9monie d\u2019Adieux Nous travaillons en coop\u00e9ration avec [&hellip;]","og_url":"https:\/\/ahoi-kultur.de\/fr\/management-evenements\/ceremonie-dadieux\/","og_site_name":"Ahoi Kultur","article_modified_time":"2022-09-29T10:16:09+00:00","twitter_misc":{"Dur\u00e9e de lecture estim\u00e9e":"2 minutes"},"schema":{"@context":"https:\/\/schema.org","@graph":[{"@type":"WebPage","@id":"https:\/\/ahoi-kultur.de\/fr\/management-evenements\/ceremonie-dadieux\/","url":"https:\/\/ahoi-kultur.de\/fr\/management-evenements\/ceremonie-dadieux\/","name":"C\u00e9r\u00e9monie d\u2019Adieux - Ahoi Kultur","isPartOf":{"@id":"https:\/\/ahoi-kultur.de\/fr\/#website"},"datePublished":"2013-10-19T10:22:43+00:00","dateModified":"2022-09-29T10:16:09+00:00","breadcrumb":{"@id":"https:\/\/ahoi-kultur.de\/fr\/management-evenements\/ceremonie-dadieux\/#breadcrumb"},"inLanguage":"fr-FR","potentialAction":[{"@type":"ReadAction","target":["https:\/\/ahoi-kultur.de\/fr\/management-evenements\/ceremonie-dadieux\/"]}]},{"@type":"BreadcrumbList","@id":"https:\/\/ahoi-kultur.de\/fr\/management-evenements\/ceremonie-dadieux\/#breadcrumb","itemListElement":[{"@type":"ListItem","position":1,"name":"Home","item":"https:\/\/ahoi-kultur.de\/fr\/"},{"@type":"ListItem","position":2,"name":"management d\u2019\u00e9v\u00e8nements","item":"https:\/\/ahoi-kultur.de\/fr\/management-evenements\/"},{"@type":"ListItem","position":3,"name":"C\u00e9r\u00e9monie d\u2019Adieux"}]},{"@type":"WebSite","@id":"https:\/\/ahoi-kultur.de\/fr\/#website","url":"https:\/\/ahoi-kultur.de\/fr\/","name":"Ahoi Kultur","description":"Artist and Events","publisher":{"@id":"https:\/\/ahoi-kultur.de\/fr\/#organization"},"potentialAction":[{"@type":"SearchAction","target":{"@type":"EntryPoint","urlTemplate":"https:\/\/ahoi-kultur.de\/fr\/?s={search_term_string}"},"query-input":{"@type":"PropertyValueSpecification","valueRequired":true,"valueName":"search_term_string"}}],"inLanguage":"fr-FR"},{"@type":"Organization","@id":"https:\/\/ahoi-kultur.de\/fr\/#organization","name":"Ahoi Kultur","url":"https:\/\/ahoi-kultur.de\/fr\/","logo":{"@type":"ImageObject","inLanguage":"fr-FR","@id":"https:\/\/ahoi-kultur.de\/fr\/#\/schema\/logo\/image\/","url":"https:\/\/ahoi-kultur.de\/wp-content\/uploads\/2013\/10\/ahoi-kultur-logo.gif","contentUrl":"https:\/\/ahoi-kultur.de\/wp-content\/uploads\/2013\/10\/ahoi-kultur-logo.gif","width":454,"height":388,"caption":"Ahoi Kultur"},"image":{"@id":"https:\/\/ahoi-kultur.de\/fr\/#\/schema\/logo\/image\/"}}]}},"_links":{"self":[{"href":"https:\/\/ahoi-kultur.de\/fr\/wp-json\/wp\/v2\/pages\/961","targetHints":{"allow":["GET"]}}],"collection":[{"href":"https:\/\/ahoi-kultur.de\/fr\/wp-json\/wp\/v2\/pages"}],"about":[{"href":"https:\/\/ahoi-kultur.de\/fr\/wp-json\/wp\/v2\/types\/page"}],"author":[{"embeddable":true,"href":"https:\/\/ahoi-kultur.de\/fr\/wp-json\/wp\/v2\/users\/8"}],"replies":[{"embeddable":true,"href":"https:\/\/ahoi-kultur.de\/fr\/wp-json\/wp\/v2\/comments?post=961"}],"version-history":[{"count":3,"href":"https:\/\/ahoi-kultur.de\/fr\/wp-json\/wp\/v2\/pages\/961\/revisions"}],"predecessor-version":[{"id":5277,"href":"https:\/\/ahoi-kultur.de\/fr\/wp-json\/wp\/v2\/pages\/961\/revisions\/5277"}],"up":[{"embeddable":true,"href":"https:\/\/ahoi-kultur.de\/fr\/wp-json\/wp\/v2\/pages\/759"}],"wp:attachment":[{"href":"https:\/\/ahoi-kultur.de\/fr\/wp-json\/wp\/v2\/media?parent=961"}],"curies":[{"name":"wp","href":"https:\/\/api.w.org\/{rel}","templated":true}]}}